{"id":102756,"date":"2024-04-11T10:29:28","date_gmt":"2024-04-11T08:29:28","guid":{"rendered":"https:\/\/www.euris.com\/?page_id=102756"},"modified":"2025-03-06T16:18:48","modified_gmt":"2025-03-06T15:18:48","slug":"demarche-rse","status":"publish","type":"page","link":"https:\/\/www.euris.com\/fr\/demarche-rse\/","title":{"rendered":"Notre d\u00e9marche Num\u00e9rique Responsable"},"content":{"rendered":"<div class=\"wpb-content-wrapper\"><p>[vc_row full_width=\u00a0\u00bbstretch_row\u00a0\u00bb equal_height=\u00a0\u00bbyes\u00a0\u00bb content_placement=\u00a0\u00bbmiddle\u00a0\u00bb css=\u00a0\u00bb.vc_custom_1615289772677{margin-top: -100px !important;margin-bottom: 50px !important;padding-top: 190px !important;padding-bottom: 190px !important;background-image: url(https:\/\/www.euris.com\/wp-content\/uploads\/2024\/04\/fond-1-sombre-2-2.png?id=102791) !important;background-position: center !important;background-repeat: no-repeat !important;background-size: cover !important;}\u00a0\u00bb el_id=\u00a0\u00bbrow-1&Prime;][vc_column][vc_column_text css=\u00a0\u00bb\u00a0\u00bb]<\/p>\n<h2 style=\"text-align: center;\"><span style=\"color: #ffffff;\">Notre d\u00e9marche Num\u00e9rique Responsable<\/span><br \/>\n<span style=\"color: #ffffff;\">Un Engagement d\u2019excellence et<\/span><br \/>\n<span style=\"color: #ffffff;\">de Responsabilit\u00e9 Num\u00e9rique<\/span><\/h2>\n<p>[\/vc_column_text][\/vc_column][\/vc_row][vc_row full_width=\u00a0\u00bbstretch_row\u00a0\u00bb equal_height=\u00a0\u00bbyes\u00a0\u00bb content_placement=\u00a0\u00bbmiddle\u00a0\u00bb css=\u00a0\u00bb.vc_custom_1740993727834{padding-bottom: 32px !important;background-position: center !important;background-repeat: no-repeat !important;background-size: cover !important;}\u00a0\u00bb][vc_column width=\u00a0\u00bb1\/3&Prime;][vc_single_image image=\u00a0\u00bb116539&Prime; alignment=\u00a0\u00bbcenter\u00a0\u00bb css=\u00a0\u00bb\u00a0\u00bb][\/vc_column][vc_column width=\u00a0\u00bb2\/3&Prime;][vc_column_text css=\u00a0\u00bb\u00a0\u00bb]<\/p>\n<p style=\"text-align: center;\">Gr\u00e2ce \u00e0 l\u2019ensemble des collaborateurs et \u00e0 des actions responsables, Euris a obtenu en juillet 2024 la certification label NR de niveau 1.<\/p>\n<p>[\/vc_column_text][\/vc_column][\/vc_row][vc_row css=\u00a0\u00bb.vc_custom_1712159469470{background-color: #f7f7f7 !important;}\u00a0\u00bb][vc_column width=\u00a0\u00bb1\/2&Prime; css=\u00a0\u00bb.vc_custom_1712158973193{background-color: #f7f7f7 !important;}\u00a0\u00bb][vc_column_text]<\/p>\n<h4>Un impact environnemental <span style=\"color: #338af3;\">cons\u00e9quent<\/span><\/h4>\n<p>La r\u00e9volution num\u00e9rique a consid\u00e9rablement transform\u00e9 notre mani\u00e8re de vivre, de travailler et de communiquer. Cependant, cette transition vers un monde de plus en plus connect\u00e9 ne se fait pas sans cons\u00e9quences, et l&#8217;empreinte environnementale du num\u00e9rique est devenue une pr\u00e9occupation majeure. Chez Euris, nous reconnaissons l&rsquo;impact significatif que le secteur num\u00e9rique peut avoir sur l&rsquo;environnement, et c&rsquo;est pr\u00e9cis\u00e9ment cette conscience qui guide notre d\u00e9marche en tant que futurs d\u00e9tenteurs du Label Num\u00e9rique Responsable (NR). Nous sommes \u00e9galement engag\u00e9s dans la s\u00e9lection de nos fournisseurs, en privil\u00e9giant ceux qui partagent une politique \u00e9coresponsable. Notre objectif n&rsquo;est pas de r\u00e9duire l&rsquo;usage du num\u00e9rique, mais plut\u00f4t de le faire de mani\u00e8re plus r\u00e9fl\u00e9chie et responsable.[\/vc_column_text][\/vc_column][vc_column width=\u00a0\u00bb1\/2&Prime;][vc_single_image image=\u00a0\u00bb102656&Prime; img_size=\u00a0\u00bbmedium\u00a0\u00bb alignment=\u00a0\u00bbcenter\u00a0\u00bb][\/vc_column][\/vc_row][vc_row css=\u00a0\u00bb.vc_custom_1740992705792{background-color: #96C2CC !important;}\u00a0\u00bb][vc_column width=\u00a0\u00bb1\/2&Prime; css=\u00a0\u00bb.vc_custom_1712160172771{background-color: #96c2cc !important;}\u00a0\u00bb][vc_single_image image=\u00a0\u00bb102648&Prime; img_size=\u00a0\u00bbmedium\u00a0\u00bb alignment=\u00a0\u00bbcenter\u00a0\u00bb][\/vc_column][vc_column width=\u00a0\u00bb1\/2&Prime; css=\u00a0\u00bb.vc_custom_1712563739984{background-color: #96c2cc !important;}\u00a0\u00bb][vc_empty_space height=\u00a0\u00bb30px\u00a0\u00bb][vc_column_text]<\/p>\n<h4><span style=\"color: #ffffff;\">Un impact Social <\/span> <span style=\"color: #338af3;\">Consid\u00e9rable<\/span><\/h4>\n<p><span style=\"color: #ffffff;\">Favoriser l&rsquo;adoption de pratiques num\u00e9riques responsables et performantes implique \u00e9galement une sensibilisation des collaborateurs au sein du groupe Euris quant \u00e0 l&rsquo;impact environnemental de leurs usages. Nous cherchons \u00e0 informer nos collaborateurs sur la mani\u00e8re dont leurs comportements num\u00e9riques peuvent influencer l&rsquo;environnement, les encourageant ainsi \u00e0 ajuster leurs habitudes pour une utilisation plus consciente et respectueuse envers notre plan\u00e8te. Cette approche \u00e9ducative vise \u00e0 mobiliser l&rsquo;ensemble de nos \u00e9quipes pour contribuer activement \u00e0 la promotion d&rsquo;un num\u00e9rique responsable au sein du groupe. <\/span>[\/vc_column_text][vc_empty_space height=\u00a0\u00bb5px\u00a0\u00bb][vc_empty_space height=\u00a0\u00bb28px\u00a0\u00bb][\/vc_column][\/vc_row][vc_row css=\u00a0\u00bb.vc_custom_1740992732838{background-color: #CED6DA !important;}\u00a0\u00bb][vc_column width=\u00a0\u00bb1\/2&Prime; css=\u00a0\u00bb.vc_custom_1712217298711{background-color: #ced6da !important;}\u00a0\u00bb][vc_empty_space][vc_column_text]<\/p>\n<h6 style=\"text-align: center;\"><span style=\"color: #ffffff;\">Minimize our <\/span><br \/>\n<span style=\"color: #ffffff;\">carbon <\/span><br \/>\n<span style=\"color: #ffffff;\">footprint<\/span><\/h6>\n<p>[\/vc_column_text][vc_empty_space height=\u00a0\u00bb14px\u00a0\u00bb][\/vc_column][vc_column width=\u00a0\u00bb1\/2&Prime; css=\u00a0\u00bb.vc_custom_1712217327558{background-color: #ced6da !important;}\u00a0\u00bb][vc_single_image image=\u00a0\u00bb102653&Prime; img_size=\u00a0\u00bbmedium\u00a0\u00bb alignment=\u00a0\u00bbcenter\u00a0\u00bb][\/vc_column][\/vc_row][vc_row][vc_column][vc_empty_space height=\u00a0\u00bb20px\u00a0\u00bb][vc_empty_space][vc_column_text css=\u00a0\u00bb\u00a0\u00bb]<\/p>\n<h4 style=\"text-align: center;\">Notre parcours <span style=\"color: #338af3;\">Num\u00e9rique Responsable<\/span><\/h4>\n<p>[\/vc_column_text][vc_empty_space height=\u00a0\u00bb45px\u00a0\u00bb][vc_single_image image=\u00a0\u00bb102659&Prime; img_size=\u00a0\u00bbfull\u00a0\u00bb alignment=\u00a0\u00bbcenter\u00a0\u00bb][vc_empty_space height=\u00a0\u00bb20px\u00a0\u00bb][\/vc_column][\/vc_row][vc_row css=\u00a0\u00bb.vc_custom_1712224749537{background-color: #74bed9 !important;}\u00a0\u00bb][vc_column width=\u00a0\u00bb1\/3&Prime;][vc_empty_space height=\u00a0\u00bb110px\u00a0\u00bb][vc_single_image image=\u00a0\u00bb102665&Prime; img_size=\u00a0\u00bb200&#215;100&Prime; alignment=\u00a0\u00bbcenter\u00a0\u00bb][vc_empty_space height=\u00a0\u00bb16px\u00a0\u00bb][vc_column_text]<\/p>\n<h6 style=\"text-align: center;\"><span style=\"color: #ffffff;\">Minimize our <\/span><br \/>\n<span style=\"color: #ffffff;\">carbon <\/span><br \/>\n<span style=\"color: #ffffff;\">footprint<\/span><\/h6>\n<p>[\/vc_column_text][\/vc_column][vc_column width=\u00a0\u00bb1\/3&Prime;][vc_column_text]<\/p>\n<h4 style=\"text-align: center;\"><span style=\"color: #ffffff;\">nos engagements<\/span><\/h4>\n<p>[\/vc_column_text][vc_empty_space height=\u00a0\u00bb45px\u00a0\u00bb][vc_single_image image=\u00a0\u00bb102668&Prime; img_size=\u00a0\u00bb225&#215;125&Prime; alignment=\u00a0\u00bbcenter\u00a0\u00bb][vc_column_text]<\/p>\n<h6 style=\"text-align: center;\"><span style=\"color: #ffffff;\">Promouvoir <\/span><br \/>\n<span style=\"color: #ffffff;\">l\u2019inclusion <\/span><br \/>\n<span style=\"color: #ffffff;\">sociale<\/span><\/h6>\n<p>[\/vc_column_text][\/vc_column][vc_column width=\u00a0\u00bb1\/3&Prime;][vc_empty_space height=\u00a0\u00bb72px\u00a0\u00bb][vc_single_image image=\u00a0\u00bb102677&Prime; img_size=\u00a0\u00bbfull\u00a0\u00bb alignment=\u00a0\u00bbcenter\u00a0\u00bb][vc_empty_space height=\u00a0\u00bb22px\u00a0\u00bb][vc_column_text]<\/p>\n<h6 style=\"text-align: center;\"><span style=\"color: #ffffff;\">prot\u00e9ger la vie <\/span><br \/>\n<span style=\"color: #ffffff;\">priv\u00e9e et les <\/span><br \/>\n<span style=\"color: #ffffff;\">donn\u00e9es des <\/span><br \/>\n<span style=\"color: #ffffff;\">utilisateurs<\/span><\/h6>\n<p>[\/vc_column_text][\/vc_column][\/vc_row][vc_row][vc_column][vc_empty_space height=\u00a0\u00bb20px\u00a0\u00bb][vc_column_text]<\/p>\n<h4 style=\"text-align: center;\"><span style=\"color: #338af3;\">Vos<\/span> avantages<\/h4>\n<p>[\/vc_column_text][\/vc_column][\/vc_row][vc_row][vc_column][vc_single_image image=\u00a0\u00bb102696&Prime; img_size=\u00a0\u00bblarge\u00a0\u00bb][vc_single_image image=\u00a0\u00bb102699&Prime; img_size=\u00a0\u00bblarge\u00a0\u00bb alignment=\u00a0\u00bbright\u00a0\u00bb][vc_single_image image=\u00a0\u00bb102702&Prime; img_size=\u00a0\u00bblarge\u00a0\u00bb][vc_single_image image=\u00a0\u00bb102810&Prime; img_size=\u00a0\u00bblarge\u00a0\u00bb alignment=\u00a0\u00bbright\u00a0\u00bb][\/vc_column][\/vc_row]<\/p>\n<\/div>","protected":false},"excerpt":{"rendered":"<p>[vc_row full_width=\u00a0\u00bbstretch_row\u00a0\u00bb equal_height=\u00a0\u00bbyes\u00a0\u00bb content_placement=\u00a0\u00bbmiddle\u00a0\u00bb css=\u00a0\u00bb.vc_custom_1615289772677{margin-top: -100px !important;margin-bottom: 50px !important;padding-top: 190px !important;padding-bottom: 190px !important;background-image: url(https:\/\/www.euris.com\/wp-content\/uploads\/2024\/04\/fond-1-sombre-2-2.png?id=102791) !important;background-position: center !important;background-repeat: no-repeat !important;background-size: cover !important;}\u00a0\u00bb el_id=\u00a0\u00bbrow-1&Prime;][vc_column][vc_column_text css=\u00a0\u00bb\u00a0\u00bb] Notre d\u00e9marche Num\u00e9rique Responsable Un Engagement d\u2019excellence et de Responsabilit\u00e9 Num\u00e9rique [\/vc_column_text][\/vc_column][\/vc_row][vc_row full_width=\u00a0\u00bbstretch_row\u00a0\u00bb equal_height=\u00a0\u00bbyes\u00a0\u00bb content_placement=\u00a0\u00bbmiddle\u00a0\u00bb css=\u00a0\u00bb.vc_custom_1740993727834{padding-bottom: 32px !important;background-position: center !important;background-repeat: no-repeat !important;background-size: cover !important;}\u00a0\u00bb][vc_column width=\u00a0\u00bb1\/3&Prime;][vc_single_image image=\u00a0\u00bb116539&Prime; alignment=\u00a0\u00bbcenter\u00a0\u00bb css=\u00a0\u00bb\u00a0\u00bb][\/vc_column][vc_column width=\u00a0\u00bb2\/3&Prime;][vc_column_text css=\u00a0\u00bb\u00a0\u00bb] Gr\u00e2ce \u00e0 l\u2019ensemble des collaborateurs et \u00e0 des actions responsables, Euris a obtenu en juillet 2024 la certification label NR de niveau 1. [\/vc_column_text][\/vc_column][\/vc_row][vc_row css=\u00a0\u00bb.vc_custom_1712159469470{background-color: #f7f7f7 !important;}\u00a0\u00bb][vc_column width=\u00a0\u00bb1\/2&Prime; css=\u00a0\u00bb.vc_custom_1712158973193{background-color: #f7f7f7 !important;}\u00a0\u00bb][vc_column_text] Un impact environnemental cons\u00e9quent La r\u00e9volution num\u00e9rique a consid\u00e9rablement transform\u00e9 notre mani\u00e8re de vivre, de travailler et de communiquer. Cependant, cette transition vers un monde de plus en plus connect\u00e9 ne se fait pas sans cons\u00e9quences, et l&#8217;empreinte&#8230;<\/p>\n","protected":false},"author":17,"featured_media":0,"parent":0,"menu_order":0,"comment_status":"closed","ping_status":"closed","template":"","meta":{"footnotes":""},"class_list":["post-102756","page","type-page","status-publish"],"_links":{"self":[{"href":"https:\/\/www.euris.com\/fr\/wp-json\/wp\/v2\/pages\/102756","targetHints":{"allow":["GET"]}}],"collection":[{"href":"https:\/\/www.euris.com\/fr\/wp-json\/wp\/v2\/pages"}],"about":[{"href":"https:\/\/www.euris.com\/fr\/wp-json\/wp\/v2\/types\/page"}],"author":[{"embeddable":true,"href":"https:\/\/www.euris.com\/fr\/wp-json\/wp\/v2\/users\/17"}],"replies":[{"embeddable":true,"href":"https:\/\/www.euris.com\/fr\/wp-json\/wp\/v2\/comments?post=102756"}],"version-history":[{"count":3,"href":"https:\/\/www.euris.com\/fr\/wp-json\/wp\/v2\/pages\/102756\/revisions"}],"predecessor-version":[{"id":116837,"href":"https:\/\/www.euris.com\/fr\/wp-json\/wp\/v2\/pages\/102756\/revisions\/116837"}],"wp:attachment":[{"href":"https:\/\/www.euris.com\/fr\/wp-json\/wp\/v2\/media?parent=102756"}],"curies":[{"name":"wp","href":"https:\/\/api.w.org\/{rel}","templated":true}]}}