{"id":146051,"date":"2026-01-01T09:19:28","date_gmt":"2026-01-01T08:19:28","guid":{"rendered":"https:\/\/www.euris.com\/hebergement-donnees-sante\/adep2t-euris-health-cloud\/"},"modified":"2026-01-14T17:21:26","modified_gmt":"2026-01-14T16:21:26","slug":"adep2t","status":"publish","type":"page","link":"https:\/\/www.euris.com\/fr\/hebergement-donnees-sante\/adep2t\/","title":{"rendered":"ADEP\u00b2T | Euris Health Cloud"},"content":{"rendered":"<div class=\"wpb-content-wrapper\"><p>[vc_row full_width=\u00a0\u00bbstretch_row\u00a0\u00bb content_placement=\u00a0\u00bbmiddle\u00a0\u00bb el_id=\u00a0\u00bbrow-1&Prime; css=\u00a0\u00bb.vc_custom_1643104280702{padding-top: 130px !important;padding-bottom: 100px !important;}\u00a0\u00bb][vc_column][vc_single_image image=\u00a0\u00bb145964&Prime; img_size=\u00a0\u00bbfull\u00a0\u00bb alignment=\u00a0\u00bbcenter\u00a0\u00bb css=\u00a0\u00bb\u00a0\u00bb css_animation=\u00a0\u00bbslideInUp\u00a0\u00bb][\/vc_column][\/vc_row][vc_row full_width=\u00a0\u00bbstretch_row\u00a0\u00bb equal_height=\u00a0\u00bbyes\u00a0\u00bb content_placement=\u00a0\u00bbmiddle\u00a0\u00bb css=\u00a0\u00bb.vc_custom_1766506117721{padding-top: 30px !important;padding-bottom: 20px !important;}\u00a0\u00bb][vc_column][vc_column_text css=\u00a0\u00bb.vc_custom_1767606695407{margin-top: 50px !important;margin-bottom: 50px !important;}\u00a0\u00bb el_id=\u00a0\u00bbpartieun\u00a0\u00bb]<\/p>\n<div class=\"small-body title-h2\" style=\"text-align: center;\"><span style=\"color: #0ea6db;\">ADEP\u00b2T : Outil avanc\u00e9 de d\u00e9sidentification et d\u2019analyse de donn\u00e9es de sant\u00e9<\/span><\/div>\n<p>[\/vc_column_text][\/vc_column][\/vc_row][vc_row full_width=\u00a0\u00bbstretch_row\u00a0\u00bb equal_height=\u00a0\u00bbyes\u00a0\u00bb content_placement=\u00a0\u00bbmiddle\u00a0\u00bb css=\u00a0\u00bb.vc_custom_1767169640402{padding-top: 30px !important;padding-bottom: 50px !important;}\u00a0\u00bb][vc_column][vc_column_text css=\u00a0\u00bb.vc_custom_1767168258900{padding-right: 10% !important;padding-left: 10% !important;}\u00a0\u00bb]<span style=\"font-size: 16px;\">Adep\u00b2t est un outil de d\u00e9sidentification avanc\u00e9e qui analyse vos besoins sp\u00e9cifiques pour vous proposer la m\u00e9thode optimale de d\u00e9sidentification des donn\u00e9es, qu\u2019il s\u2019agisse de pseudonymisation, d\u2019anonymisation ou de donn\u00e9es synth\u00e9tiques, assurant ainsi une gestion s\u00e9curis\u00e9e et conforme des informations sensibles.<\/span>[\/vc_column_text][vc_single_image image=\u00a0\u00bb145967&Prime; img_size=\u00a0\u00bbfull\u00a0\u00bb alignment=\u00a0\u00bbcenter\u00a0\u00bb css=\u00a0\u00bb\u00a0\u00bb el_class=\u00a0\u00bbfirst\u00a0\u00bb][\/vc_column][\/vc_row][vc_row full_width=\u00a0\u00bbstretch_row\u00a0\u00bb equal_height=\u00a0\u00bbyes\u00a0\u00bb content_placement=\u00a0\u00bbmiddle\u00a0\u00bb el_id=\u00a0\u00bbrow-5&Prime; css=\u00a0\u00bb.vc_custom_1767169664745{padding-top: 50px !important;padding-bottom: 50px !important;}\u00a0\u00bb][vc_column][vc_column_text css=\u00a0\u00bb.vc_custom_1767168594742{margin-top: 40px !important;margin-bottom: 40px !important;}\u00a0\u00bb]<\/p>\n<div class=\"small-body title-h2\" style=\"text-align: center;\"><span style=\"color: #ffffff;\">Les fonctionnalit\u00e9s de l&rsquo;outil Adep<sup>2<\/sup>t<\/span><\/div>\n<p>[\/vc_column_text][\/vc_column][\/vc_row][vc_row full_width=\u00a0\u00bbstretch_row\u00a0\u00bb equal_height=\u00a0\u00bbyes\u00a0\u00bb content_placement=\u00a0\u00bbmiddle\u00a0\u00bb css=\u00a0\u00bb.vc_custom_1767169611886{padding-top: 50px !important;padding-bottom: 20px !important;}\u00a0\u00bb][vc_column][vc_column_text css=\u00a0\u00bb.vc_custom_1767168718261{padding-right: 10% !important;padding-left: 10% !important;}\u00a0\u00bb]<span style=\"font-size: 16px;\">Euris propose une solution innovante r\u00e9pondant aux besoins du Data Gouvernance Act (DGA), de l&rsquo;espace Europ\u00e9en des donn\u00e9es de sante (EHDS) et \u00e0 d&rsquo;autres textes r\u00e9glementaires li\u00e9s aux traitements des donn\u00e9es de sant\u00e9. Adept facilite, am\u00e9liore et acc\u00e9l\u00e8re l&rsquo;analyse des donn\u00e9es de sant\u00e9 ainsi que que le partage gr\u00e2ce \u00e0 la d\u00e9sidentification. Adep\u00b2t est le premier outil qui propose aux chercheurs de comparer et de tester trois m\u00e9thodes de d\u00e9sidentification diff\u00e9rentes sur leur propre jeu de donn\u00e9e afin de choisir la plus optimale \u00e0 leur projet de recherche. En effet, Adep\u00b2t vous accompagne sur \u00a0les \u00e9tapes de pr\u00e9-traitement de leurs donn\u00e9es. Adep\u00b2t est outil complet d\u2019aide \u00e0 la recherche d\u2019un point de vue technique et juridique.<\/span>[\/vc_column_text][vc_single_image image=\u00a0\u00bb145973&Prime; img_size=\u00a0\u00bbfull\u00a0\u00bb alignment=\u00a0\u00bbcenter\u00a0\u00bb css=\u00a0\u00bb\u00a0\u00bb el_class=\u00a0\u00bbfirst\u00a0\u00bb][\/vc_column][\/vc_row][vc_row full_width=\u00a0\u00bbstretch_row\u00a0\u00bb equal_height=\u00a0\u00bbyes\u00a0\u00bb content_placement=\u00a0\u00bbmiddle\u00a0\u00bb css=\u00a0\u00bb.vc_custom_1767122634770{padding-top: 50px !important;padding-bottom: 60px !important;background-color: #F5F5F5 !important;}\u00a0\u00bb][vc_column thegem_content_alignment=\u00a0\u00bbcenter\u00a0\u00bb][vc_column_text css=\u00a0\u00bb\u00a0\u00bb]<\/p>\n<p>&nbsp;<\/p>\n<div class=\"small-body title-h2\" style=\"text-align: center;\"><span style=\"color: #0ea6db;\">Comment \u00e7a fonctionne ?<\/span><\/div>\n<p>&nbsp;<\/p>\n<p>[\/vc_column_text][\/vc_column][\/vc_row][vc_row full_width=\u00a0\u00bbstretch_row\u00a0\u00bb equal_height=\u00a0\u00bbyes\u00a0\u00bb content_placement=\u00a0\u00bbmiddle\u00a0\u00bb css=\u00a0\u00bb.vc_custom_1766506117721{padding-top: 30px !important;padding-bottom: 20px !important;}\u00a0\u00bb][vc_column][vc_single_image image=\u00a0\u00bb145976&Prime; img_size=\u00a0\u00bbfull\u00a0\u00bb alignment=\u00a0\u00bbcenter\u00a0\u00bb css=\u00a0\u00bb\u00a0\u00bb][\/vc_column][\/vc_row][vc_row full_width=\u00a0\u00bbstretch_row\u00a0\u00bb equal_height=\u00a0\u00bbyes\u00a0\u00bb content_placement=\u00a0\u00bbmiddle\u00a0\u00bb css=\u00a0\u00bb.vc_custom_1767169297149{padding-top: 80px !important;padding-bottom: 80px !important;}\u00a0\u00bb el_id=\u00a0\u00bbrow-8&Prime;][vc_column][vc_column_text css=\u00a0\u00bb.vc_custom_1767169064622{margin-top: 40px !important;margin-bottom: 40px !important;}\u00a0\u00bb]<\/p>\n<div class=\"small-body title-h2\" style=\"text-align: center;\"><span style=\"color: #ffffff;\">Les avantages d&rsquo;Adep<sup>2<\/sup>t<\/span><\/div>\n<p>[\/vc_column_text][\/vc_column][\/vc_row][vc_row full_width=\u00a0\u00bbstretch_row\u00a0\u00bb equal_height=\u00a0\u00bbyes\u00a0\u00bb content_placement=\u00a0\u00bbmiddle\u00a0\u00bb css=\u00a0\u00bb.vc_custom_1767122752868{padding-top: 50px !important;padding-bottom: 60px !important;}\u00a0\u00bb][vc_column width=\u00a0\u00bb1\/2&Prime;][vc_column_text css=\u00a0\u00bb.vc_custom_1767169521358{padding-right: 10% !important;padding-left: 10% !important;}\u00a0\u00bb]<span style=\"font-size: 16px;\"><strong>ADEP\u00b2T<\/strong> vous permettra de :<\/span><\/p>\n<ul style=\"font-size: 16px;\">\n<li>Centraliser les informations et les plateformes dans un seul outil<\/li>\n<li>B\u00e9n\u00e9ficier des donn\u00e9es d\u00e9sidentifi\u00e9es et pr\u00eates \u00e0 l&#8217;emploi<\/li>\n<li>Travailler dans un environnement conforme et s\u00e9curis\u00e9<\/li>\n<li>Analyser et tester les donn\u00e9es avant de les d\u00e9sidentifier<\/li>\n<li>B\u00e9n\u00e9ficier de notre accompagnement juridique et d\u2019 une \u00e9quipe sp\u00e9cialis\u00e9e Data<\/li>\n<\/ul>\n<p>[\/vc_column_text][\/vc_column][vc_column width=\u00a0\u00bb1\/2&Prime;][vc_single_image image=\u00a0\u00bb145980&Prime; img_size=\u00a0\u00bb490&#215;363&Prime; alignment=\u00a0\u00bbcenter\u00a0\u00bb css=\u00a0\u00bb\u00a0\u00bb][\/vc_column][\/vc_row][vc_row full_width=\u00a0\u00bbstretch_row\u00a0\u00bb equal_height=\u00a0\u00bbyes\u00a0\u00bb content_placement=\u00a0\u00bbmiddle\u00a0\u00bb css=\u00a0\u00bb.vc_custom_1767122973360{padding-top: 70px !important;padding-bottom: 80px !important;}\u00a0\u00bb][vc_column][vc_column_text css=\u00a0\u00bb.vc_custom_1767169349670{padding-right: 10% !important;padding-left: 10% !important;}\u00a0\u00bb]<span style=\"font-size: 16px;\">Gr\u00e2ce \u00e0 ADEP\u00b2T, nous garantissons la conformit\u00e9 des donn\u00e9es aux r\u00e9glementations, aux normes et aux bonnes pratiques, ainsi que la s\u00e9curit\u00e9 de stockage des informations, en b\u00e9n\u00e9ficiant de l\u2019expertise d\u2019Euris Cloud Sant\u00e9 en tant qu\u2019h\u00e9bergeur de donn\u00e9es de sant\u00e9. De plus, avec ADEP\u00b2T, nous r\u00e9pondons aux besoins \u00e9mergents en mati\u00e8re de d\u00e9sidentification en vous proposant de tester vous-m\u00eame les m\u00e9thodes et de choisir la plus adapt\u00e9e \u00e0 votre projet.<\/span><\/p>\n<p>[\/vc_column_text][\/vc_column][\/vc_row][vc_row full_width=\u00a0\u00bbstretch_row\u00a0\u00bb content_placement=\u00a0\u00bbmiddle\u00a0\u00bb el_id=\u00a0\u00bbfinal-row\u00a0\u00bb css=\u00a0\u00bb.vc_custom_1767122435310{padding-top: 30px !important;padding-bottom: 30px !important;}\u00a0\u00bb][vc_column]<style type=\"text\/css\">.thegem-button-69d113e634fc2727 .gem-button {text-transform: none;}.thegem-button-69d113e634fc2727 .gem-button svg {fill: #FFFFFF;}.thegem-button-69d113e634fc2727 .gem-button:hover svg {fill: #FFFFFF;}<\/style><div class=\"gem-button-container gem-button-position-center thegem-button-69d113e634fc2727    \"  ><a title=\"Contact\" class=\"gem-button gem-button-size-medium gem-button-style-flat gem-button-text-weight-normal gem-button-icon-position-right gem-button-no-uppercase\" data-ll-effect=\"drop-right-without-wrap\" style=\"border-radius: 0px;background-color: #0071BC;color: #FFFFFF;\" onmouseleave=\"this.style.backgroundColor='#0071BC';this.style.color='#FFFFFF';\" onmouseenter=\"this.style.backgroundColor='#015D9A';this.style.color='#FFFFFF';\" href=\"https:\/\/www.euris.com\/contact\/\" target=\"_self\">Demande de RDV<i class=\"gem-print-icon gem-icon-pack-elegant \">&#x26;<\/i><\/a><\/div> [\/vc_column][\/vc_row]<\/p>\n<\/div>","protected":false},"excerpt":{"rendered":"<p>[vc_row full_width=\u00a0\u00bbstretch_row\u00a0\u00bb content_placement=\u00a0\u00bbmiddle\u00a0\u00bb el_id=\u00a0\u00bbrow-1&Prime; css=\u00a0\u00bb.vc_custom_1643104280702{padding-top: 130px !important;padding-bottom: 100px !important;}\u00a0\u00bb][vc_column][vc_single_image image=\u00a0\u00bb145964&Prime; img_size=\u00a0\u00bbfull\u00a0\u00bb alignment=\u00a0\u00bbcenter\u00a0\u00bb css=\u00a0\u00bb\u00a0\u00bb css_animation=\u00a0\u00bbslideInUp\u00a0\u00bb][\/vc_column][\/vc_row][vc_row full_width=\u00a0\u00bbstretch_row\u00a0\u00bb equal_height=\u00a0\u00bbyes\u00a0\u00bb content_placement=\u00a0\u00bbmiddle\u00a0\u00bb css=\u00a0\u00bb.vc_custom_1766506117721{padding-top: 30px !important;padding-bottom: 20px !important;}\u00a0\u00bb][vc_column][vc_column_text css=\u00a0\u00bb.vc_custom_1767606695407{margin-top: 50px !important;margin-bottom: 50px !important;}\u00a0\u00bb el_id=\u00a0\u00bbpartieun\u00a0\u00bb] ADEP\u00b2T : Outil avanc\u00e9 de d\u00e9sidentification et d\u2019analyse de donn\u00e9es de sant\u00e9 [\/vc_column_text][\/vc_column][\/vc_row][vc_row full_width=\u00a0\u00bbstretch_row\u00a0\u00bb equal_height=\u00a0\u00bbyes\u00a0\u00bb content_placement=\u00a0\u00bbmiddle\u00a0\u00bb css=\u00a0\u00bb.vc_custom_1767169640402{padding-top: 30px !important;padding-bottom: 50px !important;}\u00a0\u00bb][vc_column][vc_column_text css=\u00a0\u00bb.vc_custom_1767168258900{padding-right: 10% !important;padding-left: 10% !important;}\u00a0\u00bb]Adep\u00b2t est un outil de d\u00e9sidentification avanc\u00e9e qui analyse vos besoins sp\u00e9cifiques pour vous proposer la m\u00e9thode optimale de d\u00e9sidentification des donn\u00e9es, qu\u2019il s\u2019agisse de pseudonymisation, d\u2019anonymisation ou de donn\u00e9es synth\u00e9tiques, assurant ainsi une gestion s\u00e9curis\u00e9e et conforme des informations sensibles.[\/vc_column_text][vc_single_image image=\u00a0\u00bb145967&Prime; img_size=\u00a0\u00bbfull\u00a0\u00bb alignment=\u00a0\u00bbcenter\u00a0\u00bb css=\u00a0\u00bb\u00a0\u00bb el_class=\u00a0\u00bbfirst\u00a0\u00bb][\/vc_column][\/vc_row][vc_row full_width=\u00a0\u00bbstretch_row\u00a0\u00bb equal_height=\u00a0\u00bbyes\u00a0\u00bb content_placement=\u00a0\u00bbmiddle\u00a0\u00bb el_id=\u00a0\u00bbrow-5&Prime; css=\u00a0\u00bb.vc_custom_1767169664745{padding-top: 50px !important;padding-bottom: 50px !important;}\u00a0\u00bb][vc_column][vc_column_text css=\u00a0\u00bb.vc_custom_1767168594742{margin-top: 40px !important;margin-bottom: 40px !important;}\u00a0\u00bb] Les fonctionnalit\u00e9s de l&rsquo;outil Adep2t [\/vc_column_text][\/vc_column][\/vc_row][vc_row full_width=\u00a0\u00bbstretch_row\u00a0\u00bb equal_height=\u00a0\u00bbyes\u00a0\u00bb content_placement=\u00a0\u00bbmiddle\u00a0\u00bb&#8230;<\/p>\n","protected":false},"author":13,"featured_media":105100,"parent":30661,"menu_order":0,"comment_status":"closed","ping_status":"closed","template":"","meta":{"footnotes":""},"class_list":["post-146051","page","type-page","status-publish","has-post-thumbnail"],"_links":{"self":[{"href":"https:\/\/www.euris.com\/fr\/wp-json\/wp\/v2\/pages\/146051","targetHints":{"allow":["GET"]}}],"collection":[{"href":"https:\/\/www.euris.com\/fr\/wp-json\/wp\/v2\/pages"}],"about":[{"href":"https:\/\/www.euris.com\/fr\/wp-json\/wp\/v2\/types\/page"}],"author":[{"embeddable":true,"href":"https:\/\/www.euris.com\/fr\/wp-json\/wp\/v2\/users\/13"}],"replies":[{"embeddable":true,"href":"https:\/\/www.euris.com\/fr\/wp-json\/wp\/v2\/comments?post=146051"}],"version-history":[{"count":6,"href":"https:\/\/www.euris.com\/fr\/wp-json\/wp\/v2\/pages\/146051\/revisions"}],"predecessor-version":[{"id":146275,"href":"https:\/\/www.euris.com\/fr\/wp-json\/wp\/v2\/pages\/146051\/revisions\/146275"}],"up":[{"embeddable":true,"href":"https:\/\/www.euris.com\/fr\/wp-json\/wp\/v2\/pages\/30661"}],"wp:featuredmedia":[{"embeddable":true,"href":"https:\/\/www.euris.com\/fr\/wp-json\/wp\/v2\/media\/105100"}],"wp:attachment":[{"href":"https:\/\/www.euris.com\/fr\/wp-json\/wp\/v2\/media?parent=146051"}],"curies":[{"name":"wp","href":"https:\/\/api.w.org\/{rel}","templated":true}]}}