{"id":148001,"date":"2026-02-23T18:04:07","date_gmt":"2026-02-23T17:04:07","guid":{"rendered":"https:\/\/www.euris.com\/hebergement-donnees-sante\/bulle-securisee-euris-cloud-sante\/"},"modified":"2026-02-23T18:05:58","modified_gmt":"2026-02-23T17:05:58","slug":"bulle-securisee-euris-cloud-sante","status":"publish","type":"page","link":"https:\/\/www.euris.com\/fr\/hebergement-donnees-sante\/bulle-securisee-euris-cloud-sante\/","title":{"rendered":"Bulle S\u00e9curis\u00e9e | Euris Cloud Sant\u00e9"},"content":{"rendered":"<div class=\"wpb-content-wrapper\"><p>[vc_row full_width=\u00a0\u00bbstretch_row\u00a0\u00bb content_placement=\u00a0\u00bbmiddle\u00a0\u00bb el_id=\u00a0\u00bbrow-1&Prime; css=\u00a0\u00bb.vc_custom_1643104280702{padding-top: 130px !important;padding-bottom: 100px !important;}\u00a0\u00bb][vc_column][vc_single_image image=\u00a0\u00bb147835&Prime; img_size=\u00a0\u00bbfull\u00a0\u00bb alignment=\u00a0\u00bbcenter\u00a0\u00bb css=\u00a0\u00bb\u00a0\u00bb css_animation=\u00a0\u00bbslideInUp\u00a0\u00bb][\/vc_column][\/vc_row][vc_row full_width=\u00a0\u00bbstretch_row\u00a0\u00bb equal_height=\u00a0\u00bbyes\u00a0\u00bb content_placement=\u00a0\u00bbmiddle\u00a0\u00bb css=\u00a0\u00bb.vc_custom_1766506117721{padding-top: 30px !important;padding-bottom: 20px !important;}\u00a0\u00bb][vc_column][vc_column_text css=\u00a0\u00bb.vc_custom_1771516257367{margin-top: 50px !important;margin-bottom: 50px !important;}\u00a0\u00bb el_id=\u00a0\u00bbpartieun\u00a0\u00bb]<\/p>\n<h1 class=\"title-h2\" style=\"text-align: center; color: #0ea6db;\">A quoi ressemble une Bulle S\u00e9curis\u00e9e ?<\/h1>\n<p>[\/vc_column_text][\/vc_column][\/vc_row][vc_row full_width=\u00a0\u00bbstretch_row\u00a0\u00bb equal_height=\u00a0\u00bbyes\u00a0\u00bb content_placement=\u00a0\u00bbmiddle\u00a0\u00bb css=\u00a0\u00bb.vc_custom_1767169640402{padding-top: 30px !important;padding-bottom: 50px !important;}\u00a0\u00bb][vc_column][vc_column_text css=\u00a0\u00bb.vc_custom_1771600713955{padding-right: 10% !important;padding-left: 10% !important;}\u00a0\u00bb]<span style=\"font-size: 16px;\">Une <strong>bulle s\u00e9curis\u00e9e<\/strong> est une infrastructure technique servant \u00e0 l&rsquo;h\u00e9bergement d&rsquo;un ou plusieurs syst\u00e8mes fils conform\u00e9ment au r\u00e9f\u00e9rentiel de s\u00e9curit\u00e9 applicable au SNDS*. <strong>Euris<\/strong>, en sa qualit\u00e9 de tiers de confiance et d\u2019h\u00e9bergeur de donn\u00e9es de sant\u00e9, met \u00e0 votre disposition une <strong>bulle s\u00e9curis\u00e9e cl\u00e9 en main<\/strong>, h\u00e9berg\u00e9e dans son Cloud Priv\u00e9 souverain, vous permettant de r\u00e9aliser vos projets de recherches.<\/span>[\/vc_column_text][vc_single_image image=\u00a0\u00bb147863&Prime; img_size=\u00a0\u00bb612&#215;419&Prime; alignment=\u00a0\u00bbcenter\u00a0\u00bb css=\u00a0\u00bb.vc_custom_1771601013451{padding-top: 50px !important;padding-bottom: 30px !important;}\u00a0\u00bb el_class=\u00a0\u00bbfirst\u00a0\u00bb][vc_column_text css=\u00a0\u00bb.vc_custom_1771600956158{padding-right: 10% !important;padding-left: 10% !important;}\u00a0\u00bb]<span style=\"font-size: 16px;\"><strong>SNDS<\/strong> : Syst\u00e8me National des Donn\u00e9es de sant\u00e9<\/span>[\/vc_column_text][\/vc_column][\/vc_row][vc_row full_width=\u00a0\u00bbstretch_row\u00a0\u00bb equal_height=\u00a0\u00bbyes\u00a0\u00bb content_placement=\u00a0\u00bbmiddle\u00a0\u00bb el_id=\u00a0\u00bbrow-5&Prime; css=\u00a0\u00bb.vc_custom_1767169664745{padding-top: 50px !important;padding-bottom: 50px !important;}\u00a0\u00bb][vc_column][vc_column_text css=\u00a0\u00bb.vc_custom_1771601070860{margin-top: 40px !important;margin-bottom: 40px !important;}\u00a0\u00bb]<\/p>\n<div class=\"small-body title-h2\" style=\"text-align: center;\"><span style=\"color: #ffffff;\">Les avantages d\u2019une bulle s\u00e9curis\u00e9e<\/span><\/div>\n<p>[\/vc_column_text][\/vc_column][\/vc_row][vc_row full_width=\u00a0\u00bbstretch_row\u00a0\u00bb equal_height=\u00a0\u00bbyes\u00a0\u00bb content_placement=\u00a0\u00bbmiddle\u00a0\u00bb css=\u00a0\u00bb.vc_custom_1767169611886{padding-top: 50px !important;padding-bottom: 20px !important;}\u00a0\u00bb][vc_column][vc_single_image image=\u00a0\u00bb147869&Prime; img_size=\u00a0\u00bbfull\u00a0\u00bb alignment=\u00a0\u00bbcenter\u00a0\u00bb css=\u00a0\u00bb\u00a0\u00bb el_class=\u00a0\u00bbfirst\u00a0\u00bb][\/vc_column][\/vc_row][vc_row full_width=\u00a0\u00bbstretch_row\u00a0\u00bb equal_height=\u00a0\u00bbyes\u00a0\u00bb content_placement=\u00a0\u00bbmiddle\u00a0\u00bb css=\u00a0\u00bb.vc_custom_1767122634770{padding-top: 50px !important;padding-bottom: 60px !important;background-color: #F5F5F5 !important;}\u00a0\u00bb][vc_column thegem_content_alignment=\u00a0\u00bbcenter\u00a0\u00bb][vc_column_text css=\u00a0\u00bb\u00a0\u00bb]<\/p>\n<div class=\"small-body title-h2\" style=\"text-align: center;\"><span style=\"color: #0ea6db;\">Le fonctionnement de la bulle s\u00e9curis\u00e9e<\/span><\/div>\n<p>[\/vc_column_text][\/vc_column][\/vc_row][vc_row full_width=\u00a0\u00bbstretch_row\u00a0\u00bb equal_height=\u00a0\u00bbyes\u00a0\u00bb content_placement=\u00a0\u00bbmiddle\u00a0\u00bb css=\u00a0\u00bb.vc_custom_1767122752868{padding-top: 50px !important;padding-bottom: 60px !important;}\u00a0\u00bb][vc_column width=\u00a0\u00bb1\/2&Prime;][vc_column_text css=\u00a0\u00bb.vc_custom_1771601388446{padding-right: 10% !important;padding-left: 10% !important;}\u00a0\u00bb]<span style=\"font-size: 16px;\">Une bulle s\u00e9curis\u00e9e est un environnement s\u00e9curis\u00e9 capable de stocker un volume important de donn\u00e9es destin\u00e9es \u00e0 des fins d\u2019\u00e9tudes ou de recherches scientifiques. L\u2019utilisateur se connecte \u00e0 distance pour acc\u00e9der \u00e0 son environnement de travail.<br \/>\nL\u2019environnement (ressource, outils, data, etc) de la bulle est con\u00e7u sp\u00e9cialement par les data scientists en charge de l\u2019\u00e9tude. La bulle dispose d&rsquo;une puissance de calcul n\u00e9cessaire au projet de l&rsquo;\u00e9tude.<\/span><br \/>\n[\/vc_column_text][\/vc_column][vc_column width=\u00a0\u00bb1\/2&Prime;][vc_single_image image=\u00a0\u00bb147874&Prime; img_size=\u00a0\u00bb490&#215;363&Prime; alignment=\u00a0\u00bbcenter\u00a0\u00bb css=\u00a0\u00bb\u00a0\u00bb][\/vc_column][\/vc_row][vc_row full_width=\u00a0\u00bbstretch_row\u00a0\u00bb equal_height=\u00a0\u00bbyes\u00a0\u00bb content_placement=\u00a0\u00bbmiddle\u00a0\u00bb css=\u00a0\u00bb.vc_custom_1766506117721{padding-top: 30px !important;padding-bottom: 20px !important;}\u00a0\u00bb][vc_column][vc_single_image image=\u00a0\u00bb147879&Prime; img_size=\u00a0\u00bbfull\u00a0\u00bb alignment=\u00a0\u00bbcenter\u00a0\u00bb css=\u00a0\u00bb.vc_custom_1771602816955{margin-bottom: 50px !important;}\u00a0\u00bb][\/vc_column][\/vc_row][vc_row full_width=\u00a0\u00bbstretch_row\u00a0\u00bb equal_height=\u00a0\u00bbyes\u00a0\u00bb content_placement=\u00a0\u00bbmiddle\u00a0\u00bb css=\u00a0\u00bb.vc_custom_1771603240122{padding-top: 50px !important;padding-bottom: 50px !important;}\u00a0\u00bb el_id=\u00a0\u00bbrow-8&Prime;][vc_column][vc_column_text css=\u00a0\u00bb.vc_custom_1771602771208{margin-top: 40px !important;margin-bottom: 40px !important;}\u00a0\u00bb]<\/p>\n<div class=\"small-body title-h2\" style=\"text-align: center;\"><span style=\"color: #ffffff;\">Compatibilit\u00e9s<\/span><\/div>\n<p>[\/vc_column_text][\/vc_column][\/vc_row][vc_row full_width=\u00a0\u00bbstretch_row\u00a0\u00bb equal_height=\u00a0\u00bbyes\u00a0\u00bb content_placement=\u00a0\u00bbmiddle\u00a0\u00bb css=\u00a0\u00bb.vc_custom_1767122752868{padding-top: 50px !important;padding-bottom: 60px !important;}\u00a0\u00bb][vc_column][vc_single_image image=\u00a0\u00bb147884&Prime; img_size=\u00a0\u00bb420&#215;332&Prime; alignment=\u00a0\u00bbcenter\u00a0\u00bb css=\u00a0\u00bb\u00a0\u00bb][vc_column_text css=\u00a0\u00bb.vc_custom_1771603183875{padding-top: 30px !important;padding-right: 10% !important;padding-bottom: 30px !important;padding-left: 10% !important;}\u00a0\u00bb]<\/p>\n<p style=\"text-align: center;\"><span style=\"font-size: 16px;\">La bulle s\u00e9curis\u00e9e est compatible avec multiples formats de donn\u00e9es tels que :<br \/>\n<strong>CSV, HL7, FHIR, DICOM, JSON, OMOP<\/strong> et autres sur demande.<\/span><\/p>\n<p>[\/vc_column_text][vc_column_text css=\u00a0\u00bb.vc_custom_1771603194666{padding-top: 30px !important;padding-right: 10% !important;padding-bottom: 30px !important;padding-left: 10% !important;}\u00a0\u00bb]<\/p>\n<p style=\"text-align: center;\"><span style=\"font-size: 16px;\">Plusieurs types de bases de donn\u00e9es sont \u00e9galement disponibles<\/span><\/p>\n<p>[\/vc_column_text][vc_single_image image=\u00a0\u00bb147890&Prime; img_size=\u00a0\u00bb960&#215;94&Prime; alignment=\u00a0\u00bbcenter\u00a0\u00bb css=\u00a0\u00bb\u00a0\u00bb][\/vc_column][\/vc_row][vc_row full_width=\u00a0\u00bbstretch_row\u00a0\u00bb content_placement=\u00a0\u00bbmiddle\u00a0\u00bb el_id=\u00a0\u00bbfinal-row\u00a0\u00bb css=\u00a0\u00bb.vc_custom_1767122435310{padding-top: 30px !important;padding-bottom: 30px !important;}\u00a0\u00bb][vc_column]<style type=\"text\/css\">.thegem-button-69da7ab9640074585 .gem-button, .thegem-button-69da7ab9640074585 .gem-button-text {text-transform: none;}.thegem-button-69da7ab9640074585 .gem-button svg {fill: #FFFFFF;}.thegem-button-69da7ab9640074585 .gem-button:hover svg {fill: #FFFFFF;}<\/style><div class=\"gem-button-container gem-button-position-center thegem-button-69da7ab9640074585    \"  ><a title=\"Contact\" class=\"gem-button gem-button-size-medium gem-button-style-flat gem-button-text-weight-normal gem-button-icon-position-right gem-button-no-uppercase\" data-ll-effect=\"drop-right-without-wrap\" style=\"border-radius: 0px;background-color: #0071BC;color: #FFFFFF;\" onmouseleave=\"this.style.backgroundColor='#0071BC';this.style.color='#FFFFFF';\" onmouseenter=\"this.style.backgroundColor='#015D9A';this.style.color='#FFFFFF';\" href=\"https:\/\/www.euris.com\/contact\/\" target=\"_self\">Demande de RDV<i class=\"gem-print-icon gem-icon-pack-elegant \">&#x26;<\/i><\/a><\/div> [\/vc_column][\/vc_row]<\/p>\n<\/div>","protected":false},"excerpt":{"rendered":"<p>[vc_row full_width=\u00a0\u00bbstretch_row\u00a0\u00bb content_placement=\u00a0\u00bbmiddle\u00a0\u00bb el_id=\u00a0\u00bbrow-1&Prime; css=\u00a0\u00bb.vc_custom_1643104280702{padding-top: 130px !important;padding-bottom: 100px !important;}\u00a0\u00bb][vc_column][vc_single_image image=\u00a0\u00bb147835&Prime; img_size=\u00a0\u00bbfull\u00a0\u00bb alignment=\u00a0\u00bbcenter\u00a0\u00bb css=\u00a0\u00bb\u00a0\u00bb css_animation=\u00a0\u00bbslideInUp\u00a0\u00bb][\/vc_column][\/vc_row][vc_row full_width=\u00a0\u00bbstretch_row\u00a0\u00bb equal_height=\u00a0\u00bbyes\u00a0\u00bb content_placement=\u00a0\u00bbmiddle\u00a0\u00bb css=\u00a0\u00bb.vc_custom_1766506117721{padding-top: 30px !important;padding-bottom: 20px !important;}\u00a0\u00bb][vc_column][vc_column_text css=\u00a0\u00bb.vc_custom_1771516257367{margin-top: 50px !important;margin-bottom: 50px !important;}\u00a0\u00bb el_id=\u00a0\u00bbpartieun\u00a0\u00bb] A quoi ressemble une Bulle S\u00e9curis\u00e9e ? [\/vc_column_text][\/vc_column][\/vc_row][vc_row full_width=\u00a0\u00bbstretch_row\u00a0\u00bb equal_height=\u00a0\u00bbyes\u00a0\u00bb content_placement=\u00a0\u00bbmiddle\u00a0\u00bb css=\u00a0\u00bb.vc_custom_1767169640402{padding-top: 30px !important;padding-bottom: 50px !important;}\u00a0\u00bb][vc_column][vc_column_text css=\u00a0\u00bb.vc_custom_1771600713955{padding-right: 10% !important;padding-left: 10% !important;}\u00a0\u00bb]Une bulle s\u00e9curis\u00e9e est une infrastructure technique servant \u00e0 l&rsquo;h\u00e9bergement d&rsquo;un ou plusieurs syst\u00e8mes fils conform\u00e9ment au r\u00e9f\u00e9rentiel de s\u00e9curit\u00e9 applicable au SNDS*. Euris, en sa qualit\u00e9 de tiers de confiance et d\u2019h\u00e9bergeur de donn\u00e9es de sant\u00e9, met \u00e0 votre disposition une bulle s\u00e9curis\u00e9e cl\u00e9 en main, h\u00e9berg\u00e9e dans son Cloud Priv\u00e9 souverain, vous permettant de r\u00e9aliser vos projets de recherches.[\/vc_column_text][vc_single_image image=\u00a0\u00bb147863&Prime; img_size=\u00a0\u00bb612&#215;419&Prime; alignment=\u00a0\u00bbcenter\u00a0\u00bb css=\u00a0\u00bb.vc_custom_1771601013451{padding-top: 50px !important;padding-bottom: 30px !important;}\u00a0\u00bb el_class=\u00a0\u00bbfirst\u00a0\u00bb][vc_column_text css=\u00a0\u00bb.vc_custom_1771600956158{padding-right: 10% !important;padding-left: 10%&#8230;<\/p>\n","protected":false},"author":13,"featured_media":105100,"parent":30661,"menu_order":0,"comment_status":"closed","ping_status":"closed","template":"","meta":{"footnotes":""},"class_list":["post-148001","page","type-page","status-publish","has-post-thumbnail"],"_links":{"self":[{"href":"https:\/\/www.euris.com\/fr\/wp-json\/wp\/v2\/pages\/148001","targetHints":{"allow":["GET"]}}],"collection":[{"href":"https:\/\/www.euris.com\/fr\/wp-json\/wp\/v2\/pages"}],"about":[{"href":"https:\/\/www.euris.com\/fr\/wp-json\/wp\/v2\/types\/page"}],"author":[{"embeddable":true,"href":"https:\/\/www.euris.com\/fr\/wp-json\/wp\/v2\/users\/13"}],"replies":[{"embeddable":true,"href":"https:\/\/www.euris.com\/fr\/wp-json\/wp\/v2\/comments?post=148001"}],"version-history":[{"count":7,"href":"https:\/\/www.euris.com\/fr\/wp-json\/wp\/v2\/pages\/148001\/revisions"}],"predecessor-version":[{"id":148008,"href":"https:\/\/www.euris.com\/fr\/wp-json\/wp\/v2\/pages\/148001\/revisions\/148008"}],"up":[{"embeddable":true,"href":"https:\/\/www.euris.com\/fr\/wp-json\/wp\/v2\/pages\/30661"}],"wp:featuredmedia":[{"embeddable":true,"href":"https:\/\/www.euris.com\/fr\/wp-json\/wp\/v2\/media\/105100"}],"wp:attachment":[{"href":"https:\/\/www.euris.com\/fr\/wp-json\/wp\/v2\/media?parent=148001"}],"curies":[{"name":"wp","href":"https:\/\/api.w.org\/{rel}","templated":true}]}}