{"id":31169,"date":"2017-11-29T14:21:25","date_gmt":"2017-11-29T13:21:25","guid":{"rendered":"https:\/\/www.euris.com\/careers-euris\/"},"modified":"2024-04-25T16:30:13","modified_gmt":"2024-04-25T14:30:13","slug":"recrutement","status":"publish","type":"page","link":"https:\/\/www.euris.com\/fr\/recrutement\/","title":{"rendered":"Recrutement Euris"},"content":{"rendered":"<div class=\"wpb-content-wrapper\"><p>[vc_row full_width=\u00a0\u00bbstretch_row\u00a0\u00bb content_placement=\u00a0\u00bbmiddle\u00a0\u00bb el_id=\u00a0\u00bbrow-1&Prime; css=\u00a0\u00bb.vc_custom_1650962650964{padding-top: 120px !important;padding-bottom: 100px !important;}\u00a0\u00bb][vc_column width=\u00a0\u00bb1\/2&Prime;][vc_column_text css=\u00a0\u00bb.vc_custom_1714055402739{margin-top: 50px !important;}\u00a0\u00bb]<\/p>\n<h1 class=\"title-h1\" style=\"text-align: center;\"><span style=\"color: #ffffff;\">RELEVEZ LES D\u00c9FIS LI\u00c9S \u00c0 LA SANT\u00c9 CONNECT\u00c9E<\/span><\/h1>\n<p>[\/vc_column_text]<style type=\"text\/css\">.thegem-button-69d5c377bcaf84534 .gem-button svg {fill: #ffffff;}.thegem-button-69d5c377bcaf84534 .gem-button:hover svg {fill: #2e93f0;}<\/style><div class=\"gem-button-container gem-button-position-center thegem-button-69d5c377bcaf84534    \"  ><a class=\"gem-button gem-button-size-medium gem-button-style-outline gem-button-text-weight-normal gem-button-border-2\" data-ll-effect=\"drop-right-without-wrap\" style=\"border-radius: 3px;border-color: #ffffff;color: #ffffff;\" onmouseleave=\"this.style.borderColor='#ffffff';this.style.backgroundColor='transparent';this.style.color='#ffffff';\" onmouseenter=\"this.style.backgroundColor='#ffffff';this.style.color='#2e93f0';\" href=\"https:\/\/euris.welcomekit.co\/\" target=\"_blank\">JOIN US !<\/a><\/div> [\/vc_column][vc_column width=\u00a0\u00bb1\/2&Prime;][vc_single_image image=\u00a0\u00bb87490&Prime; img_size=\u00a0\u00bbfull\u00a0\u00bb alignment=\u00a0\u00bbcenter\u00a0\u00bb][\/vc_column][\/vc_row][vc_row full_width=\u00a0\u00bbstretch_row\u00a0\u00bb equal_height=\u00a0\u00bbyes\u00a0\u00bb css=\u00a0\u00bb.vc_custom_1650891830345{padding-top: 20px !important;padding-bottom: 40px !important;background-color: #f4f4f4 !important;}\u00a0\u00bb el_id=\u00a0\u00bbrow-2&Prime;][vc_column][vc_column_text]<\/p>\n<h3 style=\"text-align: center;\"><span style=\"font-weight: 400;\">Euris \u00e9toffe ses \u00e9quipes pour accompagner sa croissance.<\/span><\/h3>\n<h3 style=\"text-align: center;\"><span style=\"font-weight: 400;\">Vous \u00eates \u00e0 la recherche d\u2019un nouveau projet professionnel\u00a0? <a href=\"https:\/\/www.euris.com\/fr\/contact\/\" target=\"_blank\" rel=\"noopener\">Rencontrons-nous\u00a0!<\/a><\/span><\/h3>\n<p>[\/vc_column_text][\/vc_column][\/vc_row][vc_row equal_height=\u00a0\u00bbyes\u00a0\u00bb content_placement=\u00a0\u00bbmiddle\u00a0\u00bb css=\u00a0\u00bb.vc_custom_1650891851606{padding-top: 40px !important;padding-bottom: 40px !important;}\u00a0\u00bb el_id=\u00a0\u00bbrow-3&Prime;][vc_column width=\u00a0\u00bb1\/2&Prime;][vc_column_text]<\/p>\n<h2><span style=\"font-weight: 400; color: #2e93f0;\">Int\u00e9grer Euris, c&rsquo;est :<\/span><\/h2>\n<p>[\/vc_column_text]<div class=\"gem-list gem-list-type-double-arrow gem-list-color-3\" ><ul>\n<li><span style=\"font-weight: 400;\">Accompagner des clients renomm\u00e9s \u00e0 l&rsquo;international dans leur transformation digitale (start-ups, grands groupes pharmaceutiques, assureurs,\u2026)<\/span><\/li>\n<li><span style=\"font-weight: 400;\">Des \u00e9v\u00e9nements professionnels r\u00e9unissant les acteurs incontournables de la sant\u00e9 connect\u00e9e<\/span><\/li>\n<li><span style=\"font-weight: 400;\">Une \u00e9quipe dynamique avec un int\u00e9r\u00eat commun : op\u00e9rer des nouveaux services sant\u00e9, prot\u00e9ger les patients et contribuer \u00e0 am\u00e9liorer la sant\u00e9 !<\/span><\/li>\n<li><span style=\"font-weight: 400;\">S\u2019ouvrir \u00e0 une carri\u00e8re internationale<\/span><\/li>\n<li><span style=\"font-weight: 400;\">Des personnalit\u00e9s hors du commun qui valent le d\u00e9tour<\/span><\/li>\n<li><span style=\"font-weight: 400;\">Une ambiance d\u00e9contract\u00e9e<\/span><\/li>\n<li><span style=\"font-weight: 400;\">Participer r\u00e9guli\u00e8rement \u00e0 des escape games et des afterworks<\/span><\/li>\n<li><span style=\"font-weight: 400;\">Une \u00e9quipe de sportifs hors-norme : urbansoccer, course \u00e0 pied, basketball<\/span><\/li>\n<li><span style=\"font-weight: 400;\">Caf\u00e9s et pani\u00e8res de fruits \u00e0 volont\u00e9 !<\/span><\/li>\n<\/ul>\n<\/div>[\/vc_column][vc_column width=\u00a0\u00bb1\/2&Prime;][vc_raw_html]JTVCeXRiZV9pZl9jb25zZW50JTIwd2lkdGglM0QlMjIxMDAlMjUlMjIlMjBoZWlnaHQlM0QlMjIzMDAlMjIlMjB2aWRlbyUzRCUyMi00dDhJbVhSWXNFJTIyJTVE[\/vc_raw_html][\/vc_column][\/vc_row][vc_row equal_height=\u00a0\u00bbyes\u00a0\u00bb content_placement=\u00a0\u00bbtop\u00a0\u00bb el_id=\u00a0\u00bbrow-4&Prime; css=\u00a0\u00bb.vc_custom_1650896380984{padding-top: 40px !important;padding-bottom: 40px !important;}\u00a0\u00bb][vc_column width=\u00a0\u00bb1\/2&Prime;][vc_images_carousel images=\u00a0\u00bb87563,87566,87569,87572&Prime; img_size=\u00a0\u00bbfull\u00a0\u00bb onclick=\u00a0\u00bblink_no\u00a0\u00bb autoplay=\u00a0\u00bbyes\u00a0\u00bb wrap=\u00a0\u00bbyes\u00a0\u00bb][\/vc_column][vc_column width=\u00a0\u00bb1\/2&Prime;][vc_column_text]<\/p>\n<h2><span style=\"color: #2e93f0;\">Euris, un groupe IT fran\u00e7ais d\u00e9di\u00e9 \u00e0 la Sant\u00e9 Connect\u00e9e<\/span><\/h2>\n<p>[\/vc_column_text][vc_column_text]La profonde transformation des interactions entre les industriels de la sant\u00e9, les professionnels de sant\u00e9 et les patients ouvre une voie d\u2019innovation sans pr\u00e9c\u00e9dent. Euris participe activement \u00e0 cette dynamique de croissance du secteur au travers de ses solutions et de ses services innovants.<\/p>\n<p>Depuis plus de 20 ans, Euris accompagne ses clients dans leurs projets de transformation digitale et propose une cha\u00eene de valeur unique : h\u00e9bergement certifi\u00e9 de donn\u00e9es de sant\u00e9, solutions CRM (solution commerciale et marketing) et PSP (Patient Support Program). Les solutions d\u2019Euris sont d\u00e9ploy\u00e9es dans plus de 50 pays.<\/p>\n<p>Rejoindre Euris, c\u2019est int\u00e9grer une entreprise dynamique &amp; innovante sur un march\u00e9 en pleine croissance. Vous travaillerez dans un environnement agile qui offre de nombreuses opportunit\u00e9s de croissance et d\u2019\u00e9volution \u00e0 Paris et \u00e0 Shanghai.<\/p>\n<p>Si vous \u00eates passionn\u00e9s par l\u2019innovation en sant\u00e9, la transformation digitale, avec une forte envie d\u2019apprendre, Euris est l\u2019entreprise qu\u2019il vous faut\u00a0![\/vc_column_text][\/vc_column][\/vc_row][vc_row full_width=\u00a0\u00bbstretch_row\u00a0\u00bb css=\u00a0\u00bb.vc_custom_1650894812966{margin-top: 40px !important;margin-bottom: 40px !important;padding-top: 40px !important;padding-bottom: 60px !important;}\u00a0\u00bb el_id=\u00a0\u00bbrow-5&Prime;][vc_column][vc_column_text]<\/p>\n<h2 style=\"text-align: center;\"><strong><span style=\"color: #ffffff;\">nos valeurs<\/span><\/strong><\/h2>\n<p>[\/vc_column_text][vc_row_inner css=\u00a0\u00bb.vc_custom_1650894915157{margin-top: 60px !important;}\u00a0\u00bb][vc_column_inner width=\u00a0\u00bb1\/5&Prime;]<div class=\"centered-box\"><div class=\"gem-icon gem-icon-pack-material gem-icon-size-small  gem-icon-shape-circle\"  style=\"border-color: #ffffff;opacity: 1;\"><div class=\"gem-icon-inner\" style=\"\"><span class=\"gem-icon-half-1\" style=\"color: #ffffff;\"><span class=\"back-angle\">&#xf184;<\/span><\/span><span class=\"gem-icon-half-2\" style=\"color: #ffffff;\"><span class=\"back-angle\">&#xf184;<\/span><\/span><\/div><\/div><\/div>[vc_column_text]<\/p>\n<h3 style=\"text-align: center;\"><em><span style=\"color: #ffffff;\">Dynamisme<\/span><\/em><\/h3>\n<p>[\/vc_column_text][\/vc_column_inner][vc_column_inner width=\u00a0\u00bb1\/5&Prime;]<div class=\"centered-box\"><div class=\"gem-icon gem-icon-pack-fontawesome gem-icon-size-small  gem-icon-shape-circle\"  style=\"border-color: #ffffff;opacity: 1;\"><div class=\"gem-icon-inner\" style=\"\"><span class=\"gem-icon-half-1\" style=\"color: #ffffff;\"><span class=\"back-angle\">&#xf21d;<\/span><\/span><span class=\"gem-icon-half-2\" style=\"color: #ffffff;\"><span class=\"back-angle\">&#xf21d;<\/span><\/span><\/div><\/div><\/div>[vc_column_text]<\/p>\n<h3 style=\"text-align: center;\"><em><span style=\"color: #ffffff;\">Sens du Client<\/span><\/em><\/h3>\n<p>[\/vc_column_text][\/vc_column_inner][vc_column_inner width=\u00a0\u00bb1\/5&Prime;]<div class=\"centered-box\"><div class=\"gem-icon gem-icon-pack-material gem-icon-size-small  gem-icon-shape-circle\"  style=\"border-color: #ffffff;opacity: 1;\"><div class=\"gem-icon-inner\" style=\"\"><span class=\"gem-icon-half-1\" style=\"color: #ffffff;\"><span class=\"back-angle\">&#xf3ca;<\/span><\/span><span class=\"gem-icon-half-2\" style=\"color: #ffffff;\"><span class=\"back-angle\">&#xf3ca;<\/span><\/span><\/div><\/div><\/div>[vc_column_text]<\/p>\n<h3 style=\"text-align: center;\"><em><span style=\"color: #ffffff;\">Innovation<\/span><\/em><\/h3>\n<p>[\/vc_column_text][\/vc_column_inner][vc_column_inner width=\u00a0\u00bb1\/5&Prime;]<div class=\"centered-box\"><div class=\"gem-icon gem-icon-pack-material gem-icon-size-small  gem-icon-shape-circle\"  style=\"border-color: #ffffff;opacity: 1;\"><div class=\"gem-icon-inner\" style=\"\"><span class=\"gem-icon-half-1\" style=\"color: #ffffff;\"><span class=\"back-angle\">&#xf1c6;<\/span><\/span><span class=\"gem-icon-half-2\" style=\"color: #ffffff;\"><span class=\"back-angle\">&#xf1c6;<\/span><\/span><\/div><\/div><\/div>[vc_column_text]<\/p>\n<h3 style=\"text-align: center;\"><em><span style=\"color: #ffffff;\">Communication<\/span><\/em><\/h3>\n<p>[\/vc_column_text][\/vc_column_inner][vc_column_inner width=\u00a0\u00bb1\/5&Prime;]<div class=\"centered-box\"><div class=\"gem-icon gem-icon-pack-elegant gem-icon-size-small  gem-icon-shape-circle\"  style=\"border-color: #ffffff;opacity: 1;\"><div class=\"gem-icon-inner\" style=\"\"><span class=\"gem-icon-half-1\" style=\"color: #ffffff;\"><span class=\"back-angle\">&#xe0a1;<\/span><\/span><span class=\"gem-icon-half-2\" style=\"color: #ffffff;\"><span class=\"back-angle\">&#xe0a1;<\/span><\/span><\/div><\/div><\/div>[vc_column_text]<\/p>\n<h3 style=\"text-align: center;\"><em><span style=\"color: #ffffff;\">Esprit d\u2019\u00e9quipe<\/span><\/em><\/h3>\n<p>[\/vc_column_text][\/vc_column_inner][\/vc_row_inner][\/vc_column][\/vc_row][vc_row el_id=\u00a0\u00bbrow-6&Prime; css=\u00a0\u00bb.vc_custom_1650894934362{padding-top: 40px !important;padding-bottom: 60px !important;}\u00a0\u00bb][vc_column][vc_column_text]<\/p>\n<h2 style=\"text-align: center;\"><span style=\"color: #2e93f0;\">Euris, une pr\u00e9sence internationale<\/span><\/h2>\n<p>[\/vc_column_text][vc_column_text]Pour renforcer ses rangs, et pour r\u00e9pondre aux enjeux de la sant\u00e9 connect\u00e9e, Euris est \u00e0 la recherche de nouveaux talents ayant envie de s\u2019investir dans une structure agile et dans un environnement en pleine croissance, \u00e0 Paris ou \u00e0 Shanghai.<\/p>\n<p>Chez Euris, les collaborateurs ont un engagement commun : participer \u00e0 une relation client d\u2019excellence.<\/p>\n<p>Vous \u00eates int\u00e9ress\u00e9s voire passionn\u00e9s par l\u2019e-sant\u00e9 et la transformation digitale ? Postulez d\u00e8s maintenant \u00e0 nos offres de CDI, stages et VIE[\/vc_column_text][vc_row_inner equal_height=\u00a0\u00bbyes\u00a0\u00bb content_placement=\u00a0\u00bbmiddle\u00a0\u00bb css=\u00a0\u00bb.vc_custom_1650896045152{margin-top: 40px !important;}\u00a0\u00bb][vc_column_inner width=\u00a0\u00bb1\/2&Prime;][vc_single_image image=\u00a0\u00bb87552&Prime; img_size=\u00a0\u00bbfull\u00a0\u00bb alignment=\u00a0\u00bbcenter\u00a0\u00bb][\/vc_column_inner][vc_column_inner width=\u00a0\u00bb1\/2&Prime;][vc_single_image image=\u00a0\u00bb87557&Prime; img_size=\u00a0\u00bbfull\u00a0\u00bb alignment=\u00a0\u00bbcenter\u00a0\u00bb][\/vc_column_inner][\/vc_row_inner][\/vc_column][\/vc_row][vc_row full_width=\u00a0\u00bbstretch_row_content\u00a0\u00bb][vc_column][vc_separator color=\u00a0\u00bbcustom\u00a0\u00bb accent_color=\u00a0\u00bb#2e93f0&Prime;][\/vc_column][\/vc_row][vc_row el_id=\u00a0\u00bbrow-7&Prime; css=\u00a0\u00bb.vc_custom_1650883253508{padding-top: 40px !important;padding-bottom: 40px !important;}\u00a0\u00bb][vc_column][vc_column_text]<\/p>\n<h2 style=\"text-align: center;\"><span style=\"color: #2e93f0;\">Nos postes ouverts \u00e0 Paris et \u00e0 Shanghai<\/span><\/h2>\n<p>[\/vc_column_text][vc_raw_js]JTNDc2NyaXB0JTIwc3JjJTNEJTI3aHR0cHMlM0ElMkYlMkZ3d3cud2VsY29tZWtpdC5jbyUyRmFzc2V0cyUyRmVtYmVkLmpzJTI3JTIwdHlwZSUzRCUyN3RleHQlMkZqYXZhc2NyaXB0JTI3JTNFJTNDJTJGc2NyaXB0JTNFJTBBJTNDc2NyaXB0JTIwdHlwZSUzRCUyN3RleHQlMkZqYXZhc2NyaXB0JTI3JTNFJTBBJTIwJTIwd2VsY29tZUtpdFJlYWR5JTI4ZnVuY3Rpb24lMjglMjklMjAlN0IlMEElMjAlMjAlMjAlMjB2YXIlMjB3ayUyMCUzRCUyMG5ldyUyMFdlbGNvbWVLaXRFbWJlZCUyOCUyNzFaUmd3WE0lMjclMjklMEElMjAlMjAlMjAlMjB3ay5ncm91cCUyOCUyN2RlcGFydG1lbnQlMjclMjklMEElMjAlMjAlMjAlMjB3ay5kaXNwbGF5JTI4JTVCJTVEJTI5JTBBJTIwJTIwJTIwJTIwd2subG9jYWxlJTI4JTI3ZW4lMjclMjklMEElMjAlMjAlMjAlMjB3ay53ZWJzaXRlJTI4JTI3d3R0al9mciUyNyUyOSUwQSUyMCUyMCUyMCUyMHdrLnJlbmRlciUyOCUyOSUwQSUyMCUyMCU3RCUyOSUwQSUzQyUyRnNjcmlwdCUzRSUwQSUzQ2RpdiUyMGlkJTNEJTI3d2VsY29tZWtpdC1lbWJlZCUyNyUzRSUzQyUyRmRpdiUzRQ==[\/vc_raw_js][\/vc_column][\/vc_row][vc_row full_width=\u00a0\u00bbstretch_row\u00a0\u00bb el_id=\u00a0\u00bbrow-8&Prime; css=\u00a0\u00bb.vc_custom_1650892256383{padding-top: 40px !important;padding-bottom: 40px !important;}\u00a0\u00bb][vc_column][vc_column_text]<\/p>\n<h2 style=\"text-align: center;\"><strong><span style=\"color: #ffffff;\">Candidature spontan\u00e9e<\/span><\/strong><\/h2>\n<p>[\/vc_column_text][vc_column_text css=\u00a0\u00bb.vc_custom_1650892348413{margin-top: 40px !important;}\u00a0\u00bb]<\/p>\n<h3 style=\"text-align: center;\"><em><span style=\"color: #ffffff;\">Vous souhaitez rejoindre une \u00e9quipe dynamique et travailler dans une ambiance collaborative et motivante ?<\/span><\/em><\/h3>\n<p>[\/vc_column_text][vc_column_text]<\/p>\n<p style=\"text-align: center;\"><span style=\"color: #ffffff;\">Euris est toujours \u00e0 la recherche de nouveaux talents.\u00a0Alors, envoyez-nous vite votre candidature !<\/span><\/p>\n<p>[\/vc_column_text]<style type=\"text\/css\">.thegem-button-69d5c377bccd26691 .gem-button svg {fill: #ffffff;}.thegem-button-69d5c377bccd26691 .gem-button:hover svg {fill: #2e93f0;}<\/style><div class=\"gem-button-container gem-button-position-center thegem-button-69d5c377bccd26691    \"  ><a class=\"gem-button gem-button-size-medium gem-button-style-outline gem-button-text-weight-normal gem-button-border-2\" data-ll-effect=\"drop-right-without-wrap\" style=\"border-radius: 3px;border-color: #ffffff;color: #ffffff;\" onmouseleave=\"this.style.borderColor='#ffffff';this.style.backgroundColor='transparent';this.style.color='#ffffff';\" onmouseenter=\"this.style.backgroundColor='#ffffff';this.style.color='#2e93f0';\" href=\"https:\/\/euris.welcomekit.co\/\" target=\"_blank\">Envoyer ma candidature<\/a><\/div> [\/vc_column][\/vc_row][vc_row full_width=\u00a0\u00bbstretch_row\u00a0\u00bb el_id=\u00a0\u00bbrow-9&Prime; css=\u00a0\u00bb.vc_custom_1650895479385{padding-top: 40px !important;padding-bottom: 40px !important;}\u00a0\u00bb][vc_column][vc_column_text]<\/p>\n<h2 style=\"text-align: center;\"><span style=\"color: #2e93f0;\">ils nous font confiance<\/span><\/h2>\n<p>[\/vc_column_text][vc_images_carousel images=\u00a0\u00bb78427,58783,35851,73760,73766,40524,73696,73730,86189,80795,76065,73769,82758,87474,73733&Prime; img_size=\u00a0\u00bbfull\u00a0\u00bb onclick=\u00a0\u00bblink_no\u00a0\u00bb speed=\u00a0\u00bb2500&Prime; slides_per_view=\u00a0\u00bb5&Prime; autoplay=\u00a0\u00bbyes\u00a0\u00bb hide_pagination_control=\u00a0\u00bbyes\u00a0\u00bb wrap=\u00a0\u00bbyes\u00a0\u00bb][\/vc_column][\/vc_row]<\/p>\n<\/div>","protected":false},"excerpt":{"rendered":"<p>[vc_row full_width=\u00a0\u00bbstretch_row\u00a0\u00bb content_placement=\u00a0\u00bbmiddle\u00a0\u00bb el_id=\u00a0\u00bbrow-1&Prime; css=\u00a0\u00bb.vc_custom_1650962650964{padding-top: 120px !important;padding-bottom: 100px !important;}\u00a0\u00bb][vc_column width=\u00a0\u00bb1\/2&Prime;][vc_column_text css=\u00a0\u00bb.vc_custom_1714055402739{margin-top: 50px !important;}\u00a0\u00bb] RELEVEZ LES D\u00c9FIS LI\u00c9S \u00c0 LA SANT\u00c9 CONNECT\u00c9E [\/vc_column_text][\/vc_column][vc_column width=\u00a0\u00bb1\/2&Prime;][vc_single_image image=\u00a0\u00bb87490&Prime; img_size=\u00a0\u00bbfull\u00a0\u00bb alignment=\u00a0\u00bbcenter\u00a0\u00bb][\/vc_column][\/vc_row][vc_row full_width=\u00a0\u00bbstretch_row\u00a0\u00bb equal_height=\u00a0\u00bbyes\u00a0\u00bb css=\u00a0\u00bb.vc_custom_1650891830345{padding-top: 20px !important;padding-bottom: 40px !important;background-color: #f4f4f4 !important;}\u00a0\u00bb el_id=\u00a0\u00bbrow-2&Prime;][vc_column][vc_column_text] Euris \u00e9toffe ses \u00e9quipes pour accompagner sa croissance. Vous \u00eates \u00e0 la recherche d\u2019un nouveau projet professionnel\u00a0? Rencontrons-nous\u00a0! [\/vc_column_text][\/vc_column][\/vc_row][vc_row equal_height=\u00a0\u00bbyes\u00a0\u00bb content_placement=\u00a0\u00bbmiddle\u00a0\u00bb css=\u00a0\u00bb.vc_custom_1650891851606{padding-top: 40px !important;padding-bottom: 40px !important;}\u00a0\u00bb el_id=\u00a0\u00bbrow-3&Prime;][vc_column width=\u00a0\u00bb1\/2&Prime;][vc_column_text] Int\u00e9grer Euris, c&rsquo;est : [\/vc_column_text][\/vc_column][vc_column width=\u00a0\u00bb1\/2&Prime;][vc_raw_html]JTVCeXRiZV9pZl9jb25zZW50JTIwd2lkdGglM0QlMjIxMDAlMjUlMjIlMjBoZWlnaHQlM0QlMjIzMDAlMjIlMjB2aWRlbyUzRCUyMi00dDhJbVhSWXNFJTIyJTVE[\/vc_raw_html][\/vc_column][\/vc_row][vc_row equal_height=\u00a0\u00bbyes\u00a0\u00bb content_placement=\u00a0\u00bbtop\u00a0\u00bb el_id=\u00a0\u00bbrow-4&Prime; css=\u00a0\u00bb.vc_custom_1650896380984{padding-top: 40px !important;padding-bottom: 40px !important;}\u00a0\u00bb][vc_column width=\u00a0\u00bb1\/2&Prime;][vc_images_carousel images=\u00a0\u00bb87563,87566,87569,87572&Prime; img_size=\u00a0\u00bbfull\u00a0\u00bb onclick=\u00a0\u00bblink_no\u00a0\u00bb autoplay=\u00a0\u00bbyes\u00a0\u00bb wrap=\u00a0\u00bbyes\u00a0\u00bb][\/vc_column][vc_column width=\u00a0\u00bb1\/2&Prime;][vc_column_text] Euris, un groupe IT fran\u00e7ais d\u00e9di\u00e9 \u00e0 la Sant\u00e9 Connect\u00e9e [\/vc_column_text][vc_column_text]La profonde transformation des interactions entre les industriels de la sant\u00e9, les professionnels de sant\u00e9 et les patients ouvre une voie d\u2019innovation sans pr\u00e9c\u00e9dent. Euris participe activement&#8230;<\/p>\n","protected":false},"author":1,"featured_media":38858,"parent":0,"menu_order":0,"comment_status":"closed","ping_status":"closed","template":"","meta":{"footnotes":""},"class_list":["post-31169","page","type-page","status-publish","has-post-thumbnail"],"_links":{"self":[{"href":"https:\/\/www.euris.com\/fr\/wp-json\/wp\/v2\/pages\/31169","targetHints":{"allow":["GET"]}}],"collection":[{"href":"https:\/\/www.euris.com\/fr\/wp-json\/wp\/v2\/pages"}],"about":[{"href":"https:\/\/www.euris.com\/fr\/wp-json\/wp\/v2\/types\/page"}],"author":[{"embeddable":true,"href":"https:\/\/www.euris.com\/fr\/wp-json\/wp\/v2\/users\/1"}],"replies":[{"embeddable":true,"href":"https:\/\/www.euris.com\/fr\/wp-json\/wp\/v2\/comments?post=31169"}],"version-history":[{"count":3,"href":"https:\/\/www.euris.com\/fr\/wp-json\/wp\/v2\/pages\/31169\/revisions"}],"predecessor-version":[{"id":103379,"href":"https:\/\/www.euris.com\/fr\/wp-json\/wp\/v2\/pages\/31169\/revisions\/103379"}],"wp:featuredmedia":[{"embeddable":true,"href":"https:\/\/www.euris.com\/fr\/wp-json\/wp\/v2\/media\/38858"}],"wp:attachment":[{"href":"https:\/\/www.euris.com\/fr\/wp-json\/wp\/v2\/media?parent=31169"}],"curies":[{"name":"wp","href":"https:\/\/api.w.org\/{rel}","templated":true}]}}