{"id":31654,"date":"2017-12-01T15:31:48","date_gmt":"2017-12-01T14:31:48","guid":{"rendered":"https:\/\/www.euris.com\/legal-notices-euris\/"},"modified":"2024-04-02T15:27:00","modified_gmt":"2024-04-02T13:27:00","slug":"mentions-legales","status":"publish","type":"page","link":"https:\/\/www.euris.com\/fr\/mentions-legales\/","title":{"rendered":"Mentions l\u00e9gales"},"content":{"rendered":"<div class=\"wpb-content-wrapper\"><p>[vc_row css=\u00a0\u00bb.vc_custom_1578990309956{padding-top: 30px !important;}\u00a0\u00bb][vc_column][vc_column_text]<\/p>\n<h1><span style=\"color: #0ea6db;\"><strong>MENTIONS L\u00c9GALES<\/strong><\/span><\/h1>\n<p><strong>Objet du Site<\/strong><\/p>\n<p style=\"text-align: justify;\">Ce site, \u00e9dit\u00e9 par Euris, a \u00e9t\u00e9 con\u00e7u pour fournir une information g\u00e9n\u00e9rale sur Euris et ses produits. Les informations contenues sur le pr\u00e9sent site ont un caract\u00e8re strictement informatif et n\u2019apportent aucun engagement juridique ni accord contractuel de la part de Euris.<\/p>\n<p><strong>D\u00e9nomination sociale d\u2019Euris<\/strong><\/p>\n<p style=\"text-align: justify;\">Soci\u00e9t\u00e9 (nom) : Euris<br \/>\nForme : SA<br \/>\nAu capital de : 369 807,30 Euros<br \/>\nR.C.S. (Ville) : Nanterre<br \/>\nSIREN : 429 963 168<br \/>\nSi\u00e8ge social : 116, Rue de Silly \u2013 92100 Boulogne Billancourt<br \/>\nT\u00e9l.: <a href=\"tel:33142442727\">+33(0) 1 42 44 27 27<\/a><br \/>\nFax: <a href=\"tel:33142442735\">+33(0) 1 42 44 27 35<\/a><br \/>\nDirecteur de la publication : Mme. Delphine Poulat<br \/>\nEdition : Euris<br \/>\nConception \/ D\u00e9veloppement \/ H\u00e9bergement du site :<a href=\"https:\/\/www.euris.com\/fr\/\" target=\"_blank\" rel=\"noopener noreferrer\">Euris Group<\/a><\/p>\n<p><strong>Avis ou opinion d\u2019expert<\/strong><\/p>\n<p style=\"text-align: justify;\">Certaines informations \u00e9tant susceptibles d\u2019int\u00e9resser nos visiteurs, le Site peut contenir des extraits d\u2019articles de presse ou des opinions formul\u00e9es par des experts. De telles informations refl\u00e8tent uniquement l\u2019opinion dudit expert ou journal et sont pas \u00e0 \u00eatre interpr\u00e9t\u00e9es comme celles d\u2019Euris. Euris ne garantit ni l\u2019exactitude ni l\u2019exhaustivit\u00e9 de ces informations, quelles qu\u2019elles soient, et ne sera en aucun cas tenue responsable si ces derni\u00e8res devaient s\u2019av\u00e9rer inexactes ou incompl\u00e8tes.<\/p>\n<p><strong>Loi Informatique et Libert\u00e9s<\/strong><\/p>\n<p style=\"text-align: justify;\">Toute donn\u00e9e personnelle qui serait collect\u00e9e sur le pr\u00e9sent site est destin\u00e9e \u00e0 un usage interne uniquement et ne sera en aucune mani\u00e8re c\u00e9d\u00e9e \u00e0 des tiers.<br \/>\nConform\u00e9ment \u00e0 la Loi Informatique et Libert\u00e9s, vous disposez d\u2019un droit d\u2019acc\u00e8s, de rectification, de modification et de suppression des donn\u00e9es qui vous concernent. Pour cela, il suffit d\u2019en faire la demande par voie postale: Euris : 116 rue de Silly \u2013 92100 Boulogne Billancourt (France).<\/p>\n<p><strong>Liens vers d\u2019autres sites<\/strong><\/p>\n<p style=\"text-align: justify;\">Pour faciliter l\u2019acc\u00e8s \u00e0 d\u2019autres sites Internet susceptibles d\u2019apporter un compl\u00e9ment d\u2019information, il se peut qu\u2019Euris \u00e9tablisse sur le site un certain nombre de liens. Euris ne disposant d\u2019aucun moyen de contr\u00f4le du contenu de ces sites tiers totalement ind\u00e9pendants, elle ne pourra \u00eatre tenue responsable de leur contenu ni des cons\u00e9quences de leur utilisation. Euris rappelle que le secret des correspondances n\u2019est pas garanti sur le r\u00e9seau et qu\u2019il appartient \u00e0 chaque utilisateur d\u2019Internet de prendre toutes les mesures appropri\u00e9es de fa\u00e7on \u00e0 prot\u00e9ger ses propres donn\u00e9es et\/ou logiciels de la contamination d\u2019\u00e9ventuels virus circulant sur Internet.<\/p>\n<p><strong>Propri\u00e9t\u00e9 intellectuelle<\/strong><\/p>\n<p style=\"text-align: justify;\">Ce site appartient et est exploit\u00e9 par Euris.<br \/>\nL\u2019ensemble du Site et chacun de ses \u00e9l\u00e9ments pris s\u00e9par\u00e9ment rel\u00e8vent de la propri\u00e9t\u00e9 intellectuelle (incluant notamment la protection au titre du droit d\u2019auteur, du droit des marques, du droit des bases de donn\u00e9es, etc.).<br \/>\nLa reproduction, la repr\u00e9sentation et l\u2019usage de tout ou partie des \u00e9l\u00e9ments composant le pr\u00e9sent site \u00e0 des fins autres que strictement priv\u00e9es et non commerciales sont interdites en l\u2019absence d\u2019autorisation pr\u00e9alable \u00e9crite d\u2019Euris.<br \/>\nToute utilisation autoris\u00e9e des \u00e9l\u00e9ments composant ou figurant dans le site doit se faire sans d\u00e9naturation, modification ou alt\u00e9ration de quelque mani\u00e8re que ce soit.<br \/>\nLa mention claire et lisible de la source est imp\u00e9rative : \u00ab Document provenant du site Euris.com. Tous droits r\u00e9serv\u00e9s Euris. \u00bb<\/p>\n<p><strong>Absence de garantie<\/strong><\/p>\n<p style=\"text-align: justify;\">Euris s\u2019efforce de maintenir le site \u00e0 jour. Toutefois, Euris ne peut garantir l\u2019exactitude, la pr\u00e9cision, la mise \u00e0 jour ou l\u2019exhaustivit\u00e9 des informations mises \u00e0 disposition sur le site.<\/p>\n<p><strong>Notification de contenu illicite<\/strong><\/p>\n<p style=\"text-align: justify;\">\nDans le cadre de la r\u00e8glementation Europ\u00e9enne DSA (Digital Services Act), l\u2019adresse suivante vous permettra de signaler la pr\u00e9sence d\u2019un contenu illicite<br \/>\n<a href=\"mailto:juridique@euris.com\"> juridique@euris.com<\/a>.<br \/>\nNous vous remercions afin d\u2019analyser au mieux et dans les meilleurs d\u00e9lais votre demande de nous fournir les \u00e9l\u00e9ments suivants :<br \/>\nLes raisons de votre notification, des indications claires sur le contenu en question, une d\u00e9claration sur l\u2019honneur que cette notification est faite de bonne foi, que les informations et les all\u00e9gations sont exactes et compl\u00e8tes.<\/p>\n<p><strong>Droit applicable<\/strong><\/p>\n<p style=\"text-align: justify;\">Le pr\u00e9sent site et son contenu sont r\u00e9gis par le droit fran\u00e7ais. Tout litige \u00e9ventuel s\u2019y rapportant sera soumis \u00e0 la comp\u00e9tence des tribunaux fran\u00e7ais.<\/p>\n<p>[\/vc_column_text][\/vc_column][\/vc_row]<\/p>\n<\/div>","protected":false},"excerpt":{"rendered":"<p>[vc_row css=\u00a0\u00bb.vc_custom_1578990309956{padding-top: 30px !important;}\u00a0\u00bb][vc_column][vc_column_text] MENTIONS L\u00c9GALES Objet du Site Ce site, \u00e9dit\u00e9 par Euris, a \u00e9t\u00e9 con\u00e7u pour fournir une information g\u00e9n\u00e9rale sur Euris et ses produits. Les informations contenues sur le pr\u00e9sent site ont un caract\u00e8re strictement informatif et n\u2019apportent aucun engagement juridique ni accord contractuel de la part de Euris. D\u00e9nomination sociale d\u2019Euris Soci\u00e9t\u00e9 (nom) : Euris Forme : SA Au capital de : 369 807,30 Euros R.C.S. (Ville) : Nanterre SIREN : 429 963 168 Si\u00e8ge social : 116, Rue de Silly \u2013 92100 Boulogne Billancourt T\u00e9l.: +33(0) 1 42 44 27 27 Fax: +33(0) 1 42 44 27 35 Directeur de la publication : Mme. Delphine Poulat Edition : Euris Conception \/ D\u00e9veloppement \/ H\u00e9bergement du site :Euris&#8230;<\/p>\n","protected":false},"author":1,"featured_media":0,"parent":0,"menu_order":0,"comment_status":"closed","ping_status":"closed","template":"","meta":{"footnotes":""},"class_list":["post-31654","page","type-page","status-publish"],"_links":{"self":[{"href":"https:\/\/www.euris.com\/fr\/wp-json\/wp\/v2\/pages\/31654","targetHints":{"allow":["GET"]}}],"collection":[{"href":"https:\/\/www.euris.com\/fr\/wp-json\/wp\/v2\/pages"}],"about":[{"href":"https:\/\/www.euris.com\/fr\/wp-json\/wp\/v2\/types\/page"}],"author":[{"embeddable":true,"href":"https:\/\/www.euris.com\/fr\/wp-json\/wp\/v2\/users\/1"}],"replies":[{"embeddable":true,"href":"https:\/\/www.euris.com\/fr\/wp-json\/wp\/v2\/comments?post=31654"}],"version-history":[{"count":3,"href":"https:\/\/www.euris.com\/fr\/wp-json\/wp\/v2\/pages\/31654\/revisions"}],"predecessor-version":[{"id":102615,"href":"https:\/\/www.euris.com\/fr\/wp-json\/wp\/v2\/pages\/31654\/revisions\/102615"}],"wp:attachment":[{"href":"https:\/\/www.euris.com\/fr\/wp-json\/wp\/v2\/media?parent=31654"}],"curies":[{"name":"wp","href":"https:\/\/api.w.org\/{rel}","templated":true}]}}