{"id":34324,"date":"2018-04-25T09:31:57","date_gmt":"2018-04-25T07:31:57","guid":{"rendered":"https:\/\/www.euris.com\/politique-de-protection-des-donnees\/"},"modified":"2024-04-02T15:42:03","modified_gmt":"2024-04-02T13:42:03","slug":"politique-protection-donnees","status":"publish","type":"page","link":"https:\/\/www.euris.com\/fr\/politique-protection-donnees\/","title":{"rendered":"Politique de protection des donn\u00e9es"},"content":{"rendered":"<div class=\"wpb-content-wrapper\"><p>[vc_row][vc_column]<div class=\"gem-textbox \"  ><div class=\"gem-textbox-inner\" style=\"\"><div class=\"gem-textbox-content\" style=\"background-color: #ffffff;background-position: center top;\">[vc_column_text]<\/p>\n<h1 style=\"text-align: center;\"><strong><u>Politique de protection des donn\u00e9es<br \/>\n<\/u><\/strong><\/h1>\n<p>En cas de diff\u00e9rence, incoh\u00e9rence ou conflit entre cette traduction et la version anglaise, la version fran\u00e7aise pr\u00e9vaudra.<\/p>\n<h4><strong>Pr\u00e9ambule<\/strong><\/h4>\n<p>Conscient de l\u2019importance que rev\u00eat la protection des donn\u00e9es personnelles, Euris tient \u00e0 vous faire conna\u00eetre sa position en mati\u00e8re de collecte, de communication et de protection des donn\u00e9es personnelles \u00e0 travers ce document.<\/p>\n<p>D\u2019une mani\u00e8re g\u00e9n\u00e9rale, vous pouvez naviguer librement sur nos sites sans avoir \u00e0 fournir d\u2019informations personnelles. N\u00e9anmoins, Euris peut proc\u00e9der \u00e0 une collecte desdites informations, notamment \u00e0 travers des formulaires propos\u00e9s par les Sites pour l\u2019organisation d\u2019\u00e9v\u00e8nements, l\u2019envoi de newsletters ou encore dans le cadre d\u2019un processus de recrutement. Ces informations nous seront utiles pour r\u00e9pondre, le cas \u00e9ch\u00e9ant, \u00e0 vos demandes.<\/p>\n<p>En cochant la case pr\u00e9vue \u00e0 cet effet \u00e0 la fin de chaque formulaire ou en vous abonnant \u00e0 notre newsletter, vous acceptez que nous utilisions vos informations personnelles pour de futures communications.<\/p>\n<p>Euris collecte vos donn\u00e9es dans le respect des l\u00e9gislations en vigueur relative \u00e0 la protection des donn\u00e9es personnelles, tels que la loi n\u00b0 78-17 du 6 janvier 1978 et le r\u00e8glement g\u00e9n\u00e9ral sur la protection des donn\u00e9es (RGPD) du 27 avril 2016.<\/p>\n<h4><strong>D\u00e9finitions<\/strong><\/h4>\n<p>Donn\u00e9es personnelles\u00a0: informations permettant d\u2019identifier directement ou indirectement une personne physique.<\/p>\n<p>Consentement\u00a0: toute manifestation de volont\u00e9, libre, sp\u00e9cifique, \u00e9clair\u00e9e et univoque par laquelle une personne physique accepte, par un acte positif clair, que des donn\u00e9es \u00e0 caract\u00e8re personnel la concernant fassent l&rsquo;objet d&rsquo;un traitement.<\/p>\n<p>Cookies\u00a0: petit fichier texte envoy\u00e9 \u00e0 votre navigateur via nos Sites qui permet d\u2019enregistrer des informations sur votre visite pour des connexions ult\u00e9rieures.<\/p>\n<p>Traitement de donn\u00e9es\u00a0: toute op\u00e9ration ou tout ensemble d&rsquo;op\u00e9rations de collecte effectu\u00e9es ou non \u00e0 l&rsquo;aide de proc\u00e9d\u00e9s automatis\u00e9s et appliqu\u00e9es \u00e0 des donn\u00e9es ou des ensembles de donn\u00e9es \u00e0 caract\u00e8re personnel.<\/p>\n<h4><strong>Types de donn\u00e9es recueillies<\/strong><\/h4>\n<p>Les informations personnelles collect\u00e9es de notre part sont g\u00e9n\u00e9ralement les nom, pr\u00e9nom, adresse mail, num\u00e9ro de t\u00e9l\u00e9phone ainsi que votre fonction et\u00a0 votre entreprise. Il est cependant possible que nous vous demandions des informations compl\u00e9mentaires afin de vous offrir des services plus adapt\u00e9s.<\/p>\n<p>Les informations recueillies permettent \u00e0 Euris de mieux vous accompagner lors de vos visites ou pendant vos d\u00e9marches.<\/p>\n<h4><strong>Finalit\u00e9s du recueil<\/strong><\/h4>\n<p>Personnalisation de nos services : Ces informations nous permettent d\u2019am\u00e9liorer et personnaliser les Produits et Services que nous vous proposons et les informations que nous vous adressons.<\/p>\n<p>Prospects\/Marketing\u00a0: Gr\u00e2ce aux donn\u00e9es collect\u00e9es, nous pourrons vous adresser, si vous y avez consenti sur les formulaires de collecte, des documents \u00e0 caract\u00e8re commercial ou promotionnel, ou relatif \u00e0 l\u2019organisation d\u2019\u00e9v\u00e8nements, susceptibles de vous int\u00e9resser.<\/p>\n<p>Recrutement\u00a0: Les donn\u00e9es recueillies nous permettent de r\u00e9pondre aux candidatures \u00e0 des offres d\u2019emplois, de stage et aux candidatures spontan\u00e9es.<\/p>\n<p>Relations Clients\u00a0: Les informations et donn\u00e9es vous concernant sont n\u00e9cessaires au suivi et \u00e0 la gestion de nos relations d\u2019affaires. Ces informations sont \u00e9galement conserv\u00e9es \u00e0 des fins de s\u00e9curit\u00e9, afin de respecter nos obligations l\u00e9gales et r\u00e9glementaires.<\/p>\n<p>Visiteurs\u00a0: Les informations nous permettent de r\u00e9pondre aux utilisateurs des Sites, d\u2019analyser les donn\u00e9es, de pr\u00e9voir des am\u00e9liorations sur les Services, d\u2019effectuer des analyses de tendance en mati\u00e8re de comportement des utilisateurs des Services et d\u2019efficacit\u00e9 des informations. Voir aussi la partie \u00ab\u00a0cookies\u00a0\u00bb.<\/p>\n<h4><strong>Communication des donn\u00e9es<\/strong><\/h4>\n<p>Euris ne vend, ni ne loue aucune donn\u00e9e \u00e0 caract\u00e8re personnel collect\u00e9e ou fournie lors d\u2019un service.<\/p>\n<p>Nous ne partageons vos informations qu\u2019avec nos partenaires qui ne re\u00e7oivent en tout \u00e9tat de cause que les informations personnelles n\u00e9cessaires \u00e0 la r\u00e9alisation et \u00e0 la prestation du service et qui ne sont en aucun cas autoris\u00e9s \u00e0 utiliser ces donn\u00e9es personnelles dans un cadre autre que celui du service ou de la prestation en question.<\/p>\n<p>Nous sommes n\u00e9anmoins susceptibles de communiquer des donn\u00e9es \u00e0 caract\u00e8re personnel afin de nous conformer \u00e0 la l\u00e9gislation en vigueur et de r\u00e9pondre \u00e0 des demandes \u00e9manant d\u2019autorit\u00e9s publiques ou gouvernementales. Nous nous engageons cependant \u00e0 vous en avertir dans les conditions pr\u00e9vues par la l\u00e9gislation en vigueur.<\/p>\n<p>Nous pouvons aussi \u00eatre amen\u00e9s \u00e0 communiquer des donn\u00e9es \u00e0 caract\u00e8re personnel afin d\u2019appliquer ou de faire respecter les conditions g\u00e9n\u00e9rales relatives aux Produits et Services, de prot\u00e9ger les activit\u00e9s, les droits ou les biens de Euris, d\u2019intenter tous recours n\u00e9cessaires, pour \u00e9tablir et\/ou exercer nos droits, ou nous d\u00e9fendre contre toute r\u00e9clamation l\u00e9gales et\/ou judiciaires.<\/p>\n<p>Aucun transfert de donn\u00e9es hors de l\u2019Union europ\u00e9enne n\u2019est r\u00e9alis\u00e9.<\/p>\n<h4><strong>Mesures de s\u00e9curit\u00e9<\/strong><\/h4>\n<p>Euris met en \u0153uvre toutes les mesures raisonnables et n\u00e9cessaires afin d\u2019assurer une s\u00e9curit\u00e9 appropri\u00e9e de vos donn\u00e9es personnelles afin d\u2019en conserver l\u2019int\u00e9grit\u00e9, la confidentialit\u00e9 et la disponibilit\u00e9, et ce pendant la dur\u00e9e n\u00e9cessaire \u00e0 la r\u00e9alisation des finalit\u00e9s pour lesquelles elles sont recueillies. L\u2019acc\u00e8s peut \u00eatre donn\u00e9 \u00e0 certains de nos collaborateurs afin de pouvoir r\u00e9pondre \u00e0 vos demandes ou pour r\u00e9aliser les finalit\u00e9s.<\/p>\n<p>Vos donn\u00e9es personnelles sont prot\u00e9g\u00e9es contre tout acc\u00e8s non autoris\u00e9, tout traitement illicite, toute perte ou tout endommagement accidentel, et toute destruction non autoris\u00e9e.<\/p>\n<p>Par ailleurs, Euris ne saurait recueillir de donn\u00e9es relatives \u00e0 des mineurs de mani\u00e8re d\u00e9lib\u00e9r\u00e9e. Ces donn\u00e9es \u00e9ventuellement collect\u00e9es seront supprim\u00e9es d\u00e8s que Cloud Sant\u00e9 en prendrait connaissance.<\/p>\n<h4><strong>Dur\u00e9e de conservation <\/strong><\/h4>\n<p>Toutes les informations personnelles recueillies par Euris sont conserv\u00e9es pour une dur\u00e9e maximale de 3 ans.<\/p>\n<p>En mati\u00e8re de recrutement, vos donn\u00e9es sont conserv\u00e9es pour une dur\u00e9e de 2 ans apr\u00e8s r\u00e9ception de votre dossier.<\/p>\n<p>Conform\u00e9ment aux recommandations de la Commission Nationale de l\u2019Informatique et des Libert\u00e9s (ci-apr\u00e8s, \u00ab\u00a0CNIL\u00a0\u00bb), les informations de navigation (cookies) sont conserv\u00e9es pour une dur\u00e9e qui ne saurait d\u00e9passer 6 mois.<\/p>\n<h4><strong>Informations sur les droits<\/strong><\/h4>\n<p>Conform\u00e9ment aux dispositions l\u00e9gislative et r\u00e8glementaire, fran\u00e7aise et europ\u00e9enne, en vigueur, vous disposez d\u2019un\u00a0:<\/p>\n<ul>\n<li>Droit d\u2019acc\u00e8s \u00e0 vos informations personnelles,<\/li>\n<li>Droit de retirer le consentement donn\u00e9 lors de la collecte via formulaire,<\/li>\n<li>Droit de rectification de vos informations personnelles,<\/li>\n<li>Droit de suppression de vos donn\u00e9es personnelles,<\/li>\n<li>Droits de limitation et d\u2019opposition au traitement de vos donn\u00e9es personnelles pour motif l\u00e9gitime.<\/li>\n<\/ul>\n<p>Pour toutes questions relatives \u00e0 l\u2019exercice de vos droits, veuillez nous \u00e9crire \u00e0 <u>contact-dpo@euris.com<\/u>.<\/p>\n<h4><strong>Cookies<\/strong><\/h4>\n<p>Nous utilisons des cookies indispensables pour permettre une meilleure exp\u00e9rience de navigation lors de vos sessions sur les Sites.<\/p>\n<p>Les cookies que nous utilisons sont pr\u00e9sents notamment pour permettre des fonctions de personnalisation pour le client et des fonctions de s\u00e9curisation de la connexion.<\/p>\n<p><strong>Les cookies n\u00e9cessaires au fonctionnement\u00a0<\/strong>: Ces cookies permettent aux Sites de fonctionner correctement et de vous fournir les services et produits demand\u00e9s. Ils n\u2019ont aucun impact sur vos donn\u00e9es personnelles.<\/p>\n<p><strong>Les cookies n\u00e9cessaires \u00e0 une information cibl\u00e9e\u00a0<\/strong>: Ces cookies permettent : d\u00b4afficher des informations personnalis\u00e9es, de limiter le nombre d\u2019apparitions de chaque information, de mesurer l\u00b4efficacit\u00e9 d\u2019une campagne d\u2019information.<\/p>\n<p>Vous pouvez refuser l\u2019enregistrement des cookies en configurant les pr\u00e9f\u00e9rences de votre logiciel de navigation:<\/p>\n<ul>\n<li><a href=\"http:\/\/windows.microsoft.com\/fr-FR\/windows-vista\/Block-or-allow-cookies\">pour Internet Explorer\u2122<\/a><\/li>\n<li><a href=\"http:\/\/docs.info.apple.com\/article.html?path=Safari\/3.0\/fr\/9277.html\">pour Safari\u2122<\/a><\/li>\n<li><a href=\"http:\/\/support.google.com\/chrome\/bin\/answer.py?hl=fr&amp;hlrm=en&amp;answer=95647\">pour Chrome\u2122:<\/a><\/li>\n<li><a href=\"http:\/\/support.mozilla.org\/fr\/kb\/Activer%20et%20d%C3%A9sactiver%20les%20cookies\">pour Firefox\u2122<\/a><\/li>\n<li><a href=\"http:\/\/help.opera.com\/Windows\/10.20\/fr\/cookies.html\">pour Opera\u2122<\/a><\/li>\n<\/ul>\n<p>Le fait de refuser les cookies peut cependant vous emp\u00eacher d\u2019acc\u00e9der \u00e0 certaines fonctionnalit\u00e9s du Site, ce dont Euris n\u2019est pas responsable.<\/p>\n<h4><strong>Contact<\/strong><\/h4>\n<p>Coordonn\u00e9es Euris<\/p>\n<p>Mail\u00a0: <a href=\"mailto:commercial@euris.com\">commercial@euris.com<\/a><\/p>\n<p>T\u00e9l\u00e9phone\u00a0: <a href=\"tel:33142442727\">+33(0) 1 42 44 27 27<\/a><\/p>\n<p>Adresse postale\u00a0: 116 rue de Silly, 92100 Boulogne-Billancourt<\/p>\n<p>Repr\u00e9sentant du responsable de traitement\u00a0: Pedro Lucas, PDG<\/p>\n<h4><strong>Mise \u00e0 jour<\/strong><\/h4>\n<p>Euris se r\u00e9serve le droit de modifier \u00e0 tout moment et sans pr\u00e9avis sa politique de protection des donn\u00e9es, et notamment en raison de changements l\u00e9gislatif, r\u00e8glementaire ou de la doctrine de la CNIL. La date de la derni\u00e8re version mise \u00e0 jour sera indiqu\u00e9e.<\/p>\n<h4><strong>Lien vers des sites tiers<\/strong><\/h4>\n<p>Euris peut fournir des liens vers des sites tiers qui ne sont pas r\u00e9gis par la pr\u00e9sente politique de protection des donn\u00e9es. Euris n\u2019est de ce fait pas responsable du contenu ni de la confidentialit\u00e9 des informations personnelles que vous fournissez sur ces sites.<\/p>\n<p>&nbsp;<\/p>\n<p>&nbsp;[\/vc_column_text]<\/div><\/div><\/div>[\/vc_column][\/vc_row]<\/p>\n<\/div>","protected":false},"excerpt":{"rendered":"<p>[vc_row][vc_column][\/vc_column][\/vc_row]<\/p>\n","protected":false},"author":13,"featured_media":0,"parent":0,"menu_order":0,"comment_status":"closed","ping_status":"closed","template":"","meta":{"footnotes":""},"class_list":["post-34324","page","type-page","status-publish"],"_links":{"self":[{"href":"https:\/\/www.euris.com\/fr\/wp-json\/wp\/v2\/pages\/34324","targetHints":{"allow":["GET"]}}],"collection":[{"href":"https:\/\/www.euris.com\/fr\/wp-json\/wp\/v2\/pages"}],"about":[{"href":"https:\/\/www.euris.com\/fr\/wp-json\/wp\/v2\/types\/page"}],"author":[{"embeddable":true,"href":"https:\/\/www.euris.com\/fr\/wp-json\/wp\/v2\/users\/13"}],"replies":[{"embeddable":true,"href":"https:\/\/www.euris.com\/fr\/wp-json\/wp\/v2\/comments?post=34324"}],"version-history":[{"count":3,"href":"https:\/\/www.euris.com\/fr\/wp-json\/wp\/v2\/pages\/34324\/revisions"}],"predecessor-version":[{"id":102621,"href":"https:\/\/www.euris.com\/fr\/wp-json\/wp\/v2\/pages\/34324\/revisions\/102621"}],"wp:attachment":[{"href":"https:\/\/www.euris.com\/fr\/wp-json\/wp\/v2\/media?parent=34324"}],"curies":[{"name":"wp","href":"https:\/\/api.w.org\/{rel}","templated":true}]}}