{"id":37250,"date":"2018-10-15T13:55:56","date_gmt":"2018-10-15T11:55:56","guid":{"rendered":"https:\/\/www.euris.com\/hebergement-donnees-sante\/cloud-sante-hybride\/"},"modified":"2021-04-14T14:08:46","modified_gmt":"2021-04-14T12:08:46","slug":"cloud-sante-hybride","status":"publish","type":"page","link":"https:\/\/www.euris.com\/fr\/hebergement-donnees-sante\/cloud-sante-hybride\/","title":{"rendered":"Cloud Sant\u00e9 Hybride"},"content":{"rendered":"<div class=\"wpb-content-wrapper\"><p>[vc_row full_width=\u00a0\u00bbstretch_row\u00a0\u00bb content_placement=\u00a0\u00bbmiddle\u00a0\u00bb el_id=\u00a0\u00bbrow-1&Prime; css=\u00a0\u00bb.vc_custom_1570709402497{padding-top: 130px !important;padding-bottom: 130px !important;}\u00a0\u00bb][vc_column][vc_single_image image=\u00a0\u00bb37273&Prime; img_size=\u00a0\u00bblarge\u00a0\u00bb alignment=\u00a0\u00bbcenter\u00a0\u00bb css_animation=\u00a0\u00bbslideInUp\u00a0\u00bb][\/vc_column][\/vc_row][vc_row full_width=\u00a0\u00bbstretch_row\u00a0\u00bb content_placement=\u00a0\u00bbmiddle\u00a0\u00bb el_id=\u00a0\u00bbrow-2&Prime; css=\u00a0\u00bb.vc_custom_1570709698376{padding-top: 30px !important;padding-bottom: 30px !important;background-color: #f2f2f2 !important;}\u00a0\u00bb][vc_column][vc_column_text]<\/p>\n<h1 style=\"text-align: center;\"><span style=\"color: #ffffff;\"><span style=\"color: #333333;\">Avec Cloud Sant\u00e9 Hybride, alliez le meilleur du cloud priv\u00e9 et du cloud public pour votre projet e-sant\u00e9 <\/span><\/span><\/h1>\n<p>[\/vc_column_text]<style type=\"text\/css\">.thegem-button-69e346ac1c5b7572 .gem-button svg {fill: #0099ff;}.thegem-button-69e346ac1c5b7572 .gem-button:hover svg {fill: #ffffff;}<\/style><div class=\"gem-button-container gem-button-position-center thegem-button-69e346ac1c5b7572    \"  ><a class=\"gem-button gem-button-size-medium gem-button-style-outline gem-button-text-weight-normal gem-button-border-2\" data-ll-effect=\"drop-right-without-wrap\" style=\"border-radius: 3px;border-color: #0099ff;color: #0099ff;\" onmouseleave=\"this.style.borderColor='#0099ff';this.style.backgroundColor='transparent';this.style.color='#0099ff';\" onmouseenter=\"this.style.backgroundColor='#0099ff';this.style.color='#ffffff';\" href=\"https:\/\/www.euris.com\/fr\/contact\/\" target=\"_self\">demandez un devis<\/a><\/div> [\/vc_column][\/vc_row][vc_row el_id=\u00a0\u00bbrow-3&Prime; css=\u00a0\u00bb.vc_custom_1570709996838{margin-bottom: 50px !important;}\u00a0\u00bb][vc_column][vc_row_inner content_placement=\u00a0\u00bbmiddle\u00a0\u00bb][vc_column_inner width=\u00a0\u00bb1\/2&Prime;][vc_single_image image=\u00a0\u00bb53051&Prime; img_size=\u00a0\u00bbfull\u00a0\u00bb alignment=\u00a0\u00bbcenter\u00a0\u00bb][\/vc_column_inner][vc_column_inner width=\u00a0\u00bb1\/2&Prime; el_id=\u00a0\u00bbhybrid\u00a0\u00bb][vc_column_text]<\/p>\n<h2>Un cloud hybride s\u00e9curis\u00e9 pour l\u2019exploitation des donn\u00e9es de sant\u00e9<\/h2>\n<p>Associez la puissance d\u2019un cloud public \u00e0 la solution d\u2019infrastructure d\u00e9di\u00e9e de Cloud Sant\u00e9, pour assurer \u00e0 la fois la s\u00e9curit\u00e9 des donn\u00e9es personnelles de sant\u00e9 et l\u2019acc\u00e8s aux ressources technologiques n\u00e9cessaires \u00e0 vos projets e-sant\u00e9.<\/p>\n<p>Connectez le cloud priv\u00e9 Cloud Sant\u00e9 avec un des cloud publics du march\u00e9 (AWS, Azure, Alibaba, Google Cloud\u2026) et exploitez simultan\u00e9ment les avantages de deux environnements technologiques.\u00a0 Vous pouvez ainsi choisir d\u2019h\u00e9berger une partie ou la totalit\u00e9 des donn\u00e9es de sant\u00e9 sur le cloud public.<\/p>\n<p>[\/vc_column_text][\/vc_column_inner][\/vc_row_inner][\/vc_column][\/vc_row][vc_row full_width=\u00a0\u00bbstretch_row\u00a0\u00bb el_id=\u00a0\u00bbrow-4&Prime; css=\u00a0\u00bb.vc_custom_1570709791126{padding-top: 30px !important;padding-bottom: 30px !important;}\u00a0\u00bb][vc_column][vc_column_text css=\u00a0\u00bb.vc_custom_1570709842233{border-bottom-width: 30px !important;}\u00a0\u00bb]<\/p>\n<h2 style=\"text-align: center;\"><span style=\"color: #ffffff;\">Les avantages de Cloud Sant\u00e9 Hybride <\/span><\/h2>\n<p>[\/vc_column_text][vc_row_inner css=\u00a0\u00bb.vc_custom_1570709855381{border-bottom-width: 30px !important;}\u00a0\u00bb][vc_column_inner width=\u00a0\u00bb1\/2&Prime;]<div class=\"gem-list gem-list-type-check-style-1 gem-list-color-2\" ><ul>\n<li><span style=\"color: #ffffff;\"><strong>Puissance<\/strong> : Cloud Sant\u00e9 Hybride vous permet d\u2019exploiter la puissance de calcul d\u2019un cloud public (traitement d\u2019imagerie m\u00e9dicale, analyse de donn\u00e9es en grande quantit\u00e9, \u2026) tout en conservant une infrastructure priv\u00e9e pour vos ressources sensibles. <\/span><\/li>\n<li><span style=\"color: #ffffff;\"><strong>S\u00e9curit\u00e9<\/strong> : Cloud Sant\u00e9 Hybride vous permet de choisir o\u00f9 stocker vos donn\u00e9es de sant\u00e9 (public ou priv\u00e9) tout en conservant l\u2019assurance d\u2019\u00eatre dans un environnement s\u00e9curis\u00e9 et conforme \u00e0 la r\u00e9glementation sur l\u2019h\u00e9bergement des donn\u00e9es de sant\u00e9. <\/span><\/li>\n<\/ul>\n<\/div>[\/vc_column_inner][vc_column_inner width=\u00a0\u00bb1\/2&Prime;]<div class=\"gem-list gem-list-type-check-style-1 gem-list-color-2\" ><ul>\n<li><span style=\"color: #ffffff;\"><strong>Flexibilit\u00e9<\/strong> : La maintenance d&rsquo;une infrastructure priv\u00e9e co\u00fbte cher. Vous devez en effet payer pour cet espace, pour un \u00e9quipement, du personnel et une infrastructure. Le cloud hybride est le gage d&rsquo;une flexibilit\u00e9 budg\u00e9taire, puisque vous pouvez choisir o\u00f9 stocker diff\u00e9rents types de donn\u00e9es en vous appuyant sur ce qui est le plus avantageux sur le plan financier.<br \/>\n<\/span><\/li>\n<li><span style=\"color: #ffffff;\"><strong>Agilit\u00e9<\/strong> : Au cours de vos activit\u00e9s, vous risquez de faire face \u00e0 des pics de charges ponctuels. En apportant de l\u2019\u00e9lasticit\u00e9 dans l\u2019usage de ces ressources priv\u00e9es ou publics, Cloud Sant\u00e9 Hybride vous permet de palier aux \u00e9ventuels pics de charges afin de les absorber rapidement et \u00e0 moindre co\u00fbt.<\/span><\/li>\n<\/ul>\n<\/div>[\/vc_column_inner][\/vc_row_inner]<style type=\"text\/css\">.thegem-button-69e346ac1c7004426 .gem-button svg {fill: #ffffff;}.thegem-button-69e346ac1c7004426 .gem-button:hover svg {fill: #0099ff;}<\/style><div class=\"gem-button-container gem-button-position-center thegem-button-69e346ac1c7004426    \"  ><a class=\"gem-button gem-button-size-medium gem-button-style-outline gem-button-text-weight-normal gem-button-border-2\" data-ll-effect=\"drop-right-without-wrap\" style=\"border-radius: 3px;border-color: #ffffff;color: #ffffff;\" onmouseleave=\"this.style.borderColor='#ffffff';this.style.backgroundColor='transparent';this.style.color='#ffffff';\" onmouseenter=\"this.style.backgroundColor='#ffffff';this.style.color='#0099ff';\" href=\"https:\/\/www.euris.com\/fr\/contact\/\" target=\"_self\">demandez un devis<\/a><\/div> [\/vc_column][\/vc_row][vc_row full_width=\u00a0\u00bbstretch_row\u00a0\u00bb css=\u00a0\u00bb.vc_custom_1570713786647{margin-top: 50px !important;margin-bottom: 50px !important;}\u00a0\u00bb el_id=\u00a0\u00bbrow-5-a\u00a0\u00bb][vc_column width=\u00a0\u00bb1\/3&Prime;]<div class=\"centered-box\"><div class=\"gem-icon gem-icon-pack-material gem-icon-size-medium  gem-icon-shape-square gem-simple-icon \"  style=\"margin-top: 10px;margin-bottom: 10px;opacity: 1;\"><div class=\"gem-icon-inner\" style=\"\"><span class=\"gem-icon-half-1\" style=\"color: #0099ff;\"><span class=\"back-angle\">&#xf114;<\/span><\/span><span class=\"gem-icon-half-2\" style=\"color: #0099ff;\"><span class=\"back-angle\">&#xf114;<\/span><\/span><\/div><\/div><\/div>[vc_column_text]<\/p>\n<h3 style=\"text-align: center;\">expertise sant\u00e9<\/h3>\n<p>[\/vc_column_text][vc_column_text]<\/p>\n<p style=\"text-align: center;\">B\u00e9n\u00e9ficiez d&rsquo;une \u00e9quipe d&rsquo;experts en projet IT sant\u00e9 depuis plus de 20 ans.<\/p>\n<p>[\/vc_column_text][\/vc_column][vc_column width=\u00a0\u00bb1\/3&Prime;]<div class=\"centered-box\"><div class=\"gem-icon gem-icon-pack-elegant gem-icon-size-medium  gem-icon-shape-square gem-simple-icon \"  style=\"margin-top: 10px;margin-bottom: 10px;opacity: 1;\"><div class=\"gem-icon-inner\" style=\"\"><span class=\"gem-icon-half-1\" style=\"color: #0099ff;\"><span class=\"back-angle\">&#x7e;<\/span><\/span><span class=\"gem-icon-half-2\" style=\"color: #0099ff;\"><span class=\"back-angle\">&#x7e;<\/span><\/span><\/div><\/div><\/div>[vc_column_text]<\/p>\n<h3 style=\"text-align: center;\">CERTIFICATION &amp; AGR\u00c9MENTS E-SANT\u00c9<\/h3>\n<p>[\/vc_column_text][vc_column_text]<\/p>\n<p style=\"text-align: center;\">S\u00e9curit\u00e9 des donn\u00e9es &amp; conformit\u00e9 globale : UE (HDS &amp; ISO 27001, RGPD), US (HIPAA), Chine (CSL).<\/p>\n<p>[\/vc_column_text][\/vc_column][vc_column width=\u00a0\u00bb1\/3&Prime;]<div class=\"centered-box\"><div class=\"gem-icon gem-icon-pack-elegant gem-icon-size-medium  gem-icon-shape-square gem-simple-icon \"  style=\"margin-top: 10px;margin-bottom: 10px;opacity: 1;\"><div class=\"gem-icon-inner\" style=\"\"><span class=\"gem-icon-half-1\" style=\"color: #0099ff;\"><span class=\"back-angle\">&#xe0de;<\/span><\/span><span class=\"gem-icon-half-2\" style=\"color: #0099ff;\"><span class=\"back-angle\">&#xe0de;<\/span><\/span><\/div><\/div><\/div>[vc_column_text]<\/p>\n<h3 style=\"text-align: center;\">INTERNATIONAL<\/h3>\n<p>[\/vc_column_text][vc_column_text]<\/p>\n<p style=\"text-align: center;\">Des projets d\u00e9ploy\u00e9s dans le monde entier : Europe, Asie, Am\u00e9rique, Afrique.<\/p>\n<p>[\/vc_column_text][\/vc_column][\/vc_row][vc_row full_width=\u00a0\u00bbstretch_row\u00a0\u00bb css=\u00a0\u00bb.vc_custom_1570710762662{margin-top: 20px !important;margin-bottom: 50px !important;}\u00a0\u00bb el_id=\u00a0\u00bbrow-5-b\u00a0\u00bb][vc_column width=\u00a0\u00bb1\/3&Prime;]<div class=\"centered-box\"><div class=\"gem-icon gem-icon-pack-material gem-icon-size-medium  gem-icon-shape-square gem-simple-icon \"  style=\"margin-top: 10px;margin-bottom: 10px;opacity: 1;\"><div class=\"gem-icon-inner\" style=\"\"><span class=\"gem-icon-half-1\" style=\"color: #0099ff;\"><span class=\"back-angle\">&#xf4cd;<\/span><\/span><span class=\"gem-icon-half-2\" style=\"color: #0099ff;\"><span class=\"back-angle\">&#xf4cd;<\/span><\/span><\/div><\/div><\/div>[vc_column_text]<\/p>\n<h3 style=\"text-align: center;\">CONTINUIT\u00c9 DE SERVICE<\/h3>\n<p>[\/vc_column_text][vc_column_text]<\/p>\n<p style=\"text-align: center;\">Architecture Haute disponibilit\u00e9, SLA 99.9%, Infog\u00e9rance 24\/7 outsourcing.<\/p>\n<p>[\/vc_column_text][\/vc_column][vc_column width=\u00a0\u00bb1\/3&Prime;]<div class=\"centered-box\"><div class=\"gem-icon gem-icon-pack-material gem-icon-size-medium  gem-icon-shape-square gem-simple-icon \"  style=\"margin-top: 10px;margin-bottom: 10px;opacity: 1;\"><div class=\"gem-icon-inner\" style=\"\"><span class=\"gem-icon-half-1\" style=\"color: #0099ff;\"><span class=\"back-angle\">&#xf396;<\/span><\/span><span class=\"gem-icon-half-2\" style=\"color: #0099ff;\"><span class=\"back-angle\">&#xf396;<\/span><\/span><\/div><\/div><\/div>[vc_column_text]<\/p>\n<h3 style=\"text-align: center;\">PROTECTION DE VOS DONN\u00c9ES<\/h3>\n<p>[\/vc_column_text][vc_column_text]<\/p>\n<p style=\"text-align: center;\">Disponibilit\u00e9, Int\u00e9grit\u00e9, Confidentialit\u00e9, et Auditabilit\u00e9 durant tout le cycle de vie des donn\u00e9es de sant\u00e9.<\/p>\n<p>[\/vc_column_text][\/vc_column][vc_column width=\u00a0\u00bb1\/3&Prime;]<div class=\"centered-box\"><div class=\"gem-icon gem-icon-pack-elegant gem-icon-size-medium  gem-icon-shape-square gem-simple-icon \"  style=\"margin-top: 10px;margin-bottom: 10px;opacity: 1;\"><div class=\"gem-icon-inner\" style=\"\"><span class=\"gem-icon-half-1\" style=\"color: #0099ff;\"><span class=\"back-angle\">&#xe037;<\/span><\/span><span class=\"gem-icon-half-2\" style=\"color: #0099ff;\"><span class=\"back-angle\">&#xe037;<\/span><\/span><\/div><\/div><\/div>[vc_column_text]<\/p>\n<h3 style=\"text-align: center;\">RICHESSE FONCTIONNELLE<\/h3>\n<p>[\/vc_column_text][vc_column_text]<\/p>\n<p style=\"text-align: center;\">Une infrastructure-as-a-Service apportant des solutions rentables, souples et fonctionnelles.<\/p>\n<p>[\/vc_column_text][\/vc_column][\/vc_row][vc_row][vc_column][vc_raw_js]JTNDc2NyaXB0JTIwc3JjJTNEJTIyaHR0cHMlM0ElMkYlMkZzdGF0aWMubGFuZGJvdC5pbyUyRmxhbmRib3Qtd2lkZ2V0JTJGbGFuZGJvdC13aWRnZXQtMS4wLjAuanMlMjIlM0UlM0MlMkZzY3JpcHQlM0UlMEElM0NzY3JpcHQlM0UlMEElMjAlMjB2YXIlMjBteUxhbmRib3QlMjAlM0QlMjBuZXclMjBMYW5kYm90TGl2ZWNoYXQlMjglN0IlMEElMjAlMjAlMjAlMjBpbmRleCUzQSUyMCUyN2h0dHBzJTNBJTJGJTJGbGFuZGJvdC5pbyUyRnUlMkZILTMxNDgxNC1RUDlDTkpYNzdaNkI5RFZPJTJGaW5kZXguaHRtbCUyNyUyQyUwQSUyMCUyMCU3RCUyOSUzQiUwQSUzQyUyRnNjcmlwdCUzRSUzQ3NjcmlwdCUzRSUwQSUyMCUyMCUyRiUyRiUyMFNob3clMjBhJTIwcHJvYWN0aXZlJTIwbWVzc2FnZSUyMGFmdGVyJTIwMTUlMjBzZWNvbmRzJTBBJTIwJTIwc2V0VGltZW91dCUyOGZ1bmN0aW9uJTI4JTI5JTIwJTdCJTBBJTIwJTIwJTIwJTIwbXlMYW5kYm90LnNlbmRQcm9hY3RpdmUlMjglN0IlMEElMjAlMjAlMjJtZXNzYWdlJTIyJTNBJTIwJTIyQm9uam91ciUyQyUyMHZvdXMlMjAlQzMlQUF0ZXMlMjBpbnQlQzMlQTlyZXNzJUMzJUE5cyUyMHBhciUyMGxlcyUyMHNvbHV0aW9ucyUyMENsb3VkJTIwU2FudCVDMyVBOSUyMCUzRiUyMiUyQyUwQSUyMCUyMCUyMmF1dGhvciUyMiUzQSUyMCUyMkV1cmlzJTIyJTJDJTBBJTIwJTIwJTIyYXZhdGFyJTIyJTNBJTIwJTIyaHR0cHMlM0ElMkYlMkZzdG9yYWdlLmdvb2dsZWFwaXMuY29tJTJGbWVkaWEuaGVsbG91bWkuY29tJTJGNTk4NDQlMkZjaGFubmVscyUyRk5WUTI0WjROQThaQU9FTDBDSDNBVThaU0Q2SjFFWExKLnBuZyUyMiUyQyUwQSUyMCUyMCUyMmV4dHJhJTIyJTNBJTIwJTdCJTBBJTIwJTIwJTIwJTIwJTIyaGlkZV90ZXh0Ym94JTIyJTNBJTIwdHJ1ZSUwQSUyMCUyMCU3RCUwQSU3RCUyOSUzQiUwQSUyMCUyMCU3RCUyQyUyMDE1MDAwJTI5JTNCJTBBJTNDJTJGc2NyaXB0JTNF[\/vc_raw_js][\/vc_column][\/vc_row]<\/p>\n<\/div>","protected":false},"excerpt":{"rendered":"<p>[vc_row full_width=\u00a0\u00bbstretch_row\u00a0\u00bb content_placement=\u00a0\u00bbmiddle\u00a0\u00bb el_id=\u00a0\u00bbrow-1&Prime; css=\u00a0\u00bb.vc_custom_1570709402497{padding-top: 130px !important;padding-bottom: 130px !important;}\u00a0\u00bb][vc_column][vc_single_image image=\u00a0\u00bb37273&Prime; img_size=\u00a0\u00bblarge\u00a0\u00bb alignment=\u00a0\u00bbcenter\u00a0\u00bb css_animation=\u00a0\u00bbslideInUp\u00a0\u00bb][\/vc_column][\/vc_row][vc_row full_width=\u00a0\u00bbstretch_row\u00a0\u00bb content_placement=\u00a0\u00bbmiddle\u00a0\u00bb el_id=\u00a0\u00bbrow-2&Prime; css=\u00a0\u00bb.vc_custom_1570709698376{padding-top: 30px !important;padding-bottom: 30px !important;background-color: #f2f2f2 !important;}\u00a0\u00bb][vc_column][vc_column_text] Avec Cloud Sant\u00e9 Hybride, alliez le meilleur du cloud priv\u00e9 et du cloud public pour votre projet e-sant\u00e9 [\/vc_column_text][\/vc_column][\/vc_row][vc_row el_id=\u00a0\u00bbrow-3&Prime; css=\u00a0\u00bb.vc_custom_1570709996838{margin-bottom: 50px !important;}\u00a0\u00bb][vc_column][vc_row_inner content_placement=\u00a0\u00bbmiddle\u00a0\u00bb][vc_column_inner width=\u00a0\u00bb1\/2&Prime;][vc_single_image image=\u00a0\u00bb53051&Prime; img_size=\u00a0\u00bbfull\u00a0\u00bb alignment=\u00a0\u00bbcenter\u00a0\u00bb][\/vc_column_inner][vc_column_inner width=\u00a0\u00bb1\/2&Prime; el_id=\u00a0\u00bbhybrid\u00a0\u00bb][vc_column_text] Un cloud hybride s\u00e9curis\u00e9 pour l\u2019exploitation des donn\u00e9es de sant\u00e9 Associez la puissance d\u2019un cloud public \u00e0 la solution d\u2019infrastructure d\u00e9di\u00e9e de Cloud Sant\u00e9, pour assurer \u00e0 la fois la s\u00e9curit\u00e9 des donn\u00e9es personnelles de sant\u00e9 et l\u2019acc\u00e8s aux ressources technologiques n\u00e9cessaires \u00e0 vos projets e-sant\u00e9. Connectez le cloud priv\u00e9 Cloud Sant\u00e9 avec un des cloud publics du march\u00e9 (AWS, Azure, Alibaba, Google Cloud\u2026) et exploitez simultan\u00e9ment les avantages&#8230;<\/p>\n","protected":false},"author":13,"featured_media":38207,"parent":30661,"menu_order":0,"comment_status":"closed","ping_status":"closed","template":"","meta":{"footnotes":""},"class_list":["post-37250","page","type-page","status-publish","has-post-thumbnail"],"_links":{"self":[{"href":"https:\/\/www.euris.com\/fr\/wp-json\/wp\/v2\/pages\/37250","targetHints":{"allow":["GET"]}}],"collection":[{"href":"https:\/\/www.euris.com\/fr\/wp-json\/wp\/v2\/pages"}],"about":[{"href":"https:\/\/www.euris.com\/fr\/wp-json\/wp\/v2\/types\/page"}],"author":[{"embeddable":true,"href":"https:\/\/www.euris.com\/fr\/wp-json\/wp\/v2\/users\/13"}],"replies":[{"embeddable":true,"href":"https:\/\/www.euris.com\/fr\/wp-json\/wp\/v2\/comments?post=37250"}],"version-history":[{"count":3,"href":"https:\/\/www.euris.com\/fr\/wp-json\/wp\/v2\/pages\/37250\/revisions"}],"predecessor-version":[{"id":74564,"href":"https:\/\/www.euris.com\/fr\/wp-json\/wp\/v2\/pages\/37250\/revisions\/74564"}],"up":[{"embeddable":true,"href":"https:\/\/www.euris.com\/fr\/wp-json\/wp\/v2\/pages\/30661"}],"wp:featuredmedia":[{"embeddable":true,"href":"https:\/\/www.euris.com\/fr\/wp-json\/wp\/v2\/media\/38207"}],"wp:attachment":[{"href":"https:\/\/www.euris.com\/fr\/wp-json\/wp\/v2\/media?parent=37250"}],"curies":[{"name":"wp","href":"https:\/\/api.w.org\/{rel}","templated":true}]}}