{"id":37890,"date":"2018-11-21T14:25:02","date_gmt":"2018-11-21T13:25:02","guid":{"rendered":"https:\/\/www.euris.com\/hebergement-donnees-sante\/cloud-sante-cdn\/"},"modified":"2020-03-03T15:00:50","modified_gmt":"2020-03-03T14:00:50","slug":"cloud-sante-cdn","status":"publish","type":"page","link":"https:\/\/www.euris.com\/fr\/hebergement-donnees-sante\/cloud-sante-cdn\/","title":{"rendered":"Cloud Sant\u00e9\u00a9 CDN"},"content":{"rendered":"<div class=\"wpb-content-wrapper\"><p>[vc_row full_width=\u00a0\u00bbstretch_row\u00a0\u00bb content_placement=\u00a0\u00bbmiddle\u00a0\u00bb el_id=\u00a0\u00bbrow-1&Prime; css=\u00a0\u00bb.vc_custom_1570712154790{padding-top: 130px !important;padding-bottom: 130px !important;}\u00a0\u00bb][vc_column][vc_single_image image=\u00a0\u00bb37889&Prime; img_size=\u00a0\u00bblarge\u00a0\u00bb alignment=\u00a0\u00bbcenter\u00a0\u00bb css_animation=\u00a0\u00bbslideInUp\u00a0\u00bb][\/vc_column][\/vc_row][vc_row full_width=\u00a0\u00bbstretch_row\u00a0\u00bb equal_height=\u00a0\u00bbyes\u00a0\u00bb content_placement=\u00a0\u00bbmiddle\u00a0\u00bb el_id=\u00a0\u00bbrow-2&Prime; css=\u00a0\u00bb.vc_custom_1570712895655{padding-top: 50px !important;padding-bottom: 50px !important;}\u00a0\u00bb][vc_column width=\u00a0\u00bb1\/3&Prime;][vc_single_image image=\u00a0\u00bb37852&Prime; img_size=\u00a0\u00bbfull\u00a0\u00bb alignment=\u00a0\u00bbcenter\u00a0\u00bb][\/vc_column][vc_column width=\u00a0\u00bb2\/3&Prime;][vc_column_text]<\/p>\n<h1 style=\"text-align: center;\"><span style=\"color: #ffffff;\"><span style=\"color: #333333;\">Acc\u00e9l\u00e9rez vos flux de donn\u00e9es et diffusez le contenu de vos applications e-sant\u00e9 dans le monde entier<\/span><\/span><\/h1>\n<p>[\/vc_column_text]<style type=\"text\/css\">.thegem-button-69d244bb3bd2d4084 .gem-button svg {fill: #0099ff;}.thegem-button-69d244bb3bd2d4084 .gem-button:hover svg {fill: #ffffff;}<\/style><div class=\"gem-button-container gem-button-position-center thegem-button-69d244bb3bd2d4084    \"  ><a class=\"gem-button gem-button-size-medium gem-button-style-outline gem-button-text-weight-normal gem-button-border-2\" data-ll-effect=\"drop-right-without-wrap\" style=\"border-radius: 3px;border-color: #0099ff;color: #0099ff;\" onmouseleave=\"this.style.borderColor='#0099ff';this.style.backgroundColor='transparent';this.style.color='#0099ff';\" onmouseenter=\"this.style.backgroundColor='#0099ff';this.style.color='#ffffff';\" href=\"https:\/\/www.euris.com\/fr\/contact\/\" target=\"_self\">demandez un devis<\/a><\/div> [\/vc_column][\/vc_row][vc_row full_width=\u00a0\u00bbstretch_row\u00a0\u00bb equal_height=\u00a0\u00bbyes\u00a0\u00bb content_placement=\u00a0\u00bbmiddle\u00a0\u00bb css=\u00a0\u00bb.vc_custom_1575381372405{padding-top: 50px !important;padding-bottom: 50px !important;background-color: #f7f7f7 !important;}\u00a0\u00bb el_id=\u00a0\u00bbrow-3&Prime;][vc_column][vc_row_inner equal_height=\u00a0\u00bbyes\u00a0\u00bb content_placement=\u00a0\u00bbmiddle\u00a0\u00bb el_id=\u00a0\u00bbrow-3-a\u00a0\u00bb][vc_column_inner width=\u00a0\u00bb1\/2&Prime;][vc_single_image image=\u00a0\u00bb57053&Prime; img_size=\u00a0\u00bbfull\u00a0\u00bb alignment=\u00a0\u00bbcenter\u00a0\u00bb el_class=\u00a0\u00bbfirst\u00a0\u00bb][\/vc_column_inner][vc_column_inner width=\u00a0\u00bb1\/2&Prime;][vc_column_text css=\u00a0\u00bb.vc_custom_1570802472502{margin-bottom: 40px !important;}\u00a0\u00bb]<\/p>\n<h2><span style=\"color: #0099ff;\">Cloud Sant\u00e9\u00ae CDN, un r\u00e9seau global unique agr\u00e9\u00e9 pour les donn\u00e9es de sant\u00e9<\/span><\/h2>\n<p>[\/vc_column_text][vc_column_text]<\/p>\n<h3>Acc\u00e9l\u00e9rez la diffusion de vos applications e-sant\u00e9 dans le monde entier<\/h3>\n<p>[\/vc_column_text][vc_column_text css=\u00a0\u00bb.vc_custom_1570802319029{margin-bottom: 40px !important;}\u00a0\u00bb]Un service CDN (Content Delivery Network) est indispensable si vous souhaitez p\u00e9n\u00e9trer de nouveaux march\u00e9s tout en optimisant les co\u00fbts de d\u00e9ploiement de votre site ou de votre application e-sant\u00e9.<br \/>\nAvec Cloud Sant\u00e9<sup>\u00ae<\/sup>\u00a0CDN, acc\u00e9l\u00e9rez la diffusion de contenu statique de vos applications sur l\u2019ensemble des continents.[\/vc_column_text][\/vc_column_inner][\/vc_row_inner][vc_row_inner equal_height=\u00a0\u00bbyes\u00a0\u00bb content_placement=\u00a0\u00bbmiddle\u00a0\u00bb el_id=\u00a0\u00bbrow-3-a\u00a0\u00bb][vc_column_inner width=\u00a0\u00bb1\/2&Prime;][vc_column_text]<\/p>\n<h3>Am\u00e9liorez l\u2019exp\u00e9rience de vos utilisateurs<\/h3>\n<p>[\/vc_column_text][vc_column_text css=\u00a0\u00bb.vc_custom_1570802323791{margin-bottom: 40px !important;}\u00a0\u00bb]Optimiser le temps de chargement des pages statiques est crucial pour am\u00e9liorer l\u2019exp\u00e9rience utilisateur : t\u00e9l\u00e9chargement de vid\u00e9os et d\u2019images, le CSS, de javascript, etc.<br \/>\nGr\u00e2ce \u00e0 Cloud Sant\u00e9<sup>\u00ae<\/sup>\u00a0CDN, la vitesse de chargement de votre site ou application est d\u00e9multipli\u00e9e. Les contenus statiques sont sauvegard\u00e9s dans la m\u00e9moire cash et peuvent \u00eatre diffus\u00e9s sans faire appel aux serveurs d\u2019h\u00e9bergement. B\u00e9n\u00e9ficiez ainsi d\u2019un site plus rapide et d\u2019un meilleur r\u00e9f\u00e9rencement sur les moteurs de recherche.[\/vc_column_text][vc_column_text]<\/p>\n<h3>Assurez la s\u00e9curit\u00e9 des donn\u00e9es de sant\u00e9<\/h3>\n<p>[\/vc_column_text][vc_column_text]Cloud Sant\u00e9<sup>\u00ae<\/sup>\u00a0vous permet de renforcer la s\u00e9curit\u00e9 des donn\u00e9es et de vos applications e-sant\u00e9. L\u2019infrastructure et les processus de Cloud Sant\u00e9<sup>\u00ae<\/sup>\u00a0sont conformes aux normes HDS &amp; ISO 27001, HIPAA aux Etats-Unis et CSL en Chine, assurant une protection maximale des donn\u00e9es les plus sensibles.[\/vc_column_text][\/vc_column_inner][vc_column_inner width=\u00a0\u00bb1\/2&Prime;][vc_single_image image=\u00a0\u00bb57078&Prime; img_size=\u00a0\u00bbfull\u00a0\u00bb alignment=\u00a0\u00bbcenter\u00a0\u00bb css=\u00a0\u00bb.vc_custom_1575447917625{margin-top: 50px !important;}\u00a0\u00bb][\/vc_column_inner][\/vc_row_inner][\/vc_column][\/vc_row][vc_row full_width=\u00a0\u00bbstretch_row\u00a0\u00bb equal_height=\u00a0\u00bbyes\u00a0\u00bb content_placement=\u00a0\u00bbmiddle\u00a0\u00bb el_id=\u00a0\u00bbrow-5&Prime; css=\u00a0\u00bb.vc_custom_1570802300597{padding-top: 50px !important;padding-bottom: 30px !important;}\u00a0\u00bb][vc_column][vc_column_text css=\u00a0\u00bb.vc_custom_1570802362314{margin-bottom: 40px !important;}\u00a0\u00bb]<\/p>\n<h2 style=\"text-align: center;\"><span style=\"color: #ffffff;\">Rapidit\u00e9, s\u00e9curit\u00e9 et performance<\/span><\/h2>\n<p>[\/vc_column_text]<div class=\"gem-list gem-list-type-check-style-1 gem-list-color-2\" ><ul>\n<li style=\"text-align: center;\"><span style=\"color: #ffffff;\">Le strict respect de la r\u00e8glementation Fran\u00e7aise en mati\u00e8re de protection des donn\u00e9es personnelles de sant\u00e9.<\/span><\/li>\n<li style=\"text-align: center;\"><span style=\"color: #ffffff;\">Une s\u00e9curit\u00e9 juridique et technique maximale.<\/span><\/li>\n<li style=\"text-align: center;\"><span style=\"color: #ffffff;\">Gamme de services disponibles.<\/span><\/li>\n<li style=\"text-align: center;\"><span style=\"color: #ffffff;\">L\u2019optimisation des co\u00fbts.<\/span><\/li>\n<\/ul>\n<\/div><style type=\"text\/css\">.thegem-button-69d244bb3be292629 .gem-button svg {fill: #ffffff;}.thegem-button-69d244bb3be292629 .gem-button:hover svg {fill: #0099ff;}<\/style><div class=\"gem-button-container gem-button-position-center thegem-button-69d244bb3be292629    \"  ><a class=\"gem-button gem-button-size-medium gem-button-style-outline gem-button-text-weight-normal gem-button-border-2\" data-ll-effect=\"drop-right-without-wrap\" style=\"border-radius: 3px;border-color: #ffffff;color: #ffffff;\" onmouseleave=\"this.style.borderColor='#ffffff';this.style.backgroundColor='transparent';this.style.color='#ffffff';\" onmouseenter=\"this.style.backgroundColor='#ffffff';this.style.color='#0099ff';\" href=\"https:\/\/www.euris.com\/fr\/contact\/\" target=\"_self\">demandez un devis<\/a><\/div> [\/vc_column][\/vc_row][vc_row full_width=\u00a0\u00bbstretch_row\u00a0\u00bb css=\u00a0\u00bb.vc_custom_1570802979374{margin-top: 50px !important;}\u00a0\u00bb el_id=\u00a0\u00bbrow-6-a\u00a0\u00bb][vc_column width=\u00a0\u00bb1\/3&Prime;]<div class=\"centered-box\"><div class=\"gem-icon gem-icon-pack-material gem-icon-size-medium  gem-icon-shape-square gem-simple-icon\"  style=\"margin-top: 10px;margin-bottom: 10px;opacity: 1;\"><div class=\"gem-icon-inner\" style=\"\"><span class=\"gem-icon-half-1\" style=\"color: #0099ff;\"><span class=\"back-angle\">&#xf114;<\/span><\/span><span class=\"gem-icon-half-2\" style=\"color: #0099ff;\"><span class=\"back-angle\">&#xf114;<\/span><\/span><\/div><\/div><\/div>[vc_column_text]<\/p>\n<h3 style=\"text-align: center;\">expertise sant\u00e9<\/h3>\n<p>[\/vc_column_text][vc_column_text]<\/p>\n<p style=\"text-align: center;\">b\u00e9n\u00e9ficiez d&rsquo;une \u00e9quipe d&rsquo;experts en projet IT sant\u00e9 depuis plus de 20 ans.<\/p>\n<p>[\/vc_column_text][\/vc_column][vc_column width=\u00a0\u00bb1\/3&Prime;]<div class=\"centered-box\"><div class=\"gem-icon gem-icon-pack-elegant gem-icon-size-medium  gem-icon-shape-square gem-simple-icon\"  style=\"margin-top: 10px;margin-bottom: 10px;opacity: 1;\"><div class=\"gem-icon-inner\" style=\"\"><span class=\"gem-icon-half-1\" style=\"color: #0099ff;\"><span class=\"back-angle\">&#x7e;<\/span><\/span><span class=\"gem-icon-half-2\" style=\"color: #0099ff;\"><span class=\"back-angle\">&#x7e;<\/span><\/span><\/div><\/div><\/div>[vc_column_text]<\/p>\n<h3 style=\"text-align: center;\">CERTIFICATION &amp; AGR\u00c9MENTS E-SANT\u00c9<\/h3>\n<p>[\/vc_column_text][vc_column_text]<\/p>\n<p style=\"text-align: center;\">S\u00e9curit\u00e9 des donn\u00e9es &amp; conformit\u00e9 globale : UE (HDS &amp; ISO 27001, RGPD), US (HIPAA), Chine (CSL).<\/p>\n<p>[\/vc_column_text][\/vc_column][vc_column width=\u00a0\u00bb1\/3&Prime;]<div class=\"centered-box\"><div class=\"gem-icon gem-icon-pack-elegant gem-icon-size-medium  gem-icon-shape-square gem-simple-icon\"  style=\"margin-top: 10px;margin-bottom: 10px;opacity: 1;\"><div class=\"gem-icon-inner\" style=\"\"><span class=\"gem-icon-half-1\" style=\"color: #0099ff;\"><span class=\"back-angle\">&#xe0de;<\/span><\/span><span class=\"gem-icon-half-2\" style=\"color: #0099ff;\"><span class=\"back-angle\">&#xe0de;<\/span><\/span><\/div><\/div><\/div>[vc_column_text]<\/p>\n<h3 style=\"text-align: center;\">INTERNATIONAL<\/h3>\n<p>[\/vc_column_text][vc_column_text]<\/p>\n<p style=\"text-align: center;\">Des projets d\u00e9ploy\u00e9s dans le monde entier : Europe, Asie, Am\u00e9rique, Afrique.<\/p>\n<p>[\/vc_column_text][\/vc_column][\/vc_row][vc_row full_width=\u00a0\u00bbstretch_row\u00a0\u00bb css=\u00a0\u00bb.vc_custom_1570802251507{margin-bottom: 50px !important;}\u00a0\u00bb el_id=\u00a0\u00bbrow-6-b\u00a0\u00bb][vc_column width=\u00a0\u00bb1\/3&Prime;]<div class=\"centered-box\"><div class=\"gem-icon gem-icon-pack-material gem-icon-size-medium  gem-icon-shape-square gem-simple-icon\"  style=\"margin-top: 10px;margin-bottom: 10px;opacity: 1;\"><div class=\"gem-icon-inner\" style=\"\"><span class=\"gem-icon-half-1\" style=\"color: #0099ff;\"><span class=\"back-angle\">&#xf4cd;<\/span><\/span><span class=\"gem-icon-half-2\" style=\"color: #0099ff;\"><span class=\"back-angle\">&#xf4cd;<\/span><\/span><\/div><\/div><\/div>[vc_column_text]<\/p>\n<h3 style=\"text-align: center;\">continuit\u00e9 de service<\/h3>\n<p>[\/vc_column_text][vc_column_text]<\/p>\n<p style=\"text-align: center;\">Architecture Haute disponibilit\u00e9, SLA 99.9%, Infog\u00e9rance 24\/7 outsourcing.<\/p>\n<p>[\/vc_column_text][\/vc_column][vc_column width=\u00a0\u00bb1\/3&Prime;]<div class=\"centered-box\"><div class=\"gem-icon gem-icon-pack-material gem-icon-size-medium  gem-icon-shape-square gem-simple-icon\"  style=\"margin-top: 10px;margin-bottom: 10px;opacity: 1;\"><div class=\"gem-icon-inner\" style=\"\"><span class=\"gem-icon-half-1\" style=\"color: #0099ff;\"><span class=\"back-angle\">&#xf396;<\/span><\/span><span class=\"gem-icon-half-2\" style=\"color: #0099ff;\"><span class=\"back-angle\">&#xf396;<\/span><\/span><\/div><\/div><\/div>[vc_column_text]<\/p>\n<h3 style=\"text-align: center;\">protection de vos donn\u00e9es<\/h3>\n<p>[\/vc_column_text][vc_column_text]<\/p>\n<p style=\"text-align: center;\">Disponibilit\u00e9, Int\u00e9grit\u00e9, Confidentialit\u00e9, et Auditabilit\u00e9 durant tout le cycle de vie des donn\u00e9es de sant\u00e9.<\/p>\n<p>[\/vc_column_text][\/vc_column][vc_column width=\u00a0\u00bb1\/3&Prime;]<div class=\"centered-box\"><div class=\"gem-icon gem-icon-pack-elegant gem-icon-size-medium  gem-icon-shape-square gem-simple-icon\"  style=\"margin-top: 10px;margin-bottom: 10px;opacity: 1;\"><div class=\"gem-icon-inner\" style=\"\"><span class=\"gem-icon-half-1\" style=\"color: #0099ff;\"><span class=\"back-angle\">&#xe037;<\/span><\/span><span class=\"gem-icon-half-2\" style=\"color: #0099ff;\"><span class=\"back-angle\">&#xe037;<\/span><\/span><\/div><\/div><\/div>[vc_column_text]<\/p>\n<h3 style=\"text-align: center;\">richesse fonctionnelle<\/h3>\n<p>[\/vc_column_text][vc_column_text]<\/p>\n<p style=\"text-align: center;\">Une infrastructure-as-a-Service apportant des solutions rentables, souples et fonctionnelles.<\/p>\n<p>[\/vc_column_text][\/vc_column][\/vc_row][vc_row][vc_column][vc_raw_js]JTNDc2NyaXB0JTIwc3JjJTNEJTIyaHR0cHMlM0ElMkYlMkZzdGF0aWMubGFuZGJvdC5pbyUyRmxhbmRib3Qtd2lkZ2V0JTJGbGFuZGJvdC13aWRnZXQtMS4wLjAuanMlMjIlM0UlM0MlMkZzY3JpcHQlM0UlMEElM0NzY3JpcHQlM0UlMEElMjAlMjB2YXIlMjBteUxhbmRib3QlMjAlM0QlMjBuZXclMjBMYW5kYm90TGl2ZWNoYXQlMjglN0IlMEElMjAlMjAlMjAlMjBpbmRleCUzQSUyMCUyN2h0dHBzJTNBJTJGJTJGbGFuZGJvdC5pbyUyRnUlMkZILTMxNDgxNC1RUDlDTkpYNzdaNkI5RFZPJTJGaW5kZXguaHRtbCUyNyUyQyUwQSUyMCUyMCU3RCUyOSUzQiUwQSUzQyUyRnNjcmlwdCUzRSUwQQ==[\/vc_raw_js][\/vc_column][\/vc_row]<\/p>\n<\/div>","protected":false},"excerpt":{"rendered":"<p>[vc_row full_width=\u00a0\u00bbstretch_row\u00a0\u00bb content_placement=\u00a0\u00bbmiddle\u00a0\u00bb el_id=\u00a0\u00bbrow-1&Prime; css=\u00a0\u00bb.vc_custom_1570712154790{padding-top: 130px !important;padding-bottom: 130px !important;}\u00a0\u00bb][vc_column][vc_single_image image=\u00a0\u00bb37889&Prime; img_size=\u00a0\u00bblarge\u00a0\u00bb alignment=\u00a0\u00bbcenter\u00a0\u00bb css_animation=\u00a0\u00bbslideInUp\u00a0\u00bb][\/vc_column][\/vc_row][vc_row full_width=\u00a0\u00bbstretch_row\u00a0\u00bb equal_height=\u00a0\u00bbyes\u00a0\u00bb content_placement=\u00a0\u00bbmiddle\u00a0\u00bb el_id=\u00a0\u00bbrow-2&Prime; css=\u00a0\u00bb.vc_custom_1570712895655{padding-top: 50px !important;padding-bottom: 50px !important;}\u00a0\u00bb][vc_column width=\u00a0\u00bb1\/3&Prime;][vc_single_image image=\u00a0\u00bb37852&Prime; img_size=\u00a0\u00bbfull\u00a0\u00bb alignment=\u00a0\u00bbcenter\u00a0\u00bb][\/vc_column][vc_column width=\u00a0\u00bb2\/3&Prime;][vc_column_text] Acc\u00e9l\u00e9rez vos flux de donn\u00e9es et diffusez le contenu de vos applications e-sant\u00e9 dans le monde entier [\/vc_column_text][\/vc_column][\/vc_row][vc_row full_width=\u00a0\u00bbstretch_row\u00a0\u00bb equal_height=\u00a0\u00bbyes\u00a0\u00bb content_placement=\u00a0\u00bbmiddle\u00a0\u00bb css=\u00a0\u00bb.vc_custom_1575381372405{padding-top: 50px !important;padding-bottom: 50px !important;background-color: #f7f7f7 !important;}\u00a0\u00bb el_id=\u00a0\u00bbrow-3&Prime;][vc_column][vc_row_inner equal_height=\u00a0\u00bbyes\u00a0\u00bb content_placement=\u00a0\u00bbmiddle\u00a0\u00bb el_id=\u00a0\u00bbrow-3-a\u00a0\u00bb][vc_column_inner width=\u00a0\u00bb1\/2&Prime;][vc_single_image image=\u00a0\u00bb57053&Prime; img_size=\u00a0\u00bbfull\u00a0\u00bb alignment=\u00a0\u00bbcenter\u00a0\u00bb el_class=\u00a0\u00bbfirst\u00a0\u00bb][\/vc_column_inner][vc_column_inner width=\u00a0\u00bb1\/2&Prime;][vc_column_text css=\u00a0\u00bb.vc_custom_1570802472502{margin-bottom: 40px !important;}\u00a0\u00bb] Cloud Sant\u00e9\u00ae CDN, un r\u00e9seau global unique agr\u00e9\u00e9 pour les donn\u00e9es de sant\u00e9 [\/vc_column_text][vc_column_text] Acc\u00e9l\u00e9rez la diffusion de vos applications e-sant\u00e9 dans le monde entier [\/vc_column_text][vc_column_text css=\u00a0\u00bb.vc_custom_1570802319029{margin-bottom: 40px !important;}\u00a0\u00bb]Un service CDN (Content Delivery Network) est indispensable si vous souhaitez p\u00e9n\u00e9trer de nouveaux march\u00e9s tout en optimisant les co\u00fbts de d\u00e9ploiement de votre site ou&#8230;<\/p>\n","protected":false},"author":13,"featured_media":37909,"parent":30661,"menu_order":0,"comment_status":"closed","ping_status":"closed","template":"","meta":{"footnotes":""},"class_list":["post-37890","page","type-page","status-publish","has-post-thumbnail"],"_links":{"self":[{"href":"https:\/\/www.euris.com\/fr\/wp-json\/wp\/v2\/pages\/37890","targetHints":{"allow":["GET"]}}],"collection":[{"href":"https:\/\/www.euris.com\/fr\/wp-json\/wp\/v2\/pages"}],"about":[{"href":"https:\/\/www.euris.com\/fr\/wp-json\/wp\/v2\/types\/page"}],"author":[{"embeddable":true,"href":"https:\/\/www.euris.com\/fr\/wp-json\/wp\/v2\/users\/13"}],"replies":[{"embeddable":true,"href":"https:\/\/www.euris.com\/fr\/wp-json\/wp\/v2\/comments?post=37890"}],"version-history":[{"count":3,"href":"https:\/\/www.euris.com\/fr\/wp-json\/wp\/v2\/pages\/37890\/revisions"}],"predecessor-version":[{"id":63982,"href":"https:\/\/www.euris.com\/fr\/wp-json\/wp\/v2\/pages\/37890\/revisions\/63982"}],"up":[{"embeddable":true,"href":"https:\/\/www.euris.com\/fr\/wp-json\/wp\/v2\/pages\/30661"}],"wp:featuredmedia":[{"embeddable":true,"href":"https:\/\/www.euris.com\/fr\/wp-json\/wp\/v2\/media\/37909"}],"wp:attachment":[{"href":"https:\/\/www.euris.com\/fr\/wp-json\/wp\/v2\/media?parent=37890"}],"curies":[{"name":"wp","href":"https:\/\/api.w.org\/{rel}","templated":true}]}}