{"id":40503,"date":"2019-03-06T11:56:51","date_gmt":"2019-03-06T10:56:51","guid":{"rendered":"https:\/\/www.euris.com\/pharma-biotech-cloud-digital-services\/"},"modified":"2026-04-09T11:54:24","modified_gmt":"2026-04-09T09:54:24","slug":"pharma-biotech","status":"publish","type":"page","link":"https:\/\/www.euris.com\/fr\/secteur\/pharma-biotech\/","title":{"rendered":"Pharma &#038; Biotech &#8211; Solutions Cloud &#038; Digitales"},"content":{"rendered":"<div class=\"wpb-content-wrapper\"><p>[vc_row][vc_column]<div id=\"fullwidth-block-69f3c7204ebe1\" class=\"fullwidth-block clearfix\"  style=\"padding-top: 180px;padding-bottom: 60px;\"><script type=\"text\/javascript\">if (typeof(gem_fix_fullwidth_position) == \"function\") { gem_fix_fullwidth_position(document.getElementById(\"fullwidth-block-69f3c7204ebe1\")); }<\/script><div class=\"fullwidth-block-background\" style=\"background-image: url(https:\/\/www.euris.com\/wp-content\/uploads\/2019\/04\/test3-2.jpg);background-repeat: no-repeat; background-size: cover;background-position: center center;\"><\/div><div class=\"fullwidth-block-inner\">[vc_column_text el_class=\u00a0\u00bbtitle-cloud\u00a0\u00bb el_id=\u00a0\u00bbtitle-cloud\u00a0\u00bb]<\/p>\n<h1 style=\"text-align: center;\"><span class=\"light\" style=\"color: #ffffff;\">Vous \u00eates un <strong>laboratoire pharmaceutique<\/strong><\/span><\/h1>\n<p>[\/vc_column_text][vc_empty_space height=\u00a0\u00bb40px\u00a0\u00bb][vc_row_inner][vc_column_inner width=\u00a0\u00bb1\/6&Prime;][\/vc_column_inner][vc_column_inner width=\u00a0\u00bb2\/3&Prime;][vc_column_text el_class=\u00a0\u00bbtxt-cloud\u00a0\u00bb]<\/p>\n<p style=\"text-align: center;\"><span style=\"color: #ffffff;\">Avec plus de 20 ans d\u2019exp\u00e9rience dans la transformation digitale des industriels de sant\u00e9, Euris propose des services digitaux et cloud pour r\u00e9pondre aux besoins des laboratoires.<\/span><\/p>\n<p>[\/vc_column_text][\/vc_column_inner][vc_column_inner width=\u00a0\u00bb1\/6&Prime;][\/vc_column_inner][\/vc_row_inner][vc_empty_space height=\u00a0\u00bb40px\u00a0\u00bb]<style type=\"text\/css\">.thegem-button-69f3c7204ecbf959 .gem-button svg {fill: #ffffff;}.thegem-button-69f3c7204ecbf959 .gem-button:hover svg {fill: #0ea6db;}<\/style><div class=\"gem-button-container gem-button-position-center thegem-button-69f3c7204ecbf959    \"  ><a title=\"Contact\" class=\"gem-button gem-button-size-medium gem-button-style-outline gem-button-text-weight-normal gem-button-border-2\" data-ll-effect=\"drop-right-without-wrap\" style=\"border-radius: 3px;border-color: #ffffff;color: #ffffff;\" onmouseleave=\"this.style.borderColor='#ffffff';this.style.backgroundColor='transparent';this.style.color='#ffffff';\" onmouseenter=\"this.style.backgroundColor='#ffffff';this.style.color='#0ea6db';\" href=\"https:\/\/www.euris.com\/fr\/contact\/\" target=\"_self\">J&#039;AI UN PROJET<\/a><\/div> <\/div><\/div>[\/vc_column][\/vc_row][vc_row el_id=\u00a0\u00bbrow-2&Prime;][vc_column][vc_column_text css=\u00a0\u00bb.vc_custom_1553505255359{padding-top: 30px !important;}\u00a0\u00bb el_class=\u00a0\u00bbtrust\u00a0\u00bb]<\/p>\n<p style=\"text-align: center; font-size: 18px;\"><span style=\"color: #3f3f3f;\">Des dizaines de soci\u00e9t\u00e9s pharmaceutiques nous font d\u00e9j\u00e0 confiance. Parmi eux \u2026<\/span><\/p>\n<p>[\/vc_column_text][\/vc_column][\/vc_row][vc_row el_id=\u00a0\u00bbrow-2b\u00a0\u00bb][vc_column width=\u00a0\u00bb1\/6&Prime;][\/vc_column][vc_column width=\u00a0\u00bb2\/3&Prime; offset=\u00a0\u00bbvc_hidden-xs\u00a0\u00bb][vc_row_inner][vc_column_inner width=\u00a0\u00bb1\/5&Prime;][vc_single_image image=\u00a0\u00bb40751&Prime; img_size=\u00a0\u00bbfull\u00a0\u00bb alignment=\u00a0\u00bbcenter\u00a0\u00bb][\/vc_column_inner][vc_column_inner width=\u00a0\u00bb1\/5&Prime;][vc_single_image image=\u00a0\u00bb40527&Prime; img_size=\u00a0\u00bbfull\u00a0\u00bb alignment=\u00a0\u00bbcenter\u00a0\u00bb][\/vc_column_inner][vc_column_inner width=\u00a0\u00bb1\/5&Prime;][vc_single_image image=\u00a0\u00bb40524&Prime; img_size=\u00a0\u00bbfull\u00a0\u00bb alignment=\u00a0\u00bbcenter\u00a0\u00bb][\/vc_column_inner][vc_column_inner width=\u00a0\u00bb1\/5&Prime;][vc_single_image image=\u00a0\u00bb35881&Prime; img_size=\u00a0\u00bbfull\u00a0\u00bb alignment=\u00a0\u00bbcenter\u00a0\u00bb][\/vc_column_inner][vc_column_inner width=\u00a0\u00bb1\/5&Prime;][vc_single_image image=\u00a0\u00bb35851&Prime; img_size=\u00a0\u00bbfull\u00a0\u00bb alignment=\u00a0\u00bbcenter\u00a0\u00bb][\/vc_column_inner][\/vc_row_inner][vc_empty_space][\/vc_column][vc_column width=\u00a0\u00bb1\/6&Prime;][\/vc_column][\/vc_row][vc_row full_width=\u00a0\u00bbstretch_row\u00a0\u00bb css=\u00a0\u00bb.vc_custom_1638196152722{padding-bottom: 80px !important;background-color: #f7f7f7 !important;}\u00a0\u00bb el_id=\u00a0\u00bbrow-5&Prime;][vc_column][vc_column_text]D\u00e9couvrez les success stories de nos d\u00e9ploiements en France et \u00e0 l\u2019international. Euris accompagne des laboratoires et fabricants de dispositifs m\u00e9dicaux avec des solutions digitales d\u00e9di\u00e9es au secteur de la sant\u00e9.[\/vc_column_text][vc_row_inner css=\u00a0\u00bb.vc_custom_1642757158463{margin-top: 20px !important;}\u00a0\u00bb][vc_column_inner width=\u00a0\u00bb1\/4&Prime;][\/vc_column_inner][vc_column_inner width=\u00a0\u00bb1\/4&Prime;][vc_single_image image=\u00a0\u00bb82691&Prime; img_size=\u00a0\u00bbfull\u00a0\u00bb alignment=\u00a0\u00bbcenter\u00a0\u00bb onclick=\u00a0\u00bbcustom_link\u00a0\u00bb link=\u00a0\u00bbhttps:\/\/www.euris.com\/fr\/clients\/air-liquide-chine-home-healthcare-choisit-euris-pour-optimiser-la-digitalisation-de-ses-activites-cliniques-a-domicile\/\u00a0\u00bb][\/vc_column_inner][vc_column_inner width=\u00a0\u00bb1\/4&Prime;][vc_single_image image=\u00a0\u00bb82694&Prime; img_size=\u00a0\u00bbfull\u00a0\u00bb alignment=\u00a0\u00bbcenter\u00a0\u00bb onclick=\u00a0\u00bbcustom_link\u00a0\u00bb link=\u00a0\u00bbhttps:\/\/www.euris.com\/fr\/clients\/besins-healthcare-choisit-euris-pour-son-crm-pharmaceutique-en-chine\/\u00a0\u00bb][\/vc_column_inner][vc_column_inner width=\u00a0\u00bb1\/4&Prime;][\/vc_column_inner][\/vc_row_inner][\/vc_column][\/vc_row][vc_row full_width=\u00a0\u00bbstretch_row\u00a0\u00bb el_id=\u00a0\u00bbrow-4&Prime;][vc_column el_id=\u00a0\u00bbbenefit\u00a0\u00bb]<div id=\"fullwidth-block-69f3c7204ed1a\" class=\"fullwidth-block clearfix\"  style=\"padding-top: 60px;padding-bottom: 60px;\"><script type=\"text\/javascript\">if (typeof(gem_fix_fullwidth_position) == \"function\") { gem_fix_fullwidth_position(document.getElementById(\"fullwidth-block-69f3c7204ed1a\")); }<\/script><div class=\"fullwidth-block-inner\"><div class=\"container\">[vc_row_inner content_placement=\u00a0\u00bbmiddle\u00a0\u00bb][vc_column_inner width=\u00a0\u00bb1\/2&Prime; offset=\u00a0\u00bbvc_hidden-xs\u00a0\u00bb][vc_single_image image=\u00a0\u00bb41862&Prime; img_size=\u00a0\u00bbfull\u00a0\u00bb css_animation=\u00a0\u00bbslideInLeft\u00a0\u00bb][\/vc_column_inner][vc_column_inner width=\u00a0\u00bb1\/2&Prime;][vc_column_text]<\/p>\n<div class=\"title-h5\"><span style=\"color: #ffffff;\"><strong>Profitez de solutions cloud &amp; digitales d\u00e9di\u00e9es aux laboratoires pharmaceutiques<\/strong><\/span><span style=\"color: #ffffff;\"><strong>.<\/strong><\/span><\/div>\n<p><span style=\"color: #ffffff;\">De nos jours, une strat\u00e9gie globale \u00abax\u00e9e sur les donn\u00e9es\u00bb devient un alli\u00e9 essentiel pour r\u00e9pondre aux exigences des professionnels de la sant\u00e9, des patients et des nouveaux usages du num\u00e9rique dans la promotion m\u00e9dicale (gr\u00e2ce \u00e0 la perc\u00e9e du Big Data, de l&rsquo;IA et de l&rsquo;apprentissage automatique).<\/span><\/p>\n<p><span style=\"color: #ffffff;\">Pour suivre le rythme, les soci\u00e9t\u00e9s pharmaceutiques doivent r\u00e9solument participer \u00e0 cette dynamique en d\u00e9ployant des solutions m\u00e9tiers sp\u00e9cifiques \u00e0 l\u2019industrie pour fournir des services personnalis\u00e9s aux professionnels de la sant\u00e9 et aux patients. Le d\u00e9ploiement de solutions cloud conformes \u00e0 la r\u00e9glementation des donn\u00e9es de sant\u00e9 doit \u00e9galement \u00eatre pris en compte pour comprendre les nouveaux d\u00e9fis du num\u00e9rique.<\/span><\/p>\n<p><span style=\"color: #ffffff;\">En tant que groupe IT sant\u00e9, Euris s\u2019engage pour votre r\u00e9ussite dans cette transformation num\u00e9rique \u00e0 travers le d\u00e9ploiement de solutions num\u00e9riques: programmes patients, outils num\u00e9riques pour votre force de vente, Gestion de visite m\u00e9dicale, CRM pharma, outil innovant pour am\u00e9liorer l\u2019impact de vos messages adress\u00e9s aux professionnels de la sant\u00e9,\u2026 A travers l&rsquo;offre Cloud Sant\u00e9, d\u00e9couvrez \u00e9galement nos solutions d&rsquo;infrastructure pouvant r\u00e9pondre \u00e0 vos d\u00e9fis de collecte, de traitement et de partage de donn\u00e9es de sant\u00e9.<\/span>[\/vc_column_text][\/vc_column_inner][\/vc_row_inner]<\/div><\/div><\/div>[\/vc_column][\/vc_row][vc_row full_width=\u00a0\u00bbstretch_row\u00a0\u00bb gap=\u00a0\u00bb30&Prime; equal_height=\u00a0\u00bbyes\u00a0\u00bb content_placement=\u00a0\u00bbtop\u00a0\u00bb css=\u00a0\u00bb.vc_custom_1642757286485{padding-bottom: 40px !important;background-color: #f7f7f7 !important;background-position: center !important;background-repeat: no-repeat !important;background-size: cover !important;}\u00a0\u00bb][vc_column css_animation=\u00a0\u00bbnone\u00a0\u00bb][vc_column_text]<\/p>\n<h3 style=\"text-align: center;\">CLOUD &amp; SOLUTIONS DIGITALES pour laboratoires pharmaceutiques<\/h3>\n<p>[\/vc_column_text][vc_empty_space][vc_row_inner equal_height=\u00a0\u00bbyes\u00a0\u00bb content_placement=\u00a0\u00bbtop\u00a0\u00bb gap=\u00a0\u00bb10&Prime;][vc_column_inner el_class=\u00a0\u00bbbox\u00a0\u00bb width=\u00a0\u00bb1\/4&Prime;]<div class=\"centered-box\"><div class=\"gem-icon gem-icon-pack-fontawesome gem-icon-size-medium  gem-icon-shape-square \"  style=\"border-color: #2b7be3;margin-top: 15px;margin-bottom: 15px;opacity: 1;\"><div class=\"gem-icon-inner\" style=\"background-color: #2b7be3;\"><a href=\"https:\/\/www.euris.com\/fr\/solutions-digitales-sante\/smartreps\/\" target=\"_self\" aria-label=\"Lire la suite\"><span class=\"gem-icon-half-1\" style=\"color: #ffffff;\"><span class=\"back-angle\">&#xf201;<\/span><\/span><span class=\"gem-icon-half-2\" style=\"color: #ffffff;\"><span class=\"back-angle\">&#xf201;<\/span><\/span><\/a><\/div><\/div><\/div>[vc_column_text]<\/p>\n<h2 style=\"text-align: center;\"><span style=\"color: #2b7be3;\"><a style=\"text-decoration: none; color: #2b7be3;\" href=\"https:\/\/www.euris.com\/fr\/solutions-digitales-sante\/smartreps\/\" target=\"_blank\" rel=\"noopener noreferrer\">SmartReps\u00ae<\/a><\/span><\/h2>\n<p>[\/vc_column_text][vc_column_text el_class=\u00a0\u00bbdescrip\u00a0\u00bb]<\/p>\n<p style=\"text-align: center;\">SmartReps permet aux visiteurs m\u00e9dicaux de g\u00e9rer efficacement leurs interactions avec les professionnels de la sant\u00e9 tout en optimisant la promotion m\u00e9dicale. Toute la suite logicielle Euris est d\u00e9di\u00e9e \u00e0 l\u2019industrie des sciences de la vie et a \u00e9t\u00e9 con\u00e7ue pour am\u00e9liorer l\u2019efficacit\u00e9 des visiteurs m\u00e9dicaux au quotidien.<\/p>\n<p>[\/vc_column_text]<style type=\"text\/css\">.thegem-button-69f3c7204edea6191 .gem-button svg {fill: #2b7be3;}.thegem-button-69f3c7204edea6191 .gem-button:hover svg {fill: #ffffff;}<\/style><div class=\"gem-button-container gem-button-position-center thegem-button-69f3c7204edea6191    \"  ><a class=\"gem-button gem-button-size-small gem-button-style-outline gem-button-text-weight-normal gem-button-border-2\" data-ll-effect=\"drop-right-without-wrap\" style=\"border-radius: 3px;border-color: #2b7be3;color: #2b7be3;\" onmouseleave=\"this.style.borderColor='#2b7be3';this.style.backgroundColor='transparent';this.style.color='#2b7be3';\" onmouseenter=\"this.style.backgroundColor='#2b7be3';this.style.color='#ffffff';\" href=\"https:\/\/www.euris.com\/fr\/solutions-digitales-sante\/smartreps\/\" target=\"_self\">D\u00e9couvrir<\/a><\/div> [\/vc_column_inner][vc_column_inner el_class=\u00a0\u00bbbox\u00a0\u00bb width=\u00a0\u00bb1\/4&Prime;]<div class=\"centered-box\"><div class=\"gem-icon gem-icon-pack-material gem-icon-size-medium  gem-icon-shape-square \"  style=\"border-color: #ff6255;margin-top: 15px;margin-bottom: 15px;opacity: 1;\"><div class=\"gem-icon-inner\" style=\"background-color: #ff6255;\"><a href=\"https:\/\/www.euris.com\/fr\/solutions-digitales-sante\/smartteam\/\" target=\"_self\" aria-label=\"Lire la suite\"><span class=\"gem-icon-half-1\" style=\"color: #ffffff;\"><span class=\"back-angle\">&#xf10a;<\/span><\/span><span class=\"gem-icon-half-2\" style=\"color: #ffffff;\"><span class=\"back-angle\">&#xf10a;<\/span><\/span><\/a><\/div><\/div><\/div>[vc_column_text]<\/p>\n<h2 style=\"text-align: center;\"><span style=\"color: #ff6255;\"><a style=\"color: #ff6255;\" href=\"https:\/\/www.euris.com\/fr\/solutions-digitales-sante\/smartteam\/\">SmartTeam<\/a><\/span><\/h2>\n<p>[\/vc_column_text][vc_column_text el_class=\u00a0\u00bbdescrip\u00a0\u00bb]<\/p>\n<p style=\"text-align: center;\">SmartTeam permet aux responsables des ventes et des op\u00e9rations d\u2019am\u00e9liorer en continue les performances des visiteurs m\u00e9dicaux. Mettez en \u0153uvre des strat\u00e9gies data-driven et transformez vos donn\u00e9es en informations exploitables! Nous avons construit les solutions Euris en \u00e9troite coop\u00e9ration avec des managers des industriels du m\u00e9dicament &amp; de dispositifs m\u00e9dicaux.<\/p>\n<p>[\/vc_column_text]<style type=\"text\/css\">.thegem-button-69f3c7204ee8d4183 .gem-button svg {fill: #ff6255;}.thegem-button-69f3c7204ee8d4183 .gem-button:hover svg {fill: #ffffff;}<\/style><div class=\"gem-button-container gem-button-position-center thegem-button-69f3c7204ee8d4183    \"  ><a class=\"gem-button gem-button-size-small gem-button-style-outline gem-button-text-weight-normal gem-button-border-2\" data-ll-effect=\"drop-right-without-wrap\" style=\"border-radius: 3px;border-color: #ff6255;color: #ff6255;\" onmouseleave=\"this.style.borderColor='#ff6255';this.style.backgroundColor='transparent';this.style.color='#ff6255';\" onmouseenter=\"this.style.backgroundColor='#ff6255';this.style.color='#ffffff';\" href=\"https:\/\/www.euris.com\/fr\/solutions-digitales-sante\/smartteam\/\" target=\"_self\">D\u00e9couvrir<\/a><\/div> [\/vc_column_inner][vc_column_inner el_class=\u00a0\u00bbbox\u00a0\u00bb width=\u00a0\u00bb1\/4&Prime;]<div class=\"centered-box\"><div class=\"gem-icon gem-icon-pack-material gem-icon-size-medium  gem-icon-shape-square \"  style=\"border-color: #22b051;margin-top: 15px;margin-bottom: 15px;opacity: 1;\"><div class=\"gem-icon-inner\" style=\"background-color: #22b051;\"><a href=\"https:\/\/www.euris.com\/fr\/solutions-digitales-sante\/smartcontent\/\" target=\"_self\" aria-label=\"Lire la suite\"><span class=\"gem-icon-half-1\" style=\"color: #ffffff;\"><span class=\"back-angle\">&#xf54e;<\/span><\/span><span class=\"gem-icon-half-2\" style=\"color: #ffffff;\"><span class=\"back-angle\">&#xf54e;<\/span><\/span><\/a><\/div><\/div><\/div>[vc_column_text]<\/p>\n<h2 style=\"text-align: center;\"><span style=\"color: #22b051;\"><a style=\"color: #22b051;\" href=\"https:\/\/www.euris.com\/fr\/solutions-digitales-sante\/smartcontent\/\">SmartContent\u00ae<\/a><\/span><\/h2>\n<p>[\/vc_column_text][vc_column_text el_class=\u00a0\u00bbdescrip\u00a0\u00bb]<\/p>\n<p style=\"text-align: center;\">SmartContent permet aux \u00e9quipes marketing d\u2019engager les professionnels de la sant\u00e9, gr\u00e2ce \u00e0 une exp\u00e9rience homog\u00e8ne et personnalis\u00e9e. Plus besoin d\u2019agences digitales certifi\u00e9es pour cr\u00e9er votre propre contenu ! Reprenez le contr\u00f4le de vos outils marketing et de vos d\u00e9penses.<\/p>\n<p>[\/vc_column_text]<style type=\"text\/css\">.thegem-button-69f3c7204ef28393 .gem-button svg {fill: #22b051;}.thegem-button-69f3c7204ef28393 .gem-button:hover svg {fill: #ffffff;}<\/style><div class=\"gem-button-container gem-button-position-center thegem-button-69f3c7204ef28393    \"  ><a class=\"gem-button gem-button-size-small gem-button-style-outline gem-button-text-weight-normal gem-button-border-2\" data-ll-effect=\"drop-right-without-wrap\" style=\"border-radius: 3px;border-color: #22b051;color: #22b051;\" onmouseleave=\"this.style.borderColor='#22b051';this.style.backgroundColor='transparent';this.style.color='#22b051';\" onmouseenter=\"this.style.backgroundColor='#22b051';this.style.color='#ffffff';\" href=\"https:\/\/www.euris.com\/fr\/solutions-digitales-sante\/smartcontent\/\" target=\"_self\">D\u00e9couvrir<\/a><\/div> [\/vc_column_inner][vc_column_inner el_class=\u00a0\u00bbbox\u00a0\u00bb width=\u00a0\u00bb1\/4&Prime;]<div class=\"centered-box\"><div class=\"gem-icon gem-icon-pack-material gem-icon-size-medium  gem-icon-shape-square \"  style=\"border-color: #3abdff;margin-top: 15px;margin-bottom: 15px;opacity: 1;\"><div class=\"gem-icon-inner\" style=\"background-color: #3abdff;\"><a href=\"https:\/\/www.euris.com\/fr\/solutions-digitales-sante\/prm\/\" target=\"_self\" aria-label=\"Lire la suite\"><span class=\"gem-icon-half-1\" style=\"color: #ffffff;\"><span class=\"back-angle\">&#xf526;<\/span><\/span><span class=\"gem-icon-half-2\" style=\"color: #ffffff;\"><span class=\"back-angle\">&#xf526;<\/span><\/span><\/a><\/div><\/div><\/div>[vc_column_text]<\/p>\n<h2 style=\"text-align: center;\"><a href=\"https:\/\/www.euris.com\/fr\/solutions-digitales-sante\/prm\/\">SmartPatient<\/a><\/h2>\n<p>[\/vc_column_text][vc_column_text el_class=\u00a0\u00bbdescrip\u00a0\u00bb]<\/p>\n<p style=\"text-align: center;\">Solution PRM (Patient Relationship Management) pour les industriels de sant\u00e9. D\u00e9livrez aux professionnels de sant\u00e9 et aux patients des services \u00e0 forte valeur ajout\u00e9e en adoptant une strat\u00e9gie \u00ab patient-centric \u00bb.<\/p>\n<p>[\/vc_column_text]<div class=\"gem-button-container gem-button-position-center thegem-button-69f3c7204efbe5418    \"  ><a class=\"gem-button gem-button-size-small gem-button-style-outline gem-button-text-weight-normal gem-button-border-2\" data-ll-effect=\"drop-right-without-wrap\" style=\"border-radius: 3px;\" onmouseleave=\"\" onmouseenter=\"\" href=\"https:\/\/www.euris.com\/fr\/solutions-digitales-sante\/prm\/\" target=\"_self\">D\u00e9couvrir<\/a><\/div> [\/vc_column_inner][\/vc_row_inner][\/vc_column][\/vc_row][vc_row full_width=\u00a0\u00bbstretch_row\u00a0\u00bb el_id=\u00a0\u00bbrow-6&Prime;][vc_column]<div id=\"fullwidth-block-69f3c7204f398\" class=\"fullwidth-block clearfix\"  style=\"padding-top: 40px;padding-bottom: 40px;\"><script type=\"text\/javascript\">if (typeof(gem_fix_fullwidth_position) == \"function\") { gem_fix_fullwidth_position(document.getElementById(\"fullwidth-block-69f3c7204f398\")); }<\/script><div class=\"fullwidth-block-inner\"><div class=\"container\">[vc_row_inner content_placement=\u00a0\u00bbmiddle\u00a0\u00bb][vc_column_inner width=\u00a0\u00bb1\/2&Prime;][vc_column_text]<\/p>\n<h3 style=\"text-align: center;\"><span style=\"color: #ffffff;\">Euris vous accompagne dans tous vos projets e-sant\u00e9<\/span><\/h3>\n<p>[\/vc_column_text][\/vc_column_inner][vc_column_inner width=\u00a0\u00bb1\/2&Prime;]<style type=\"text\/css\">.thegem-button-69f3c7204f44b170 .gem-button svg {fill: #ffffff;}.thegem-button-69f3c7204f44b170 .gem-button:hover svg {fill: #0ea6db;}<\/style><div class=\"gem-button-container gem-button-position-center thegem-button-69f3c7204f44b170    \"  ><a class=\"gem-button gem-button-size-medium gem-button-style-outline gem-button-text-weight-normal gem-button-border-2\" data-ll-effect=\"drop-right-without-wrap\" style=\"border-radius: 3px;border-color: #ffffff;color: #ffffff;\" onmouseleave=\"this.style.borderColor='#ffffff';this.style.backgroundColor='transparent';this.style.color='#ffffff';\" onmouseenter=\"this.style.backgroundColor='#ffffff';this.style.color='#0ea6db';\" href=\"https:\/\/www.euris.com\/fr\/contact\/\" target=\"_self\">j&#039;ai un projet<\/a><\/div> [\/vc_column_inner][\/vc_row_inner]<\/div><\/div><\/div>[\/vc_column][\/vc_row]<\/p>\n<\/div>","protected":false},"excerpt":{"rendered":"<p>[vc_row][vc_column][\/vc_column][\/vc_row][vc_row el_id=\u00a0\u00bbrow-2&Prime;][vc_column][vc_column_text css=\u00a0\u00bb.vc_custom_1553505255359{padding-top: 30px !important;}\u00a0\u00bb el_class=\u00a0\u00bbtrust\u00a0\u00bb] Des dizaines de soci\u00e9t\u00e9s pharmaceutiques nous font d\u00e9j\u00e0 confiance. Parmi eux \u2026 [\/vc_column_text][\/vc_column][\/vc_row][vc_row el_id=\u00a0\u00bbrow-2b\u00a0\u00bb][vc_column width=\u00a0\u00bb1\/6&Prime;][\/vc_column][vc_column width=\u00a0\u00bb2\/3&Prime; offset=\u00a0\u00bbvc_hidden-xs\u00a0\u00bb][vc_row_inner][vc_column_inner width=\u00a0\u00bb1\/5&Prime;][vc_single_image image=\u00a0\u00bb40751&Prime; img_size=\u00a0\u00bbfull\u00a0\u00bb alignment=\u00a0\u00bbcenter\u00a0\u00bb][\/vc_column_inner][vc_column_inner width=\u00a0\u00bb1\/5&Prime;][vc_single_image image=\u00a0\u00bb40527&Prime; img_size=\u00a0\u00bbfull\u00a0\u00bb alignment=\u00a0\u00bbcenter\u00a0\u00bb][\/vc_column_inner][vc_column_inner width=\u00a0\u00bb1\/5&Prime;][vc_single_image image=\u00a0\u00bb40524&Prime; img_size=\u00a0\u00bbfull\u00a0\u00bb alignment=\u00a0\u00bbcenter\u00a0\u00bb][\/vc_column_inner][vc_column_inner width=\u00a0\u00bb1\/5&Prime;][vc_single_image image=\u00a0\u00bb35881&Prime; img_size=\u00a0\u00bbfull\u00a0\u00bb alignment=\u00a0\u00bbcenter\u00a0\u00bb][\/vc_column_inner][vc_column_inner width=\u00a0\u00bb1\/5&Prime;][vc_single_image image=\u00a0\u00bb35851&Prime; img_size=\u00a0\u00bbfull\u00a0\u00bb alignment=\u00a0\u00bbcenter\u00a0\u00bb][\/vc_column_inner][\/vc_row_inner][vc_empty_space][\/vc_column][vc_column width=\u00a0\u00bb1\/6&Prime;][\/vc_column][\/vc_row][vc_row full_width=\u00a0\u00bbstretch_row\u00a0\u00bb css=\u00a0\u00bb.vc_custom_1638196152722{padding-bottom: 80px !important;background-color: #f7f7f7 !important;}\u00a0\u00bb el_id=\u00a0\u00bbrow-5&Prime;][vc_column][vc_column_text]D\u00e9couvrez les success stories de nos d\u00e9ploiements en France et \u00e0 l\u2019international. Euris accompagne des laboratoires et fabricants de dispositifs m\u00e9dicaux avec des solutions digitales d\u00e9di\u00e9es au secteur de la sant\u00e9.[\/vc_column_text][vc_row_inner css=\u00a0\u00bb.vc_custom_1642757158463{margin-top: 20px !important;}\u00a0\u00bb][vc_column_inner width=\u00a0\u00bb1\/4&Prime;][\/vc_column_inner][vc_column_inner width=\u00a0\u00bb1\/4&Prime;][vc_single_image image=\u00a0\u00bb82691&Prime; img_size=\u00a0\u00bbfull\u00a0\u00bb alignment=\u00a0\u00bbcenter\u00a0\u00bb onclick=\u00a0\u00bbcustom_link\u00a0\u00bb link=\u00a0\u00bbhttps:\/\/www.euris.com\/fr\/clients\/air-liquide-chine-home-healthcare-choisit-euris-pour-optimiser-la-digitalisation-de-ses-activites-cliniques-a-domicile\/\u00a0\u00bb][\/vc_column_inner][vc_column_inner width=\u00a0\u00bb1\/4&Prime;][vc_single_image image=\u00a0\u00bb82694&Prime; img_size=\u00a0\u00bbfull\u00a0\u00bb alignment=\u00a0\u00bbcenter\u00a0\u00bb onclick=\u00a0\u00bbcustom_link\u00a0\u00bb link=\u00a0\u00bbhttps:\/\/www.euris.com\/fr\/clients\/besins-healthcare-choisit-euris-pour-son-crm-pharmaceutique-en-chine\/\u00a0\u00bb][\/vc_column_inner][vc_column_inner width=\u00a0\u00bb1\/4&Prime;][\/vc_column_inner][\/vc_row_inner][\/vc_column][\/vc_row][vc_row full_width=\u00a0\u00bbstretch_row\u00a0\u00bb el_id=\u00a0\u00bbrow-4&Prime;][vc_column el_id=\u00a0\u00bbbenefit\u00a0\u00bb][\/vc_column][\/vc_row][vc_row full_width=\u00a0\u00bbstretch_row\u00a0\u00bb gap=\u00a0\u00bb30&Prime; equal_height=\u00a0\u00bbyes\u00a0\u00bb content_placement=\u00a0\u00bbtop\u00a0\u00bb css=\u00a0\u00bb.vc_custom_1642757286485{padding-bottom: 40px !important;background-color: #f7f7f7 !important;background-position: center !important;background-repeat: no-repeat !important;background-size: cover !important;}\u00a0\u00bb][vc_column css_animation=\u00a0\u00bbnone\u00a0\u00bb][vc_column_text] CLOUD &amp; SOLUTIONS DIGITALES pour&#8230;<\/p>\n","protected":false},"author":13,"featured_media":42559,"parent":40511,"menu_order":0,"comment_status":"closed","ping_status":"closed","template":"","meta":{"footnotes":""},"class_list":["post-40503","page","type-page","status-publish","has-post-thumbnail"],"_links":{"self":[{"href":"https:\/\/www.euris.com\/fr\/wp-json\/wp\/v2\/pages\/40503","targetHints":{"allow":["GET"]}}],"collection":[{"href":"https:\/\/www.euris.com\/fr\/wp-json\/wp\/v2\/pages"}],"about":[{"href":"https:\/\/www.euris.com\/fr\/wp-json\/wp\/v2\/types\/page"}],"author":[{"embeddable":true,"href":"https:\/\/www.euris.com\/fr\/wp-json\/wp\/v2\/users\/13"}],"replies":[{"embeddable":true,"href":"https:\/\/www.euris.com\/fr\/wp-json\/wp\/v2\/comments?post=40503"}],"version-history":[{"count":3,"href":"https:\/\/www.euris.com\/fr\/wp-json\/wp\/v2\/pages\/40503\/revisions"}],"predecessor-version":[{"id":150541,"href":"https:\/\/www.euris.com\/fr\/wp-json\/wp\/v2\/pages\/40503\/revisions\/150541"}],"up":[{"embeddable":true,"href":"https:\/\/www.euris.com\/fr\/wp-json\/wp\/v2\/pages\/40511"}],"wp:featuredmedia":[{"embeddable":true,"href":"https:\/\/www.euris.com\/fr\/wp-json\/wp\/v2\/media\/42559"}],"wp:attachment":[{"href":"https:\/\/www.euris.com\/fr\/wp-json\/wp\/v2\/media?parent=40503"}],"curies":[{"name":"wp","href":"https:\/\/api.w.org\/{rel}","templated":true}]}}