{"id":40511,"date":"2019-03-06T11:57:59","date_gmt":"2019-03-06T10:57:59","guid":{"rendered":"https:\/\/www.euris.com\/secteur\/"},"modified":"2026-04-09T11:49:16","modified_gmt":"2026-04-09T09:49:16","slug":"secteur","status":"publish","type":"page","link":"https:\/\/www.euris.com\/fr\/secteur\/","title":{"rendered":"Secteur"},"content":{"rendered":"<div class=\"wpb-content-wrapper\"><p>[vc_row][vc_column]<div id=\"fullwidth-block-69e35ef214120\" class=\"fullwidth-block clearfix\"  style=\"padding-top: 180px;padding-bottom: 120px;\"><script type=\"text\/javascript\">if (typeof(gem_fix_fullwidth_position) == \"function\") { gem_fix_fullwidth_position(document.getElementById(\"fullwidth-block-69e35ef214120\")); }<\/script><div class=\"fullwidth-block-background\" style=\"background-image: url(https:\/\/www.euris.com\/wp-content\/uploads\/2019\/04\/indust1.jpg);background-repeat: no-repeat; background-size: cover;background-position: center center;\"><\/div><div class=\"fullwidth-block-inner\">[vc_row_inner][vc_column_inner][vc_column_text]<\/p>\n<h1 style=\"text-align: center;\"><span class=\"light\" style=\"color: #ffffff;\">cloud &amp; services digitaux<br \/>\n<strong>adapt\u00e9s a votre secteur<\/strong><\/span><\/h1>\n<div class=\"title-h1\"><\/div>\n<p>[\/vc_column_text]<style type=\"text\/css\">.thegem-button-69e35ef2142032628 .gem-button svg {fill: #ffffff;}.thegem-button-69e35ef2142032628 .gem-button:hover svg {fill: #0099ff;}<\/style><div class=\"gem-button-container gem-button-position-center thegem-button-69e35ef2142032628    \"  ><a title=\"Contact\" class=\"gem-button gem-button-size-large gem-button-style-outline gem-button-text-weight-normal gem-button-border-2\" data-ll-effect=\"drop-right-without-wrap\" style=\"border-radius: 3px;border-color: #ffffff;color: #ffffff;\" onmouseleave=\"this.style.borderColor='#ffffff';this.style.backgroundColor='transparent';this.style.color='#ffffff';\" onmouseenter=\"this.style.backgroundColor='#ffffff';this.style.color='#0099ff';\" href=\"https:\/\/www.euris.com\/fr\/contact\/\" target=\"_self\">J&#039;AI UN PROJET<\/a><\/div> [\/vc_column_inner][\/vc_row_inner]<\/div><\/div>[\/vc_column][\/vc_row][vc_row][vc_column]<div id=\"fullwidth-block-69e35ef214259\" class=\"fullwidth-block clearfix\"  style=\"color: #e6e6e6;\"><script type=\"text\/javascript\">if (typeof(gem_fix_fullwidth_position) == \"function\") { gem_fix_fullwidth_position(document.getElementById(\"fullwidth-block-69e35ef214259\")); }<\/script><div class=\"fullwidth-block-inner\">[vc_row_inner css=\u00a0\u00bb.vc_custom_1553851651892{padding-top: 50px !important;padding-bottom: 50px !important;}\u00a0\u00bb][vc_column_inner][vc_column_text]<\/p>\n<h2 style=\"text-align: center;\"><span style=\"color: #0ea6db;\">NOTRE ENGAGEMENT<\/span><\/h2>\n<p>[\/vc_column_text][vc_column_text el_class=\u00a0\u00bbcommit-txt\u00a0\u00bb]<\/p>\n<p style=\"text-align: center;\"><span style=\"color: #000000;\">Euris accompagne tous les acteurs de la sant\u00e9 dans le d\u00e9ploiement de solutions Cloud &amp; Digitales : laboratoires pharmaceutiques ou de dispositifs m\u00e9dicaux, les assureurs et mutuelles, les prestataires de services \u00e0 domicile, les fabricants d\u2019objets connect\u00e9s ou d\u2019applications\u2026 Vous souhaitez b\u00e9n\u00e9ficier d\u2019une expertise sur les services et technologies pour votre projet e-sant\u00e9 ? Nous pouvons vous aider !<br \/>\n<\/span><\/p>\n<p>[\/vc_column_text][\/vc_column_inner][\/vc_row_inner]<\/div><\/div>[\/vc_column][\/vc_row][vc_row][vc_column el_id=\u00a0\u00bbsecteur\u00a0\u00bb]<div id=\"fullwidth-block-69e35ef21429e\" class=\"fullwidth-block clearfix\"  style=\"\"><script type=\"text\/javascript\">if (typeof(gem_fix_fullwidth_position) == \"function\") { gem_fix_fullwidth_position(document.getElementById(\"fullwidth-block-69e35ef21429e\")); }<\/script><div class=\"fullwidth-block-inner\">[vc_row_inner equal_height=\u00a0\u00bbyes\u00a0\u00bb][vc_column_inner width=\u00a0\u00bb1\/4&Prime; css=\u00a0\u00bb.vc_custom_1554107888878{padding-bottom: 30px !important;background-color: #262638 !important;}\u00a0\u00bb][vc_single_image image=\u00a0\u00bb42354&Prime; img_size=\u00a0\u00bb\u00a0\u00bb alignment=\u00a0\u00bbcenter\u00a0\u00bb css=\u00a0\u00bb.vc_custom_1554107137527{padding-bottom: 20px !important;}\u00a0\u00bb][vc_column_text el_id=\u00a0\u00bbtitle-txt\u00a0\u00bb]<\/p>\n<div class=\"title-h6\" style=\"text-align: center;\"><span style=\"color: #ffffff;\">ASSURANCE OU MUTUELLE<\/span><\/div>\n<p>[\/vc_column_text]<style type=\"text\/css\">.thegem-button-69e35ef2143284479 .gem-button svg {fill: #ffffff;}.thegem-button-69e35ef2143284479 .gem-button:hover svg {fill: #262638;}<\/style><div class=\"gem-button-container gem-button-position-center thegem-button-69e35ef2143284479    \"  ><a class=\"gem-button gem-button-size-small gem-button-style-outline gem-button-text-weight-normal gem-button-border-2\" data-ll-effect=\"drop-right-without-wrap\" style=\"border-radius: 3px;border-color: #ffffff;color: #ffffff;\" onmouseleave=\"this.style.borderColor='#ffffff';this.style.backgroundColor='transparent';this.style.color='#ffffff';\" onmouseenter=\"this.style.backgroundColor='#ffffff';this.style.color='#262638';\" href=\"https:\/\/www.euris.com\/fr\/secteur\/assurance\/\" target=\"_self\">d\u00e9couvrir<\/a><\/div> [\/vc_column_inner][vc_column_inner width=\u00a0\u00bb1\/4&Prime; css=\u00a0\u00bb.vc_custom_1554105337239{background-color: #123d7d !important;}\u00a0\u00bb][vc_single_image image=\u00a0\u00bb42357&Prime; img_size=\u00a0\u00bb\u00a0\u00bb alignment=\u00a0\u00bbcenter\u00a0\u00bb css=\u00a0\u00bb.vc_custom_1554107143019{padding-bottom: 20px !important;}\u00a0\u00bb][vc_column_text el_id=\u00a0\u00bbtitle-txt\u00a0\u00bb]<\/p>\n<div class=\"title-h6\" style=\"text-align: center;\"><span style=\"color: #ffffff;\">ENTREPRISE DE DISPOSITIFS M\u00c9DICAUX<\/span><\/div>\n<p>[\/vc_column_text]<style type=\"text\/css\">.thegem-button-69e35ef21438e4110 .gem-button svg {fill: #ffffff;}.thegem-button-69e35ef21438e4110 .gem-button:hover svg {fill: #123d7d;}<\/style><div class=\"gem-button-container gem-button-position-center thegem-button-69e35ef21438e4110    \"  ><a class=\"gem-button gem-button-size-small gem-button-style-outline gem-button-text-weight-normal gem-button-border-2\" data-ll-effect=\"drop-right-without-wrap\" style=\"border-radius: 3px;border-color: #ffffff;color: #ffffff;\" onmouseleave=\"this.style.borderColor='#ffffff';this.style.backgroundColor='transparent';this.style.color='#ffffff';\" onmouseenter=\"this.style.backgroundColor='#ffffff';this.style.color='#123d7d';\" href=\"https:\/\/www.euris.com\/fr\/secteur\/dispositifs-medicaux\/\" target=\"_self\">d\u00e9couvrir<\/a><\/div> [\/vc_column_inner][vc_column_inner width=\u00a0\u00bb1\/4&Prime; css=\u00a0\u00bb.vc_custom_1554105344982{background-color: #0071bc !important;}\u00a0\u00bb][vc_single_image image=\u00a0\u00bb42367&Prime; img_size=\u00a0\u00bb\u00a0\u00bb alignment=\u00a0\u00bbcenter\u00a0\u00bb css=\u00a0\u00bb.vc_custom_1554107245594{padding-bottom: 20px !important;}\u00a0\u00bb][vc_column_text el_id=\u00a0\u00bbtitle-txt\u00a0\u00bb]<\/p>\n<div class=\"title-h6\" style=\"text-align: center;\"><span style=\"color: #ffffff;\">LABORATOIRE PHARMACEUTIQUE<\/span><\/div>\n<p>[\/vc_column_text]<style type=\"text\/css\">.thegem-button-69e35ef2143ed7360 .gem-button svg {fill: #ffffff;}.thegem-button-69e35ef2143ed7360 .gem-button:hover svg {fill: #0071bc;}<\/style><div class=\"gem-button-container gem-button-position-center thegem-button-69e35ef2143ed7360    \"  ><a class=\"gem-button gem-button-size-small gem-button-style-outline gem-button-text-weight-normal gem-button-border-2\" data-ll-effect=\"drop-right-without-wrap\" style=\"border-radius: 3px;border-color: #ffffff;color: #ffffff;\" onmouseleave=\"this.style.borderColor='#ffffff';this.style.backgroundColor='transparent';this.style.color='#ffffff';\" onmouseenter=\"this.style.backgroundColor='#ffffff';this.style.color='#0071bc';\" href=\"https:\/\/www.euris.com\/fr\/secteur\/pharma-biotech\/\" target=\"_self\">d\u00e9couvrir<\/a><\/div> [\/vc_column_inner][vc_column_inner width=\u00a0\u00bb1\/4&Prime; css=\u00a0\u00bb.vc_custom_1554105354663{background-color: #0ea6db !important;}\u00a0\u00bb][vc_single_image image=\u00a0\u00bb42363&Prime; img_size=\u00a0\u00bb\u00a0\u00bb alignment=\u00a0\u00bbcenter\u00a0\u00bb css=\u00a0\u00bb.vc_custom_1554107155439{padding-bottom: 20px !important;}\u00a0\u00bb][vc_column_text el_id=\u00a0\u00bbtitle-txt\u00a0\u00bb]<\/p>\n<div class=\"title-h6\" style=\"text-align: center;\"><span style=\"color: #ffffff;\">\u00e9diteur de logiciels ou d&rsquo;applications sant\u00e9<\/span><\/div>\n<p>[\/vc_column_text]<style type=\"text\/css\">.thegem-button-69e35ef21444a7559 .gem-button svg {fill: #ffffff;}.thegem-button-69e35ef21444a7559 .gem-button:hover svg {fill: #0ea6db;}<\/style><div class=\"gem-button-container gem-button-position-center thegem-button-69e35ef21444a7559    \"  ><a class=\"gem-button gem-button-size-small gem-button-style-outline gem-button-text-weight-normal gem-button-border-2\" data-ll-effect=\"drop-right-without-wrap\" style=\"border-radius: 3px;border-color: #ffffff;color: #ffffff;\" onmouseleave=\"this.style.borderColor='#ffffff';this.style.backgroundColor='transparent';this.style.color='#ffffff';\" onmouseenter=\"this.style.backgroundColor='#ffffff';this.style.color='#0ea6db';\" href=\"https:\/\/www.euris.com\/fr\/secteur\/editeurs-saas\/\" target=\"_self\">d\u00e9couvrir<\/a><\/div> [\/vc_column_inner][\/vc_row_inner]<\/div><\/div>[\/vc_column][\/vc_row][vc_row][vc_column]<div id=\"fullwidth-block-69e35ef214489\" class=\"fullwidth-block clearfix\"  style=\"background-color: #f7f7f7;padding-top: 50px;padding-bottom: 50px;\"><script type=\"text\/javascript\">if (typeof(gem_fix_fullwidth_position) == \"function\") { gem_fix_fullwidth_position(document.getElementById(\"fullwidth-block-69e35ef214489\")); }<\/script><div class=\"fullwidth-block-inner\"><div class=\"container\">[vc_row_inner content_placement=\u00a0\u00bbmiddle\u00a0\u00bb][vc_column_inner width=\u00a0\u00bb1\/2&Prime;][vc_column_text]<\/p>\n<h3 style=\"text-align: center;\">Euris vous accompagne dans tous vos projets e-sant\u00e9<\/h3>\n<p>[\/vc_column_text][\/vc_column_inner][vc_column_inner width=\u00a0\u00bb1\/2&Prime;]<style type=\"text\/css\">.thegem-button-69e35ef2145085060 .gem-button svg {fill: #0099ff;}.thegem-button-69e35ef2145085060 .gem-button:hover svg {fill: #ffffff;}<\/style><div class=\"gem-button-container gem-button-position-center thegem-button-69e35ef2145085060    \"  ><a title=\"Contact\" class=\"gem-button gem-button-size-large gem-button-style-outline gem-button-text-weight-normal gem-button-border-2\" data-ll-effect=\"drop-right-without-wrap\" style=\"border-radius: 3px;border-color: #0099ff;color: #0099ff;\" onmouseleave=\"this.style.borderColor='#0099ff';this.style.backgroundColor='transparent';this.style.color='#0099ff';\" onmouseenter=\"this.style.backgroundColor='#0099ff';this.style.color='#ffffff';\" href=\"https:\/\/www.euris.com\/fr\/contact\/\" target=\"_self\">J&#039;AI UN PROJET<\/a><\/div> [\/vc_column_inner][\/vc_row_inner]<\/div><\/div><\/div>[\/vc_column][\/vc_row]<\/p>\n<\/div>","protected":false},"excerpt":{"rendered":"<p>[vc_row][vc_column][\/vc_column][\/vc_row][vc_row][vc_column][\/vc_column][\/vc_row][vc_row][vc_column el_id=\u00a0\u00bbsecteur\u00a0\u00bb][\/vc_column][\/vc_row][vc_row][vc_column][\/vc_column][\/vc_row]<\/p>\n","protected":false},"author":13,"featured_media":42554,"parent":0,"menu_order":0,"comment_status":"closed","ping_status":"closed","template":"","meta":{"footnotes":""},"class_list":["post-40511","page","type-page","status-publish","has-post-thumbnail"],"_links":{"self":[{"href":"https:\/\/www.euris.com\/fr\/wp-json\/wp\/v2\/pages\/40511","targetHints":{"allow":["GET"]}}],"collection":[{"href":"https:\/\/www.euris.com\/fr\/wp-json\/wp\/v2\/pages"}],"about":[{"href":"https:\/\/www.euris.com\/fr\/wp-json\/wp\/v2\/types\/page"}],"author":[{"embeddable":true,"href":"https:\/\/www.euris.com\/fr\/wp-json\/wp\/v2\/users\/13"}],"replies":[{"embeddable":true,"href":"https:\/\/www.euris.com\/fr\/wp-json\/wp\/v2\/comments?post=40511"}],"version-history":[{"count":3,"href":"https:\/\/www.euris.com\/fr\/wp-json\/wp\/v2\/pages\/40511\/revisions"}],"predecessor-version":[{"id":150536,"href":"https:\/\/www.euris.com\/fr\/wp-json\/wp\/v2\/pages\/40511\/revisions\/150536"}],"wp:featuredmedia":[{"embeddable":true,"href":"https:\/\/www.euris.com\/fr\/wp-json\/wp\/v2\/media\/42554"}],"wp:attachment":[{"href":"https:\/\/www.euris.com\/fr\/wp-json\/wp\/v2\/media?parent=40511"}],"curies":[{"name":"wp","href":"https:\/\/api.w.org\/{rel}","templated":true}]}}