{"id":40783,"date":"2019-03-14T09:38:25","date_gmt":"2019-03-14T08:38:25","guid":{"rendered":"https:\/\/www.euris.com\/merci-contact\/"},"modified":"2019-10-14T12:33:27","modified_gmt":"2019-10-14T10:33:27","slug":"merci-contact","status":"publish","type":"page","link":"https:\/\/www.euris.com\/fr\/merci-contact\/","title":{"rendered":"Merci &#8211; Contact"},"content":{"rendered":"<div class=\"wpb-content-wrapper\"><p>[vc_row full_width=\u00a0\u00bbstretch_row\u00a0\u00bb content_placement=\u00a0\u00bbmiddle\u00a0\u00bb el_id=\u00a0\u00bbrow-1&Prime; css=\u00a0\u00bb.vc_custom_1570805690779{padding-top: 150px !important;padding-bottom: 100px !important;}\u00a0\u00bb][vc_column][vc_column_text]<\/p>\n<h1 style=\"text-align: center;\"><span style=\"color: #ffffff;\">Merci !<\/span><\/h1>\n<p>[\/vc_column_text][\/vc_column][\/vc_row][vc_row full_width=\u00a0\u00bbstretch_row\u00a0\u00bb equal_height=\u00a0\u00bbyes\u00a0\u00bb content_placement=\u00a0\u00bbmiddle\u00a0\u00bb css=\u00a0\u00bb.vc_custom_1571048320288{padding-top: 50px !important;padding-bottom: 50px !important;background-color: #f7f7f7 !important;}\u00a0\u00bb el_id=\u00a0\u00bbrow-2&Prime;][vc_column width=\u00a0\u00bb1\/2&Prime;][vc_column_text]Votre message a \u00e9t\u00e9 envoy\u00e9 avec succ\u00e8s.<\/p>\n<p>Nous revenons vers vous d\u00e8s que possible !<\/p>\n<p>En attendant, suivez-nous sur <a href=\"https:\/\/www.linkedin.com\/company\/euris-\/\" target=\"_blank\" rel=\"noopener noreferrer\">Linkedin<\/a> ou sur <a href=\"https:\/\/twitter.com\/EurisGroup\" target=\"_blank\" rel=\"noopener noreferrer\">Twitter<\/a> pour rester au courant des actualit\u00e9s du moment !<\/p>\n<p>A bient\u00f4t[\/vc_column_text][\/vc_column][vc_column width=\u00a0\u00bb1\/2&Prime;][vc_single_image image=\u00a0\u00bb55543&Prime; img_size=\u00a0\u00bbfull\u00a0\u00bb alignment=\u00a0\u00bbcenter\u00a0\u00bb][\/vc_column][\/vc_row]<\/p>\n<\/div>","protected":false},"excerpt":{"rendered":"<p>[vc_row full_width=\u00a0\u00bbstretch_row\u00a0\u00bb content_placement=\u00a0\u00bbmiddle\u00a0\u00bb el_id=\u00a0\u00bbrow-1&Prime; css=\u00a0\u00bb.vc_custom_1570805690779{padding-top: 150px !important;padding-bottom: 100px !important;}\u00a0\u00bb][vc_column][vc_column_text] Merci ! [\/vc_column_text][\/vc_column][\/vc_row][vc_row full_width=\u00a0\u00bbstretch_row\u00a0\u00bb equal_height=\u00a0\u00bbyes\u00a0\u00bb content_placement=\u00a0\u00bbmiddle\u00a0\u00bb css=\u00a0\u00bb.vc_custom_1571048320288{padding-top: 50px !important;padding-bottom: 50px !important;background-color: #f7f7f7 !important;}\u00a0\u00bb el_id=\u00a0\u00bbrow-2&Prime;][vc_column width=\u00a0\u00bb1\/2&Prime;][vc_column_text]Votre message a \u00e9t\u00e9 envoy\u00e9 avec succ\u00e8s. Nous revenons vers vous d\u00e8s que possible ! En attendant, suivez-nous sur Linkedin ou sur Twitter pour rester au courant des actualit\u00e9s du moment ! A bient\u00f4t[\/vc_column_text][\/vc_column][vc_column width=\u00a0\u00bb1\/2&Prime;][vc_single_image image=\u00a0\u00bb55543&Prime; img_size=\u00a0\u00bbfull\u00a0\u00bb alignment=\u00a0\u00bbcenter\u00a0\u00bb][\/vc_column][\/vc_row]<\/p>\n","protected":false},"author":13,"featured_media":0,"parent":0,"menu_order":0,"comment_status":"closed","ping_status":"closed","template":"","meta":{"footnotes":""},"class_list":["post-40783","page","type-page","status-publish"],"_links":{"self":[{"href":"https:\/\/www.euris.com\/fr\/wp-json\/wp\/v2\/pages\/40783","targetHints":{"allow":["GET"]}}],"collection":[{"href":"https:\/\/www.euris.com\/fr\/wp-json\/wp\/v2\/pages"}],"about":[{"href":"https:\/\/www.euris.com\/fr\/wp-json\/wp\/v2\/types\/page"}],"author":[{"embeddable":true,"href":"https:\/\/www.euris.com\/fr\/wp-json\/wp\/v2\/users\/13"}],"replies":[{"embeddable":true,"href":"https:\/\/www.euris.com\/fr\/wp-json\/wp\/v2\/comments?post=40783"}],"version-history":[{"count":3,"href":"https:\/\/www.euris.com\/fr\/wp-json\/wp\/v2\/pages\/40783\/revisions"}],"predecessor-version":[{"id":55550,"href":"https:\/\/www.euris.com\/fr\/wp-json\/wp\/v2\/pages\/40783\/revisions\/55550"}],"wp:attachment":[{"href":"https:\/\/www.euris.com\/fr\/wp-json\/wp\/v2\/media?parent=40783"}],"curies":[{"name":"wp","href":"https:\/\/api.w.org\/{rel}","templated":true}]}}