{"id":41429,"date":"2019-04-02T09:47:13","date_gmt":"2019-04-02T07:47:13","guid":{"rendered":"https:\/\/www.euris.com\/?page_id=41429"},"modified":"2026-04-09T11:55:36","modified_gmt":"2026-04-09T09:55:36","slug":"editeurs-saas","status":"publish","type":"page","link":"https:\/\/www.euris.com\/fr\/secteur\/editeurs-saas\/","title":{"rendered":"Editeurs de logiciels &#8211; Solutions Cloud &#038; Digitales"},"content":{"rendered":"<div class=\"wpb-content-wrapper\"><p>[vc_row el_id=\u00a0\u00bbrow-1&Prime;][vc_column]<div id=\"fullwidth-block-6a07af448a2b3\" class=\"fullwidth-block clearfix\"  style=\"padding-top: 180px;padding-bottom: 60px;\"><script type=\"text\/javascript\">if (typeof(gem_fix_fullwidth_position) == \"function\") { gem_fix_fullwidth_position(document.getElementById(\"fullwidth-block-6a07af448a2b3\")); }<\/script><div class=\"fullwidth-block-background\" style=\"background-image: url(https:\/\/www.euris.com\/wp-content\/uploads\/2019\/04\/test4-1.jpg);background-repeat: no-repeat; background-size: cover;background-position: center center;\"><\/div><div class=\"fullwidth-block-inner\">[vc_column_text css=\u00a0\u00bb.vc_custom_1553859648373{padding-right: 30px !important;padding-left: 30px !important;}\u00a0\u00bb el_class=\u00a0\u00bbtitle-cloud\u00a0\u00bb el_id=\u00a0\u00bbtitle-cloud\u00a0\u00bb]<\/p>\n<h1 style=\"text-align: center;\"><span class=\"light\" style=\"color: #ffffff;\">Vous \u00eates un <strong>\u00e9diteur de logiciels ou d&rsquo;applications sant\u00e9<\/strong><\/span><\/h1>\n<p>[\/vc_column_text][vc_empty_space height=\u00a0\u00bb40px\u00a0\u00bb][vc_row_inner][vc_column_inner width=\u00a0\u00bb1\/6&Prime;][\/vc_column_inner][vc_column_inner width=\u00a0\u00bb2\/3&Prime;][vc_column_text el_class=\u00a0\u00bbtxt-cloud\u00a0\u00bb]<\/p>\n<p style=\"text-align: center;\"><span style=\"color: #ffffff;\">Avec plus de 20 ans d\u2019exp\u00e9rience dans la transformation digitale des industriels de sant\u00e9, Euris propose des services digitaux et cloud pour r\u00e9pondre aux besoins des prestataires de sant\u00e9.<\/span><\/p>\n<p>[\/vc_column_text][\/vc_column_inner][vc_column_inner width=\u00a0\u00bb1\/6&Prime;][\/vc_column_inner][\/vc_row_inner][vc_empty_space height=\u00a0\u00bb40px\u00a0\u00bb]<style type=\"text\/css\">.thegem-button-6a07af448a386226 .gem-button svg {fill: #ffffff;}.thegem-button-6a07af448a386226 .gem-button:hover svg {fill: #0ea6db;}<\/style><div class=\"gem-button-container gem-button-position-center thegem-button-6a07af448a386226    \"  ><a title=\"Contact\" class=\"gem-button gem-button-size-medium gem-button-style-outline gem-button-text-weight-normal gem-button-border-2\" data-ll-effect=\"drop-right-without-wrap\" style=\"border-radius: 3px;border-color: #ffffff;color: #ffffff;\" onmouseleave=\"this.style.borderColor='#ffffff';this.style.backgroundColor='transparent';this.style.color='#ffffff';\" onmouseenter=\"this.style.backgroundColor='#ffffff';this.style.color='#0ea6db';\" href=\"https:\/\/www.euris.com\/fr\/contact\/\" target=\"_self\">J&#039;AI UN PROJET<\/a><\/div> <\/div><\/div>[\/vc_column][\/vc_row][vc_row][vc_column][vc_column_text css=\u00a0\u00bb.vc_custom_1553505646255{padding-top: 30px !important;}\u00a0\u00bb el_class=\u00a0\u00bbtrust\u00a0\u00bb]<\/p>\n<p style=\"text-align: center; font-size: 18px;\"><span style=\"color: #3f3f3f;\">Ils nous font confiance<\/span><\/p>\n<p>[\/vc_column_text][\/vc_column][\/vc_row][vc_row][vc_column width=\u00a0\u00bb1\/6&Prime;][\/vc_column][vc_column width=\u00a0\u00bb2\/3&Prime; offset=\u00a0\u00bbvc_hidden-xs\u00a0\u00bb][vc_row_inner][vc_column_inner width=\u00a0\u00bb1\/5&Prime;][vc_single_image image=\u00a0\u00bb35847&Prime; img_size=\u00a0\u00bb\u00a0\u00bb alignment=\u00a0\u00bbcenter\u00a0\u00bb][\/vc_column_inner][vc_column_inner width=\u00a0\u00bb1\/5&Prime;][vc_single_image image=\u00a0\u00bb36071&Prime; img_size=\u00a0\u00bbfull\u00a0\u00bb alignment=\u00a0\u00bbcenter\u00a0\u00bb][\/vc_column_inner][vc_column_inner width=\u00a0\u00bb1\/5&Prime;][vc_single_image image=\u00a0\u00bb35889&Prime; img_size=\u00a0\u00bbfull\u00a0\u00bb alignment=\u00a0\u00bbcenter\u00a0\u00bb][\/vc_column_inner][vc_column_inner width=\u00a0\u00bb1\/5&Prime;][vc_single_image image=\u00a0\u00bb41276&Prime; img_size=\u00a0\u00bbfull\u00a0\u00bb alignment=\u00a0\u00bbcenter\u00a0\u00bb][\/vc_column_inner][vc_column_inner width=\u00a0\u00bb1\/5&Prime;][vc_single_image image=\u00a0\u00bb41284&Prime; img_size=\u00a0\u00bbfull\u00a0\u00bb alignment=\u00a0\u00bbcenter\u00a0\u00bb][\/vc_column_inner][\/vc_row_inner][vc_empty_space][\/vc_column][vc_column width=\u00a0\u00bb1\/6&Prime;][\/vc_column][\/vc_row][vc_row][vc_column offset=\u00a0\u00bbvc_hidden-lg vc_hidden-md vc_hidden-sm\u00a0\u00bb css=\u00a0\u00bb.vc_custom_1553590253943{padding-top: 20px !important;}\u00a0\u00bb]<div class=\"preloader\"><div class=\"preloader-spin\"><\/div><\/div><div class=\"gem-clients gem-clients-type-carousel-grid disable-grayscale \" data-autoscroll=\"0\"><div class=\"gem-clients-slide\"><div class=\"gem-clients-slide-inner clearfix\"> <div id=\"post-31318\" class=\"gem-client-item post-31318 thegem_client type-thegem_client status-publish has-post-thumbnail\" style=\"width: 33.333333333333%;\" > <span href=\"#\" target=\"_blank\" class=\"gscale\"> <img width=\"200\" height=\"200\" src=\"https:\/\/www.euris.com\/wp-content\/uploads\/2017\/11\/euris-logo-airliquide.jpg\" class=\"img-responsive wp-post-image\" alt=\"Logo Airliquide\" \/> <\/span> <\/div> <div id=\"post-31447\" class=\"gem-client-item post-31447 thegem_client type-thegem_client status-publish has-post-thumbnail\" style=\"width: 33.333333333333%;\" > <span href=\"#\" target=\"_blank\" class=\"gscale\"> <img width=\"200\" height=\"200\" src=\"https:\/\/www.euris.com\/wp-content\/uploads\/2017\/11\/euris-logo-sodexo.jpg\" class=\"img-responsive wp-post-image\" alt=\"Logo Sodexo\" \/> <\/span> <\/div> <div id=\"post-32706\" class=\"gem-client-item post-32706 thegem_client type-thegem_client status-publish has-post-thumbnail\" style=\"width: 33.333333333333%;\" > <span href=\"#\" target=\"_blank\" class=\"gscale\"> <img width=\"200\" height=\"200\" src=\"https:\/\/www.euris.com\/wp-content\/uploads\/2017\/12\/euris-logo-teranga.jpg\" class=\"img-responsive wp-post-image\" alt=\"Logo Teranga\" \/> <\/span> <\/div> <div id=\"post-32708\" class=\"gem-client-item post-32708 thegem_client type-thegem_client status-publish has-post-thumbnail\" style=\"width: 33.333333333333%;\" > <span href=\"#\" target=\"_blank\" class=\"gscale\"> <img width=\"200\" height=\"200\" src=\"https:\/\/www.euris.com\/wp-content\/uploads\/2017\/12\/euris-logo-srett.jpg\" class=\"img-responsive wp-post-image\" alt=\"Logo SRETT\" \/> <\/span> <\/div> <div id=\"post-32710\" class=\"gem-client-item post-32710 thegem_client type-thegem_client status-publish has-post-thumbnail\" style=\"width: 33.333333333333%;\" > <span href=\"#\" target=\"_blank\" class=\"gscale\"> <img width=\"200\" height=\"200\" src=\"https:\/\/www.euris.com\/wp-content\/uploads\/2017\/12\/euris-logo-adscientiam.jpg\" class=\"img-responsive wp-post-image\" alt=\"Logo Adscientiam\" \/> <\/span> <\/div> <div id=\"post-41304\" class=\"gem-client-item post-41304 thegem_client type-thegem_client status-publish has-post-thumbnail\" style=\"width: 33.333333333333%;\" > <span href=\"#\" target=\"_blank\" class=\"gscale\"> <img width=\"200\" height=\"200\" src=\"https:\/\/www.euris.com\/wp-content\/uploads\/2019\/03\/ihealth-1.png\" class=\"img-responsive wp-post-image\" alt=\"logo ihealth\" \/> <\/span> <\/div><\/div><\/div><\/div>[\/vc_column][\/vc_row][vc_row full_width=\u00a0\u00bbstretch_row\u00a0\u00bb equal_height=\u00a0\u00bbyes\u00a0\u00bb el_id=\u00a0\u00bbrow-3&Prime; css=\u00a0\u00bb.vc_custom_1573637709636{margin-top: 40px !important;padding-top: 40px !important;padding-bottom: 40px !important;background-color: #f2f2f2 !important;}\u00a0\u00bb][vc_column width=\u00a0\u00bb1\/2&Prime;][vc_column_text]<\/p>\n<h3><strong>T\u00e9moignage client<\/strong><\/h3>\n<p>[\/vc_column_text][vc_single_image image=\u00a0\u00bb37609&Prime; img_size=\u00a0\u00bbmedium\u00a0\u00bb][vc_column_text]<em>\u00ab\u00a0Le partenariat qu\u2019Euris a r\u00e9ussi \u00e0 nouer avec Amazon Web Services, nous permet d\u2019allier le meilleur des deux mondes. D\u2019une part, la puissance des solutions d\u2019AWS. Et d\u2019autre part, l\u2019expertise tr\u00e8s pointue du groupe Euris dans le domaine de l\u2019acc\u00e8s au march\u00e9 pour des solutions qui permettent de g\u00e9rer la donn\u00e9e de sant\u00e9 \u00e0 caract\u00e8re personnel.\u00a0\u00bb<\/em>[\/vc_column_text][vc_column_text]Benjamin Sarda \u2013 Marketing Director \u2013 Air Liquide Medical Systems[\/vc_column_text][\/vc_column][vc_column width=\u00a0\u00bb1\/2&Prime;][vc_raw_html]JTVCeXRiZV9pZl9jb25zZW50JTIwd2lkdGglM0QlMjIxMDAlMjUlMjIlMjBoZWlnaHQlM0QlMjIzMDAlMjIlMjB2aWRlbyUzRCUyMmRKNEtiRVd3enZRJTIyJTVE[\/vc_raw_html][\/vc_column][\/vc_row][vc_row full_width=\u00a0\u00bbstretch_row\u00a0\u00bb el_id=\u00a0\u00bbrow-4&Prime;][vc_column el_id=\u00a0\u00bbbenefit\u00a0\u00bb]<div id=\"fullwidth-block-6a07af448d1f2\" class=\"fullwidth-block clearfix\"  style=\"padding-top: 60px;padding-bottom: 60px;\"><script type=\"text\/javascript\">if (typeof(gem_fix_fullwidth_position) == \"function\") { gem_fix_fullwidth_position(document.getElementById(\"fullwidth-block-6a07af448d1f2\")); }<\/script><div class=\"fullwidth-block-inner\"><div class=\"container\">[vc_row_inner content_placement=\u00a0\u00bbmiddle\u00a0\u00bb][vc_column_inner width=\u00a0\u00bb1\/2&Prime; offset=\u00a0\u00bbvc_hidden-xs\u00a0\u00bb][vc_single_image image=\u00a0\u00bb41841&Prime; img_size=\u00a0\u00bbfull\u00a0\u00bb css_animation=\u00a0\u00bbslideInLeft\u00a0\u00bb][\/vc_column_inner][vc_column_inner width=\u00a0\u00bb1\/2&Prime;][vc_column_text]<\/p>\n<div class=\"title-h5\"><span style=\"color: #ffffff;\"><strong>Profitez de solutions cloud &amp; digitales d\u00e9di\u00e9es aux projets e-sant\u00e9 des \u00e9diteurs de logiciels et d\u2019applications sant\u00e9<\/strong><\/span><span style=\"color: #ffffff;\"><strong>.<\/strong><\/span><\/div>\n<p><span style=\"color: #ffffff;\">A l\u2019\u00e8re de la transformation digitale de la sant\u00e9, les enjeux autour des donn\u00e9es de sant\u00e9 sont nombreux. La digitalisation exponentielle et l\u2019accroissement des donn\u00e9es de sant\u00e9 \u00e0 caract\u00e8re personnel n\u00e9cessitent des services de cloud computing fiables, s\u00e9curis\u00e9s et accessibles \u00e0 l\u2019ensemble des acteurs de la sant\u00e9. Dans ce contexte, les \u00e9diteurs de logiciels sant\u00e9 doivent r\u00e9pondre \u00e0 la croissance du nombre d\u2019utilisateurs sur un march\u00e9 toujours plus comp\u00e9titif en France et \u00e0 l\u2019international, tout en soutenant la course \u00e0 l\u2019\u00e9volution technologique et fonctionnelle de leurs solutions.<\/span><\/p>\n<p><span style=\"color: #ffffff;\">A travers son entit\u00e9 Cloud Sant\u00e9\u00ae, Euris accompagne les \u00e9diteurs de logiciels et d\u2019applications dans tous leurs projets e-sant\u00e9, gr\u00e2ce \u00e0 des services et technologies cloud conformes \u00e0 la r\u00e9glementation sur les donn\u00e9es de sant\u00e9 : h\u00e9bergement de logiciels sant\u00e9, d\u00e9ploiement d\u2019applications patient ou de plateforme de t\u00e9l\u00e9m\u00e9decine\u2026<\/span><\/p>\n<p><span style=\"color: #ffffff;\">Euris vous assure la disponibilit\u00e9, l\u2019int\u00e9grit\u00e9, la confidentialit\u00e9, et l\u2019auditabilit\u00e9 des donn\u00e9es de sant\u00e9 dans tous les services et technologies propos\u00e9s sur la marketplace e-sant\u00e9 : solution d\u2019anonymisation des donn\u00e9es de sant\u00e9, solution d\u2019authentification forte, solution IoT sant\u00e9\u2026 Choisissez les briques facilement et construisez sereinement vos projets e-sant\u00e9. A travers notre offre Smartpatient, d\u00e9livrez des services e-sant\u00e9 pour accompagner le patient dans sa pathologie et collecter des informations.<\/span>[\/vc_column_text][\/vc_column_inner][\/vc_row_inner]<\/div><\/div><\/div>[\/vc_column][\/vc_row][vc_row full_width=\u00a0\u00bbstretch_row\u00a0\u00bb gap=\u00a0\u00bb30&Prime; equal_height=\u00a0\u00bbyes\u00a0\u00bb content_placement=\u00a0\u00bbtop\u00a0\u00bb css=\u00a0\u00bb.vc_custom_1573574300651{background-color: #f7f7f7 !important;background-position: center !important;background-repeat: no-repeat !important;background-size: cover !important;}\u00a0\u00bb el_id=\u00a0\u00bbrow-5&Prime;][vc_column css_animation=\u00a0\u00bbnone\u00a0\u00bb][vc_column_text]<\/p>\n<h3 style=\"text-align: center;\">Solutions cloud &amp; digitales pour \u00e9diteurs de logiciels ou d&rsquo;applications sant\u00e9<\/h3>\n<p>[\/vc_column_text][vc_empty_space][vc_row_inner equal_height=\u00a0\u00bbyes\u00a0\u00bb content_placement=\u00a0\u00bbtop\u00a0\u00bb gap=\u00a0\u00bb10&Prime;][vc_column_inner el_class=\u00a0\u00bbbox\u00a0\u00bb width=\u00a0\u00bb1\/4&Prime;]<div class=\"centered-box\"><div class=\"gem-icon gem-icon-pack-material gem-icon-size-medium  gem-icon-shape-square \"  style=\"border-color: #3abdff;margin-top: 15px;margin-bottom: 15px;opacity: 1;\"><div class=\"gem-icon-inner\" style=\"background-color: #3abdff;\"><a href=\"https:\/\/www.euris.com\/fr\/hebergement-donnees-sante\/cloud-sante-hebergement\/\" target=\"_self\" aria-label=\"Lire la suite\"><span class=\"gem-icon-half-1\" style=\"color: #ffffff;\"><span class=\"back-angle\">&#xf277;<\/span><\/span><span class=\"gem-icon-half-2\" style=\"color: #ffffff;\"><span class=\"back-angle\">&#xf277;<\/span><\/span><\/a><\/div><\/div><\/div>[vc_column_text]<\/p>\n<h2 style=\"text-align: center;\"><a href=\"https:\/\/www.euris.com\/fr\/hebergement-donnees-sante\/cloud-sante-hebergement\/\">Cloud Sant\u00e9 H\u00e9bergement<\/a><\/h2>\n<p>[\/vc_column_text][vc_column_text el_class=\u00a0\u00bbdescrip\u00a0\u00bb]<\/p>\n<p style=\"text-align: center;\">Solution d\u2019h\u00e9bergement multi-territoire conforme aux normes applicables en mati\u00e8re de donn\u00e9es de sant\u00e9, en Europe, Asie &amp; Am\u00e9rique du Nord.<\/p>\n<p>[\/vc_column_text]<div class=\"gem-button-container gem-button-position-center thegem-button-6a07af448d2e17032    \"  ><a class=\"gem-button gem-button-size-small gem-button-style-outline gem-button-text-weight-normal gem-button-border-2\" data-ll-effect=\"drop-right-without-wrap\" style=\"border-radius: 3px;\" onmouseleave=\"\" onmouseenter=\"\" href=\"https:\/\/www.euris.com\/fr\/hebergement-donnees-sante\/cloud-sante-hebergement\/\" target=\"_self\">D\u00e9couvrir<\/a><\/div> [\/vc_column_inner][vc_column_inner el_class=\u00a0\u00bbbox\u00a0\u00bb width=\u00a0\u00bb1\/4&Prime;]<div class=\"centered-box\"><div class=\"gem-icon gem-icon-pack-material gem-icon-size-medium  gem-icon-shape-square \"  style=\"border-color: #0113af;margin-top: 15px;margin-bottom: 15px;opacity: 1;\"><div class=\"gem-icon-inner\" style=\"background-color: #0113af;\"><a href=\"https:\/\/www.euris.com\/fr\/cloud-sante-marketplace\/anonymisation\/\" target=\"_self\" aria-label=\"Lire la suite\"><span class=\"gem-icon-half-1\" style=\"color: #ffffff;\"><span class=\"back-angle\">&#xf106;<\/span><\/span><span class=\"gem-icon-half-2\" style=\"color: #ffffff;\"><span class=\"back-angle\">&#xf106;<\/span><\/span><\/a><\/div><\/div><\/div>[vc_column_text]<\/p>\n<h2 style=\"text-align: center;\"><span style=\"color: #0113af;\"><a style=\"color: #0113af;\" href=\"https:\/\/www.euris.com\/fr\/cloud-sante-marketplace\/anonymisation\/\">Cloud Sant\u00e9 Anonymisation<\/a><\/span><\/h2>\n<p>[\/vc_column_text][vc_column_text el_class=\u00a0\u00bbdescrip\u00a0\u00bb]<\/p>\n<p style=\"text-align: center;\">Solution d\u2019anonymisation de donn\u00e9es permettant \u00e0 la fois l\u2019analyse, le respect de la confidentialit\u00e9, et la protection des donn\u00e9es de sant\u00e9.<\/p>\n<p>[\/vc_column_text]<style type=\"text\/css\">.thegem-button-6a07af448d38d3512 .gem-button svg {fill: #0113af;}.thegem-button-6a07af448d38d3512 .gem-button:hover svg {fill: #ffffff;}<\/style><div class=\"gem-button-container gem-button-position-center thegem-button-6a07af448d38d3512    \"  ><a class=\"gem-button gem-button-size-small gem-button-style-outline gem-button-text-weight-normal gem-button-border-2\" data-ll-effect=\"drop-right-without-wrap\" style=\"border-radius: 3px;border-color: #0113af;color: #0113af;\" onmouseleave=\"this.style.borderColor='#0113af';this.style.backgroundColor='transparent';this.style.color='#0113af';\" onmouseenter=\"this.style.backgroundColor='#0113af';this.style.color='#ffffff';\" href=\"https:\/\/www.euris.com\/fr\/cloud-sante-marketplace\/anonymisation\/\" target=\"_self\">D\u00e9couvrir<\/a><\/div> [\/vc_column_inner][vc_column_inner el_class=\u00a0\u00bbbox\u00a0\u00bb width=\u00a0\u00bb1\/4&Prime;]<div class=\"centered-box\"><div class=\"gem-icon gem-icon-pack-elegant gem-icon-size-medium  gem-icon-shape-square \"  style=\"border-color: #0113af;margin-top: 15px;margin-bottom: 15px;opacity: 1;\"><div class=\"gem-icon-inner\" style=\"background-color: #0113af;\"><a href=\"https:\/\/www.euris.com\/fr\/cloud-sante-marketplace\/authentification\/\" target=\"_self\" aria-label=\"Lire la suite\"><span class=\"gem-icon-half-1\" style=\"color: #ffffff;\"><span class=\"back-angle\">&#xe001;<\/span><\/span><span class=\"gem-icon-half-2\" style=\"color: #ffffff;\"><span class=\"back-angle\">&#xe001;<\/span><\/span><\/a><\/div><\/div><\/div>[vc_column_text]<\/p>\n<h2 style=\"text-align: center;\"><span style=\"color: #0113af;\"><a style=\"color: #0113af;\" href=\"https:\/\/www.euris.com\/fr\/cloud-sante-marketplace\/authentification\/\">Cloud Sant\u00e9 Authentification<\/a><\/span><\/h2>\n<p>[\/vc_column_text][vc_column_text el_class=\u00a0\u00bbdescrip\u00a0\u00bb]<\/p>\n<p style=\"text-align: center;\">Solution simple d\u2019authentification forte sur tous les dispositifs, r\u00e9pondant aux contraintes d\u2019acc\u00e8s aux donn\u00e9es sensibles, comme les donn\u00e9es de sant\u00e9 \u00e0 caract\u00e8re personnel.<\/p>\n<p>[\/vc_column_text]<style type=\"text\/css\">.thegem-button-6a07af448d42f7210 .gem-button svg {fill: #0113af;}.thegem-button-6a07af448d42f7210 .gem-button:hover svg {fill: #ffffff;}<\/style><div class=\"gem-button-container gem-button-position-center thegem-button-6a07af448d42f7210    \"  ><a class=\"gem-button gem-button-size-small gem-button-style-outline gem-button-text-weight-normal gem-button-border-2\" data-ll-effect=\"drop-right-without-wrap\" style=\"border-radius: 3px;border-color: #0113af;color: #0113af;\" onmouseleave=\"this.style.borderColor='#0113af';this.style.backgroundColor='transparent';this.style.color='#0113af';\" onmouseenter=\"this.style.backgroundColor='#0113af';this.style.color='#ffffff';\" href=\"https:\/\/www.euris.com\/fr\/cloud-sante-marketplace\/authentification\/\" target=\"_self\">D\u00e9couvrir<\/a><\/div> [\/vc_column_inner][vc_column_inner width=\u00a0\u00bb1\/4&Prime;]<div class=\"centered-box\"><div class=\"gem-icon gem-icon-pack-material gem-icon-size-medium  gem-icon-shape-square \"  style=\"border-color: #0098ba;margin-top: 15px;margin-bottom: 15px;opacity: 1;\"><div class=\"gem-icon-inner\" style=\"background-color: #0098ba;\"><a href=\"https:\/\/www.euris.com\/fr\/cloud-sante-conseil\/\" target=\"_self\" aria-label=\"Lire la suite\"><span class=\"gem-icon-half-1\" style=\"color: #ffffff;\"><span class=\"back-angle\">&#xf113;<\/span><\/span><span class=\"gem-icon-half-2\" style=\"color: #ffffff;\"><span class=\"back-angle\">&#xf113;<\/span><\/span><\/a><\/div><\/div><\/div>[vc_column_text]<\/p>\n<h2 style=\"text-align: center;\"><span style=\"color: #0098ba;\"><a style=\"color: #0098ba;\" href=\"https:\/\/www.euris.com\/fr\/cloud-sante-conseil\/\">Cloud Sant\u00e9 Conseil<\/a><\/span><\/h2>\n<p>[\/vc_column_text][vc_column_text el_class=\u00a0\u00bbdescrip\u00a0\u00bb]<\/p>\n<p style=\"text-align: center;\">B\u00e9n\u00e9ficiez d\u2019un r\u00e9seau d\u2019experts m\u00e9tier pour vous accompagner dans vos projets de transformation digitale en sant\u00e9 : conseil juridique, accompagnement marquage industriel &amp; qualit\u00e9, acc\u00e8s au march\u00e9 etc.<\/p>\n<p>[\/vc_column_text]<style type=\"text\/css\">.thegem-button-6a07af448d4c9972 .gem-button svg {fill: #0098ba;}.thegem-button-6a07af448d4c9972 .gem-button:hover svg {fill: #ffffff;}<\/style><div class=\"gem-button-container gem-button-position-center thegem-button-6a07af448d4c9972    \"  ><a class=\"gem-button gem-button-size-small gem-button-style-outline gem-button-text-weight-normal gem-button-border-2\" data-ll-effect=\"drop-right-without-wrap\" style=\"border-radius: 3px;border-color: #0098ba;color: #0098ba;\" onmouseleave=\"this.style.borderColor='#0098ba';this.style.backgroundColor='transparent';this.style.color='#0098ba';\" onmouseenter=\"this.style.backgroundColor='#0098ba';this.style.color='#ffffff';\" href=\"https:\/\/www.euris.com\/fr\/cloud-sante-conseil\/\" target=\"_self\">D\u00e9couvrir<\/a><\/div> [\/vc_column_inner][\/vc_row_inner][\/vc_column][\/vc_row][vc_row full_width=\u00a0\u00bbstretch_row\u00a0\u00bb el_id=\u00a0\u00bbrow-6&Prime;][vc_column]<div id=\"fullwidth-block-6a07af448d795\" class=\"fullwidth-block clearfix\"  style=\"padding-top: 40px;padding-bottom: 40px;\"><script type=\"text\/javascript\">if (typeof(gem_fix_fullwidth_position) == \"function\") { gem_fix_fullwidth_position(document.getElementById(\"fullwidth-block-6a07af448d795\")); }<\/script><div class=\"fullwidth-block-inner\"><div class=\"container\">[vc_row_inner content_placement=\u00a0\u00bbmiddle\u00a0\u00bb][vc_column_inner width=\u00a0\u00bb1\/2&Prime;][vc_column_text el_class=\u00a0\u00bb#\u00a0\u00bb]<\/p>\n<h3 style=\"text-align: center;\"><span style=\"color: #ffffff;\">Euris vous accompagne dans tous vos projets e-sant\u00e9<\/span><\/h3>\n<p>[\/vc_column_text][\/vc_column_inner][vc_column_inner width=\u00a0\u00bb1\/2&Prime;]<style type=\"text\/css\">.thegem-button-6a07af448d8417058 .gem-button svg {fill: #ffffff;}.thegem-button-6a07af448d8417058 .gem-button:hover svg {fill: #0ea6db;}<\/style><div class=\"gem-button-container gem-button-position-center thegem-button-6a07af448d8417058    \"  ><a title=\"Contact\" class=\"gem-button gem-button-size-medium gem-button-style-outline gem-button-text-weight-normal gem-button-border-2\" data-ll-effect=\"drop-right-without-wrap\" style=\"border-radius: 3px;border-color: #ffffff;color: #ffffff;\" onmouseleave=\"this.style.borderColor='#ffffff';this.style.backgroundColor='transparent';this.style.color='#ffffff';\" onmouseenter=\"this.style.backgroundColor='#ffffff';this.style.color='#0ea6db';\" href=\"https:\/\/www.euris.com\/fr\/contact\/\" target=\"_self\">J&#039;AI UN PROJET<\/a><\/div> [\/vc_column_inner][\/vc_row_inner]<\/div><\/div><\/div>[\/vc_column][\/vc_row]<\/p>\n<\/div>","protected":false},"excerpt":{"rendered":"<p>[vc_row el_id=\u00a0\u00bbrow-1&Prime;][vc_column][\/vc_column][\/vc_row][vc_row][vc_column][vc_column_text css=\u00a0\u00bb.vc_custom_1553505646255{padding-top: 30px !important;}\u00a0\u00bb el_class=\u00a0\u00bbtrust\u00a0\u00bb] Ils nous font confiance [\/vc_column_text][\/vc_column][\/vc_row][vc_row][vc_column width=\u00a0\u00bb1\/6&Prime;][\/vc_column][vc_column width=\u00a0\u00bb2\/3&Prime; offset=\u00a0\u00bbvc_hidden-xs\u00a0\u00bb][vc_row_inner][vc_column_inner width=\u00a0\u00bb1\/5&Prime;][vc_single_image image=\u00a0\u00bb35847&Prime; img_size=\u00a0\u00bb\u00a0\u00bb alignment=\u00a0\u00bbcenter\u00a0\u00bb][\/vc_column_inner][vc_column_inner width=\u00a0\u00bb1\/5&Prime;][vc_single_image image=\u00a0\u00bb36071&Prime; img_size=\u00a0\u00bbfull\u00a0\u00bb alignment=\u00a0\u00bbcenter\u00a0\u00bb][\/vc_column_inner][vc_column_inner width=\u00a0\u00bb1\/5&Prime;][vc_single_image image=\u00a0\u00bb35889&Prime; img_size=\u00a0\u00bbfull\u00a0\u00bb alignment=\u00a0\u00bbcenter\u00a0\u00bb][\/vc_column_inner][vc_column_inner width=\u00a0\u00bb1\/5&Prime;][vc_single_image image=\u00a0\u00bb41276&Prime; img_size=\u00a0\u00bbfull\u00a0\u00bb alignment=\u00a0\u00bbcenter\u00a0\u00bb][\/vc_column_inner][vc_column_inner width=\u00a0\u00bb1\/5&Prime;][vc_single_image image=\u00a0\u00bb41284&Prime; img_size=\u00a0\u00bbfull\u00a0\u00bb alignment=\u00a0\u00bbcenter\u00a0\u00bb][\/vc_column_inner][\/vc_row_inner][vc_empty_space][\/vc_column][vc_column width=\u00a0\u00bb1\/6&Prime;][\/vc_column][\/vc_row][vc_row][vc_column offset=\u00a0\u00bbvc_hidden-lg vc_hidden-md vc_hidden-sm\u00a0\u00bb css=\u00a0\u00bb.vc_custom_1553590253943{padding-top: 20px !important;}\u00a0\u00bb][\/vc_column][\/vc_row][vc_row full_width=\u00a0\u00bbstretch_row\u00a0\u00bb equal_height=\u00a0\u00bbyes\u00a0\u00bb el_id=\u00a0\u00bbrow-3&Prime; css=\u00a0\u00bb.vc_custom_1573637709636{margin-top: 40px !important;padding-top: 40px !important;padding-bottom: 40px !important;background-color: #f2f2f2 !important;}\u00a0\u00bb][vc_column width=\u00a0\u00bb1\/2&Prime;][vc_column_text] T\u00e9moignage client [\/vc_column_text][vc_single_image image=\u00a0\u00bb37609&Prime; img_size=\u00a0\u00bbmedium\u00a0\u00bb][vc_column_text]\u00ab\u00a0Le partenariat qu\u2019Euris a r\u00e9ussi \u00e0 nouer avec Amazon Web Services, nous permet d\u2019allier le meilleur des deux mondes. D\u2019une part, la puissance des solutions d\u2019AWS. Et d\u2019autre part, l\u2019expertise tr\u00e8s pointue du groupe Euris dans le domaine de l\u2019acc\u00e8s au march\u00e9 pour des solutions qui permettent de g\u00e9rer la donn\u00e9e de sant\u00e9 \u00e0 caract\u00e8re personnel.\u00a0\u00bb[\/vc_column_text][vc_column_text]Benjamin Sarda \u2013 Marketing Director \u2013 Air Liquide Medical&#8230;<\/p>\n","protected":false},"author":1,"featured_media":42565,"parent":40511,"menu_order":0,"comment_status":"closed","ping_status":"closed","template":"","meta":{"footnotes":""},"class_list":["post-41429","page","type-page","status-publish","has-post-thumbnail"],"_links":{"self":[{"href":"https:\/\/www.euris.com\/fr\/wp-json\/wp\/v2\/pages\/41429","targetHints":{"allow":["GET"]}}],"collection":[{"href":"https:\/\/www.euris.com\/fr\/wp-json\/wp\/v2\/pages"}],"about":[{"href":"https:\/\/www.euris.com\/fr\/wp-json\/wp\/v2\/types\/page"}],"author":[{"embeddable":true,"href":"https:\/\/www.euris.com\/fr\/wp-json\/wp\/v2\/users\/1"}],"replies":[{"embeddable":true,"href":"https:\/\/www.euris.com\/fr\/wp-json\/wp\/v2\/comments?post=41429"}],"version-history":[{"count":3,"href":"https:\/\/www.euris.com\/fr\/wp-json\/wp\/v2\/pages\/41429\/revisions"}],"predecessor-version":[{"id":150543,"href":"https:\/\/www.euris.com\/fr\/wp-json\/wp\/v2\/pages\/41429\/revisions\/150543"}],"up":[{"embeddable":true,"href":"https:\/\/www.euris.com\/fr\/wp-json\/wp\/v2\/pages\/40511"}],"wp:featuredmedia":[{"embeddable":true,"href":"https:\/\/www.euris.com\/fr\/wp-json\/wp\/v2\/media\/42565"}],"wp:attachment":[{"href":"https:\/\/www.euris.com\/fr\/wp-json\/wp\/v2\/media?parent=41429"}],"curies":[{"name":"wp","href":"https:\/\/api.w.org\/{rel}","templated":true}]}}