{"id":49562,"date":"2019-06-14T09:53:43","date_gmt":"2019-06-14T07:53:43","guid":{"rendered":"https:\/\/www.euris.com\/?page_id=49562"},"modified":"2022-02-09T15:41:57","modified_gmt":"2022-02-09T14:41:57","slug":"euris-solutions-digitales-sante-cloud-sante","status":"publish","type":"page","link":"https:\/\/www.euris.com\/fr\/","title":{"rendered":"Euris &#8211; Solutions Digitales Sant\u00e9 &#038; Cloud Sant\u00e9 \u00ae"},"content":{"rendered":"<div class=\"wpb-content-wrapper\"><p>[vc_row full_width=\u00a0\u00bbstretch_row_content_no_spaces\u00a0\u00bb content_placement=\u00a0\u00bbmiddle\u00a0\u00bb el_class=\u00a0\u00bbscroller-block\u00a0\u00bb css=\u00a0\u00bb.vc_custom_1566314580659{background-image: url(https:\/\/www.euris.com\/wp-content\/uploads\/2019\/08\/bg.png?id=53338) !important;background-position: center !important;background-repeat: no-repeat !important;background-size: cover !important;}\u00a0\u00bb el_id=\u00a0\u00bbrow-1&Prime;][vc_column][vc_row_inner content_placement=\u00a0\u00bbmiddle\u00a0\u00bb el_class=\u00a0\u00bbfirst\u00a0\u00bb][vc_column_inner width=\u00a0\u00bb1\/2&Prime;][vc_column_text]<\/p>\n<h1 class=\"txt-first\" style=\"text-align: left;\"><span style=\"color: #ffffff;\">Solutions Digitales &amp; <\/span><span style=\"color: #ffffff;\">Cloud Sant\u00e9<\/span><\/h1>\n<p>[\/vc_column_text][vc_column_text]<\/p>\n<h2 style=\"text-align: left;\"><span style=\"color: #ffffff;\">Op\u00e9rateur de sant\u00e9 connect\u00e9e, Euris a pour mission d\u2019accompagner les industriels du secteur dans la mise en \u0153uvre de leurs projets cloud &amp; digitaux.<\/span><\/h2>\n<p>[\/vc_column_text][\/vc_column_inner][vc_column_inner width=\u00a0\u00bb1\/2&Prime;][vc_single_image image=\u00a0\u00bb53425&Prime; img_size=\u00a0\u00bbfull\u00a0\u00bb alignment=\u00a0\u00bbcenter\u00a0\u00bb el_class=\u00a0\u00bbimg\u00a0\u00bb][\/vc_column_inner][\/vc_row_inner][vc_single_image image=\u00a0\u00bb53385&Prime; img_size=\u00a0\u00bbfull\u00a0\u00bb alignment=\u00a0\u00bbcenter\u00a0\u00bb el_class=\u00a0\u00bbgallery\u00a0\u00bb][vc_column_text el_class=\u00a0\u00bbmouse\u00a0\u00bb]<span style=\"color: #ffffff;\"><a class=\"mouse-scroll scroll-to-anchor\" style=\"color: #ffffff;\" href=\"#row-2\">mouse<\/a><\/span>[\/vc_column_text][\/vc_column][\/vc_row][vc_row full_width=\u00a0\u00bbstretch_row_content\u00a0\u00bb content_placement=\u00a0\u00bbmiddle\u00a0\u00bb el_class=\u00a0\u00bbscroller-block\u00a0\u00bb css=\u00a0\u00bb.vc_custom_1566314777195{background-color: #96c2cc !important;background-position: center !important;background-repeat: no-repeat !important;background-size: cover !important;}\u00a0\u00bb el_id=\u00a0\u00bbrow-2&Prime;][vc_column width=\u00a0\u00bb1\/2&Prime;][vc_column_text]<\/p>\n<h2 style=\"text-align: center;\"><span style=\"color: #ffffff;\">Solutions digitales sant\u00e9<br \/>\n<\/span><\/h2>\n<p>[\/vc_column_text][vc_column_text]<\/p>\n<h3 style=\"text-align: center;\"><span style=\"color: #2f3d40;\">Solutions logicielles innovantes pour les industriels du m\u00e9dicament et de dispositifs m\u00e9dicaux : SmartReps, SmartContent, SmartTeam, SmartPatient<br \/>\n<\/span><\/h3>\n<p>[\/vc_column_text]<div class=\"clearboth\"><\/div><style>#thegem-divider-69f617d2bd876 {margin-top: 50px !important;}<\/style><div id=\"thegem-divider-69f617d2bd876\" class=\"gem-divider  \" style=\"\" ><\/div><style type=\"text\/css\">.thegem-button-69f617d2bd9241171 .gem-button svg {fill: #ffffff;}.thegem-button-69f617d2bd9241171 .gem-button:hover svg {fill: #96c2cc;}<\/style><div class=\"gem-button-container gem-button-position-center thegem-button-69f617d2bd9241171    \"  ><a class=\"gem-button gem-button-size-medium gem-button-style-outline gem-button-text-weight-normal gem-button-border-2\" data-ll-effect=\"drop-right-without-wrap\" style=\"border-radius: 3px;border-color: #ffffff;color: #ffffff;\" onmouseleave=\"this.style.borderColor='#ffffff';this.style.backgroundColor='transparent';this.style.color='#ffffff';\" onmouseenter=\"this.style.backgroundColor='#ffffff';this.style.color='#96c2cc';\" href=\"https:\/\/www.euris.com\/fr\/solutions-digitales-sante\/\" target=\"_self\">D\u00e9couvrir<\/a><\/div> [\/vc_column][vc_column width=\u00a0\u00bb1\/2&Prime;][vc_single_image image=\u00a0\u00bb48761&Prime; img_size=\u00a0\u00bblarge\u00a0\u00bb alignment=\u00a0\u00bbcenter\u00a0\u00bb el_class=\u00a0\u00bbimg\u00a0\u00bb][\/vc_column][\/vc_row][vc_row full_width=\u00a0\u00bbstretch_row_content\u00a0\u00bb content_placement=\u00a0\u00bbmiddle\u00a0\u00bb el_class=\u00a0\u00bbscroller-block\u00a0\u00bb css=\u00a0\u00bb.vc_custom_1566290959054{background-color: #0071bc !important;background-position: center !important;background-repeat: no-repeat !important;background-size: cover !important;}\u00a0\u00bb el_id=\u00a0\u00bbrow-3&Prime;][vc_column width=\u00a0\u00bb1\/2&Prime;][vc_single_image image=\u00a0\u00bb48773&Prime; img_size=\u00a0\u00bblarge\u00a0\u00bb alignment=\u00a0\u00bbcenter\u00a0\u00bb el_class=\u00a0\u00bbimg\u00a0\u00bb][\/vc_column][vc_column width=\u00a0\u00bb1\/2&Prime;][vc_column_text]<\/p>\n<h2 style=\"text-align: center;\"><span style=\"color: #ffffff;\">H\u00e9bergement de donn\u00e9es de sant\u00e9<br \/>\n<\/span><\/h2>\n<p>[\/vc_column_text][vc_column_text]<\/p>\n<h3 style=\"text-align: center;\"><span style=\"color: #ffffff;\">Infrastructure multi-territoire agr\u00e9\u00e9e et certifi\u00e9e h\u00e9bergement de donn\u00e9es de sant\u00e9. Conformit\u00e9: HDS \/ RGPD \/ iso 27001 (Europe), HIPAA (USA), CSL (Chine).<br \/>\n<\/span><\/h3>\n<p>[\/vc_column_text]<div class=\"clearboth\"><\/div><style>#thegem-divider-69f617d2bd96b {margin-top: 50px !important;}<\/style><div id=\"thegem-divider-69f617d2bd96b\" class=\"gem-divider  \" style=\"\" ><\/div><style type=\"text\/css\">.thegem-button-69f617d2bd9ca6984 .gem-button svg {fill: #ffffff;}.thegem-button-69f617d2bd9ca6984 .gem-button:hover svg {fill: #0071bc;}<\/style><div class=\"gem-button-container gem-button-position-center thegem-button-69f617d2bd9ca6984    \"  ><a class=\"gem-button gem-button-size-medium gem-button-style-outline gem-button-text-weight-normal gem-button-border-2\" data-ll-effect=\"drop-right-without-wrap\" style=\"border-radius: 3px;border-color: #ffffff;color: #ffffff;\" onmouseleave=\"this.style.borderColor='#ffffff';this.style.backgroundColor='transparent';this.style.color='#ffffff';\" onmouseenter=\"this.style.backgroundColor='#ffffff';this.style.color='#0071bc';\" href=\"https:\/\/www.euris.com\/fr\/hebergement-donnees-sante\/\" target=\"_self\">D\u00e9couvrir<\/a><\/div> [\/vc_column][\/vc_row][vc_row full_width=\u00a0\u00bbstretch_row_content\u00a0\u00bb content_placement=\u00a0\u00bbmiddle\u00a0\u00bb el_class=\u00a0\u00bbscroller-block\u00a0\u00bb css=\u00a0\u00bb.vc_custom_1566290964885{background-color: #74bed9 !important;background-position: center !important;background-repeat: no-repeat !important;background-size: cover !important;}\u00a0\u00bb el_id=\u00a0\u00bbrow-4&Prime;][vc_column width=\u00a0\u00bb1\/2&Prime;][vc_column_text]<\/p>\n<h2 style=\"text-align: center;\"><span style=\"color: #ffffff;\">MARKETPLACE CLOUD SANT\u00c9<\/span><\/h2>\n<p>[\/vc_column_text][vc_column_text]<\/p>\n<h3 style=\"text-align: center;\"><span style=\"color: #2f3d40;\">services et technologies e-sant\u00e9 pr\u00eates \u00e0 l\u2019emploi : authentification forte, anonymisation, t\u00e9l\u00e9m\u00e9decine, log, web application firewall, conseil\u2026<br \/>\n<\/span><\/h3>\n<p>[\/vc_column_text]<div class=\"clearboth\"><\/div><style>#thegem-divider-69f617d2bd9fd {margin-top: 50px !important;}<\/style><div id=\"thegem-divider-69f617d2bd9fd\" class=\"gem-divider  \" style=\"\" ><\/div><style type=\"text\/css\">.thegem-button-69f617d2bda549680 .gem-button svg {fill: #ffffff;}.thegem-button-69f617d2bda549680 .gem-button:hover svg {fill: #74bed9;}<\/style><div class=\"gem-button-container gem-button-position-center thegem-button-69f617d2bda549680    \"  ><a class=\"gem-button gem-button-size-medium gem-button-style-outline gem-button-text-weight-normal gem-button-border-2\" data-ll-effect=\"drop-right-without-wrap\" style=\"border-radius: 3px;border-color: #ffffff;color: #ffffff;\" onmouseleave=\"this.style.borderColor='#ffffff';this.style.backgroundColor='transparent';this.style.color='#ffffff';\" onmouseenter=\"this.style.backgroundColor='#ffffff';this.style.color='#74bed9';\" href=\"https:\/\/www.euris.com\/fr\/cloud-sante-marketplace\/\" target=\"_self\">D\u00e9couvrir<\/a><\/div> [\/vc_column][vc_column width=\u00a0\u00bb1\/2&Prime;][vc_single_image image=\u00a0\u00bb48781&Prime; img_size=\u00a0\u00bblarge\u00a0\u00bb alignment=\u00a0\u00bbcenter\u00a0\u00bb el_class=\u00a0\u00bbimg\u00a0\u00bb][\/vc_column][\/vc_row][vc_row full_width=\u00a0\u00bbstretch_row_content\u00a0\u00bb content_placement=\u00a0\u00bbmiddle\u00a0\u00bb el_class=\u00a0\u00bbscroller-block\u00a0\u00bb css=\u00a0\u00bb.vc_custom_1566290973741{background-color: #ced6da !important;background-position: center !important;background-repeat: no-repeat !important;background-size: cover !important;}\u00a0\u00bb el_id=\u00a0\u00bbrow-5&Prime;][vc_column width=\u00a0\u00bb1\/2&Prime;][vc_single_image image=\u00a0\u00bb49380&Prime; img_size=\u00a0\u00bblarge\u00a0\u00bb alignment=\u00a0\u00bbcenter\u00a0\u00bb el_class=\u00a0\u00bbimg\u00a0\u00bb][\/vc_column][vc_column width=\u00a0\u00bb1\/2&Prime;][vc_column_text]<\/p>\n<h3 style=\"text-align: center;\"><span style=\"color: #ffffff;\"><span style=\"color: #527080;\">D\u00e9couvrez nos<\/span><br \/>\n<\/span><\/h3>\n<p>[\/vc_column_text][vc_column_text]<\/p>\n<h2 style=\"text-align: center;\"><span style=\"color: #527080;\">\u00c9v\u00e9nements e-sant\u00e9<br \/>\n<\/span><\/h2>\n<p>[\/vc_column_text]<div class=\"clearboth\"><\/div><style>#thegem-divider-69f617d2bda83 {margin-top: 50px !important;}<\/style><div id=\"thegem-divider-69f617d2bda83\" class=\"gem-divider  \" style=\"\" ><\/div><style type=\"text\/css\">.thegem-button-69f617d2bdad69819 .gem-button svg {fill: #527080;}.thegem-button-69f617d2bdad69819 .gem-button:hover svg {fill: #ffffff;}<\/style><div class=\"gem-button-container gem-button-position-center thegem-button-69f617d2bdad69819    \"  ><a class=\"gem-button gem-button-size-medium gem-button-style-outline gem-button-text-weight-normal gem-button-border-2\" data-ll-effect=\"drop-right-without-wrap\" style=\"border-radius: 3px;border-color: #527080;color: #527080;\" onmouseleave=\"this.style.borderColor='#527080';this.style.backgroundColor='transparent';this.style.color='#527080';\" onmouseenter=\"this.style.backgroundColor='#527080';this.style.color='#ffffff';\" href=\"https:\/\/www.euris.com\/fr\/upcoming-events\/\" target=\"_self\">D\u00e9couvrir<\/a><\/div> [\/vc_column][\/vc_row][vc_row full_width=\u00a0\u00bbstretch_row_content_no_spaces\u00a0\u00bb content_placement=\u00a0\u00bbtop\u00a0\u00bb el_class=\u00a0\u00bbscroller-block\u00a0\u00bb css=\u00a0\u00bb.vc_custom_1566290980811{background-image: url(https:\/\/www.euris.com\/wp-content\/uploads\/2019\/06\/join-us-1.jpg?id=48728) !important;background-position: center !important;background-repeat: no-repeat !important;background-size: cover !important;}\u00a0\u00bb el_id=\u00a0\u00bbrow-6&Prime;][vc_column][vc_column_text]<\/p>\n<div class=\"title-xlarge\" style=\"text-align: center;\">\n<h2><span style=\"color: #ffffff;\">Un projet e-sant\u00e9 ?<\/span><\/h2>\n<\/div>\n<p>[\/vc_column_text]<style type=\"text\/css\">.thegem-button-69f617d2bdb312317 .gem-button svg {fill: #ffffff;}.thegem-button-69f617d2bdb312317 .gem-button:hover svg {fill: #262638;}<\/style><div class=\"gem-button-container gem-button-position-center thegem-button-69f617d2bdb312317    \"  ><a class=\"gem-button gem-button-size-medium gem-button-style-outline gem-button-text-weight-normal gem-button-border-2\" data-ll-effect=\"drop-right-without-wrap\" style=\"border-radius: 3px;border-color: #ffffff;color: #ffffff;\" onmouseleave=\"this.style.borderColor='#ffffff';this.style.backgroundColor='transparent';this.style.color='#ffffff';\" onmouseenter=\"this.style.backgroundColor='#ffffff';this.style.color='#262638';\" href=\"https:\/\/www.euris.com\/fr\/contact\/\" target=\"_self\">CONTACT<\/a><\/div> [\/vc_column][\/vc_row]<\/p>\n<\/div>","protected":false},"excerpt":{"rendered":"<p>[vc_row full_width=\u00a0\u00bbstretch_row_content_no_spaces\u00a0\u00bb content_placement=\u00a0\u00bbmiddle\u00a0\u00bb el_class=\u00a0\u00bbscroller-block\u00a0\u00bb css=\u00a0\u00bb.vc_custom_1566314580659{background-image: url(https:\/\/www.euris.com\/wp-content\/uploads\/2019\/08\/bg.png?id=53338) !important;background-position: center !important;background-repeat: no-repeat !important;background-size: cover !important;}\u00a0\u00bb el_id=\u00a0\u00bbrow-1&Prime;][vc_column][vc_row_inner content_placement=\u00a0\u00bbmiddle\u00a0\u00bb el_class=\u00a0\u00bbfirst\u00a0\u00bb][vc_column_inner width=\u00a0\u00bb1\/2&Prime;][vc_column_text] Solutions Digitales &amp; Cloud Sant\u00e9 [\/vc_column_text][vc_column_text] Op\u00e9rateur de sant\u00e9 connect\u00e9e, Euris a pour mission d\u2019accompagner les industriels du secteur dans la mise en \u0153uvre de leurs projets cloud &amp; digitaux. [\/vc_column_text][\/vc_column_inner][vc_column_inner width=\u00a0\u00bb1\/2&Prime;][vc_single_image image=\u00a0\u00bb53425&Prime; img_size=\u00a0\u00bbfull\u00a0\u00bb alignment=\u00a0\u00bbcenter\u00a0\u00bb el_class=\u00a0\u00bbimg\u00a0\u00bb][\/vc_column_inner][\/vc_row_inner][vc_single_image image=\u00a0\u00bb53385&Prime; img_size=\u00a0\u00bbfull\u00a0\u00bb alignment=\u00a0\u00bbcenter\u00a0\u00bb el_class=\u00a0\u00bbgallery\u00a0\u00bb][vc_column_text el_class=\u00a0\u00bbmouse\u00a0\u00bb]mouse[\/vc_column_text][\/vc_column][\/vc_row][vc_row full_width=\u00a0\u00bbstretch_row_content\u00a0\u00bb content_placement=\u00a0\u00bbmiddle\u00a0\u00bb el_class=\u00a0\u00bbscroller-block\u00a0\u00bb css=\u00a0\u00bb.vc_custom_1566314777195{background-color: #96c2cc !important;background-position: center !important;background-repeat: no-repeat !important;background-size: cover !important;}\u00a0\u00bb el_id=\u00a0\u00bbrow-2&Prime;][vc_column width=\u00a0\u00bb1\/2&Prime;][vc_column_text] Solutions digitales sant\u00e9 [\/vc_column_text][vc_column_text] Solutions logicielles innovantes pour les industriels du m\u00e9dicament et de dispositifs m\u00e9dicaux : SmartReps, SmartContent, SmartTeam, SmartPatient [\/vc_column_text][\/vc_column][vc_column width=\u00a0\u00bb1\/2&Prime;][vc_single_image image=\u00a0\u00bb48761&Prime; img_size=\u00a0\u00bblarge\u00a0\u00bb alignment=\u00a0\u00bbcenter\u00a0\u00bb el_class=\u00a0\u00bbimg\u00a0\u00bb][\/vc_column][\/vc_row][vc_row full_width=\u00a0\u00bbstretch_row_content\u00a0\u00bb content_placement=\u00a0\u00bbmiddle\u00a0\u00bb el_class=\u00a0\u00bbscroller-block\u00a0\u00bb css=\u00a0\u00bb.vc_custom_1566290959054{background-color: #0071bc !important;background-position: center !important;background-repeat: no-repeat !important;background-size: cover !important;}\u00a0\u00bb el_id=\u00a0\u00bbrow-3&Prime;][vc_column width=\u00a0\u00bb1\/2&Prime;][vc_single_image image=\u00a0\u00bb48773&Prime; img_size=\u00a0\u00bblarge\u00a0\u00bb alignment=\u00a0\u00bbcenter\u00a0\u00bb el_class=\u00a0\u00bbimg\u00a0\u00bb][\/vc_column][vc_column width=\u00a0\u00bb1\/2&Prime;][vc_column_text] H\u00e9bergement de donn\u00e9es de&#8230;<\/p>\n","protected":false},"author":1,"featured_media":39098,"parent":0,"menu_order":0,"comment_status":"closed","ping_status":"closed","template":"","meta":{"footnotes":""},"class_list":["post-49562","page","type-page","status-publish","has-post-thumbnail"],"_links":{"self":[{"href":"https:\/\/www.euris.com\/fr\/wp-json\/wp\/v2\/pages\/49562","targetHints":{"allow":["GET"]}}],"collection":[{"href":"https:\/\/www.euris.com\/fr\/wp-json\/wp\/v2\/pages"}],"about":[{"href":"https:\/\/www.euris.com\/fr\/wp-json\/wp\/v2\/types\/page"}],"author":[{"embeddable":true,"href":"https:\/\/www.euris.com\/fr\/wp-json\/wp\/v2\/users\/1"}],"replies":[{"embeddable":true,"href":"https:\/\/www.euris.com\/fr\/wp-json\/wp\/v2\/comments?post=49562"}],"version-history":[{"count":3,"href":"https:\/\/www.euris.com\/fr\/wp-json\/wp\/v2\/pages\/49562\/revisions"}],"predecessor-version":[{"id":85174,"href":"https:\/\/www.euris.com\/fr\/wp-json\/wp\/v2\/pages\/49562\/revisions\/85174"}],"wp:featuredmedia":[{"embeddable":true,"href":"https:\/\/www.euris.com\/fr\/wp-json\/wp\/v2\/media\/39098"}],"wp:attachment":[{"href":"https:\/\/www.euris.com\/fr\/wp-json\/wp\/v2\/media?parent=49562"}],"curies":[{"name":"wp","href":"https:\/\/api.w.org\/{rel}","templated":true}]}}