{"id":55207,"date":"2019-10-09T12:16:18","date_gmt":"2019-10-09T10:16:18","guid":{"rendered":"https:\/\/www.euris.com\/?page_id=55207"},"modified":"2021-10-26T17:28:06","modified_gmt":"2021-10-26T15:28:06","slug":"smartteam","status":"publish","type":"page","link":"https:\/\/www.euris.com\/fr\/solutions-digitales-sante\/smartteam\/","title":{"rendered":"SmartTeam | Gestion et Management pour les industriels de sant\u00e9"},"content":{"rendered":"<div class=\"wpb-content-wrapper\"><p>[vc_row full_width=\u00a0\u00bbstretch_row\u00a0\u00bb el_id=\u00a0\u00bbrow-1&Prime; css=\u00a0\u00bb.vc_custom_1580296149976{padding-top: 120px !important;padding-bottom: 60px !important;}\u00a0\u00bb][vc_column][vc_column_text]<\/p>\n<h2 style=\"text-align: center;\"><span style=\"color: #ffffff;\">Solutions Digitales pour les industriels de sant\u00e9<\/span><\/h2>\n<p>[\/vc_column_text][\/vc_column][\/vc_row][vc_row full_width=\u00a0\u00bbstretch_row\u00a0\u00bb equal_height=\u00a0\u00bbyes\u00a0\u00bb content_placement=\u00a0\u00bbmiddle\u00a0\u00bb el_id=\u00a0\u00bbtest\u00a0\u00bb el_class=\u00a0\u00bbtest\u00a0\u00bb css=\u00a0\u00bb.vc_custom_1578390120671{background-color: #ffffff !important;}\u00a0\u00bb][vc_column width=\u00a0\u00bb1\/4&Prime;][vc_column_text el_class=\u00a0\u00bbanimoBorderLeftRight\u00a0\u00bb]<\/p>\n<h2 style=\"text-align: center;\"><a href=\"https:\/\/www.euris.com\/fr\/solutions-digitales-sante\/smartreps\/\">smartreps<\/a><\/h2>\n<p>[\/vc_column_text][\/vc_column][vc_column width=\u00a0\u00bb1\/4&Prime;][vc_column_text el_class=\u00a0\u00bbanimoBorderLeftRight\u00a0\u00bb]<\/p>\n<h2 style=\"text-align: center;\"><a href=\"https:\/\/www.euris.com\/fr\/solutions-digitales-sante\/smartcontent\/\">smartcontent<\/a><\/h2>\n<p>[\/vc_column_text][\/vc_column][vc_column width=\u00a0\u00bb1\/4&Prime;][vc_column_text el_class=\u00a0\u00bbanimoBorderLeftRight-active\u00a0\u00bb]<\/p>\n<h2 style=\"text-align: center;\"><a href=\"https:\/\/www.euris.com\/fr\/solutions-digitales-sante\/smartteam\/\">smartteam<\/a><\/h2>\n<p>[\/vc_column_text][\/vc_column][vc_column width=\u00a0\u00bb1\/4&Prime;]<style type=\"text\/css\">.thegem-button-69f43981d7a578368 .gem-button svg {fill: #ffffff;}.thegem-button-69f43981d7a578368 .gem-button:hover svg {fill: #ffffff;}<\/style><div class=\"gem-button-container gem-button-position-center thegem-button-69f43981d7a578368 butt   \"  ><a class=\"gem-button gem-button-size-tiny gem-button-style-flat gem-button-text-weight-normal\" data-ll-effect=\"drop-right-without-wrap\" style=\"border-radius: 3px;background-color: #2e93f0;color: #ffffff;\" onmouseleave=\"this.style.backgroundColor='#2e93f0';this.style.color='#ffffff';\" onmouseenter=\"this.style.backgroundColor='#0f68dd';this.style.color='#ffffff';\" href=\"https:\/\/www.euris.com\/fr\/contact\/\" target=\"_self\">demandez une d\u00e9mo<\/a><\/div> [\/vc_column][\/vc_row][vc_row full_width=\u00a0\u00bbstretch_row\u00a0\u00bb content_placement=\u00a0\u00bbmiddle\u00a0\u00bb el_id=\u00a0\u00bbrow-2&Prime; css=\u00a0\u00bb.vc_custom_1578405991667{padding-top: 80px !important;padding-bottom: 80px !important;}\u00a0\u00bb][vc_column width=\u00a0\u00bb1\/2&Prime;][vc_column_text]<\/p>\n<h1>Renforcez les capacit\u00e9s de gestion et de management avec <span style=\"color: #ff6255;\"><strong>SmartTeam<\/strong><\/span><\/h1>\n<p>[\/vc_column_text][vc_column_text]SmartTeam permet aux responsables des ventes et des op\u00e9rations d\u2019am\u00e9liorer en continue les performances des visiteurs m\u00e9dicaux. Mettez en \u0153uvre des strat\u00e9gies data-driven et transformez vos donn\u00e9es en informations exploitables! Nous avons construit les solutions de CRM Pharmaceutique en \u00e9troite coop\u00e9ration avec des managers des industriels du m\u00e9dicament &amp; de dispositifs m\u00e9dicaux.[\/vc_column_text][\/vc_column][vc_column width=\u00a0\u00bb1\/2&Prime;][vc_single_image image=\u00a0\u00bb75658&Prime; img_size=\u00a0\u00bbfull\u00a0\u00bb alignment=\u00a0\u00bbcenter\u00a0\u00bb][\/vc_column][\/vc_row][vc_row full_width=\u00a0\u00bbstretch_row\u00a0\u00bb equal_height=\u00a0\u00bbyes\u00a0\u00bb css=\u00a0\u00bb.vc_custom_1578403495697{background-color: #f4f4f4 !important;}\u00a0\u00bb el_id=\u00a0\u00bbrow-4-a\u00a0\u00bb][vc_column width=\u00a0\u00bb1\/2&Prime;][vc_row_inner equal_height=\u00a0\u00bbyes\u00a0\u00bb content_placement=\u00a0\u00bbmiddle\u00a0\u00bb el_class=\u00a0\u00bbrow-4-a-a\u00a0\u00bb][vc_column_inner width=\u00a0\u00bb1\/3&Prime;][vc_single_image image=\u00a0\u00bb54932&Prime; img_size=\u00a0\u00bbmedium\u00a0\u00bb el_class=\u00a0\u00bbpicto1&Prime;][\/vc_column_inner][vc_column_inner width=\u00a0\u00bb2\/3&Prime;][vc_column_text]<\/p>\n<h2><span style=\"color: #ff6255;\">DISTRIBUTION &amp; SALES MANAGEMENT SYSTEM<\/span><\/h2>\n<p>[\/vc_column_text][\/vc_column_inner][\/vc_row_inner][vc_row_inner][vc_column_inner][vc_column_text]G\u00e9rez efficacement vos canaux de vente et de distribution, et am\u00e9liorez ainsi les performances des visiteurs m\u00e9dicaux et les r\u00e9sultats commerciaux avec notre CRM Pharmaceutique. SmartTeam permet aux responsables de contr\u00f4ler les conditions commerciales, les produits, les livraisons\u2026 \u00e0 partir d&rsquo;une interface d&rsquo;administration flexible et compl\u00e8te.[\/vc_column_text][\/vc_column_inner][\/vc_row_inner][\/vc_column][vc_column width=\u00a0\u00bb1\/2&Prime;][vc_row_inner equal_height=\u00a0\u00bbyes\u00a0\u00bb content_placement=\u00a0\u00bbmiddle\u00a0\u00bb el_class=\u00a0\u00bbrow-4-a-a\u00a0\u00bb][vc_column_inner width=\u00a0\u00bb1\/3&Prime;][vc_single_image image=\u00a0\u00bb54935&Prime; img_size=\u00a0\u00bbmedium\u00a0\u00bb el_class=\u00a0\u00bbpicto2&Prime;][\/vc_column_inner][vc_column_inner width=\u00a0\u00bb2\/3&Prime;][vc_column_text]<\/p>\n<h2><span style=\"color: #ff6255;\">SUIVI DE LA PERFORMANCE<\/span><\/h2>\n<p>[\/vc_column_text][\/vc_column_inner][\/vc_row_inner][vc_row_inner][vc_column_inner][vc_column_text]SmartTeam permet \u00e0 vos responsables des ventes et des op\u00e9rations d&rsquo;acc\u00e9der \u00e0 des informations en temps r\u00e9el sur le terrain. B\u00e9n\u00e9ficiez d&rsquo;un puissant outil de Business Intelligence permettant de suivre tous les indicateurs cl\u00e9s de performance pertinents pour votre strat\u00e9gie commerciale.<\/p>\n<p>Un module d&rsquo;intelligence artificielle vous aide \u00e9galement \u00e0 \u00e9valuer plus facilement vos \u00e9quipes gr\u00e2ce \u00e0 un syst\u00e8me d&rsquo;alerte automatique.[\/vc_column_text][\/vc_column_inner][\/vc_row_inner][\/vc_column][\/vc_row][vc_row full_width=\u00a0\u00bbstretch_row\u00a0\u00bb equal_height=\u00a0\u00bbyes\u00a0\u00bb css=\u00a0\u00bb.vc_custom_1578403501544{padding-bottom: 40px !important;background-color: #f4f4f4 !important;}\u00a0\u00bb el_id=\u00a0\u00bbrow-4-b\u00a0\u00bb][vc_column width=\u00a0\u00bb1\/2&Prime;][vc_row_inner equal_height=\u00a0\u00bbyes\u00a0\u00bb content_placement=\u00a0\u00bbmiddle\u00a0\u00bb el_class=\u00a0\u00bbrow-4-a-a\u00a0\u00bb][vc_column_inner width=\u00a0\u00bb1\/3&Prime;][vc_single_image image=\u00a0\u00bb54929&Prime; img_size=\u00a0\u00bbmedium\u00a0\u00bb el_class=\u00a0\u00bbpicto3&Prime;][\/vc_column_inner][vc_column_inner width=\u00a0\u00bb2\/3&Prime;][vc_column_text]<\/p>\n<h2><span style=\"color: #ff6255;\">TRAINING &amp; COACHING ACADEMY<\/span><\/h2>\n<p>[\/vc_column_text][\/vc_column_inner][\/vc_row_inner][vc_row_inner][vc_column_inner][vc_column_text]Gr\u00e2ce aux solutions Euris, les responsables des ventes et des op\u00e9rations peuvent rapidement cr\u00e9er, mettre \u00e0 jour, partager et analyser du contenu e-learning. L&rsquo;apprentissage en ligne peut \u00eatre synchronis\u00e9 avec les lancements de produits et peut \u00eatre utilis\u00e9 pour former les d\u00e9l\u00e9gu\u00e9s m\u00e9dicaux.[\/vc_column_text][\/vc_column_inner][\/vc_row_inner][\/vc_column][vc_column width=\u00a0\u00bb1\/2&Prime;][vc_single_image image=\u00a0\u00bb55106&Prime; img_size=\u00a0\u00bbmedium\u00a0\u00bb alignment=\u00a0\u00bbcenter\u00a0\u00bb el_class=\u00a0\u00bbpic\u00a0\u00bb][\/vc_column][\/vc_row][vc_row full_width=\u00a0\u00bbstretch_row\u00a0\u00bb el_id=\u00a0\u00bbrow-3&Prime; css=\u00a0\u00bb.vc_custom_1578394283067{background-color: #ededed !important;}\u00a0\u00bb][vc_column][vc_single_image image=\u00a0\u00bb55138&Prime; img_size=\u00a0\u00bbfull\u00a0\u00bb][\/vc_column][\/vc_row][vc_row el_id=\u00a0\u00bbrow-5&Prime; css=\u00a0\u00bb.vc_custom_1578410939295{margin-top: 40px !important;}\u00a0\u00bb][vc_column][vc_column_text]<\/p>\n<h3 style=\"text-align: center;\"><span style=\"color: #ff6255;\">Modules plug &amp; play<\/span><\/h3>\n<p>[\/vc_column_text][\/vc_column][\/vc_row][vc_row el_id=\u00a0\u00bbrow-5-a\u00a0\u00bb css=\u00a0\u00bb.vc_custom_1578404169465{margin-top: 40px !important;}\u00a0\u00bb][vc_column width=\u00a0\u00bb1\/6&Prime;][vc_single_image image=\u00a0\u00bb58354&Prime; img_size=\u00a0\u00bb60&#215;60&Prime; alignment=\u00a0\u00bbcenter\u00a0\u00bb][vc_column_text]<\/p>\n<p style=\"text-align: center;\"><strong>Hierarchy, product &amp; territory management<\/strong><\/p>\n<p>[\/vc_column_text][\/vc_column][vc_column width=\u00a0\u00bb1\/6&Prime;][vc_single_image image=\u00a0\u00bb58357&Prime; img_size=\u00a0\u00bb60&#215;60&Prime; alignment=\u00a0\u00bbcenter\u00a0\u00bb][vc_column_text el_class=\u00a0\u00bbbloc2&Prime;]<\/p>\n<p style=\"text-align: center;\"><strong>Price &amp; Trade<\/strong><\/p>\n<p style=\"text-align: center;\"><strong> Discounts<\/strong><\/p>\n<p>[\/vc_column_text][\/vc_column][vc_column width=\u00a0\u00bb1\/6&Prime;][vc_single_image image=\u00a0\u00bb58360&Prime; img_size=\u00a0\u00bb60&#215;60&Prime; alignment=\u00a0\u00bbcenter\u00a0\u00bb][vc_column_text]<\/p>\n<p style=\"text-align: center;\"><strong>Reporting \/ Bi<\/strong><\/p>\n<p>[\/vc_column_text][\/vc_column][vc_column width=\u00a0\u00bb1\/6&Prime;][vc_single_image image=\u00a0\u00bb58363&Prime; img_size=\u00a0\u00bb60&#215;60&Prime; alignment=\u00a0\u00bbcenter\u00a0\u00bb][vc_column_text]<\/p>\n<p style=\"text-align: center;\"><strong>HCP\/territory 360\u00b0 view<\/strong><\/p>\n<p>[\/vc_column_text][\/vc_column][vc_column width=\u00a0\u00bb1\/6&Prime;][vc_single_image image=\u00a0\u00bb58366&Prime; img_size=\u00a0\u00bb60&#215;60&Prime; alignment=\u00a0\u00bbcenter\u00a0\u00bb][vc_column_text]<\/p>\n<p style=\"text-align: center;\"><strong>Training Academy<\/strong><\/p>\n<p>[\/vc_column_text][\/vc_column][vc_column width=\u00a0\u00bb1\/6&Prime;][vc_single_image image=\u00a0\u00bb58369&Prime; img_size=\u00a0\u00bb60&#215;60&Prime; alignment=\u00a0\u00bbcenter\u00a0\u00bb][vc_column_text]<\/p>\n<p style=\"text-align: center;\"><strong>Coaching Call<\/strong><\/p>\n<p>[\/vc_column_text][\/vc_column][\/vc_row][vc_row full_width=\u00a0\u00bbstretch_row\u00a0\u00bb equal_height=\u00a0\u00bbyes\u00a0\u00bb content_placement=\u00a0\u00bbmiddle\u00a0\u00bb el_id=\u00a0\u00bbrow-6&Prime; css=\u00a0\u00bb.vc_custom_1578411020497{margin-top: 60px !important;padding-top: 40px !important;padding-bottom: 40px !important;}\u00a0\u00bb][vc_column width=\u00a0\u00bb2\/3&Prime;][vc_column_text]<span style=\"color: #ffffff;\">La meilleure suite logicielle d\u00e9di\u00e9e aux industriels du m\u00e9dicament &amp; de dispositifs m\u00e9dicaux<\/span>[\/vc_column_text][\/vc_column][vc_column width=\u00a0\u00bb1\/3&Prime;]<style type=\"text\/css\">.thegem-button-69f43981d7ae29263 .gem-button svg {fill: #2e93f0;}<\/style><div class=\"gem-button-container gem-button-position-center thegem-button-69f43981d7ae29263    \"  ><a class=\"gem-button gem-button-size-medium gem-button-style-flat gem-button-text-weight-normal\" data-ll-effect=\"drop-right-without-wrap\" style=\"border-radius: 3px;background-color: #ffffff;color: #2e93f0;\" onmouseleave=\"this.style.backgroundColor='#ffffff';this.style.color='#2e93f0';\" onmouseenter=\"\" href=\"https:\/\/www.euris.com\/fr\/contact\/\" target=\"_self\">demandez une d\u00e9mo<\/a><\/div> [\/vc_column][\/vc_row][vc_row equal_height=\u00a0\u00bbyes\u00a0\u00bb content_placement=\u00a0\u00bbmiddle\u00a0\u00bb el_id=\u00a0\u00bbmobile\u00a0\u00bb css=\u00a0\u00bb.vc_custom_1580394025718{background-color: #f4f4f4 !important;}\u00a0\u00bb][vc_column][vc_column_text]<\/p>\n<h3 style=\"text-align: center;\"><span style=\"color: #5f727f;\">d\u00e9couvrez nos autres solutions<\/span><\/h3>\n<p>[\/vc_column_text]<style type=\"text\/css\">.thegem-button-69f43981d7b471686 .gem-button svg {fill: #ffffff;}.thegem-button-69f43981d7b471686 .gem-button:hover svg {fill: #ffffff;}<\/style><div class=\"gem-button-container gem-button-position-center thegem-button-69f43981d7b471686    \"  ><a class=\"gem-button gem-button-size-medium gem-button-style-flat gem-button-text-weight-normal\" data-ll-effect=\"drop-right-without-wrap\" style=\"border-radius: 3px;background-color: #2e93f0;color: #ffffff;\" onmouseleave=\"this.style.backgroundColor='#2e93f0';this.style.color='#ffffff';\" onmouseenter=\"this.style.backgroundColor='#2671cc';this.style.color='#ffffff';\" href=\"https:\/\/www.euris.com\/fr\/solutions-digitales-sante\/smartreps\/\" target=\"_self\">smartreps<\/a><\/div> <style type=\"text\/css\">.thegem-button-69f43981d7ba89101 .gem-button svg {fill: #ffffff;}.thegem-button-69f43981d7ba89101 .gem-button:hover svg {fill: #ffffff;}<\/style><div class=\"gem-button-container gem-button-position-center thegem-button-69f43981d7ba89101 butt2   \"  ><a class=\"gem-button gem-button-size-medium gem-button-style-flat gem-button-text-weight-normal\" data-ll-effect=\"drop-right-without-wrap\" style=\"border-radius: 3px;background-color: #22b051;color: #ffffff;\" onmouseleave=\"this.style.backgroundColor='#22b051';this.style.color='#ffffff';\" onmouseenter=\"this.style.backgroundColor='#108934';this.style.color='#ffffff';\" href=\"https:\/\/www.euris.com\/fr\/solutions-digitales-sante\/smartcontent\/\" target=\"_self\">smartcontent<\/a><\/div> [\/vc_column][\/vc_row][vc_row][vc_column][vc_raw_js]JTNDc2NyaXB0JTIwdHlwZSUzRCUyMnRleHQlMkZqYXZhc2NyaXB0JTIyJTNFJTIwd2luZG93Lm9uc2Nyb2xsJTIwJTNEJTIwZnVuY3Rpb24lMjglMjklMjAlN0JzY3JvbGxGdW5jdGlvbiUyOCUyOSU3RCUzQiUwQWZ1bmN0aW9uJTIwc2Nyb2xsRnVuY3Rpb24lMjglMjklMjAlN0IlMEElMDl2YXIlMjBlbGVtZW50JTIwJTNEJTIwZG9jdW1lbnQuZ2V0RWxlbWVudEJ5SWQlMjglMjJ0ZXN0JTIyJTI5JTNCJTBBJTIwJTIwJTIwJTIwJTIwJTIwJTIwJTIwJTBBJTIwJTIwJTIwJTIwJTIwJTIwJTIwJTIwaWYlMjAlMjhkb2N1bWVudC5ib2R5LnNjcm9sbFRvcCUyMCUzRSUyMDMwMCUyMCU3QyU3QyUyMGRvY3VtZW50LmRvY3VtZW50RWxlbWVudC5zY3JvbGxUb3AlMjAlM0UlMjAxJTI5JTIwJTBBJTA5JTdCJTBBJTA5JTA5JTIwalF1ZXJ5JTI4JTI3JTIzc2l0ZS1oZWFkZXItd3JhcHBlciUyNyUyOS5oaWRlJTI4JTI5JTNCJTBBJTA5JTdEJTIwZWxzZSUyMCU3QiUwQSUyMGpRdWVyeSUyOCUyNyUyM3NpdGUtaGVhZGVyLXdyYXBwZXIlMjclMjkuc2hvdyUyOCUyOSUzQiUwQSU3RCUwQSUyMCUyMCUyMCUyMCUyMCUyMCUyMCUwQSUwQSUwOWlmJTIwJTI4ZG9jdW1lbnQuYm9keS5zY3JvbGxUb3AlMjAlM0UlMjAyNzUlMjAlN0MlN0MlMjBkb2N1bWVudC5kb2N1bWVudEVsZW1lbnQuc2Nyb2xsVG9wJTIwJTNFJTIwMjc1JTI5JTIwJTBBJTA5JTdCJTBBJTA5JTA5ZWxlbWVudC5jbGFzc0xpc3QuYWRkJTI4JTIyc2Nyb2xsJTIyJTI5JTNCJTBBJTA5JTdEJTIwJTBBJTA5ZWxzZSUyMCUwQSUwOSU3QiUwQSUwOSUwOWVsZW1lbnQuY2xhc3NMaXN0LnJlbW92ZSUyOCUyMnNjcm9sbCUyMiUyOSUzQiUwQSUwOSU3RCUwQSU3RCUzQiUyMCUzQyUyRnNjcmlwdCUzRQ==[\/vc_raw_js][vc_raw_js]JTNDc2NyaXB0JTIwU2FtZVNpdGUlM0QlMjJub25lJTIwU2VjdXJlJTIyJTIwc3JjJTNEJTIyaHR0cHMlM0ElMkYlMkZzdGF0aWMubGFuZGJvdC5pbyUyRmxhbmRib3Qtd2lkZ2V0JTJGbGFuZGJvdC13aWRnZXQtMS4wLjAuanMlMjIlM0UlM0MlMkZzY3JpcHQlM0UlMEElM0NzY3JpcHQlM0UlMEElMjAlMjB2YXIlMjBteUxhbmRib3QlMjAlM0QlMjBuZXclMjBMYW5kYm90UG9wdXAlMjglN0IlMEElMjAlMjAlMjAlMjBpbmRleCUzQSUyMCUyN2h0dHBzJTNBJTJGJTJGbGFuZGJvdC5pbyUyRnUlMkZILTI4MDY5NS1WMDE1SUZaNjMwSUUzWFNHJTJGaW5kZXguaHRtbCUyNyUyQyUwQSUyMCUyMCU3RCUyOSUzQiUwQSUzQyUyRnNjcmlwdCUzRQ==[\/vc_raw_js][\/vc_column][\/vc_row]<\/p>\n<\/div>","protected":false},"excerpt":{"rendered":"<p>[vc_row full_width=\u00a0\u00bbstretch_row\u00a0\u00bb el_id=\u00a0\u00bbrow-1&Prime; css=\u00a0\u00bb.vc_custom_1580296149976{padding-top: 120px !important;padding-bottom: 60px !important;}\u00a0\u00bb][vc_column][vc_column_text] Solutions Digitales pour les industriels de sant\u00e9 [\/vc_column_text][\/vc_column][\/vc_row][vc_row full_width=\u00a0\u00bbstretch_row\u00a0\u00bb equal_height=\u00a0\u00bbyes\u00a0\u00bb content_placement=\u00a0\u00bbmiddle\u00a0\u00bb el_id=\u00a0\u00bbtest\u00a0\u00bb el_class=\u00a0\u00bbtest\u00a0\u00bb css=\u00a0\u00bb.vc_custom_1578390120671{background-color: #ffffff !important;}\u00a0\u00bb][vc_column width=\u00a0\u00bb1\/4&Prime;][vc_column_text el_class=\u00a0\u00bbanimoBorderLeftRight\u00a0\u00bb] smartreps [\/vc_column_text][\/vc_column][vc_column width=\u00a0\u00bb1\/4&Prime;][vc_column_text el_class=\u00a0\u00bbanimoBorderLeftRight\u00a0\u00bb] smartcontent [\/vc_column_text][\/vc_column][vc_column width=\u00a0\u00bb1\/4&Prime;][vc_column_text el_class=\u00a0\u00bbanimoBorderLeftRight-active\u00a0\u00bb] smartteam [\/vc_column_text][\/vc_column][vc_column width=\u00a0\u00bb1\/4&Prime;][\/vc_column][\/vc_row][vc_row full_width=\u00a0\u00bbstretch_row\u00a0\u00bb content_placement=\u00a0\u00bbmiddle\u00a0\u00bb el_id=\u00a0\u00bbrow-2&Prime; css=\u00a0\u00bb.vc_custom_1578405991667{padding-top: 80px !important;padding-bottom: 80px !important;}\u00a0\u00bb][vc_column width=\u00a0\u00bb1\/2&Prime;][vc_column_text] Renforcez les capacit\u00e9s de gestion et de management avec SmartTeam [\/vc_column_text][vc_column_text]SmartTeam permet aux responsables des ventes et des op\u00e9rations d\u2019am\u00e9liorer en continue les performances des visiteurs m\u00e9dicaux. Mettez en \u0153uvre des strat\u00e9gies data-driven et transformez vos donn\u00e9es en informations exploitables! Nous avons construit les solutions de CRM Pharmaceutique en \u00e9troite coop\u00e9ration avec des managers des industriels du m\u00e9dicament &amp; de dispositifs m\u00e9dicaux.[\/vc_column_text][\/vc_column][vc_column width=\u00a0\u00bb1\/2&Prime;][vc_single_image image=\u00a0\u00bb75658&Prime; img_size=\u00a0\u00bbfull\u00a0\u00bb alignment=\u00a0\u00bbcenter\u00a0\u00bb][\/vc_column][\/vc_row][vc_row full_width=\u00a0\u00bbstretch_row\u00a0\u00bb equal_height=\u00a0\u00bbyes\u00a0\u00bb css=\u00a0\u00bb.vc_custom_1578403495697{background-color: #f4f4f4 !important;}\u00a0\u00bb el_id=\u00a0\u00bbrow-4-a\u00a0\u00bb][vc_column width=\u00a0\u00bb1\/2&Prime;][vc_row_inner equal_height=\u00a0\u00bbyes\u00a0\u00bb content_placement=\u00a0\u00bbmiddle\u00a0\u00bb el_class=\u00a0\u00bbrow-4-a-a\u00a0\u00bb][vc_column_inner&#8230;<\/p>\n","protected":false},"author":13,"featured_media":58628,"parent":30696,"menu_order":0,"comment_status":"closed","ping_status":"closed","template":"","meta":{"footnotes":""},"class_list":["post-55207","page","type-page","status-publish","has-post-thumbnail"],"_links":{"self":[{"href":"https:\/\/www.euris.com\/fr\/wp-json\/wp\/v2\/pages\/55207","targetHints":{"allow":["GET"]}}],"collection":[{"href":"https:\/\/www.euris.com\/fr\/wp-json\/wp\/v2\/pages"}],"about":[{"href":"https:\/\/www.euris.com\/fr\/wp-json\/wp\/v2\/types\/page"}],"author":[{"embeddable":true,"href":"https:\/\/www.euris.com\/fr\/wp-json\/wp\/v2\/users\/13"}],"replies":[{"embeddable":true,"href":"https:\/\/www.euris.com\/fr\/wp-json\/wp\/v2\/comments?post=55207"}],"version-history":[{"count":3,"href":"https:\/\/www.euris.com\/fr\/wp-json\/wp\/v2\/pages\/55207\/revisions"}],"predecessor-version":[{"id":81446,"href":"https:\/\/www.euris.com\/fr\/wp-json\/wp\/v2\/pages\/55207\/revisions\/81446"}],"up":[{"embeddable":true,"href":"https:\/\/www.euris.com\/fr\/wp-json\/wp\/v2\/pages\/30696"}],"wp:featuredmedia":[{"embeddable":true,"href":"https:\/\/www.euris.com\/fr\/wp-json\/wp\/v2\/media\/58628"}],"wp:attachment":[{"href":"https:\/\/www.euris.com\/fr\/wp-json\/wp\/v2\/media?parent=55207"}],"curies":[{"name":"wp","href":"https:\/\/api.w.org\/{rel}","templated":true}]}}