{"id":55666,"date":"2019-10-21T17:26:03","date_gmt":"2019-10-21T15:26:03","guid":{"rendered":"https:\/\/www.euris.com\/?page_id=55666"},"modified":"2022-10-10T10:48:09","modified_gmt":"2022-10-10T08:48:09","slug":"conformite-globale-protection-donnees-sante","status":"publish","type":"page","link":"https:\/\/www.euris.com\/fr\/conformite-globale-protection-donnees-sante\/","title":{"rendered":"Conformit\u00e9 Globale pour l&rsquo;H\u00e9bergement de Donn\u00e9es de Sant\u00e9 : HDS, RGDP, HIPAA&#8230;"},"content":{"rendered":"<div class=\"wpb-content-wrapper\"><p>[vc_row full_width=\u00a0\u00bbstretch_row\u00a0\u00bb el_id=\u00a0\u00bbrow-1&Prime; css=\u00a0\u00bb.vc_custom_1638443693436{padding-top: 150px !important;padding-bottom: 100px !important;}\u00a0\u00bb][vc_column][vc_column_text]<\/p>\n<h1 style=\"text-align: center;\"><span style=\"color: #ffffff;\"><span style=\"color: #333333;\"><span style=\"color: #ffffff;\">Une conformit\u00e9 globale garantie au service de vos projets e-sant\u00e9<\/span><br \/>\n<\/span><\/span><\/h1>\n<p>[\/vc_column_text][\/vc_column][\/vc_row][vc_row equal_height=\u00a0\u00bbyes\u00a0\u00bb el_id=\u00a0\u00bbrow-2&Prime; css=\u00a0\u00bb.vc_custom_1638443922245{padding-top: 40px !important;padding-bottom: 40px !important;}\u00a0\u00bb][vc_column width=\u00a0\u00bb1\/2&Prime;][vc_column_text]<\/p>\n<h2>GOUVERNANCE DES DONN\u00c9ES DE SANT\u00c9 \u00c0 CARACT\u00c8RE PERSONNEL<\/h2>\n<p>[\/vc_column_text][vc_column_text]A l\u2019heure de la <strong>transformation digital de la sant\u00e9,<\/strong> la croissance exponentielle des volumes de donn\u00e9es demande des ressources technologiques puissantes et agiles afin de les exploiter \u00e0 leur juste valeur \u00e9conomique et scientifique. Une gouvernance globale des donn\u00e9es est alors primordiale afin d\u2019encadrer <strong>la valorisation et les traitements des donn\u00e9es<\/strong>.<\/p>\n<p>Conscient des enjeux de s\u00e9curit\u00e9 pour les industriels de sant\u00e9, nous accompagnons nos clients dans la d\u00e9finition d\u2019une gouvernance globale des donn\u00e9es de sant\u00e9 \u00e0 caract\u00e8re personnel, bas\u00e9e sur le respect des crit\u00e8res DICT :<\/p>\n<ul>\n<li><strong>Disponibilit\u00e9<\/strong>: Les donn\u00e9es sont \u00e0 tout moment accessibles par les utilisateurs autoris\u00e9s.<\/li>\n<li><strong>Int\u00e9grit\u00e9<\/strong>: Les donn\u00e9es sont prot\u00e9g\u00e9es contre toute alt\u00e9ration ou destruction involontaire ou suppression accidentelle lors de leurs collectes, traitements, sauvegardes, restitutions. Les donn\u00e9es doivent \u00eatre non corrompues et de sources fiables.<\/li>\n<li><strong>Confidentialit\u00e9<\/strong>: Seules les personnes habilit\u00e9es ont acc\u00e8s aux donn\u00e9es. Une politique de gestion des droits et acc\u00e8s selon le niveau d\u2019habilitation l\u00e9gale doit \u00eatre suivie.<\/li>\n<li><strong>Tra\u00e7abilit\u00e9<\/strong>: Une journalisation des actions doit \u00eatre mise en place au niveau applicatif (logs des actions ex\u00e9cut\u00e9es au niveau de l\u2019application).<\/li>\n<\/ul>\n<p>[\/vc_column_text][\/vc_column][vc_column width=\u00a0\u00bb1\/2&Prime;][vc_single_image image=\u00a0\u00bb85308&Prime; img_size=\u00a0\u00bbfull\u00a0\u00bb alignment=\u00a0\u00bbcenter\u00a0\u00bb style=\u00a0\u00bbvc_box_shadow\u00a0\u00bb][vc_column_text]Nos pratiques de gouvernance des donn\u00e9es permettent \u00e0 nos clients d\u2019optimiser l\u2019efficacit\u00e9 de l\u2019exploitation des donn\u00e9es de sant\u00e9 dans le respect des exigences r\u00e9glementaires internationales: certification HDS: 2018, ISO 27001, 27701 et cadre r\u00e9glementaire RGPD en Europe; HIPAA aux Etats Unis; CSL et PIPL en Chine. <a href=\"https:\/\/www.euris.com\/fr\/certifications\/\">En savoir plus sur nos certifications<\/a>.<\/p>\n<p>Euris vous permet de construire de bout en bout votre projet IT sant\u00e9 depuis la phase de conception jusqu\u2019\u00e0 la phase d\u2019industrialisation. Notre expertise en sant\u00e9 num\u00e9rique nous permet de vous accompagner au mieux dans l\u2019\u00e9laboration de votre service e-sant\u00e9, en suivant les concepts de \u00ab <strong>Privacy by Design<\/strong> \u00bb et de \u00ab <strong>Privacy by Default<\/strong> \u00bb. En effet, il est primordial d\u2019int\u00e9grer la protection des donn\u00e9es de sant\u00e9 d\u00e8s la conception des nouveaux services e-sant\u00e9, tout en garantissant par d\u00e9faut le plus haut niveau possible de s\u00e9curit\u00e9.[\/vc_column_text][\/vc_column][\/vc_row][vc_row css=\u00a0\u00bb.vc_custom_1644845701764{padding-top: 20px !important;padding-bottom: 20px !important;}\u00a0\u00bb][vc_column][vc_separator color=\u00a0\u00bbcustom\u00a0\u00bb border_width=\u00a0\u00bb2&Prime; el_width=\u00a0\u00bb80&Prime; accent_color=\u00a0\u00bb#2e93f0&Prime;][\/vc_column][\/vc_row][vc_row equal_height=\u00a0\u00bbyes\u00a0\u00bb el_id=\u00a0\u00bbrow-3&Prime; css=\u00a0\u00bb.vc_custom_1638444536124{padding-top: 40px !important;padding-bottom: 40px !important;}\u00a0\u00bb][vc_column width=\u00a0\u00bb1\/2&Prime;][vc_raw_html]JTVCeXRiZV9pZl9jb25zZW50JTIwd2lkdGglM0QlMjIxMDAlMjUlMjIlMjBoZWlnaHQlM0QlMjIzMDAlMjIlMjB2aWRlbyUzRCUyMnl2em9yS0FNQVRrJTIyJTVE[\/vc_raw_html][vc_column_text]<\/p>\n<p style=\"text-align: center;\"><em>Dr Beno\u00eet Lamblin, m\u00e9decin h\u00e9bergeur de l\u2019offre Cloud Sant\u00e9, nous explique son r\u00f4le et les enjeux dans l\u2019exploitation des donn\u00e9es de sant\u00e9 pour les praticiens et les patients.<\/em><\/p>\n<p>[\/vc_column_text][\/vc_column][vc_column width=\u00a0\u00bb1\/2&Prime;][vc_column_text]<\/p>\n<h2>OP\u00c9RATEUR DE SANT\u00c9 CONNECT\u00c9E<\/h2>\n<p>[\/vc_column_text][vc_column_text]Depuis plus de 20 ans, Euris accompagne les industriels de sant\u00e9 dans leurs projets d\u2019<a href=\"https:\/\/www.euris.com\/fr\/hebergement-donnees-sante\/cloud-sante-hebergement\/\"><strong>h\u00e9bergement et d&rsquo;infog\u00e9rance 24\/7<\/strong><\/a> de leur plateforme. Euris facilite le d\u00e9veloppement de <strong>services e-sant\u00e9<\/strong> tout en garantissant la conformit\u00e9 avec les contraintes relatives aux donn\u00e9es de sant\u00e9.<\/p>\n<p>Notre <a href=\"https:\/\/www.euris.com\/fr\/hebergement-donnees-sante\/cloud-sante-hebergement\/\"><strong>infrastructure d\u2019h\u00e9bergement certifi\u00e9 HDS multi-territoire<\/strong><\/a> nous permet de vous accompagner nos clients dans le monde entier pour la mise en \u0153uvre de services industrialis\u00e9s en sant\u00e9 num\u00e9rique.<\/p>\n<p>Ainsi, Euris cr\u00e9e et op\u00e8re un ensemble de services IT pour r\u00e9pondre aux enjeux de la transformation digitale de la sant\u00e9. A travers une <a href=\"https:\/\/www.euris.com\/fr\/cloud-sante-marketplace\/\"><strong>marketplace de services e-sant\u00e9<\/strong><\/a> unique en Europe, Euris met \u00e0 disposition de ses clients des briques technologiques et digitales cl\u00e9s en main en conformit\u00e9 HDS. Sous un contrat global et unique, nos clients peuvent ainsi d\u00e9velopper tr\u00e8s facilement leur projet e-sant\u00e9 pour le d\u00e9ploiement et le d\u00e9veloppement de leur solution, sans avoir recours \u00e0 des prestataires externes.[\/vc_column_text][\/vc_column][\/vc_row][vc_row css=\u00a0\u00bb.vc_custom_1644845701764{padding-top: 20px !important;padding-bottom: 20px !important;}\u00a0\u00bb][vc_column][vc_separator color=\u00a0\u00bbcustom\u00a0\u00bb border_width=\u00a0\u00bb2&Prime; el_width=\u00a0\u00bb80&Prime; accent_color=\u00a0\u00bb#2e93f0&Prime;][\/vc_column][\/vc_row][vc_row equal_height=\u00a0\u00bbyes\u00a0\u00bb content_placement=\u00a0\u00bbmiddle\u00a0\u00bb el_id=\u00a0\u00bbrow-4&Prime; css=\u00a0\u00bb.vc_custom_1638444526804{padding-top: 40px !important;}\u00a0\u00bb][vc_column width=\u00a0\u00bb1\/2&Prime;][vc_single_image image=\u00a0\u00bb82835&Prime; img_size=\u00a0\u00bbfull\u00a0\u00bb alignment=\u00a0\u00bbcenter\u00a0\u00bb][\/vc_column][vc_column width=\u00a0\u00bb1\/2&Prime;][vc_column_text]<\/p>\n<h2>Conformit\u00e9 aux exigences GxP<\/h2>\n<p>[\/vc_column_text][vc_column_text]Le terme GxP est une abr\u00e9viation g\u00e9n\u00e9rale pour les recommandations et les r\u00e9glementations de \u00ab bonnes pratiques \u00bb faisant r\u00e9f\u00e9rence aux r\u00e9glementations et directives s&rsquo;appliquant aux organisations des sciences de la vie produisant des produits alimentaires et m\u00e9dicaux, tels que des m\u00e9dicaments, des dispositifs m\u00e9dicaux et des applications logicielles m\u00e9dicales. L&rsquo;objectif global des exigences GxP est de s&rsquo;assurer que les produits m\u00e9dicaux et alimentaires sont sans danger pour les consommateurs et de garantir l&rsquo;int\u00e9grit\u00e9 des donn\u00e9es utilis\u00e9es pour prendre des d\u00e9cisions en mati\u00e8re de s\u00e9curit\u00e9 concernant les produits.[\/vc_column_text][\/vc_column][\/vc_row][vc_row css=\u00a0\u00bb.vc_custom_1638444706372{padding-bottom: 40px !important;}\u00a0\u00bb el_id=\u00a0\u00bbrow-5&Prime;][vc_column][vc_column_text]La certification GxP pour les fournisseurs d\u2019h\u00e9bergement de donn\u00e9es de Sant\u00e9 n\u2019existant pas, Cloud Sant\u00e9\u00ae a \u00e9tabli une approche de contr\u00f4le de conformit\u00e9 GxP, en se basant sur les exigences d\u00e9termin\u00e9es dans le Titre 21 partie 11 du CFR de la FDA des \u00c9tats-Unis d\u2019Am\u00e9rique qui contient les exigences concernant les syst\u00e8mes informatis\u00e9s qui cr\u00e9ent, modifient, maintiennent, archivent, r\u00e9cup\u00e8rent ou distribuent des enregistrements \u00e9lectroniques pour soutenir les activit\u00e9s r\u00e9glement\u00e9es par GxP. Cette d\u00e9marche repose \u00e9galement sur les diff\u00e9rentes certifications et conformit\u00e9s obtenues par Cloud Sant\u00e9 (ISO 27001, 27701, HDS, HIPAA, RGPD, \u2026).<\/p>\n<p>La partie 11 a \u00e9t\u00e9 cr\u00e9\u00e9e de fa\u00e7on \u00e0 autoriser l&rsquo;adoption de nouvelles technologies informatiques par les organisations des sciences de la vie r\u00e9glement\u00e9es par la FDA, tout en offrant en parall\u00e8le un cadre permettant de s&rsquo;assurer que les donn\u00e9es GxP \u00e9lectroniques sont fiables.<\/p>\n<p>Ces exigences concernent, en g\u00e9n\u00e9ral, l&rsquo;authenticit\u00e9, l&rsquo;int\u00e9grit\u00e9 et la confidentialit\u00e9 des donn\u00e9es \u00e9lectroniques. Euris Cloud Sant\u00e9 a bas\u00e9 son syst\u00e8me de s\u00e9curit\u00e9 du Syst\u00e8me d\u2019Information selon les crit\u00e8res du DICA (Disponibilit\u00e9, Int\u00e9grit\u00e9, Confidentialit\u00e9 et Auditabilit\u00e9)[\/vc_column_text][\/vc_column][\/vc_row][vc_row css=\u00a0\u00bb.vc_custom_1638785483504{margin-bottom: 20px !important;}\u00a0\u00bb el_id=\u00a0\u00bbrow-6&Prime;][vc_column]<div class=\"gem-table gem-table-responsive gem-table-style-1\"><table style=\"width: 100%;\">\n<thead>\n<tr>\n<th>\n<h6>Exigences<\/h6>\n<\/th>\n<th>\n<h6>Mesures<\/h6>\n<\/th>\n<\/tr>\n<\/thead>\n<tbody>\n<tr>\n<td><strong>Responsabilit\u00e9s et Organisation<\/strong><\/td>\n<td class=\"check\">\n<p>\u00a0Une organisation fond\u00e9e sur l\u2019engagement de la direction pour la s\u00e9curit\u00e9 du SI et la protection des donn\u00e9es avec un comit\u00e9 de s\u00e9curit\u00e9<\/p>\n<p class=\"check\">\u00a0Des responsabilit\u00e9s Identifi\u00e9es, une d\u00e9marche de veille r\u00e9glementaire et de conformit\u00e9, un processus de recrutement strict avec une identification.<\/p>\n<\/td>\n<\/tr>\n<tr>\n<td><strong>Gestion du syst\u00e8me<\/strong><\/td>\n<td class=\"check\">\n<p>\u00a0Un syst\u00e8me g\u00e9r\u00e9 via l\u2019analyse de risque et l\u2019am\u00e9lioration continue<\/p>\n<p class=\"check\">\u00a0Une supervision de l\u2019infrastructure (r\u00e9seau, mat\u00e9riel et syst\u00e8me d\u2019exploitation)<\/p>\n<\/td>\n<\/tr>\n<tr>\n<td><strong>Gestion du personnel<\/strong><\/td>\n<td class=\"check\">\n<p>\u00a0Un processus de recrutement strict avec une identification des comp\u00e9tences requises, des qualifications, des contr\u00f4les, des \u00e9valuations sont r\u00e9alis\u00e9es au long du processus de recrutement<\/p>\n<p class=\"check\">\u00a0Une formation m\u00e9tier et sur la s\u00e9curit\u00e9 des SI est dispens\u00e9e<\/p>\n<\/td>\n<\/tr>\n<tr>\n<td><strong>Enregistrements et rapports<\/strong><\/td>\n<td class=\"check\">\n<p>\u00a0Un syst\u00e8me de journalisation centralis\u00e9, sur des \u00e9quipements d\u00e9di\u00e9s<\/p>\n<p class=\"check\">\u00a0Des journaux d\u2019acc\u00e8s, d\u2019infrastructure, des comptes, applicatifs, \u2026<\/p>\n<p class=\"check\">\u00a0Un syst\u00e8me de surveillance permettant la supervision de l\u2019infrastructure (r\u00e9seau, mat\u00e9riel et syst\u00e8me d\u2019exploitation)<\/p>\n<\/td>\n<\/tr>\n<tr>\n<td><strong>Audits Qualit\u00e9<\/strong><\/td>\n<td class=\"check\">\n<p>\u00a0Un syst\u00e8me de management des syst\u00e8mes d\u2019information est en place, nos politiques chapotent les process op\u00e9rationnels. Ceux-ci sont r\u00e9vis\u00e9s annuellement lors des contr\u00f4les de conformit\u00e9<\/p>\n<p class=\"check\">\u00a0Le syst\u00e8me est audit\u00e9 (en externe) \u00e0 minimum 3 fois par an<\/p>\n<p class=\"check\">\u00a04 tests PCA par an<\/p>\n<\/td>\n<\/tr>\n<tr>\n<td><strong>\u00c9valuations des fournisseurs<\/strong><\/td>\n<td class=\"check\">\n<p>\u00a0Une \u00e9valuation des fournisseurs<\/p>\n<p class=\"check\">\u00a0Une v\u00e9rification des qualifications requises<\/p>\n<p class=\"check\">\u00a0Une v\u00e9rification de l\u2019alignement avec nos exigences<\/p>\n<\/td>\n<\/tr>\n<tr>\n<td><strong>Syst\u00e8me \u00e0 acc\u00e8s limit\u00e9e<\/strong><\/td>\n<td class=\"check\">\u00a0Des responsabilit\u00e9s identifi\u00e9es et s\u00e9par\u00e9es (matrice d\u2019habilitation et de droits) ainsi qu\u2019un process de validation et de contr\u00f4les<\/td>\n<\/tr>\n<tr>\n<td><strong>Le contr\u00f4le des changements<\/strong><\/td>\n<td class=\"check\">\n<p>\u00a0Tous les changements concernant l\u2019infrastructure sont valid\u00e9s dans le cadre du process de surveillance<\/p>\n<p class=\"check\">\u00a0Toutes les modifications de services apport\u00e9s \u00e0 nos clients sont valid\u00e9es via des process appropri\u00e9 \u00e0 la s\u00e9curit\u00e9 dans le cadre HDS via des recettes<\/p>\n<\/td>\n<\/tr>\n<tr>\n<td><strong>Sauvegarde et restauration<\/strong><\/td>\n<td class=\"check\">\n<p>\u00a0Syst\u00e8me de sauvegarde redond\u00e9<\/p>\n<p class=\"check\">\u00a0Test de restauration mensuel<\/p>\n<\/td>\n<\/tr>\n<tr>\n<td><strong>Gestion de la s\u00e9curit\u00e9<\/strong><\/td>\n<td class=\"check\">\n<p>\u00a0Un syst\u00e8me totalement redond\u00e9 (infrastructure, donn\u00e9es, sauvegarde)<\/p>\n<p class=\"check\">\u00a0Des acc\u00e8s physiques s\u00e9curis\u00e9s, trac\u00e9s et contr\u00f4l\u00e9s<\/p>\n<p class=\"check\">\u00a0Des acc\u00e8s logiques \u00e0 double facteurs, des restrictions d\u00e9finies aux donn\u00e9es sensibles et contr\u00f4l\u00e9s<\/p>\n<p class=\"check\">\u00a0Des donn\u00e9es chiffr\u00e9es<\/p>\n<p class=\"check\">\u00a0Des m\u00e9canismes d\u2019authentification<\/p>\n<p class=\"check\">\u00a0Des sauvegardes et test de restauration<\/p>\n<p class=\"check\">\u00a0Une surveillance 24\/7 compl\u00e9ter par une journalisation des \u00e9v\u00e8nements<\/p>\n<\/td>\n<\/tr>\n<tr>\n<td><strong>Gestion des incidents<\/strong><\/td>\n<td class=\"check\">\n<p>\u00a0Un syst\u00e8me totalement redond\u00e9 (infrastructure, donn\u00e9es, sauvegarde)<\/p>\n<p class=\"check\">\u00a0Organisation en gestion de crise<\/p>\n<p class=\"check\">\u00a0A la suite de l\u2019identification d\u2019un incident, une \u00e9tape de qualification est ouverte pour permettre le traitement, la cl\u00f4ture de l\u2019incident sera formalis\u00e9e par un document de retour d\u2019exp\u00e9rience et un suivi du plan d\u2019action<\/p>\n<\/td>\n<\/tr>\n<\/tbody>\n<\/table>\n<\/div>[\/vc_column][\/vc_row][vc_row el_id=\u00a0\u00bbrow-7&Prime; css=\u00a0\u00bb.vc_custom_1638785506488{padding-bottom: 40px !important;}\u00a0\u00bb][vc_column][vc_column_text]<span style=\"font-weight: 400;\">Dans le cadre de notre offre Cloud Hybride, Cloud Sant\u00e9\u00ae s\u2019est assur\u00e9 que nos partenaires, afin de compl\u00e9ter notre conformit\u00e9, r\u00e9alisent cette d\u00e9marche. <\/span>[\/vc_column_text][vc_column_text]<strong>Cloud Hybride AWS\u00a0&#8211; ressources GxP disponibles <a href=\"https:\/\/aws.amazon.com\/fr\/compliance\/gxp-part-11-annex-11\/\">ici<\/a><\/strong>[\/vc_column_text][vc_column_text]<strong>Cloud Hybride Azure : ressources GxP disponibles <a href=\"https:\/\/azure.microsoft.com\/en-us\/resources\/microsoft-azure-gxp-guidelines-april\/\">ici<\/a><\/strong>[\/vc_column_text][vc_column_text css=\u00a0\u00bb.vc_custom_1638448616508{margin-top: 40px !important;}\u00a0\u00bb]<\/p>\n<h2 style=\"text-align: center;\"><a href=\"https:\/\/www.euris.com\/fr\/certifications\/\"><b>D\u00e9couvrez l\u2019ensemble de nos <\/b><b>certifications<\/b><\/a><\/h2>\n<p>[\/vc_column_text][\/vc_column][\/vc_row][vc_row full_width=\u00a0\u00bbstretch_row\u00a0\u00bb el_id=\u00a0\u00bbrow-8&Prime; css=\u00a0\u00bb.vc_custom_1638448109088{padding-top: 40px !important;padding-bottom: 40px !important;}\u00a0\u00bb][vc_column][vc_column_text]<\/p>\n<h3 style=\"text-align: center;\"><span style=\"color: #ffffff;\">D\u00e9ployez votre solution e-sant\u00e9 sur un cloud priv\u00e9 certifi\u00e9 HDS en France et \u00e0 l&rsquo;international<\/span><\/h3>\n<p>[\/vc_column_text]<style type=\"text\/css\">.thegem-button-69d3ae7b582e2982 .gem-button svg {fill: #ffffff;}.thegem-button-69d3ae7b582e2982 .gem-button:hover svg {fill: #2775ff;}<\/style><div class=\"gem-button-container gem-button-position-center thegem-button-69d3ae7b582e2982    \"  ><a class=\"gem-button gem-button-size-medium gem-button-style-outline gem-button-text-weight-normal gem-button-border-2\" data-ll-effect=\"drop-right-without-wrap\" style=\"border-radius: 3px;border-color: #ffffff;color: #ffffff;\" onmouseleave=\"this.style.borderColor='#ffffff';this.style.backgroundColor='transparent';this.style.color='#ffffff';\" onmouseenter=\"this.style.backgroundColor='#ffffff';this.style.color='#2775ff';\" href=\"https:\/\/www.euris.com\/fr\/hebergement-donnees-sante\/cloud-sante-hebergement\/\" target=\"_self\">D\u00e9couvrir<\/a><\/div> [\/vc_column][\/vc_row]<\/p>\n<\/div>","protected":false},"excerpt":{"rendered":"<p>[vc_row full_width=\u00a0\u00bbstretch_row\u00a0\u00bb el_id=\u00a0\u00bbrow-1&Prime; css=\u00a0\u00bb.vc_custom_1638443693436{padding-top: 150px !important;padding-bottom: 100px !important;}\u00a0\u00bb][vc_column][vc_column_text] Une conformit\u00e9 globale garantie au service de vos projets e-sant\u00e9 [\/vc_column_text][\/vc_column][\/vc_row][vc_row equal_height=\u00a0\u00bbyes\u00a0\u00bb el_id=\u00a0\u00bbrow-2&Prime; css=\u00a0\u00bb.vc_custom_1638443922245{padding-top: 40px !important;padding-bottom: 40px !important;}\u00a0\u00bb][vc_column width=\u00a0\u00bb1\/2&Prime;][vc_column_text] GOUVERNANCE DES DONN\u00c9ES DE SANT\u00c9 \u00c0 CARACT\u00c8RE PERSONNEL [\/vc_column_text][vc_column_text]A l\u2019heure de la transformation digital de la sant\u00e9, la croissance exponentielle des volumes de donn\u00e9es demande des ressources technologiques puissantes et agiles afin de les exploiter \u00e0 leur juste valeur \u00e9conomique et scientifique. Une gouvernance globale des donn\u00e9es est alors primordiale afin d\u2019encadrer la valorisation et les traitements des donn\u00e9es. Conscient des enjeux de s\u00e9curit\u00e9 pour les industriels de sant\u00e9, nous accompagnons nos clients dans la d\u00e9finition d\u2019une gouvernance globale des donn\u00e9es de sant\u00e9 \u00e0 caract\u00e8re personnel, bas\u00e9e sur le respect des crit\u00e8res DICT : Disponibilit\u00e9:&#8230;<\/p>\n","protected":false},"author":13,"featured_media":0,"parent":0,"menu_order":0,"comment_status":"closed","ping_status":"closed","template":"","meta":{"footnotes":""},"class_list":["post-55666","page","type-page","status-publish"],"_links":{"self":[{"href":"https:\/\/www.euris.com\/fr\/wp-json\/wp\/v2\/pages\/55666","targetHints":{"allow":["GET"]}}],"collection":[{"href":"https:\/\/www.euris.com\/fr\/wp-json\/wp\/v2\/pages"}],"about":[{"href":"https:\/\/www.euris.com\/fr\/wp-json\/wp\/v2\/types\/page"}],"author":[{"embeddable":true,"href":"https:\/\/www.euris.com\/fr\/wp-json\/wp\/v2\/users\/13"}],"replies":[{"embeddable":true,"href":"https:\/\/www.euris.com\/fr\/wp-json\/wp\/v2\/comments?post=55666"}],"version-history":[{"count":3,"href":"https:\/\/www.euris.com\/fr\/wp-json\/wp\/v2\/pages\/55666\/revisions"}],"predecessor-version":[{"id":90241,"href":"https:\/\/www.euris.com\/fr\/wp-json\/wp\/v2\/pages\/55666\/revisions\/90241"}],"wp:attachment":[{"href":"https:\/\/www.euris.com\/fr\/wp-json\/wp\/v2\/media?parent=55666"}],"curies":[{"name":"wp","href":"https:\/\/api.w.org\/{rel}","templated":true}]}}