{"id":57258,"date":"2020-01-02T10:57:08","date_gmt":"2020-01-02T09:57:08","guid":{"rendered":"https:\/\/www.euris.com\/?page_id=57258"},"modified":"2020-01-06T11:13:14","modified_gmt":"2020-01-06T10:13:14","slug":"log","status":"publish","type":"page","link":"https:\/\/www.euris.com\/fr\/cloud-sante-marketplace\/log\/","title":{"rendered":"Cloud Sant\u00e9\u00a9 Log"},"content":{"rendered":"<div class=\"wpb-content-wrapper\"><p>[vc_row full_width=\u00a0\u00bbstretch_row\u00a0\u00bb content_placement=\u00a0\u00bbmiddle\u00a0\u00bb el_id=\u00a0\u00bbrow-1&Prime; css=\u00a0\u00bb.vc_custom_1570712154790{padding-top: 130px !important;padding-bottom: 130px !important;}\u00a0\u00bb][vc_column][vc_single_image image=\u00a0\u00bb57260&Prime; img_size=\u00a0\u00bblarge\u00a0\u00bb alignment=\u00a0\u00bbcenter\u00a0\u00bb css_animation=\u00a0\u00bbslideInUp\u00a0\u00bb][\/vc_column][\/vc_row][vc_row full_width=\u00a0\u00bbstretch_row\u00a0\u00bb equal_height=\u00a0\u00bbyes\u00a0\u00bb content_placement=\u00a0\u00bbmiddle\u00a0\u00bb el_id=\u00a0\u00bbrow-2&Prime; css=\u00a0\u00bb.vc_custom_1570712895655{padding-top: 50px !important;padding-bottom: 50px !important;}\u00a0\u00bb][vc_column][vc_column_text]<\/p>\n<h1 style=\"text-align: center;\"><span style=\"color: #ffffff;\"><span style=\"color: #333333;\">B\u00e9n\u00e9ficiez d\u2019un outil de centralisation des LOG vous permettant de collecter, indexer et analyser des donn\u00e9es de sant\u00e9 provenant de sources diverses.<br \/>\n<\/span><\/span><\/h1>\n<p>[\/vc_column_text]<style type=\"text\/css\">.thegem-button-69faacfeadbbf8016 .gem-button svg {fill: #0099ff;}.thegem-button-69faacfeadbbf8016 .gem-button:hover svg {fill: #ffffff;}<\/style><div class=\"gem-button-container gem-button-position-center thegem-button-69faacfeadbbf8016    \"  ><a class=\"gem-button gem-button-size-medium gem-button-style-outline gem-button-text-weight-normal gem-button-border-2\" data-ll-effect=\"drop-right-without-wrap\" style=\"border-radius: 3px;border-color: #0099ff;color: #0099ff;\" onmouseleave=\"this.style.borderColor='#0099ff';this.style.backgroundColor='transparent';this.style.color='#0099ff';\" onmouseenter=\"this.style.backgroundColor='#0099ff';this.style.color='#ffffff';\" href=\"https:\/\/www.euris.com\/fr\/contact\/\" target=\"_self\">demandez un devis<\/a><\/div> [\/vc_column][\/vc_row][vc_row full_width=\u00a0\u00bbstretch_row\u00a0\u00bb equal_height=\u00a0\u00bbyes\u00a0\u00bb content_placement=\u00a0\u00bbmiddle\u00a0\u00bb css=\u00a0\u00bb.vc_custom_1570713714241{padding-top: 50px !important;padding-bottom: 50px !important;background-color: #f7f7f7 !important;}\u00a0\u00bb el_id=\u00a0\u00bbrow-3&Prime;][vc_column][vc_row_inner equal_height=\u00a0\u00bbyes\u00a0\u00bb content_placement=\u00a0\u00bbmiddle\u00a0\u00bb el_id=\u00a0\u00bbrow-3-a\u00a0\u00bb][vc_column_inner width=\u00a0\u00bb1\/2&Prime;][vc_column_text]<\/p>\n<h2>Cloud Sant\u00e9<sup>\u00ae<\/sup> Log : une centralisation des logs certifi\u00e9e HDS (H\u00e9bergement de Donn\u00e9es de Sant\u00e9)<\/h2>\n<p>[\/vc_column_text][vc_column_text]Les applications orient\u00e9es vers le domaine de la sant\u00e9 sont de plus en plus utilis\u00e9es et populaires. Elles n\u00e9cessitent <span style=\"color: #2e93f0;\"><strong>une gestion<\/strong><\/span> et <span style=\"color: #2e93f0;\"><strong>un traitement des donn\u00e9es<\/strong><\/span> qui circulent \u00e0 travers celle-ci.<\/p>\n<p>Il est donc primordial de prendre en compte cet aspect de gestion des donn\u00e9es et des infrastructures, que ce soit en termes de s\u00e9curit\u00e9 ou vis-\u00e0-vis du bon fonctionnement des applications m\u00e9tiers, surtout dans le cas de projet h\u00e9bergeant des Donn\u00e9es de Sant\u00e9 \u00e0 Caract\u00e8re Personnel.<\/p>\n<p><span style=\"color: #2e93f0;\"><strong>Les projets e-sant\u00e9<\/strong><\/span> peuvent parfois \u00eatre complexes notamment lorsque plusieurs intervenants ext\u00e9rieurs sont acteurs du d\u00e9veloppement et de l\u2019usage de celui-ci (Professionnelles de sant\u00e9, d\u00e9veloppeurs, data scientists\u2026). En plus d\u2019assurer <span style=\"color: #2e93f0;\"><strong>la<\/strong><\/span> <span style=\"color: #2e93f0;\"><strong>disponibilit\u00e9<\/strong><\/span>, <span style=\"color: #2e93f0;\"><strong>l\u2019int\u00e9grit\u00e9<\/strong><\/span>, <strong><span style=\"color: #2e93f0;\">la<\/span> <span style=\"color: #2e93f0;\">confidentialit\u00e9<\/span><\/strong> et <strong><span style=\"color: #2e93f0;\">l\u2019auditabilit\u00e9<\/span><\/strong> des Donn\u00e9es de sant\u00e9 \u00e0 caract\u00e8re personnel, il est n\u00e9cessaire de garantir le suivi et la tra\u00e7abilit\u00e9 de toutes actions effectu\u00e9es sur l\u2019infrastructure du projet.[\/vc_column_text][\/vc_column_inner][vc_column_inner width=\u00a0\u00bb1\/2&Prime;][vc_single_image image=\u00a0\u00bb57293&Prime; img_size=\u00a0\u00bblarge\u00a0\u00bb alignment=\u00a0\u00bbcenter\u00a0\u00bb][\/vc_column_inner][\/vc_row_inner][vc_row_inner equal_height=\u00a0\u00bbyes\u00a0\u00bb content_placement=\u00a0\u00bbmiddle\u00a0\u00bb el_id=\u00a0\u00bbrow-3-b\u00a0\u00bb css=\u00a0\u00bb.vc_custom_1570713330225{margin-top: 50px !important;}\u00a0\u00bb][vc_column_inner width=\u00a0\u00bb1\/2&Prime;][vc_single_image image=\u00a0\u00bb57290&Prime; img_size=\u00a0\u00bbfull\u00a0\u00bb alignment=\u00a0\u00bbcenter\u00a0\u00bb][\/vc_column_inner][vc_column_inner width=\u00a0\u00bb1\/2&Prime;][vc_column_text]<\/p>\n<h2>Valorisez le potentiel de vos donn\u00e9es de sant\u00e9 et acc\u00e9l\u00e9rez le d\u00e9veloppement de vos offres<\/h2>\n<p>[\/vc_column_text][vc_column_text]Cloud Sant\u00e9<sup>\u00ae<\/sup> Log vous permet de stocker un historique des \u00e9v\u00e9nements attach\u00e9s \u00e0 des processus li\u00e9s \u00e0 l&rsquo;utilisation d&rsquo;un serveur, d&rsquo;une application, d&rsquo;un logiciel ou d&rsquo;un syst\u00e8me informatique sous forme graphique, afin de garantir :[\/vc_column_text]<div class=\"gem-list gem-list-type-check-style-1 gem-list-color-3\" ><ul>\n<li>La supervision.<\/li>\n<li>La centralisation.<\/li>\n<li>L&rsquo;analyse.<\/li>\n<li>La collecte.<\/li>\n<li>l&rsquo;indexation.<\/li>\n<\/ul>\n<\/div>[\/vc_column_inner][\/vc_row_inner][\/vc_column][\/vc_row][vc_row full_width=\u00a0\u00bbstretch_row\u00a0\u00bb equal_height=\u00a0\u00bbyes\u00a0\u00bb content_placement=\u00a0\u00bbmiddle\u00a0\u00bb el_id=\u00a0\u00bbrow-4&Prime; css=\u00a0\u00bb.vc_custom_1570713345523{padding-top: 50px !important;padding-bottom: 50px !important;}\u00a0\u00bb][vc_column][vc_column_text]<\/p>\n<h2 style=\"text-align: center;\">Fonctionnalit\u00e9s<\/h2>\n<p>[\/vc_column_text][vc_empty_space][vc_row_inner equal_height=\u00a0\u00bbyes\u00a0\u00bb content_placement=\u00a0\u00bbmiddle\u00a0\u00bb][vc_column_inner width=\u00a0\u00bb1\/2&Prime;][vc_single_image image=\u00a0\u00bb57273&Prime; img_size=\u00a0\u00bbfull\u00a0\u00bb alignment=\u00a0\u00bbcenter\u00a0\u00bb css=\u00a0\u00bb.vc_custom_1576749313130{margin-top: 40px !important;}\u00a0\u00bb][vc_column_text]<\/p>\n<p style=\"text-align: center;\"><span style=\"font-size: smaller;\"><em>Exemple de visualisation<\/em><\/span><\/p>\n<p>[\/vc_column_text][\/vc_column_inner][vc_column_inner width=\u00a0\u00bb1\/2&Prime;][vc_column_text]<strong>Cloud Sant\u00e9<sup>\u00ae<\/sup> Log <\/strong>permet de garantir le maximum de s\u00e9curit\u00e9 et de fiabilit\u00e9 pour \u00eatre plus r\u00e9actif en cas de dysfonctionnement gr\u00e2ce \u00e0 son syst\u00e8me de corr\u00e9lations des informations.[\/vc_column_text][vc_column_text]<strong>Cloud Sant\u00e9<sup>\u00ae<\/sup> Log <\/strong>est clust\u00e9ris\u00e9 en diff\u00e9rents serveurs, permettant un service continu dans le cas o\u00f9 un des serveurs n\u2019est plus fonctionnel. (Haute disponibilit\u00e9 \u00e0 hauteur 99,99%).[\/vc_column_text][vc_column_text]Une interface graphique est impl\u00e9ment\u00e9e afin de faciliter la visualisation des Logs techniques et ainsi offrir une totale ergonomie.<\/p>\n<p>Logs \u00e9ventuels :<br \/>\n&#8211; Tra\u00e7abilit\u00e9 des actions<br \/>\n&#8211; Identifications et r\u00e9solution des probl\u00e8mes<br \/>\n&#8211; Meilleurs diagnostics des pannes et\/ou erreurs<br \/>\n&#8211; Analyse et compr\u00e9hension des services utilis\u00e9s<br \/>\n&#8211; Pr\u00e9vention et alerte lors de dysfonctionnement[\/vc_column_text][\/vc_column_inner][\/vc_row_inner][\/vc_column][\/vc_row][vc_row][vc_column][vc_raw_js]JTNDc2NyaXB0JTIwc3JjJTNEJTIyaHR0cHMlM0ElMkYlMkZzdGF0aWMubGFuZGJvdC5pbyUyRmxhbmRib3Qtd2lkZ2V0JTJGbGFuZGJvdC13aWRnZXQtMS4wLjAuanMlMjIlM0UlM0MlMkZzY3JpcHQlM0UlMEElM0NzY3JpcHQlM0UlMEElMjAlMjB2YXIlMjBteUxhbmRib3QlMjAlM0QlMjBuZXclMjBMYW5kYm90TGl2ZWNoYXQlMjglN0IlMEElMjAlMjAlMjAlMjBpbmRleCUzQSUyMCUyN2h0dHBzJTNBJTJGJTJGbGFuZGJvdC5pbyUyRnUlMkZILTMxNDgxNC1RUDlDTkpYNzdaNkI5RFZPJTJGaW5kZXguaHRtbCUyNyUyQyUwQSUyMCUyMCU3RCUyOSUzQiUwQSUzQyUyRnNjcmlwdCUzRQ==[\/vc_raw_js][\/vc_column][\/vc_row]<\/p>\n<\/div>","protected":false},"excerpt":{"rendered":"<p>[vc_row full_width=\u00a0\u00bbstretch_row\u00a0\u00bb content_placement=\u00a0\u00bbmiddle\u00a0\u00bb el_id=\u00a0\u00bbrow-1&Prime; css=\u00a0\u00bb.vc_custom_1570712154790{padding-top: 130px !important;padding-bottom: 130px !important;}\u00a0\u00bb][vc_column][vc_single_image image=\u00a0\u00bb57260&Prime; img_size=\u00a0\u00bblarge\u00a0\u00bb alignment=\u00a0\u00bbcenter\u00a0\u00bb css_animation=\u00a0\u00bbslideInUp\u00a0\u00bb][\/vc_column][\/vc_row][vc_row full_width=\u00a0\u00bbstretch_row\u00a0\u00bb equal_height=\u00a0\u00bbyes\u00a0\u00bb content_placement=\u00a0\u00bbmiddle\u00a0\u00bb el_id=\u00a0\u00bbrow-2&Prime; css=\u00a0\u00bb.vc_custom_1570712895655{padding-top: 50px !important;padding-bottom: 50px !important;}\u00a0\u00bb][vc_column][vc_column_text] B\u00e9n\u00e9ficiez d\u2019un outil de centralisation des LOG vous permettant de collecter, indexer et analyser des donn\u00e9es de sant\u00e9 provenant de sources diverses. [\/vc_column_text][\/vc_column][\/vc_row][vc_row full_width=\u00a0\u00bbstretch_row\u00a0\u00bb equal_height=\u00a0\u00bbyes\u00a0\u00bb content_placement=\u00a0\u00bbmiddle\u00a0\u00bb css=\u00a0\u00bb.vc_custom_1570713714241{padding-top: 50px !important;padding-bottom: 50px !important;background-color: #f7f7f7 !important;}\u00a0\u00bb el_id=\u00a0\u00bbrow-3&Prime;][vc_column][vc_row_inner equal_height=\u00a0\u00bbyes\u00a0\u00bb content_placement=\u00a0\u00bbmiddle\u00a0\u00bb el_id=\u00a0\u00bbrow-3-a\u00a0\u00bb][vc_column_inner width=\u00a0\u00bb1\/2&Prime;][vc_column_text] Cloud Sant\u00e9\u00ae Log : une centralisation des logs certifi\u00e9e HDS (H\u00e9bergement de Donn\u00e9es de Sant\u00e9) [\/vc_column_text][vc_column_text]Les applications orient\u00e9es vers le domaine de la sant\u00e9 sont de plus en plus utilis\u00e9es et populaires. Elles n\u00e9cessitent une gestion et un traitement des donn\u00e9es qui circulent \u00e0 travers celle-ci. Il est donc primordial de prendre en compte cet aspect de gestion des donn\u00e9es et des&#8230;<\/p>\n","protected":false},"author":1,"featured_media":0,"parent":30737,"menu_order":0,"comment_status":"closed","ping_status":"closed","template":"","meta":{"footnotes":""},"class_list":["post-57258","page","type-page","status-publish"],"_links":{"self":[{"href":"https:\/\/www.euris.com\/fr\/wp-json\/wp\/v2\/pages\/57258","targetHints":{"allow":["GET"]}}],"collection":[{"href":"https:\/\/www.euris.com\/fr\/wp-json\/wp\/v2\/pages"}],"about":[{"href":"https:\/\/www.euris.com\/fr\/wp-json\/wp\/v2\/types\/page"}],"author":[{"embeddable":true,"href":"https:\/\/www.euris.com\/fr\/wp-json\/wp\/v2\/users\/1"}],"replies":[{"embeddable":true,"href":"https:\/\/www.euris.com\/fr\/wp-json\/wp\/v2\/comments?post=57258"}],"version-history":[{"count":3,"href":"https:\/\/www.euris.com\/fr\/wp-json\/wp\/v2\/pages\/57258\/revisions"}],"predecessor-version":[{"id":57473,"href":"https:\/\/www.euris.com\/fr\/wp-json\/wp\/v2\/pages\/57258\/revisions\/57473"}],"up":[{"embeddable":true,"href":"https:\/\/www.euris.com\/fr\/wp-json\/wp\/v2\/pages\/30737"}],"wp:attachment":[{"href":"https:\/\/www.euris.com\/fr\/wp-json\/wp\/v2\/media?parent=57258"}],"curies":[{"name":"wp","href":"https:\/\/api.w.org\/{rel}","templated":true}]}}