{"id":62866,"date":"2020-07-31T11:25:09","date_gmt":"2020-07-31T09:25:09","guid":{"rendered":"https:\/\/www.euris.com\/?page_id=62866"},"modified":"2021-03-30T16:06:26","modified_gmt":"2021-03-30T14:06:26","slug":"messaging","status":"publish","type":"page","link":"https:\/\/www.euris.com\/fr\/cloud-sante-marketplace\/messaging\/","title":{"rendered":"Euris Cloud Sant\u00e9 Messaging"},"content":{"rendered":"<div class=\"wpb-content-wrapper\"><p>[vc_row full_width=\u00a0\u00bbstretch_row\u00a0\u00bb content_placement=\u00a0\u00bbmiddle\u00a0\u00bb el_id=\u00a0\u00bbrow-1&Prime; css=\u00a0\u00bb.vc_custom_1570712154790{padding-top: 130px !important;padding-bottom: 130px !important;}\u00a0\u00bb][vc_column][vc_single_image image=\u00a0\u00bb62926&Prime; img_size=\u00a0\u00bblarge\u00a0\u00bb alignment=\u00a0\u00bbcenter\u00a0\u00bb css_animation=\u00a0\u00bbslideInUp\u00a0\u00bb][\/vc_column][\/vc_row][vc_row full_width=\u00a0\u00bbstretch_row\u00a0\u00bb equal_height=\u00a0\u00bbyes\u00a0\u00bb content_placement=\u00a0\u00bbmiddle\u00a0\u00bb el_id=\u00a0\u00bbrow-2&Prime; css=\u00a0\u00bb.vc_custom_1570781909162{padding-top: 50px !important;padding-bottom: 50px !important;background-color: #f7f7f7 !important;}\u00a0\u00bb][vc_column][vc_column_text]<\/p>\n<h1 style=\"text-align: center;\"><span style=\"color: #ffffff;\"><span style=\"color: #333333;\">Euris Cloud Sant\u00e9 et Kawansoft allient leurs expertises afin de fournir un service de messagerie s\u00e9curis\u00e9e avec un h\u00e9bergement des donn\u00e9es de sant\u00e9 agr\u00e9\u00e9 et certifi\u00e9, pens\u00e9 pour les acteurs du monde de la sant\u00e9<\/span><\/span><\/h1>\n<p>[\/vc_column_text]<style type=\"text\/css\">.thegem-button-69f3b0630271d463 .gem-button svg {fill: #0099ff;}.thegem-button-69f3b0630271d463 .gem-button:hover svg {fill: #ffffff;}<\/style><div class=\"gem-button-container gem-button-position-center thegem-button-69f3b0630271d463    \"  ><a class=\"gem-button gem-button-size-medium gem-button-style-outline gem-button-text-weight-normal gem-button-border-2\" data-ll-effect=\"drop-right-without-wrap\" style=\"border-radius: 3px;border-color: #0099ff;color: #0099ff;\" onmouseleave=\"this.style.borderColor='#0099ff';this.style.backgroundColor='transparent';this.style.color='#0099ff';\" onmouseenter=\"this.style.backgroundColor='#0099ff';this.style.color='#ffffff';\" href=\"https:\/\/www.euris.com\/fr\/contact\/\" target=\"_self\">demandez un devis<\/a><\/div> [\/vc_column][\/vc_row][vc_row full_width=\u00a0\u00bbstretch_row\u00a0\u00bb equal_height=\u00a0\u00bbyes\u00a0\u00bb content_placement=\u00a0\u00bbmiddle\u00a0\u00bb css=\u00a0\u00bb.vc_custom_1570783170170{padding-top: 50px !important;}\u00a0\u00bb el_id=\u00a0\u00bbrow-3&Prime;][vc_column][vc_row_inner equal_height=\u00a0\u00bbyes\u00a0\u00bb content_placement=\u00a0\u00bbmiddle\u00a0\u00bb el_id=\u00a0\u00bbrow-3-a\u00a0\u00bb css=\u00a0\u00bb.vc_custom_1570783055601{margin-top: 50px !important;}\u00a0\u00bb][vc_column_inner width=\u00a0\u00bb1\/2&Prime;][vc_column_text]<\/p>\n<h2>Euris Cloud Sant\u00e9\u00ae Messaging est une solution de messagerie s\u00e9curis\u00e9e sant\u00e9.<\/h2>\n<p>[\/vc_column_text][vc_column_text]La solution de messagerie s\u00e9curis\u00e9e Euris Cloud Sant\u00e9\u00ae Messaging r\u00e9pond \u00e0 une double demande : <span style=\"color: #0ea6db;\"><strong>celle des patients<\/strong><\/span>, dont le parcours des donn\u00e9es de sant\u00e9 sur le web doit \u00eatre totalement s\u00e9curis\u00e9, et <span style=\"color: #0ea6db;\"><strong>celle des professionnels de sant\u00e9<\/strong><\/span>, qui engagent leur responsabilit\u00e9 lors de l\u2019envoi de Donn\u00e9es de Sant\u00e9 \u00e0 Caract\u00e8re Personnel (DSCP).[\/vc_column_text][vc_column_text]Euris Cloud Sant\u00e9\u00ae Messaging est un service de messagerie tr\u00e8s simple d\u2019utilisation, accessible \u00e0 la fois avec un client de messagerie d\u00e9di\u00e9 (Windows, macOS, Linux) et sur mobile (Android, IOS). En plus des fonctionnalit\u00e9s d\u2019une messagerie classique il permet aux professionnels de sant\u00e9 de transf\u00e9rer des messages et des fichiers de mani\u00e8re totalement s\u00e9curis\u00e9e.[\/vc_column_text][vc_column_text css=\u00a0\u00bb.vc_custom_1595843123909{margin-top: 20px !important;}\u00a0\u00bb]Bas\u00e9 sur le standard de chiffrement OpenPGP, tous les messages sont stock\u00e9s chiffr\u00e9s sur les serveurs Euris Cloud Sant\u00e9, dans le respect des conformit\u00e9s globales (HDS &amp; ISO 27001, HIPAA, CSL). Les destinataires ne disposant pas de la solution Euris Cloud Sant\u00e9\u00ae Messaging sont invit\u00e9s \u00e0 s\u2019inscrire afin d\u2019acc\u00e9der \u00e0 une version gratuite.[\/vc_column_text][\/vc_column_inner][vc_column_inner width=\u00a0\u00bb1\/2&Prime;][vc_single_image image=\u00a0\u00bb62940&Prime; img_size=\u00a0\u00bblarge\u00a0\u00bb alignment=\u00a0\u00bbcenter\u00a0\u00bb css=\u00a0\u00bb.vc_custom_1592913464609{margin-top: 50px !important;}\u00a0\u00bb][\/vc_column_inner][\/vc_row_inner][vc_row_inner equal_height=\u00a0\u00bbyes\u00a0\u00bb content_placement=\u00a0\u00bbmiddle\u00a0\u00bb el_id=\u00a0\u00bbrow-3-b\u00a0\u00bb css=\u00a0\u00bb.vc_custom_1570783069944{margin-top: 100px !important;}\u00a0\u00bb][vc_column_inner width=\u00a0\u00bb1\/2&Prime;][vc_single_image image=\u00a0\u00bb59208&Prime; img_size=\u00a0\u00bbfull\u00a0\u00bb alignment=\u00a0\u00bbcenter\u00a0\u00bb][\/vc_column_inner][vc_column_inner width=\u00a0\u00bb1\/2&Prime;][vc_column_text]<\/p>\n<h2>Les avantages de Euris Cloud Sant\u00e9 Messaging<\/h2>\n<p>[\/vc_column_text]<div class=\"gem-list gem-list-type-check-style-1 gem-list-color-2\" ><ul>\n<li>Prise en main imm\u00e9diate par les utilisateurs (\u201cZero-Learning\u201d ou \u201cZero-Training \u00bb)<\/li>\n<li>Envoi de pi\u00e8ces-jointes sans limitation de taille<\/li>\n<li>Mode GFA &amp; non-circulation des messages sur Internet (contrairement \u00e0 SMTP ) : les messages ne quittent pas l\u2019infrastructure Cloud Sant\u00e9 (analyse de trafic impossible).<\/li>\n<\/ul>\n<\/div>[\/vc_column_inner][\/vc_row_inner][\/vc_column][\/vc_row][vc_row css=\u00a0\u00bb.vc_custom_1570783307278{padding-top: 80px !important;padding-bottom: 100px !important;}\u00a0\u00bb][vc_column][vc_separator color=\u00a0\u00bbcustom\u00a0\u00bb border_width=\u00a0\u00bb3&Prime; el_width=\u00a0\u00bb50&Prime; accent_color=\u00a0\u00bb#0099ff\u00a0\u00bb][\/vc_column][\/vc_row][vc_row full_width=\u00a0\u00bbstretch_row\u00a0\u00bb equal_height=\u00a0\u00bbyes\u00a0\u00bb content_placement=\u00a0\u00bbmiddle\u00a0\u00bb el_id=\u00a0\u00bbrow-5&Prime; css=\u00a0\u00bb.vc_custom_1570783255466{padding-bottom: 50px !important;}\u00a0\u00bb][vc_column][vc_row_inner][vc_column_inner width=\u00a0\u00bb1\/2&Prime;][vc_column_text]<\/p>\n<h4><span style=\"color: #0099ff;\">Offre<\/span><\/h4>\n<p>[\/vc_column_text][\/vc_column_inner][vc_column_inner width=\u00a0\u00bb1\/4&Prime;][vc_column_text]<\/p>\n<h4><span style=\"color: #0099ff;\">Entreprise<\/span><\/h4>\n<p>[\/vc_column_text][\/vc_column_inner][vc_column_inner width=\u00a0\u00bb1\/4&Prime;][vc_column_text]<\/p>\n<h4><span style=\"color: #0099ff;\">Entreprise plus<\/span><\/h4>\n<p>[\/vc_column_text][\/vc_column_inner][\/vc_row_inner][vc_separator css=\u00a0\u00bb.vc_custom_1570784860737{margin-bottom: 30px !important;}\u00a0\u00bb][vc_row_inner][vc_column_inner width=\u00a0\u00bb1\/2&Prime;][vc_column_text]Taille de la bo\u00eete d\u2019envoi[\/vc_column_text][\/vc_column_inner][vc_column_inner width=\u00a0\u00bb1\/4&Prime;][vc_column_text]20 Gb[\/vc_column_text][\/vc_column_inner][vc_column_inner width=\u00a0\u00bb1\/4&Prime;][vc_column_text]60 Gb[\/vc_column_text][\/vc_column_inner][\/vc_row_inner][vc_separator css=\u00a0\u00bb.vc_custom_1570784868096{margin-bottom: 30px !important;}\u00a0\u00bb][vc_row_inner][vc_column_inner width=\u00a0\u00bb1\/2&Prime;][vc_column_text]Taille de la pi\u00e8ce-jointe[\/vc_column_text][\/vc_column_inner][vc_column_inner width=\u00a0\u00bb1\/4&Prime;][vc_column_text]Sans limitation[\/vc_column_text][\/vc_column_inner][vc_column_inner width=\u00a0\u00bb1\/4&Prime;][vc_column_text]Sans limitation[\/vc_column_text][\/vc_column_inner][\/vc_row_inner][vc_separator css=\u00a0\u00bb.vc_custom_1570784868096{margin-bottom: 30px !important;}\u00a0\u00bb][vc_row_inner][vc_column_inner width=\u00a0\u00bb1\/2&Prime;][vc_column_text]Comptes Administrateurs[\/vc_column_text][\/vc_column_inner][vc_column_inner width=\u00a0\u00bb1\/4&Prime;][vc_column_text]3[\/vc_column_text][\/vc_column_inner][vc_column_inner width=\u00a0\u00bb1\/4&Prime;][vc_column_text]10[\/vc_column_text][\/vc_column_inner][\/vc_row_inner][vc_separator css=\u00a0\u00bb.vc_custom_1570784868096{margin-bottom: 30px !important;}\u00a0\u00bb][vc_row_inner][vc_column_inner width=\u00a0\u00bb1\/2&Prime;][vc_column_text]Multiple GFA (Groupe Ferm\u00e9 d\u2019Abonn\u00e9s)[\/vc_column_text][\/vc_column_inner][vc_column_inner width=\u00a0\u00bb1\/4&Prime;][vc_column_text]oui[\/vc_column_text][\/vc_column_inner][vc_column_inner width=\u00a0\u00bb1\/4&Prime;][vc_column_text]oui[\/vc_column_text][\/vc_column_inner][\/vc_row_inner][vc_separator css=\u00a0\u00bb.vc_custom_1570784868096{margin-bottom: 30px !important;}\u00a0\u00bb][vc_row_inner][vc_column_inner width=\u00a0\u00bb1\/2&Prime;][vc_column_text]Pr\u00e9-inscription des utilisateurs[\/vc_column_text][\/vc_column_inner][vc_column_inner width=\u00a0\u00bb1\/4&Prime;][vc_column_text]oui[\/vc_column_text][\/vc_column_inner][vc_column_inner width=\u00a0\u00bb1\/4&Prime;][vc_column_text]oui[\/vc_column_text][\/vc_column_inner][\/vc_row_inner][vc_separator css=\u00a0\u00bb.vc_custom_1570784868096{margin-bottom: 30px !important;}\u00a0\u00bb][vc_row_inner][vc_column_inner width=\u00a0\u00bb1\/2&Prime;][vc_column_text]Support[\/vc_column_text][\/vc_column_inner][vc_column_inner width=\u00a0\u00bb1\/4&Prime;][vc_column_text]Email\/t\u00e9l\u00e9phone[\/vc_column_text][\/vc_column_inner][vc_column_inner width=\u00a0\u00bb1\/4&Prime;][vc_column_text]Email\/t\u00e9l\u00e9phone[\/vc_column_text][\/vc_column_inner][\/vc_row_inner][vc_separator css=\u00a0\u00bb.vc_custom_1570784868096{margin-bottom: 30px !important;}\u00a0\u00bb][vc_row_inner][vc_column_inner width=\u00a0\u00bb1\/4&Prime;][vc_column_text]Co\u00fbt par utilisateur (**)[\/vc_column_text][\/vc_column_inner][vc_column_inner width=\u00a0\u00bb1\/4&Prime;][\/vc_column_inner][vc_column_inner width=\u00a0\u00bb1\/4&Prime;][vc_column_text]59 \u20ac\/an(*)[\/vc_column_text][\/vc_column_inner][vc_column_inner width=\u00a0\u00bb1\/4&Prime;][vc_column_text]99 \u20ac\/an(*)[\/vc_column_text][\/vc_column_inner][\/vc_row_inner][vc_column_text]* Souscription annuelle incluant le droit d&rsquo;usage, le support\/maintenance et les MAJ<br \/>\n** Pay\u00e9 par l&rsquo;exp\u00e9diteur uniquement[\/vc_column_text]<style type=\"text\/css\">.thegem-button-69f3b0630281f6691 .gem-button svg {fill: #0099ff;}.thegem-button-69f3b0630281f6691 .gem-button:hover svg {fill: #ffffff;}<\/style><div class=\"gem-button-container gem-button-position-center thegem-button-69f3b0630281f6691    \"  ><a class=\"gem-button gem-button-size-medium gem-button-style-outline gem-button-text-weight-normal gem-button-border-2\" data-ll-effect=\"drop-right-without-wrap\" style=\"border-radius: 3px;border-color: #0099ff;color: #0099ff;\" onmouseleave=\"this.style.borderColor='#0099ff';this.style.backgroundColor='transparent';this.style.color='#0099ff';\" onmouseenter=\"this.style.backgroundColor='#0099ff';this.style.color='#ffffff';\" href=\"https:\/\/www.euris.com\/fr\/contact\/\" target=\"_self\">demandez un devis<\/a><\/div> [\/vc_column][\/vc_row][vc_row css=\u00a0\u00bb.vc_custom_1596185327350{margin-bottom: 40px !important;}\u00a0\u00bb][vc_column width=\u00a0\u00bb1\/2&Prime;][vc_column_text]<\/p>\n<h3>A propos de Kawansoft<\/h3>\n<p>[\/vc_column_text][vc_column_text]Soci\u00e9t\u00e9 fran\u00e7aise sp\u00e9cialis\u00e9e en Java EE, Swing et d\u00e9veloppement de services mobiles et cloud. Kawansoft d\u00e9veloppe des frameworks client-serveur open-source.[\/vc_column_text][\/vc_column][vc_column width=\u00a0\u00bb1\/2&Prime;][vc_single_image image=\u00a0\u00bb64393&Prime; img_size=\u00a0\u00bbmedium\u00a0\u00bb alignment=\u00a0\u00bbcenter\u00a0\u00bb][\/vc_column][\/vc_row][vc_row full_width=\u00a0\u00bbstretch_row\u00a0\u00bb css=\u00a0\u00bb.vc_custom_1570782638635{margin-bottom: -5px !important;padding-top: 50px !important;padding-bottom: 50px !important;}\u00a0\u00bb el_id=\u00a0\u00bbrow-6-a\u00a0\u00bb][vc_column width=\u00a0\u00bb1\/4&Prime;]<div class=\"centered-box\"><div class=\"gem-icon gem-icon-pack-material gem-icon-size-medium  gem-icon-shape-square gem-simple-icon \"  style=\"margin-top: 10px;margin-bottom: 10px;opacity: 1;\"><div class=\"gem-icon-inner\" style=\"\"><span class=\"gem-icon-half-1\" style=\"color: #ffffff;\"><span class=\"back-angle\">&#xf114;<\/span><\/span><span class=\"gem-icon-half-2\" style=\"color: #ffffff;\"><span class=\"back-angle\">&#xf114;<\/span><\/span><\/div><\/div><\/div>[vc_column_text]<\/p>\n<h3 style=\"text-align: center;\"><span style=\"color: #ffffff;\">expertise sant\u00e9<\/span><\/h3>\n<p>[\/vc_column_text][vc_column_text]<\/p>\n<p style=\"text-align: center;\"><span style=\"color: #ffffff;\">b\u00e9n\u00e9ficiez d&rsquo;une \u00e9quipe d&rsquo;experts en projet IT sant\u00e9 depuis plus de 20 ans.<\/span><\/p>\n<p>[\/vc_column_text][\/vc_column][vc_column width=\u00a0\u00bb1\/4&Prime;]<div class=\"centered-box\"><div class=\"gem-icon gem-icon-pack-elegant gem-icon-size-medium  gem-icon-shape-square gem-simple-icon \"  style=\"margin-top: 10px;margin-bottom: 10px;opacity: 1;\"><div class=\"gem-icon-inner\" style=\"\"><span class=\"gem-icon-half-1\" style=\"color: #ffffff;\"><span class=\"back-angle\">&#x7e;<\/span><\/span><span class=\"gem-icon-half-2\" style=\"color: #ffffff;\"><span class=\"back-angle\">&#x7e;<\/span><\/span><\/div><\/div><\/div>[vc_column_text]<\/p>\n<h3 style=\"text-align: center;\"><span style=\"color: #ffffff;\">CERTIFICATION &amp; AGR\u00c9MENTS E-SANT\u00c9<\/span><\/h3>\n<p>[\/vc_column_text][vc_column_text]<\/p>\n<p style=\"text-align: center;\"><span style=\"color: #ffffff;\">S\u00e9curit\u00e9 des donn\u00e9es &amp; conformit\u00e9 globale : UE (HDS &amp; ISO 27001, RGPD), US (HIPAA), Chine (CSL).<\/span><\/p>\n<p>[\/vc_column_text][\/vc_column][vc_column width=\u00a0\u00bb1\/4&Prime;]<div class=\"centered-box\"><div class=\"gem-icon gem-icon-pack-elegant gem-icon-size-medium  gem-icon-shape-square gem-simple-icon \"  style=\"margin-top: 10px;margin-bottom: 10px;opacity: 1;\"><div class=\"gem-icon-inner\" style=\"\"><span class=\"gem-icon-half-1\" style=\"color: #ffffff;\"><span class=\"back-angle\">&#xe0de;<\/span><\/span><span class=\"gem-icon-half-2\" style=\"color: #ffffff;\"><span class=\"back-angle\">&#xe0de;<\/span><\/span><\/div><\/div><\/div>[vc_column_text]<\/p>\n<h3 style=\"text-align: center;\"><span style=\"color: #ffffff;\">INTERNATIONAL<\/span><\/h3>\n<p>[\/vc_column_text][vc_column_text]<\/p>\n<p style=\"text-align: center;\"><span style=\"color: #ffffff;\">Des projets d\u00e9ploy\u00e9s dans le monde entier : Europe, Asie, Am\u00e9rique, Afrique.<\/span><\/p>\n<p>[\/vc_column_text][\/vc_column][vc_column width=\u00a0\u00bb1\/4&Prime;]<div class=\"centered-box\"><div class=\"gem-icon gem-icon-pack-elegant gem-icon-size-medium  gem-icon-shape-square gem-simple-icon \"  style=\"margin-top: 10px;margin-bottom: 10px;opacity: 1;\"><div class=\"gem-icon-inner\" style=\"\"><span class=\"gem-icon-half-1\" style=\"color: #ffffff;\"><span class=\"back-angle\">&#xe037;<\/span><\/span><span class=\"gem-icon-half-2\" style=\"color: #ffffff;\"><span class=\"back-angle\">&#xe037;<\/span><\/span><\/div><\/div><\/div>[vc_column_text]<\/p>\n<h3 style=\"text-align: center;\"><span style=\"color: #ffffff;\">Richesse Fonctionnelle<\/span><\/h3>\n<p>[\/vc_column_text][vc_column_text]<\/p>\n<p style=\"text-align: center;\"><span style=\"color: #ffffff;\">Une infrastructure-as-a-Service apportant des solutions rentables, souples et fonctionnelles.<\/span><\/p>\n<p>[\/vc_column_text][\/vc_column][\/vc_row][vc_row][vc_column][vc_raw_js]JTNDc2NyaXB0JTIwc3JjJTNEJTIyaHR0cHMlM0ElMkYlMkZzdGF0aWMubGFuZGJvdC5pbyUyRmxhbmRib3Qtd2lkZ2V0JTJGbGFuZGJvdC13aWRnZXQtMS4wLjAuanMlMjIlM0UlM0MlMkZzY3JpcHQlM0UlMEElM0NzY3JpcHQlM0UlMEElMjAlMjB2YXIlMjBteUxhbmRib3QlMjAlM0QlMjBuZXclMjBMYW5kYm90TGl2ZWNoYXQlMjglN0IlMEElMjAlMjAlMjAlMjBpbmRleCUzQSUyMCUyN2h0dHBzJTNBJTJGJTJGbGFuZGJvdC5pbyUyRnUlMkZILTMxNDgxNC1RUDlDTkpYNzdaNkI5RFZPJTJGaW5kZXguaHRtbCUyNyUyQyUwQSUyMCUyMCU3RCUyOSUzQiUwQSUzQyUyRnNjcmlwdCUzRSUzQ3NjcmlwdCUzRSUwQSUyMCUyMCUyRiUyRiUyMFNob3clMjBhJTIwcHJvYWN0aXZlJTIwbWVzc2FnZSUyMGFmdGVyJTIwMTUlMjBzZWNvbmRzJTBBJTIwJTIwc2V0VGltZW91dCUyOGZ1bmN0aW9uJTI4JTI5JTIwJTdCJTBBJTIwJTIwJTIwJTIwbXlMYW5kYm90LnNlbmRQcm9hY3RpdmUlMjglN0IlMEElMjAlMjAlMjJtZXNzYWdlJTIyJTNBJTIwJTIyQm9uam91ciUyQyUyMHZvdXMlMjAlQzMlQUF0ZXMlMjBpbnQlQzMlQTlyZXNzJUMzJUE5cyUyMHBhciUyMGxlcyUyMHNvbHV0aW9ucyUyMENsb3VkJTIwU2FudCVDMyVBOSUyMCUzRiUyMiUyQyUwQSUyMCUyMCUyMmF1dGhvciUyMiUzQSUyMCUyMkV1cmlzJTIyJTJDJTBBJTIwJTIwJTIyYXZhdGFyJTIyJTNBJTIwJTIyaHR0cHMlM0ElMkYlMkZzdG9yYWdlLmdvb2dsZWFwaXMuY29tJTJGbWVkaWEuaGVsbG91bWkuY29tJTJGNTk4NDQlMkZjaGFubmVscyUyRk5WUTI0WjROQThaQU9FTDBDSDNBVThaU0Q2SjFFWExKLnBuZyUyMiUyQyUwQSUyMCUyMCUyMmV4dHJhJTIyJTNBJTIwJTdCJTBBJTIwJTIwJTIwJTIwJTIyaGlkZV90ZXh0Ym94JTIyJTNBJTIwdHJ1ZSUwQSUyMCUyMCU3RCUwQSU3RCUyOSUzQiUwQSUyMCUyMCU3RCUyQyUyMDE1MDAwJTI5JTNCJTBBJTNDJTJGc2NyaXB0JTNF[\/vc_raw_js][\/vc_column][\/vc_row]<\/p>\n<\/div>","protected":false},"excerpt":{"rendered":"<p>[vc_row full_width=\u00a0\u00bbstretch_row\u00a0\u00bb content_placement=\u00a0\u00bbmiddle\u00a0\u00bb el_id=\u00a0\u00bbrow-1&Prime; css=\u00a0\u00bb.vc_custom_1570712154790{padding-top: 130px !important;padding-bottom: 130px !important;}\u00a0\u00bb][vc_column][vc_single_image image=\u00a0\u00bb62926&Prime; img_size=\u00a0\u00bblarge\u00a0\u00bb alignment=\u00a0\u00bbcenter\u00a0\u00bb css_animation=\u00a0\u00bbslideInUp\u00a0\u00bb][\/vc_column][\/vc_row][vc_row full_width=\u00a0\u00bbstretch_row\u00a0\u00bb equal_height=\u00a0\u00bbyes\u00a0\u00bb content_placement=\u00a0\u00bbmiddle\u00a0\u00bb el_id=\u00a0\u00bbrow-2&Prime; css=\u00a0\u00bb.vc_custom_1570781909162{padding-top: 50px !important;padding-bottom: 50px !important;background-color: #f7f7f7 !important;}\u00a0\u00bb][vc_column][vc_column_text] Euris Cloud Sant\u00e9 et Kawansoft allient leurs expertises afin de fournir un service de messagerie s\u00e9curis\u00e9e avec un h\u00e9bergement des donn\u00e9es de sant\u00e9 agr\u00e9\u00e9 et certifi\u00e9, pens\u00e9 pour les acteurs du monde de la sant\u00e9 [\/vc_column_text][\/vc_column][\/vc_row][vc_row full_width=\u00a0\u00bbstretch_row\u00a0\u00bb equal_height=\u00a0\u00bbyes\u00a0\u00bb content_placement=\u00a0\u00bbmiddle\u00a0\u00bb css=\u00a0\u00bb.vc_custom_1570783170170{padding-top: 50px !important;}\u00a0\u00bb el_id=\u00a0\u00bbrow-3&Prime;][vc_column][vc_row_inner equal_height=\u00a0\u00bbyes\u00a0\u00bb content_placement=\u00a0\u00bbmiddle\u00a0\u00bb el_id=\u00a0\u00bbrow-3-a\u00a0\u00bb css=\u00a0\u00bb.vc_custom_1570783055601{margin-top: 50px !important;}\u00a0\u00bb][vc_column_inner width=\u00a0\u00bb1\/2&Prime;][vc_column_text] Euris Cloud Sant\u00e9\u00ae Messaging est une solution de messagerie s\u00e9curis\u00e9e sant\u00e9. [\/vc_column_text][vc_column_text]La solution de messagerie s\u00e9curis\u00e9e Euris Cloud Sant\u00e9\u00ae Messaging r\u00e9pond \u00e0 une double demande : celle des patients, dont le parcours des donn\u00e9es de sant\u00e9 sur le web doit \u00eatre totalement s\u00e9curis\u00e9, et celle des professionnels de&#8230;<\/p>\n","protected":false},"author":1,"featured_media":0,"parent":30737,"menu_order":0,"comment_status":"closed","ping_status":"closed","template":"","meta":{"footnotes":""},"class_list":["post-62866","page","type-page","status-publish"],"_links":{"self":[{"href":"https:\/\/www.euris.com\/fr\/wp-json\/wp\/v2\/pages\/62866","targetHints":{"allow":["GET"]}}],"collection":[{"href":"https:\/\/www.euris.com\/fr\/wp-json\/wp\/v2\/pages"}],"about":[{"href":"https:\/\/www.euris.com\/fr\/wp-json\/wp\/v2\/types\/page"}],"author":[{"embeddable":true,"href":"https:\/\/www.euris.com\/fr\/wp-json\/wp\/v2\/users\/1"}],"replies":[{"embeddable":true,"href":"https:\/\/www.euris.com\/fr\/wp-json\/wp\/v2\/comments?post=62866"}],"version-history":[{"count":3,"href":"https:\/\/www.euris.com\/fr\/wp-json\/wp\/v2\/pages\/62866\/revisions"}],"predecessor-version":[{"id":64668,"href":"https:\/\/www.euris.com\/fr\/wp-json\/wp\/v2\/pages\/62866\/revisions\/64668"}],"up":[{"embeddable":true,"href":"https:\/\/www.euris.com\/fr\/wp-json\/wp\/v2\/pages\/30737"}],"wp:attachment":[{"href":"https:\/\/www.euris.com\/fr\/wp-json\/wp\/v2\/media?parent=62866"}],"curies":[{"name":"wp","href":"https:\/\/api.w.org\/{rel}","templated":true}]}}