{"id":63478,"date":"2020-07-31T11:44:38","date_gmt":"2020-07-31T09:44:38","guid":{"rendered":"https:\/\/www.euris.com\/?page_id=63478"},"modified":"2020-07-31T11:45:57","modified_gmt":"2020-07-31T09:45:57","slug":"privacy","status":"publish","type":"page","link":"https:\/\/www.euris.com\/fr\/cloud-sante-marketplace\/privacy\/","title":{"rendered":"Euris Cloud Sant\u00e9 Privacy"},"content":{"rendered":"<div class=\"wpb-content-wrapper\"><p>[vc_row full_width=\u00a0\u00bbstretch_row\u00a0\u00bb content_placement=\u00a0\u00bbmiddle\u00a0\u00bb el_id=\u00a0\u00bbrow-1&Prime; css=\u00a0\u00bb.vc_custom_1570712154790{padding-top: 130px !important;padding-bottom: 130px !important;}\u00a0\u00bb][vc_column][vc_single_image image=\u00a0\u00bb63582&Prime; img_size=\u00a0\u00bblarge\u00a0\u00bb alignment=\u00a0\u00bbcenter\u00a0\u00bb css_animation=\u00a0\u00bbslideInUp\u00a0\u00bb][\/vc_column][\/vc_row][vc_row full_width=\u00a0\u00bbstretch_row\u00a0\u00bb equal_height=\u00a0\u00bbyes\u00a0\u00bb content_placement=\u00a0\u00bbmiddle\u00a0\u00bb el_id=\u00a0\u00bbrow-2&Prime; css=\u00a0\u00bb.vc_custom_1570712895655{padding-top: 50px !important;padding-bottom: 50px !important;}\u00a0\u00bb][vc_column width=\u00a0\u00bb1\/3&Prime;][vc_single_image image=\u00a0\u00bb63309&Prime; img_size=\u00a0\u00bbfull\u00a0\u00bb alignment=\u00a0\u00bbcenter\u00a0\u00bb][\/vc_column][vc_column width=\u00a0\u00bb2\/3&Prime;][vc_column_text]<\/p>\n<h1 style=\"text-align: center;\"><span style=\"color: #ffffff;\"><span style=\"color: #333333;\">Simplifiez la gestion des donn\u00e9es de sant\u00e9 gr\u00e2ce \u00e0 une plateforme de gestion du cycle de vie conformes aux r\u00e9glementations multi-territoires UE, US et Chine <\/span><\/span><\/h1>\n<p>[\/vc_column_text]<style type=\"text\/css\">.thegem-button-69e0aa5b34f632452 .gem-button svg {fill: #0099ff;}.thegem-button-69e0aa5b34f632452 .gem-button:hover svg {fill: #ffffff;}<\/style><div class=\"gem-button-container gem-button-position-center thegem-button-69e0aa5b34f632452    \"  ><a class=\"gem-button gem-button-size-medium gem-button-style-outline gem-button-text-weight-normal gem-button-border-2\" data-ll-effect=\"drop-right-without-wrap\" style=\"border-radius: 3px;border-color: #0099ff;color: #0099ff;\" onmouseleave=\"this.style.borderColor='#0099ff';this.style.backgroundColor='transparent';this.style.color='#0099ff';\" onmouseenter=\"this.style.backgroundColor='#0099ff';this.style.color='#ffffff';\" href=\"https:\/\/www.euris.com\/fr\/contact\/\" target=\"_self\">demandez un devis<\/a><\/div> [\/vc_column][\/vc_row][vc_row full_width=\u00a0\u00bbstretch_row\u00a0\u00bb equal_height=\u00a0\u00bbyes\u00a0\u00bb content_placement=\u00a0\u00bbmiddle\u00a0\u00bb css=\u00a0\u00bb.vc_custom_1575381372405{padding-top: 50px !important;padding-bottom: 50px !important;background-color: #f7f7f7 !important;}\u00a0\u00bb el_id=\u00a0\u00bbrow-3&Prime;][vc_column][vc_row_inner equal_height=\u00a0\u00bbyes\u00a0\u00bb content_placement=\u00a0\u00bbmiddle\u00a0\u00bb el_id=\u00a0\u00bbrow-3-a\u00a0\u00bb][vc_column_inner width=\u00a0\u00bb1\/2&Prime;][vc_single_image image=\u00a0\u00bb57053&Prime; img_size=\u00a0\u00bbfull\u00a0\u00bb alignment=\u00a0\u00bbcenter\u00a0\u00bb el_class=\u00a0\u00bbfirst\u00a0\u00bb][\/vc_column_inner][vc_column_inner width=\u00a0\u00bb1\/2&Prime;][vc_column_text css=\u00a0\u00bb.vc_custom_1594028052464{margin-bottom: 40px !important;}\u00a0\u00bb]<\/p>\n<h2><span style=\"color: #0099ff;\">Cloud Sant\u00e9\u00ae Privacy, une solution pr\u00eate \u00e0 l&#8217;emploi, compl\u00e8te et \u00e9volutive.<\/span><\/h2>\n<p>[\/vc_column_text][vc_column_text]<\/p>\n<h3>Plateforme de gestion du cycle de vie des donn\u00e9es de sant\u00e9, sp\u00e9cialement con\u00e7ue pour que les d\u00e9veloppeurs puissent cr\u00e9er des solutions conformes aux r\u00e9glementations multi-territoires.<\/h3>\n<p>[\/vc_column_text][vc_column_text css=\u00a0\u00bb.vc_custom_1594028109664{margin-bottom: 40px !important;}\u00a0\u00bb]Euris Cloud Sant\u00e9\u00ae et Pryv allient leurs expertises afin de proposer un middleware de gestion du cycle de vie de la donn\u00e9e aux acteurs du monde de la sant\u00e9. De la gestion des consentements lors du recueil des donn\u00e9es, jusqu\u2019\u00e0 leur stockage et \u00e0 la g\u00e9n\u00e9ration de rapports d\u2019audits de conformit\u00e9 RGPD et HDS, Cloud Sant\u00e9\u00ae Privacy vous permet de g\u00e9rer des Donn\u00e9es de Sant\u00e9 \u00e0 Caract\u00e8re Personnel (DSCP) dans le respect d\u2019une compliance globale et des r\u00e9glementations multi territoires\u00a0: UE (RGPD, HDS &amp; ISO27001), US (HIPAA) et Chine (CSL).[\/vc_column_text][\/vc_column_inner][\/vc_row_inner][vc_row_inner equal_height=\u00a0\u00bbyes\u00a0\u00bb content_placement=\u00a0\u00bbmiddle\u00a0\u00bb el_id=\u00a0\u00bbrow-3-a\u00a0\u00bb][vc_column_inner width=\u00a0\u00bb1\/2&Prime;][vc_column_text]<\/p>\n<h3>Des avantages simples et multiples<\/h3>\n<p>[\/vc_column_text][vc_column_text css=\u00a0\u00bb.vc_custom_1594028285362{margin-bottom: 40px !important;}\u00a0\u00bb]<\/p>\n<ul>\n<li>Gestion du cycle de vie des DSCP\u00a0: cr\u00e9ation, stockage, partage et suppression<\/li>\n<li>Services de conformit\u00e9 globale pr\u00e9construits<\/li>\n<li>Gestion du consentement dynamique<\/li>\n<li>Facilit\u00e9 d\u2019int\u00e9gration et de configuration<\/li>\n<li>Connectivit\u00e9 et Interop\u00e9rabilit\u00e9 int\u00e9gr\u00e9es<\/li>\n<\/ul>\n<p>[\/vc_column_text][\/vc_column_inner][vc_column_inner width=\u00a0\u00bb1\/2&Prime;][vc_single_image image=\u00a0\u00bb57078&Prime; img_size=\u00a0\u00bbfull\u00a0\u00bb alignment=\u00a0\u00bbcenter\u00a0\u00bb css=\u00a0\u00bb.vc_custom_1575447917625{margin-top: 50px !important;}\u00a0\u00bb][\/vc_column_inner][\/vc_row_inner][\/vc_column][\/vc_row][vc_row full_width=\u00a0\u00bbstretch_row\u00a0\u00bb equal_height=\u00a0\u00bbyes\u00a0\u00bb content_placement=\u00a0\u00bbmiddle\u00a0\u00bb el_id=\u00a0\u00bbrow-5&Prime; css=\u00a0\u00bb.vc_custom_1570802300597{padding-top: 50px !important;padding-bottom: 30px !important;}\u00a0\u00bb][vc_column][vc_column_text css=\u00a0\u00bb.vc_custom_1594028513434{margin-bottom: 40px !important;}\u00a0\u00bb]<\/p>\n<h2 style=\"text-align: center;\"><span style=\"color: #ffffff;\">Les b\u00e9n\u00e9fices pour vos projets e-sant\u00e9<\/span><\/h2>\n<p>[\/vc_column_text]<div class=\"gem-list gem-list-type-check-style-1 gem-list-color-2\" ><ul>\n<li style=\"text-align: center;\"><span style=\"color: #ffffff;\">Conformit\u00e9 globale.<\/span><\/li>\n<li style=\"text-align: center;\"><span style=\"color: #ffffff;\">R\u00e9duit vos co\u00fbts de d\u00e9veloppement et acc\u00e9l\u00e8re votre Time to Market.<\/span><\/li>\n<li style=\"text-align: center;\"><span style=\"color: #ffffff;\">Transform la compliance en avantage comp\u00e9titif.<\/span><\/li>\n<li style=\"text-align: center;\"><span style=\"color: #ffffff;\">Permet de vous concentrer sur votre c\u0153ur de m\u00e9tier.<\/span><\/li>\n<\/ul>\n<\/div><style type=\"text\/css\">.thegem-button-69e0aa5b3505c5235 .gem-button svg {fill: #ffffff;}.thegem-button-69e0aa5b3505c5235 .gem-button:hover svg {fill: #0099ff;}<\/style><div class=\"gem-button-container gem-button-position-center thegem-button-69e0aa5b3505c5235    \"  ><a class=\"gem-button gem-button-size-medium gem-button-style-outline gem-button-text-weight-normal gem-button-border-2\" data-ll-effect=\"drop-right-without-wrap\" style=\"border-radius: 3px;border-color: #ffffff;color: #ffffff;\" onmouseleave=\"this.style.borderColor='#ffffff';this.style.backgroundColor='transparent';this.style.color='#ffffff';\" onmouseenter=\"this.style.backgroundColor='#ffffff';this.style.color='#0099ff';\" href=\"https:\/\/www.euris.com\/fr\/contact\/\" target=\"_self\">demandez un devis<\/a><\/div> [\/vc_column][\/vc_row][vc_row full_width=\u00a0\u00bbstretch_row\u00a0\u00bb css=\u00a0\u00bb.vc_custom_1570802979374{margin-top: 50px !important;}\u00a0\u00bb el_id=\u00a0\u00bbrow-6-a\u00a0\u00bb][vc_column width=\u00a0\u00bb1\/3&Prime;]<div class=\"centered-box\"><div class=\"gem-icon gem-icon-pack-material gem-icon-size-medium  gem-icon-shape-square gem-simple-icon \"  style=\"margin-top: 10px;margin-bottom: 10px;opacity: 1;\"><div class=\"gem-icon-inner\" style=\"\"><span class=\"gem-icon-half-1\" style=\"color: #0099ff;\"><span class=\"back-angle\">&#xf114;<\/span><\/span><span class=\"gem-icon-half-2\" style=\"color: #0099ff;\"><span class=\"back-angle\">&#xf114;<\/span><\/span><\/div><\/div><\/div>[vc_column_text]<\/p>\n<h3 style=\"text-align: center;\">expertise sant\u00e9<\/h3>\n<p>[\/vc_column_text][vc_column_text]<\/p>\n<p style=\"text-align: center;\">b\u00e9n\u00e9ficiez d&rsquo;une \u00e9quipe d&rsquo;experts en projet IT sant\u00e9 depuis plus de 20 ans.<\/p>\n<p>[\/vc_column_text][\/vc_column][vc_column width=\u00a0\u00bb1\/3&Prime;]<div class=\"centered-box\"><div class=\"gem-icon gem-icon-pack-elegant gem-icon-size-medium  gem-icon-shape-square gem-simple-icon \"  style=\"margin-top: 10px;margin-bottom: 10px;opacity: 1;\"><div class=\"gem-icon-inner\" style=\"\"><span class=\"gem-icon-half-1\" style=\"color: #0099ff;\"><span class=\"back-angle\">&#x7e;<\/span><\/span><span class=\"gem-icon-half-2\" style=\"color: #0099ff;\"><span class=\"back-angle\">&#x7e;<\/span><\/span><\/div><\/div><\/div>[vc_column_text]<\/p>\n<h3 style=\"text-align: center;\">CERTIFICATION &amp; AGR\u00c9MENTS E-SANT\u00c9<\/h3>\n<p>[\/vc_column_text][vc_column_text]<\/p>\n<p style=\"text-align: center;\">S\u00e9curit\u00e9 des donn\u00e9es &amp; conformit\u00e9 globale : UE (HDS &amp; ISO 27001, RGPD), US (HIPAA), Chine (CSL).<\/p>\n<p>[\/vc_column_text][\/vc_column][vc_column width=\u00a0\u00bb1\/3&Prime;]<div class=\"centered-box\"><div class=\"gem-icon gem-icon-pack-elegant gem-icon-size-medium  gem-icon-shape-square gem-simple-icon \"  style=\"margin-top: 10px;margin-bottom: 10px;opacity: 1;\"><div class=\"gem-icon-inner\" style=\"\"><span class=\"gem-icon-half-1\" style=\"color: #0099ff;\"><span class=\"back-angle\">&#xe0de;<\/span><\/span><span class=\"gem-icon-half-2\" style=\"color: #0099ff;\"><span class=\"back-angle\">&#xe0de;<\/span><\/span><\/div><\/div><\/div>[vc_column_text]<\/p>\n<h3 style=\"text-align: center;\">INTERNATIONAL<\/h3>\n<p>[\/vc_column_text][vc_column_text]<\/p>\n<p style=\"text-align: center;\">Des projets d\u00e9ploy\u00e9s dans le monde entier : Europe, Asie, Am\u00e9rique, Afrique.<\/p>\n<p>[\/vc_column_text][\/vc_column][\/vc_row][vc_row full_width=\u00a0\u00bbstretch_row\u00a0\u00bb css=\u00a0\u00bb.vc_custom_1570802251507{margin-bottom: 50px !important;}\u00a0\u00bb el_id=\u00a0\u00bbrow-6-b\u00a0\u00bb][vc_column width=\u00a0\u00bb1\/3&Prime;]<div class=\"centered-box\"><div class=\"gem-icon gem-icon-pack-material gem-icon-size-medium  gem-icon-shape-square gem-simple-icon \"  style=\"margin-top: 10px;margin-bottom: 10px;opacity: 1;\"><div class=\"gem-icon-inner\" style=\"\"><span class=\"gem-icon-half-1\" style=\"color: #0099ff;\"><span class=\"back-angle\">&#xf4cd;<\/span><\/span><span class=\"gem-icon-half-2\" style=\"color: #0099ff;\"><span class=\"back-angle\">&#xf4cd;<\/span><\/span><\/div><\/div><\/div>[vc_column_text]<\/p>\n<h3 style=\"text-align: center;\">continuit\u00e9 de service<\/h3>\n<p>[\/vc_column_text][vc_column_text]<\/p>\n<p style=\"text-align: center;\">Architecture Haute disponibilit\u00e9, SLA 99.9%, Infog\u00e9rance 24\/7 outsourcing.<\/p>\n<p>[\/vc_column_text][\/vc_column][vc_column width=\u00a0\u00bb1\/3&Prime;]<div class=\"centered-box\"><div class=\"gem-icon gem-icon-pack-material gem-icon-size-medium  gem-icon-shape-square gem-simple-icon \"  style=\"margin-top: 10px;margin-bottom: 10px;opacity: 1;\"><div class=\"gem-icon-inner\" style=\"\"><span class=\"gem-icon-half-1\" style=\"color: #0099ff;\"><span class=\"back-angle\">&#xf396;<\/span><\/span><span class=\"gem-icon-half-2\" style=\"color: #0099ff;\"><span class=\"back-angle\">&#xf396;<\/span><\/span><\/div><\/div><\/div>[vc_column_text]<\/p>\n<h3 style=\"text-align: center;\">protection de vos donn\u00e9es<\/h3>\n<p>[\/vc_column_text][vc_column_text]<\/p>\n<p style=\"text-align: center;\">Disponibilit\u00e9, Int\u00e9grit\u00e9, Confidentialit\u00e9, et Auditabilit\u00e9 durant tout le cycle de vie des donn\u00e9es de sant\u00e9.<\/p>\n<p>[\/vc_column_text][\/vc_column][vc_column width=\u00a0\u00bb1\/3&Prime;]<div class=\"centered-box\"><div class=\"gem-icon gem-icon-pack-elegant gem-icon-size-medium  gem-icon-shape-square gem-simple-icon \"  style=\"margin-top: 10px;margin-bottom: 10px;opacity: 1;\"><div class=\"gem-icon-inner\" style=\"\"><span class=\"gem-icon-half-1\" style=\"color: #0099ff;\"><span class=\"back-angle\">&#xe037;<\/span><\/span><span class=\"gem-icon-half-2\" style=\"color: #0099ff;\"><span class=\"back-angle\">&#xe037;<\/span><\/span><\/div><\/div><\/div>[vc_column_text]<\/p>\n<h3 style=\"text-align: center;\">richesse fonctionnelle<\/h3>\n<p>[\/vc_column_text][vc_column_text]<\/p>\n<p style=\"text-align: center;\">Une infrastructure-as-a-Service apportant des solutions rentables, souples et fonctionnelles.<\/p>\n<p>[\/vc_column_text][\/vc_column][\/vc_row][vc_row][vc_column][vc_raw_js]JTNDc2NyaXB0JTIwc3JjJTNEJTIyaHR0cHMlM0ElMkYlMkZzdGF0aWMubGFuZGJvdC5pbyUyRmxhbmRib3Qtd2lkZ2V0JTJGbGFuZGJvdC13aWRnZXQtMS4wLjAuanMlMjIlM0UlM0MlMkZzY3JpcHQlM0UlMEElM0NzY3JpcHQlM0UlMEElMjAlMjB2YXIlMjBteUxhbmRib3QlMjAlM0QlMjBuZXclMjBMYW5kYm90TGl2ZWNoYXQlMjglN0IlMEElMjAlMjAlMjAlMjBpbmRleCUzQSUyMCUyN2h0dHBzJTNBJTJGJTJGbGFuZGJvdC5pbyUyRnUlMkZILTMxNDgxNC1RUDlDTkpYNzdaNkI5RFZPJTJGaW5kZXguaHRtbCUyNyUyQyUwQSUyMCUyMCU3RCUyOSUzQiUwQSUzQyUyRnNjcmlwdCUzRSUwQQ==[\/vc_raw_js][\/vc_column][\/vc_row]<\/p>\n<\/div>","protected":false},"excerpt":{"rendered":"<p>[vc_row full_width=\u00a0\u00bbstretch_row\u00a0\u00bb content_placement=\u00a0\u00bbmiddle\u00a0\u00bb el_id=\u00a0\u00bbrow-1&Prime; css=\u00a0\u00bb.vc_custom_1570712154790{padding-top: 130px !important;padding-bottom: 130px !important;}\u00a0\u00bb][vc_column][vc_single_image image=\u00a0\u00bb63582&Prime; img_size=\u00a0\u00bblarge\u00a0\u00bb alignment=\u00a0\u00bbcenter\u00a0\u00bb css_animation=\u00a0\u00bbslideInUp\u00a0\u00bb][\/vc_column][\/vc_row][vc_row full_width=\u00a0\u00bbstretch_row\u00a0\u00bb equal_height=\u00a0\u00bbyes\u00a0\u00bb content_placement=\u00a0\u00bbmiddle\u00a0\u00bb el_id=\u00a0\u00bbrow-2&Prime; css=\u00a0\u00bb.vc_custom_1570712895655{padding-top: 50px !important;padding-bottom: 50px !important;}\u00a0\u00bb][vc_column width=\u00a0\u00bb1\/3&Prime;][vc_single_image image=\u00a0\u00bb63309&Prime; img_size=\u00a0\u00bbfull\u00a0\u00bb alignment=\u00a0\u00bbcenter\u00a0\u00bb][\/vc_column][vc_column width=\u00a0\u00bb2\/3&Prime;][vc_column_text] Simplifiez la gestion des donn\u00e9es de sant\u00e9 gr\u00e2ce \u00e0 une plateforme de gestion du cycle de vie conformes aux r\u00e9glementations multi-territoires UE, US et Chine [\/vc_column_text][\/vc_column][\/vc_row][vc_row full_width=\u00a0\u00bbstretch_row\u00a0\u00bb equal_height=\u00a0\u00bbyes\u00a0\u00bb content_placement=\u00a0\u00bbmiddle\u00a0\u00bb css=\u00a0\u00bb.vc_custom_1575381372405{padding-top: 50px !important;padding-bottom: 50px !important;background-color: #f7f7f7 !important;}\u00a0\u00bb el_id=\u00a0\u00bbrow-3&Prime;][vc_column][vc_row_inner equal_height=\u00a0\u00bbyes\u00a0\u00bb content_placement=\u00a0\u00bbmiddle\u00a0\u00bb el_id=\u00a0\u00bbrow-3-a\u00a0\u00bb][vc_column_inner width=\u00a0\u00bb1\/2&Prime;][vc_single_image image=\u00a0\u00bb57053&Prime; img_size=\u00a0\u00bbfull\u00a0\u00bb alignment=\u00a0\u00bbcenter\u00a0\u00bb el_class=\u00a0\u00bbfirst\u00a0\u00bb][\/vc_column_inner][vc_column_inner width=\u00a0\u00bb1\/2&Prime;][vc_column_text css=\u00a0\u00bb.vc_custom_1594028052464{margin-bottom: 40px !important;}\u00a0\u00bb] Cloud Sant\u00e9\u00ae Privacy, une solution pr\u00eate \u00e0 l&#8217;emploi, compl\u00e8te et \u00e9volutive. [\/vc_column_text][vc_column_text] Plateforme de gestion du cycle de vie des donn\u00e9es de sant\u00e9, sp\u00e9cialement con\u00e7ue pour que les d\u00e9veloppeurs puissent cr\u00e9er des solutions conformes aux r\u00e9glementations multi-territoires. [\/vc_column_text][vc_column_text css=\u00a0\u00bb.vc_custom_1594028109664{margin-bottom: 40px !important;}\u00a0\u00bb]Euris Cloud Sant\u00e9\u00ae et Pryv allient&#8230;<\/p>\n","protected":false},"author":13,"featured_media":0,"parent":30737,"menu_order":0,"comment_status":"closed","ping_status":"closed","template":"","meta":{"footnotes":""},"class_list":["post-63478","page","type-page","status-publish"],"_links":{"self":[{"href":"https:\/\/www.euris.com\/fr\/wp-json\/wp\/v2\/pages\/63478","targetHints":{"allow":["GET"]}}],"collection":[{"href":"https:\/\/www.euris.com\/fr\/wp-json\/wp\/v2\/pages"}],"about":[{"href":"https:\/\/www.euris.com\/fr\/wp-json\/wp\/v2\/types\/page"}],"author":[{"embeddable":true,"href":"https:\/\/www.euris.com\/fr\/wp-json\/wp\/v2\/users\/13"}],"replies":[{"embeddable":true,"href":"https:\/\/www.euris.com\/fr\/wp-json\/wp\/v2\/comments?post=63478"}],"version-history":[{"count":3,"href":"https:\/\/www.euris.com\/fr\/wp-json\/wp\/v2\/pages\/63478\/revisions"}],"predecessor-version":[{"id":64706,"href":"https:\/\/www.euris.com\/fr\/wp-json\/wp\/v2\/pages\/63478\/revisions\/64706"}],"up":[{"embeddable":true,"href":"https:\/\/www.euris.com\/fr\/wp-json\/wp\/v2\/pages\/30737"}],"wp:attachment":[{"href":"https:\/\/www.euris.com\/fr\/wp-json\/wp\/v2\/media?parent=63478"}],"curies":[{"name":"wp","href":"https:\/\/api.w.org\/{rel}","templated":true}]}}