{"id":63482,"date":"2020-07-31T11:40:21","date_gmt":"2020-07-31T09:40:21","guid":{"rendered":"https:\/\/www.euris.com\/?page_id=63482"},"modified":"2020-07-31T11:46:15","modified_gmt":"2020-07-31T09:46:15","slug":"privacy-start-up","status":"publish","type":"page","link":"https:\/\/www.euris.com\/fr\/cloud-sante-marketplace\/privacy-start-up\/","title":{"rendered":"Euris Cloud Sant\u00e9 Privacy Start-up"},"content":{"rendered":"<div class=\"wpb-content-wrapper\"><p>[vc_row full_width=\u00a0\u00bbstretch_row\u00a0\u00bb content_placement=\u00a0\u00bbmiddle\u00a0\u00bb el_id=\u00a0\u00bbrow-1&Prime; css=\u00a0\u00bb.vc_custom_1570712154790{padding-top: 130px !important;padding-bottom: 130px !important;}\u00a0\u00bb][vc_column][vc_single_image image=\u00a0\u00bb63585&Prime; img_size=\u00a0\u00bblarge\u00a0\u00bb alignment=\u00a0\u00bbcenter\u00a0\u00bb css_animation=\u00a0\u00bbslideInUp\u00a0\u00bb][\/vc_column][\/vc_row][vc_row full_width=\u00a0\u00bbstretch_row\u00a0\u00bb equal_height=\u00a0\u00bbyes\u00a0\u00bb content_placement=\u00a0\u00bbmiddle\u00a0\u00bb el_id=\u00a0\u00bbrow-2&Prime; css=\u00a0\u00bb.vc_custom_1570712895655{padding-top: 50px !important;padding-bottom: 50px !important;}\u00a0\u00bb][vc_column][vc_column_text]<\/p>\n<h1 style=\"text-align: center;\"><span style=\"color: #ffffff;\"><span style=\"color: #333333;\">Une offre packag\u00e9e d\u2019h\u00e9bergement et de gestion des donn\u00e9es personnelles de sant\u00e9 destin\u00e9e aux start-ups e-sant\u00e9<\/span><\/span><\/h1>\n<p>[\/vc_column_text]<style type=\"text\/css\">.thegem-button-69f54f11a07be2352 .gem-button svg {fill: #0099ff;}.thegem-button-69f54f11a07be2352 .gem-button:hover svg {fill: #ffffff;}<\/style><div class=\"gem-button-container gem-button-position-center thegem-button-69f54f11a07be2352    \"  ><a class=\"gem-button gem-button-size-medium gem-button-style-outline gem-button-text-weight-normal gem-button-border-2\" data-ll-effect=\"drop-right-without-wrap\" style=\"border-radius: 3px;border-color: #0099ff;color: #0099ff;\" onmouseleave=\"this.style.borderColor='#0099ff';this.style.backgroundColor='transparent';this.style.color='#0099ff';\" onmouseenter=\"this.style.backgroundColor='#0099ff';this.style.color='#ffffff';\" href=\"https:\/\/www.euris.com\/fr\/contact\/\" target=\"_self\">demandez un devis<\/a><\/div> [\/vc_column][\/vc_row][vc_row full_width=\u00a0\u00bbstretch_row\u00a0\u00bb equal_height=\u00a0\u00bbyes\u00a0\u00bb content_placement=\u00a0\u00bbmiddle\u00a0\u00bb css=\u00a0\u00bb.vc_custom_1575381372405{padding-top: 50px !important;padding-bottom: 50px !important;background-color: #f7f7f7 !important;}\u00a0\u00bb el_id=\u00a0\u00bbrow-3&Prime;][vc_column][vc_row_inner equal_height=\u00a0\u00bbyes\u00a0\u00bb content_placement=\u00a0\u00bbmiddle\u00a0\u00bb el_id=\u00a0\u00bbrow-3-a\u00a0\u00bb][vc_column_inner width=\u00a0\u00bb1\/2&Prime;][vc_single_image image=\u00a0\u00bb57053&Prime; img_size=\u00a0\u00bbfull\u00a0\u00bb alignment=\u00a0\u00bbcenter\u00a0\u00bb el_class=\u00a0\u00bbfirst\u00a0\u00bb][\/vc_column_inner][vc_column_inner width=\u00a0\u00bb1\/2&Prime;][vc_column_text css=\u00a0\u00bb.vc_custom_1594029084267{margin-bottom: 40px !important;}\u00a0\u00bb]<\/p>\n<h2><span style=\"color: #0099ff;\">Cloud Sant\u00e9\u00ae Privacy Start-up, une solution packag\u00e9e, pr\u00eate \u00e0 l&#8217;emploi, compl\u00e8te et \u00e9volutive.<\/span><\/h2>\n<p>[\/vc_column_text][vc_column_text]<\/p>\n<h3>L\u2019offre Cloud Sant\u00e9\u00ae Privacy \u00ab\u00a0Start-up\u00a0\u00bb permet de g\u00e9rer rigoureusement les donn\u00e9es personnelles de sant\u00e9 (DSCP) et de cr\u00e9er rapidement des applications respectueuses du droit du patient.<\/h3>\n<p>[\/vc_column_text][vc_column_text css=\u00a0\u00bb.vc_custom_1594029132418{margin-bottom: 40px !important;}\u00a0\u00bb]De la gestion des consentements lors du recueil des donn\u00e9es, jusqu\u2019\u00e0 leur stockage et \u00e0 la g\u00e9n\u00e9ration de rapport d\u2019audits de conformit\u00e9 RGPD et HDS, Cloud Sant\u00e9\u00ae Privacy vous permet de g\u00e9rer des Donn\u00e9es de Sant\u00e9 \u00e0 Caract\u00e8re Personnel (DSCP) dans le respect d\u2019une compliance globale et des r\u00e9glementations multi-territoires UE (RGPD, ISO 77002 &amp; HDS), US (HIPAA) et Chine (CSL).[\/vc_column_text][\/vc_column_inner][\/vc_row_inner][vc_row_inner equal_height=\u00a0\u00bbyes\u00a0\u00bb content_placement=\u00a0\u00bbmiddle\u00a0\u00bb el_id=\u00a0\u00bbrow-3-a\u00a0\u00bb css=\u00a0\u00bb.vc_custom_1594209902275{margin-top: 50px !important;}\u00a0\u00bb][vc_column_inner width=\u00a0\u00bb1\/2&Prime;][vc_column_text]<\/p>\n<h3>A propos de PRYV<\/h3>\n<p>[\/vc_column_text][vc_column_text css=\u00a0\u00bb.vc_custom_1594029271882{margin-bottom: 40px !important;}\u00a0\u00bb]Pryv.io est une plate-forme extensible de gestion du cycle de vie des donn\u00e9es personnelles sp\u00e9cialement con\u00e7ue pour permettre aux d\u00e9veloppeurs de cr\u00e9er et de faire \u00e9voluer rapidement des produits, des services et des exp\u00e9riences conformes aux exigences RGPD et HIPAA. Le logiciel a \u00e9t\u00e9 d\u00e9velopp\u00e9 pour permettre une int\u00e9gration rapide. Il est livr\u00e9 avec une connectivit\u00e9 IoT cl\u00e9 en main, un coffre-fort de stockage s\u00e9curis\u00e9, une gestion fine des consentements et une capacit\u00e9 d\u2019audit compl\u00e8te qui r\u00e9duit radicalement les co\u00fbts de d\u00e9veloppement informatique et acc\u00e9l\u00e8re le d\u00e9lai de rentabilit\u00e9 tout en r\u00e9pondant aux exigences de protection des donn\u00e9es les plus strictes.[\/vc_column_text][\/vc_column_inner][vc_column_inner width=\u00a0\u00bb1\/2&Prime;][vc_single_image image=\u00a0\u00bb63309&Prime; img_size=\u00a0\u00bbmedium\u00a0\u00bb alignment=\u00a0\u00bbcenter\u00a0\u00bb css=\u00a0\u00bb.vc_custom_1594029527420{margin-top: 50px !important;}\u00a0\u00bb][\/vc_column_inner][\/vc_row_inner][\/vc_column][\/vc_row][vc_row full_width=\u00a0\u00bbstretch_row\u00a0\u00bb equal_height=\u00a0\u00bbyes\u00a0\u00bb content_placement=\u00a0\u00bbmiddle\u00a0\u00bb el_id=\u00a0\u00bbrow-5&Prime; css=\u00a0\u00bb.vc_custom_1570802300597{padding-top: 50px !important;padding-bottom: 30px !important;}\u00a0\u00bb][vc_column][vc_column_text css=\u00a0\u00bb.vc_custom_1594028513434{margin-bottom: 40px !important;}\u00a0\u00bb]<\/p>\n<h2 style=\"text-align: center;\"><span style=\"color: #ffffff;\">Les b\u00e9n\u00e9fices pour vos projets e-sant\u00e9<\/span><\/h2>\n<p>[\/vc_column_text]<div class=\"gem-list gem-list-type-check-style-1 gem-list-color-2\" ><ul>\n<li style=\"text-align: center;\"><span style=\"color: #ffffff;\">Conformit\u00e9 globale.<\/span><\/li>\n<li style=\"text-align: center;\"><span style=\"color: #ffffff;\">Gestion du cycle de vie des DSCP : cr\u00e9ation, stockage, partage et suppression.<\/span><\/li>\n<li style=\"text-align: center;\"><span style=\"color: #ffffff;\">R\u00e9duit vos co\u00fbts de d\u00e9veloppement et acc\u00e9l\u00e8re votre Time to Market.<\/span><\/li>\n<li style=\"text-align: center;\"><span style=\"color: #ffffff;\">Transforme la compliance en avantage comp\u00e9titif.<\/span><\/li>\n<li style=\"text-align: center;\"><span style=\"color: #ffffff;\">Fiabilise et s\u00e9curise la gestion des DSCP et du workflow de gestion du droit de consentement et d&rsquo;opposition.<\/span><\/li>\n<\/ul>\n<\/div><style type=\"text\/css\">.thegem-button-69f54f11a08c05123 .gem-button svg {fill: #ffffff;}.thegem-button-69f54f11a08c05123 .gem-button:hover svg {fill: #0099ff;}<\/style><div class=\"gem-button-container gem-button-position-center thegem-button-69f54f11a08c05123    \"  ><a class=\"gem-button gem-button-size-medium gem-button-style-outline gem-button-text-weight-normal gem-button-border-2\" data-ll-effect=\"drop-right-without-wrap\" style=\"border-radius: 3px;border-color: #ffffff;color: #ffffff;\" onmouseleave=\"this.style.borderColor='#ffffff';this.style.backgroundColor='transparent';this.style.color='#ffffff';\" onmouseenter=\"this.style.backgroundColor='#ffffff';this.style.color='#0099ff';\" href=\"https:\/\/www.euris.com\/fr\/contact\/\" target=\"_self\">demandez un devis<\/a><\/div> [\/vc_column][\/vc_row][vc_row full_width=\u00a0\u00bbstretch_row\u00a0\u00bb css=\u00a0\u00bb.vc_custom_1570802979374{margin-top: 50px !important;}\u00a0\u00bb el_id=\u00a0\u00bbrow-6-a\u00a0\u00bb][vc_column width=\u00a0\u00bb1\/3&Prime;]<div class=\"centered-box\"><div class=\"gem-icon gem-icon-pack-material gem-icon-size-medium  gem-icon-shape-square gem-simple-icon \"  style=\"margin-top: 10px;margin-bottom: 10px;opacity: 1;\"><div class=\"gem-icon-inner\" style=\"\"><span class=\"gem-icon-half-1\" style=\"color: #0099ff;\"><span class=\"back-angle\">&#xf114;<\/span><\/span><span class=\"gem-icon-half-2\" style=\"color: #0099ff;\"><span class=\"back-angle\">&#xf114;<\/span><\/span><\/div><\/div><\/div>[vc_column_text]<\/p>\n<h3 style=\"text-align: center;\">expertise sant\u00e9<\/h3>\n<p>[\/vc_column_text][vc_column_text]<\/p>\n<p style=\"text-align: center;\">b\u00e9n\u00e9ficiez d&rsquo;une \u00e9quipe d&rsquo;experts en projet IT sant\u00e9 depuis plus de 20 ans.<\/p>\n<p>[\/vc_column_text][\/vc_column][vc_column width=\u00a0\u00bb1\/3&Prime;]<div class=\"centered-box\"><div class=\"gem-icon gem-icon-pack-elegant gem-icon-size-medium  gem-icon-shape-square gem-simple-icon \"  style=\"margin-top: 10px;margin-bottom: 10px;opacity: 1;\"><div class=\"gem-icon-inner\" style=\"\"><span class=\"gem-icon-half-1\" style=\"color: #0099ff;\"><span class=\"back-angle\">&#x7e;<\/span><\/span><span class=\"gem-icon-half-2\" style=\"color: #0099ff;\"><span class=\"back-angle\">&#x7e;<\/span><\/span><\/div><\/div><\/div>[vc_column_text]<\/p>\n<h3 style=\"text-align: center;\">CERTIFICATION &amp; AGR\u00c9MENTS E-SANT\u00c9<\/h3>\n<p>[\/vc_column_text][vc_column_text]<\/p>\n<p style=\"text-align: center;\">S\u00e9curit\u00e9 des donn\u00e9es &amp; conformit\u00e9 globale : UE (HDS &amp; ISO 27001, RGPD), US (HIPAA), Chine (CSL).<\/p>\n<p>[\/vc_column_text][\/vc_column][vc_column width=\u00a0\u00bb1\/3&Prime;]<div class=\"centered-box\"><div class=\"gem-icon gem-icon-pack-elegant gem-icon-size-medium  gem-icon-shape-square gem-simple-icon \"  style=\"margin-top: 10px;margin-bottom: 10px;opacity: 1;\"><div class=\"gem-icon-inner\" style=\"\"><span class=\"gem-icon-half-1\" style=\"color: #0099ff;\"><span class=\"back-angle\">&#xe0de;<\/span><\/span><span class=\"gem-icon-half-2\" style=\"color: #0099ff;\"><span class=\"back-angle\">&#xe0de;<\/span><\/span><\/div><\/div><\/div>[vc_column_text]<\/p>\n<h3 style=\"text-align: center;\">INTERNATIONAL<\/h3>\n<p>[\/vc_column_text][vc_column_text]<\/p>\n<p style=\"text-align: center;\">Des projets d\u00e9ploy\u00e9s dans le monde entier : Europe, Asie, Am\u00e9rique, Afrique.<\/p>\n<p>[\/vc_column_text][\/vc_column][\/vc_row][vc_row full_width=\u00a0\u00bbstretch_row\u00a0\u00bb css=\u00a0\u00bb.vc_custom_1570802251507{margin-bottom: 50px !important;}\u00a0\u00bb el_id=\u00a0\u00bbrow-6-b\u00a0\u00bb][vc_column width=\u00a0\u00bb1\/3&Prime;]<div class=\"centered-box\"><div class=\"gem-icon gem-icon-pack-material gem-icon-size-medium  gem-icon-shape-square gem-simple-icon \"  style=\"margin-top: 10px;margin-bottom: 10px;opacity: 1;\"><div class=\"gem-icon-inner\" style=\"\"><span class=\"gem-icon-half-1\" style=\"color: #0099ff;\"><span class=\"back-angle\">&#xf4cd;<\/span><\/span><span class=\"gem-icon-half-2\" style=\"color: #0099ff;\"><span class=\"back-angle\">&#xf4cd;<\/span><\/span><\/div><\/div><\/div>[vc_column_text]<\/p>\n<h3 style=\"text-align: center;\">continuit\u00e9 de service<\/h3>\n<p>[\/vc_column_text][vc_column_text]<\/p>\n<p style=\"text-align: center;\">Architecture Haute disponibilit\u00e9, SLA 99.9%, Infog\u00e9rance 24\/7 outsourcing.<\/p>\n<p>[\/vc_column_text][\/vc_column][vc_column width=\u00a0\u00bb1\/3&Prime;]<div class=\"centered-box\"><div class=\"gem-icon gem-icon-pack-material gem-icon-size-medium  gem-icon-shape-square gem-simple-icon \"  style=\"margin-top: 10px;margin-bottom: 10px;opacity: 1;\"><div class=\"gem-icon-inner\" style=\"\"><span class=\"gem-icon-half-1\" style=\"color: #0099ff;\"><span class=\"back-angle\">&#xf396;<\/span><\/span><span class=\"gem-icon-half-2\" style=\"color: #0099ff;\"><span class=\"back-angle\">&#xf396;<\/span><\/span><\/div><\/div><\/div>[vc_column_text]<\/p>\n<h3 style=\"text-align: center;\">protection de vos donn\u00e9es<\/h3>\n<p>[\/vc_column_text][vc_column_text]<\/p>\n<p style=\"text-align: center;\">Disponibilit\u00e9, Int\u00e9grit\u00e9, Confidentialit\u00e9, et Auditabilit\u00e9 durant tout le cycle de vie des donn\u00e9es de sant\u00e9.<\/p>\n<p>[\/vc_column_text][\/vc_column][vc_column width=\u00a0\u00bb1\/3&Prime;]<div class=\"centered-box\"><div class=\"gem-icon gem-icon-pack-elegant gem-icon-size-medium  gem-icon-shape-square gem-simple-icon \"  style=\"margin-top: 10px;margin-bottom: 10px;opacity: 1;\"><div class=\"gem-icon-inner\" style=\"\"><span class=\"gem-icon-half-1\" style=\"color: #0099ff;\"><span class=\"back-angle\">&#xe037;<\/span><\/span><span class=\"gem-icon-half-2\" style=\"color: #0099ff;\"><span class=\"back-angle\">&#xe037;<\/span><\/span><\/div><\/div><\/div>[vc_column_text]<\/p>\n<h3 style=\"text-align: center;\">richesse fonctionnelle<\/h3>\n<p>[\/vc_column_text][vc_column_text]<\/p>\n<p style=\"text-align: center;\">Une infrastructure-as-a-Service apportant des solutions rentables, souples et fonctionnelles.<\/p>\n<p>[\/vc_column_text][\/vc_column][\/vc_row][vc_row][vc_column][vc_raw_js]JTNDc2NyaXB0JTIwc3JjJTNEJTIyaHR0cHMlM0ElMkYlMkZzdGF0aWMubGFuZGJvdC5pbyUyRmxhbmRib3Qtd2lkZ2V0JTJGbGFuZGJvdC13aWRnZXQtMS4wLjAuanMlMjIlM0UlM0MlMkZzY3JpcHQlM0UlMEElM0NzY3JpcHQlM0UlMEElMjAlMjB2YXIlMjBteUxhbmRib3QlMjAlM0QlMjBuZXclMjBMYW5kYm90TGl2ZWNoYXQlMjglN0IlMEElMjAlMjAlMjAlMjBpbmRleCUzQSUyMCUyN2h0dHBzJTNBJTJGJTJGbGFuZGJvdC5pbyUyRnUlMkZILTMxNDgxNC1RUDlDTkpYNzdaNkI5RFZPJTJGaW5kZXguaHRtbCUyNyUyQyUwQSUyMCUyMCU3RCUyOSUzQiUwQSUzQyUyRnNjcmlwdCUzRSUwQQ==[\/vc_raw_js][\/vc_column][\/vc_row]<\/p>\n<\/div>","protected":false},"excerpt":{"rendered":"<p>[vc_row full_width=\u00a0\u00bbstretch_row\u00a0\u00bb content_placement=\u00a0\u00bbmiddle\u00a0\u00bb el_id=\u00a0\u00bbrow-1&Prime; css=\u00a0\u00bb.vc_custom_1570712154790{padding-top: 130px !important;padding-bottom: 130px !important;}\u00a0\u00bb][vc_column][vc_single_image image=\u00a0\u00bb63585&Prime; img_size=\u00a0\u00bblarge\u00a0\u00bb alignment=\u00a0\u00bbcenter\u00a0\u00bb css_animation=\u00a0\u00bbslideInUp\u00a0\u00bb][\/vc_column][\/vc_row][vc_row full_width=\u00a0\u00bbstretch_row\u00a0\u00bb equal_height=\u00a0\u00bbyes\u00a0\u00bb content_placement=\u00a0\u00bbmiddle\u00a0\u00bb el_id=\u00a0\u00bbrow-2&Prime; css=\u00a0\u00bb.vc_custom_1570712895655{padding-top: 50px !important;padding-bottom: 50px !important;}\u00a0\u00bb][vc_column][vc_column_text] Une offre packag\u00e9e d\u2019h\u00e9bergement et de gestion des donn\u00e9es personnelles de sant\u00e9 destin\u00e9e aux start-ups e-sant\u00e9 [\/vc_column_text][\/vc_column][\/vc_row][vc_row full_width=\u00a0\u00bbstretch_row\u00a0\u00bb equal_height=\u00a0\u00bbyes\u00a0\u00bb content_placement=\u00a0\u00bbmiddle\u00a0\u00bb css=\u00a0\u00bb.vc_custom_1575381372405{padding-top: 50px !important;padding-bottom: 50px !important;background-color: #f7f7f7 !important;}\u00a0\u00bb el_id=\u00a0\u00bbrow-3&Prime;][vc_column][vc_row_inner equal_height=\u00a0\u00bbyes\u00a0\u00bb content_placement=\u00a0\u00bbmiddle\u00a0\u00bb el_id=\u00a0\u00bbrow-3-a\u00a0\u00bb][vc_column_inner width=\u00a0\u00bb1\/2&Prime;][vc_single_image image=\u00a0\u00bb57053&Prime; img_size=\u00a0\u00bbfull\u00a0\u00bb alignment=\u00a0\u00bbcenter\u00a0\u00bb el_class=\u00a0\u00bbfirst\u00a0\u00bb][\/vc_column_inner][vc_column_inner width=\u00a0\u00bb1\/2&Prime;][vc_column_text css=\u00a0\u00bb.vc_custom_1594029084267{margin-bottom: 40px !important;}\u00a0\u00bb] Cloud Sant\u00e9\u00ae Privacy Start-up, une solution packag\u00e9e, pr\u00eate \u00e0 l&#8217;emploi, compl\u00e8te et \u00e9volutive. [\/vc_column_text][vc_column_text] L\u2019offre Cloud Sant\u00e9\u00ae Privacy \u00ab\u00a0Start-up\u00a0\u00bb permet de g\u00e9rer rigoureusement les donn\u00e9es personnelles de sant\u00e9 (DSCP) et de cr\u00e9er rapidement des applications respectueuses du droit du patient. [\/vc_column_text][vc_column_text css=\u00a0\u00bb.vc_custom_1594029132418{margin-bottom: 40px !important;}\u00a0\u00bb]De la gestion des consentements lors du recueil des donn\u00e9es, jusqu\u2019\u00e0 leur stockage et \u00e0 la g\u00e9n\u00e9ration&#8230;<\/p>\n","protected":false},"author":13,"featured_media":0,"parent":30737,"menu_order":0,"comment_status":"closed","ping_status":"closed","template":"","meta":{"footnotes":""},"class_list":["post-63482","page","type-page","status-publish"],"_links":{"self":[{"href":"https:\/\/www.euris.com\/fr\/wp-json\/wp\/v2\/pages\/63482","targetHints":{"allow":["GET"]}}],"collection":[{"href":"https:\/\/www.euris.com\/fr\/wp-json\/wp\/v2\/pages"}],"about":[{"href":"https:\/\/www.euris.com\/fr\/wp-json\/wp\/v2\/types\/page"}],"author":[{"embeddable":true,"href":"https:\/\/www.euris.com\/fr\/wp-json\/wp\/v2\/users\/13"}],"replies":[{"embeddable":true,"href":"https:\/\/www.euris.com\/fr\/wp-json\/wp\/v2\/comments?post=63482"}],"version-history":[{"count":3,"href":"https:\/\/www.euris.com\/fr\/wp-json\/wp\/v2\/pages\/63482\/revisions"}],"predecessor-version":[{"id":64707,"href":"https:\/\/www.euris.com\/fr\/wp-json\/wp\/v2\/pages\/63482\/revisions\/64707"}],"up":[{"embeddable":true,"href":"https:\/\/www.euris.com\/fr\/wp-json\/wp\/v2\/pages\/30737"}],"wp:attachment":[{"href":"https:\/\/www.euris.com\/fr\/wp-json\/wp\/v2\/media?parent=63482"}],"curies":[{"name":"wp","href":"https:\/\/api.w.org\/{rel}","templated":true}]}}