{"id":64673,"date":"2020-07-31T10:31:19","date_gmt":"2020-07-31T08:31:19","guid":{"rendered":"https:\/\/www.euris.com\/cloud-sante-marketplace\/start-up\/"},"modified":"2020-09-17T15:13:45","modified_gmt":"2020-09-17T13:13:45","slug":"start-up","status":"publish","type":"page","link":"https:\/\/www.euris.com\/fr\/cloud-sante-marketplace\/start-up\/","title":{"rendered":"Euris Cloud Sant\u00e9\u00ae Start-up"},"content":{"rendered":"<div class=\"wpb-content-wrapper\"><p>[vc_row full_width=\u00a0\u00bbstretch_row\u00a0\u00bb content_placement=\u00a0\u00bbmiddle\u00a0\u00bb el_id=\u00a0\u00bbrow-1&Prime; css=\u00a0\u00bb.vc_custom_1570712154790{padding-top: 130px !important;padding-bottom: 130px !important;}\u00a0\u00bb][vc_column][vc_single_image image=\u00a0\u00bb64670&Prime; img_size=\u00a0\u00bbfull\u00a0\u00bb alignment=\u00a0\u00bbcenter\u00a0\u00bb css_animation=\u00a0\u00bbslideInUp\u00a0\u00bb][\/vc_column][\/vc_row][vc_row full_width=\u00a0\u00bbstretch_row\u00a0\u00bb equal_height=\u00a0\u00bbyes\u00a0\u00bb content_placement=\u00a0\u00bbmiddle\u00a0\u00bb el_id=\u00a0\u00bbrow-2&Prime; css=\u00a0\u00bb.vc_custom_1570712895655{padding-top: 50px !important;padding-bottom: 50px !important;}\u00a0\u00bb][vc_column][vc_column_text]<\/p>\n<h1 style=\"text-align: center;\">Euris Cloud Sant\u00e9\u00ae START-UP, une offre d\u2019h\u00e9bergement destin\u00e9e aux start-ups e-sant\u00e9.<\/h1>\n<p>[\/vc_column_text]<style type=\"text\/css\">.thegem-button-69f39e3ca6e7d7217 .gem-button svg {fill: #0099ff;}.thegem-button-69f39e3ca6e7d7217 .gem-button:hover svg {fill: #ffffff;}<\/style><div class=\"gem-button-container gem-button-position-center thegem-button-69f39e3ca6e7d7217    \"  ><a class=\"gem-button gem-button-size-medium gem-button-style-outline gem-button-text-weight-normal gem-button-border-2\" data-ll-effect=\"drop-right-without-wrap\" style=\"border-radius: 3px;border-color: #0099ff;color: #0099ff;\" onmouseleave=\"this.style.borderColor='#0099ff';this.style.backgroundColor='transparent';this.style.color='#0099ff';\" onmouseenter=\"this.style.backgroundColor='#0099ff';this.style.color='#ffffff';\" href=\"https:\/\/www.euris.com\/fr\/contact\/\" target=\"_self\">demandez un devis<\/a><\/div> [\/vc_column][\/vc_row][vc_row full_width=\u00a0\u00bbstretch_row\u00a0\u00bb equal_height=\u00a0\u00bbyes\u00a0\u00bb content_placement=\u00a0\u00bbmiddle\u00a0\u00bb css=\u00a0\u00bb.vc_custom_1575381372405{padding-top: 50px !important;padding-bottom: 50px !important;background-color: #f7f7f7 !important;}\u00a0\u00bb el_id=\u00a0\u00bbrow-3&Prime;][vc_column][vc_row_inner equal_height=\u00a0\u00bbyes\u00a0\u00bb content_placement=\u00a0\u00bbmiddle\u00a0\u00bb el_id=\u00a0\u00bbrow-3-a\u00a0\u00bb css=\u00a0\u00bb.vc_custom_1596045196074{margin-bottom: 50px !important;}\u00a0\u00bb][vc_column_inner width=\u00a0\u00bb1\/2&Prime;][vc_single_image image=\u00a0\u00bb48763&Prime; img_size=\u00a0\u00bbfull\u00a0\u00bb alignment=\u00a0\u00bbcenter\u00a0\u00bb el_class=\u00a0\u00bbfirst\u00a0\u00bb][\/vc_column_inner][vc_column_inner width=\u00a0\u00bb1\/2&Prime;][vc_column_text css=\u00a0\u00bb.vc_custom_1596185965110{margin-bottom: 40px !important;}\u00a0\u00bb]<\/p>\n<h2><span style=\"color: #0099ff;\">Euris Cloud Sant\u00e9\u00ae Start-up, une solution packag\u00e9e.<\/span><\/h2>\n<p>[\/vc_column_text][vc_column_text]<\/p>\n<h3>Une offre pr\u00eate \u00e0 l&#8217;emploi et conforme aux r\u00e9glementations multi territoires<\/h3>\n<p>[\/vc_column_text][vc_column_text css=\u00a0\u00bb.vc_custom_1596186001511{margin-bottom: 40px !important;}\u00a0\u00bb]Afin d\u2019acc\u00e9l\u00e9rer l\u2019innovation en mati\u00e8re de soins de sant\u00e9, Euris Cloud Sant\u00e9\u00ae propose un h\u00e9bergement agr\u00e9\u00e9 et certifi\u00e9 HDS packag\u00e9 sp\u00e9cialement pens\u00e9 pour les start-up e-sant\u00e9. Premier Cloud d\u00e9di\u00e9 \u00e0 la sant\u00e9 connect\u00e9e, Euris Cloud Sant\u00e9\u00ae respecte et garantit les crit\u00e8res DICA: Disponibilit\u00e9, Int\u00e9grit\u00e9, Confidentialit\u00e9, et Auditabilit\u00e9 des donn\u00e9es de sant\u00e9. La s\u00e9curit\u00e9 \u00e9tant la responsabilit\u00e9 de tous, l\u2019ensemble de nos \u00e9quipes est form\u00e9 aux exigences et conditions de sa mise en \u0153uvre. L\u2019ensemble de nos services cloud est conforme aux r\u00e9glementations multi territoires UE (RGPD, HDS &amp;amp; ISO27001), US (HIPAA) et Chine (CSL).[\/vc_column_text][\/vc_column_inner][\/vc_row_inner][vc_row_inner equal_height=\u00a0\u00bbyes\u00a0\u00bb content_placement=\u00a0\u00bbmiddle\u00a0\u00bb el_id=\u00a0\u00bbrow-3-b\u00a0\u00bb css=\u00a0\u00bb.vc_custom_1596099875146{margin-top: 60px !important;}\u00a0\u00bb][vc_column_inner width=\u00a0\u00bb2\/3&Prime;]<div class=\" gem-icon-with-title  gem-icon-with-title-icon-size-small\" ><div class=\"gem-icon-with-title-icon\"><div class=\"gem-icon gem-icon-pack-elegant gem-icon-size-small  gem-icon-shape-square gem-simple-icon \"  style=\"opacity: 1;\"><div class=\"gem-icon-inner\" style=\"\"><span class=\"gem-icon-half-1\" style=\"color: #0099ff;\"><span class=\"back-angle\">&#x3d;<\/span><\/span><span class=\"gem-icon-half-2\" style=\"color: #0099ff;\"><span class=\"back-angle\">&#x3d;<\/span><\/span><\/div><\/div><\/div><div class=\"gem-iconed-title\"><h3 style=\"color: #0099ff;\">Architecture Multi-site redond\u00e9e et s\u00e9curis\u00e9e<\/h3><\/div><\/div>[vc_column_text css=\u00a0\u00bb.vc_custom_1596186105646{margin-bottom: 40px !important;}\u00a0\u00bb]Reposant sur des datacenters class\u00e9s Tier3+, chaque site est int\u00e9gralement autonome et b\u00e9n\u00e9ficie des \u00e9quipements de c\u0153ur de r\u00e9seau n\u00e9cessaires \u00e0 son fonctionnement, en plus de raccordements multi-op\u00e9rateurs de transit. La r\u00e9plication temps-r\u00e9el des donn\u00e9es entre chaque site permet une s\u00e9curisation du stockage infaillible.[\/vc_column_text]<div class=\" gem-icon-with-title  gem-icon-with-title-icon-size-small\" ><div class=\"gem-icon-with-title-icon\"><div class=\"gem-icon gem-icon-pack-elegant gem-icon-size-small  gem-icon-shape-square gem-simple-icon \"  style=\"opacity: 1;\"><div class=\"gem-icon-inner\" style=\"\"><span class=\"gem-icon-half-1\" style=\"color: #0099ff;\"><span class=\"back-angle\">&#x3d;<\/span><\/span><span class=\"gem-icon-half-2\" style=\"color: #0099ff;\"><span class=\"back-angle\">&#x3d;<\/span><\/span><\/div><\/div><\/div><div class=\"gem-iconed-title\"><h3 style=\"color: #0099ff;\">Plan de continuit\u00e9 d\u2019activit\u00e9 (PCA)<\/h3><\/div><\/div>[vc_column_text]Les sites de Cloud Sant\u00e9\u00ae fonctionnent en mode Actif\/Actif et permettent des mises \u00e0 jour applicatives et de firmware sans coupure de service.[\/vc_column_text]<div class=\" gem-icon-with-title  gem-icon-with-title-icon-size-small\" ><div class=\"gem-icon-with-title-icon\"><div class=\"gem-icon gem-icon-pack-elegant gem-icon-size-small  gem-icon-shape-square gem-simple-icon \"  style=\"opacity: 1;\"><div class=\"gem-icon-inner\" style=\"\"><span class=\"gem-icon-half-1\" style=\"color: #0099ff;\"><span class=\"back-angle\">&#x3d;<\/span><\/span><span class=\"gem-icon-half-2\" style=\"color: #0099ff;\"><span class=\"back-angle\">&#x3d;<\/span><\/span><\/div><\/div><\/div><div class=\"gem-iconed-title\"><h3 style=\"color: #0099ff;\">Supervision temps r\u00e9el et KPI de s\u00e9curit\u00e9<\/h3><\/div><\/div>[vc_column_text]Chaque KPI de sant\u00e9 et de s\u00e9curit\u00e9 des infrastructures est accessible sur le portail client : supervision temps-r\u00e9el des plateformes et \u00e9mission d\u2019alertes en cas de d\u00e9faillance. Cloud Sant\u00e9 vous accompagne dans la mise en place d\u2019\u00e9l\u00e9ments de supervision personnalis\u00e9es et adapt\u00e9es aux sp\u00e9cificit\u00e9s de vos plateformes.[\/vc_column_text]<div class=\" gem-icon-with-title  gem-icon-with-title-icon-size-small\" ><div class=\"gem-icon-with-title-icon\"><div class=\"gem-icon gem-icon-pack-elegant gem-icon-size-small  gem-icon-shape-square gem-simple-icon \"  style=\"opacity: 1;\"><div class=\"gem-icon-inner\" style=\"\"><span class=\"gem-icon-half-1\" style=\"color: #0099ff;\"><span class=\"back-angle\">&#x3d;<\/span><\/span><span class=\"gem-icon-half-2\" style=\"color: #0099ff;\"><span class=\"back-angle\">&#x3d;<\/span><\/span><\/div><\/div><\/div><div class=\"gem-iconed-title\"><h3 style=\"color: #0099ff;\">Haute disponibilit\u00e9<\/h3><\/div><\/div>[vc_column_text]SLA 99,8% et GTR 4 H. Service de support disponible en 24\/7.[\/vc_column_text][\/vc_column_inner][vc_column_inner width=\u00a0\u00bb1\/3&Prime;][vc_single_image image=\u00a0\u00bb56503&Prime; img_size=\u00a0\u00bbmedium\u00a0\u00bb alignment=\u00a0\u00bbcenter\u00a0\u00bb css=\u00a0\u00bb.vc_custom_1596100173480{margin-top: 50px !important;}\u00a0\u00bb][\/vc_column_inner][\/vc_row_inner][vc_separator color=\u00a0\u00bbcustom\u00a0\u00bb align=\u00a0\u00bbalign_left\u00a0\u00bb accent_color=\u00a0\u00bb#0099ff\u00a0\u00bb css=\u00a0\u00bb.vc_custom_1596100677727{margin-top: 60px !important;}\u00a0\u00bb][vc_row_inner gap=\u00a0\u00bb20&Prime; el_id=\u00a0\u00bbrow-3-c\u00a0\u00bb css=\u00a0\u00bb.vc_custom_1596100694524{margin-top: 60px !important;}\u00a0\u00bb][vc_column_inner width=\u00a0\u00bb1\/2&Prime;][vc_column_text]<\/p>\n<h4><span style=\"color: #0099ff;\">PLATEFORME HDS TYPE \u00ab START-UP E-SANT\u00c9 \u00bb<\/span><\/h4>\n<p>[\/vc_column_text][vc_column_text]Architecture dual site synchrone, 2 VM 2vCPU\/4 Go de RAM; Stockage SSD SAN\/ NAS: 25 Go; Sauvegarde : 25 Go; Bande Passante : 100 Mbit\/sec\u00a0; Chef de projet d\u00e9di\u00e9; Supervision et Infog\u00e9rance<br \/>\n\u2022 Co\u00fbts d\u2019installation : 999 \u20ac HT<br \/>\n\u2022 Co\u00fbts mensuels : 499 \u20ac HT[\/vc_column_text][\/vc_column_inner][vc_column_inner width=\u00a0\u00bb1\/2&Prime;][vc_column_text]<\/p>\n<h4><span style=\"color: #0099ff;\">Upgrade<\/span><\/h4>\n<p>[\/vc_column_text][vc_column_text]\u2022 vCPU sup. : 20 \u20ac \/ mois<br \/>\n\u2022 Go de RAM sup. : 8 \u20ac \/ mois<br \/>\n\u2022 Go de Stockage sup. : 0,40 \u20ac \/ mois<br \/>\n\u2022 Go de Sauvegarde sup.\u00a0: 0,20 \u20ac \/ mois[\/vc_column_text][\/vc_column_inner][\/vc_row_inner][\/vc_column][\/vc_row][vc_row full_width=\u00a0\u00bbstretch_row\u00a0\u00bb css=\u00a0\u00bb.vc_custom_1570714541253{margin-top: 50px !important;margin-bottom: 50px !important;}\u00a0\u00bb el_id=\u00a0\u00bbrow-6-a\u00a0\u00bb][vc_column width=\u00a0\u00bb1\/3&Prime;]<div class=\"centered-box\"><div class=\"gem-icon gem-icon-pack-material gem-icon-size-medium  gem-icon-shape-square gem-simple-icon \"  style=\"margin-top: 10px;margin-bottom: 10px;opacity: 1;\"><div class=\"gem-icon-inner\" style=\"\"><span class=\"gem-icon-half-1\" style=\"color: #0099ff;\"><span class=\"back-angle\">&#xf114;<\/span><\/span><span class=\"gem-icon-half-2\" style=\"color: #0099ff;\"><span class=\"back-angle\">&#xf114;<\/span><\/span><\/div><\/div><\/div>[vc_column_text]<\/p>\n<h3 style=\"text-align: center;\">expertise sant\u00e9<\/h3>\n<p>[\/vc_column_text][vc_column_text]<\/p>\n<p style=\"text-align: center;\">b\u00e9n\u00e9ficiez d&rsquo;une \u00e9quipe d&rsquo;experts en projet IT sant\u00e9 depuis plus de 20 ans.<\/p>\n<p>[\/vc_column_text][\/vc_column][vc_column width=\u00a0\u00bb1\/3&Prime;]<div class=\"centered-box\"><div class=\"gem-icon gem-icon-pack-elegant gem-icon-size-medium  gem-icon-shape-square gem-simple-icon \"  style=\"margin-top: 10px;margin-bottom: 10px;opacity: 1;\"><div class=\"gem-icon-inner\" style=\"\"><span class=\"gem-icon-half-1\" style=\"color: #0099ff;\"><span class=\"back-angle\">&#x7e;<\/span><\/span><span class=\"gem-icon-half-2\" style=\"color: #0099ff;\"><span class=\"back-angle\">&#x7e;<\/span><\/span><\/div><\/div><\/div>[vc_column_text]<\/p>\n<h3 style=\"text-align: center;\">CERTIFICATION &amp; AGR\u00c9MENTS E-SANT\u00c9<\/h3>\n<p>[\/vc_column_text][vc_column_text]<\/p>\n<p style=\"text-align: center;\">S\u00e9curit\u00e9 des donn\u00e9es &amp; conformit\u00e9 globale : UE (HDS &amp; ISO 27001, RGPD), US (HIPAA), Chine (CSL).<\/p>\n<p>[\/vc_column_text][\/vc_column][vc_column width=\u00a0\u00bb1\/3&Prime;]<div class=\"centered-box\"><div class=\"gem-icon gem-icon-pack-elegant gem-icon-size-medium  gem-icon-shape-square gem-simple-icon \"  style=\"margin-top: 10px;margin-bottom: 10px;opacity: 1;\"><div class=\"gem-icon-inner\" style=\"\"><span class=\"gem-icon-half-1\" style=\"color: #0099ff;\"><span class=\"back-angle\">&#xe0de;<\/span><\/span><span class=\"gem-icon-half-2\" style=\"color: #0099ff;\"><span class=\"back-angle\">&#xe0de;<\/span><\/span><\/div><\/div><\/div>[vc_column_text]<\/p>\n<h3 style=\"text-align: center;\">INTERNATIONAL<\/h3>\n<p>[\/vc_column_text][vc_column_text]<\/p>\n<p style=\"text-align: center;\">Des projets d\u00e9ploy\u00e9s dans le monde entier : Europe, Asie, Am\u00e9rique, Afrique.<\/p>\n<p>[\/vc_column_text][\/vc_column][\/vc_row][vc_row full_width=\u00a0\u00bbstretch_row\u00a0\u00bb css=\u00a0\u00bb.vc_custom_1596186720392{margin-top: 20px !important;margin-bottom: 50px !important;}\u00a0\u00bb el_id=\u00a0\u00bbrow-6-b\u00a0\u00bb][vc_column width=\u00a0\u00bb1\/3&Prime;]<div class=\"centered-box\"><div class=\"gem-icon gem-icon-pack-material gem-icon-size-medium  gem-icon-shape-square gem-simple-icon \"  style=\"margin-top: 10px;margin-bottom: 10px;opacity: 1;\"><div class=\"gem-icon-inner\" style=\"\"><span class=\"gem-icon-half-1\" style=\"color: #0099ff;\"><span class=\"back-angle\">&#xf4cd;<\/span><\/span><span class=\"gem-icon-half-2\" style=\"color: #0099ff;\"><span class=\"back-angle\">&#xf4cd;<\/span><\/span><\/div><\/div><\/div>[vc_column_text]<\/p>\n<h3 style=\"text-align: center;\">continuit\u00e9 de service<\/h3>\n<p>[\/vc_column_text][vc_column_text]<\/p>\n<p style=\"text-align: center;\">Architecture Haute disponibilit\u00e9, SLA 99.9%, Infog\u00e9rance 24\/7 outsourcing.<\/p>\n<p>[\/vc_column_text][\/vc_column][vc_column width=\u00a0\u00bb1\/3&Prime;]<div class=\"centered-box\"><div class=\"gem-icon gem-icon-pack-material gem-icon-size-medium  gem-icon-shape-square gem-simple-icon \"  style=\"margin-top: 10px;margin-bottom: 10px;opacity: 1;\"><div class=\"gem-icon-inner\" style=\"\"><span class=\"gem-icon-half-1\" style=\"color: #0099ff;\"><span class=\"back-angle\">&#xf396;<\/span><\/span><span class=\"gem-icon-half-2\" style=\"color: #0099ff;\"><span class=\"back-angle\">&#xf396;<\/span><\/span><\/div><\/div><\/div>[vc_column_text]<\/p>\n<h3 style=\"text-align: center;\">protection de vos donn\u00e9es<\/h3>\n<p>[\/vc_column_text][vc_column_text]<\/p>\n<p style=\"text-align: center;\">Disponibilit\u00e9, Int\u00e9grit\u00e9, Confidentialit\u00e9, et Auditabilit\u00e9 durant tout le cycle de vie des donn\u00e9es de sant\u00e9.<\/p>\n<p>[\/vc_column_text][\/vc_column][vc_column width=\u00a0\u00bb1\/3&Prime;]<div class=\"centered-box\"><div class=\"gem-icon gem-icon-pack-elegant gem-icon-size-medium  gem-icon-shape-square gem-simple-icon \"  style=\"margin-top: 10px;margin-bottom: 10px;opacity: 1;\"><div class=\"gem-icon-inner\" style=\"\"><span class=\"gem-icon-half-1\" style=\"color: #0099ff;\"><span class=\"back-angle\">&#xe037;<\/span><\/span><span class=\"gem-icon-half-2\" style=\"color: #0099ff;\"><span class=\"back-angle\">&#xe037;<\/span><\/span><\/div><\/div><\/div>[vc_column_text]<\/p>\n<h3 style=\"text-align: center;\">richesse fonctionnelle<\/h3>\n<p>[\/vc_column_text][vc_column_text]<\/p>\n<p style=\"text-align: center;\">Une infrastructure-as-a-Service apportant des solutions rentables, souples et fonctionnelles.<\/p>\n<p>[\/vc_column_text][\/vc_column][\/vc_row][vc_row][vc_column][vc_raw_js]JTNDc2NyaXB0JTIwc3JjJTNEJTIyaHR0cHMlM0ElMkYlMkZzdGF0aWMubGFuZGJvdC5pbyUyRmxhbmRib3Qtd2lkZ2V0JTJGbGFuZGJvdC13aWRnZXQtMS4wLjAuanMlMjIlM0UlM0MlMkZzY3JpcHQlM0UlMEElM0NzY3JpcHQlM0UlMEElMjAlMjB2YXIlMjBteUxhbmRib3QlMjAlM0QlMjBuZXclMjBMYW5kYm90TGl2ZWNoYXQlMjglN0IlMEElMjAlMjAlMjAlMjBpbmRleCUzQSUyMCUyN2h0dHBzJTNBJTJGJTJGbGFuZGJvdC5pbyUyRnUlMkZILTMxNDgxNC1RUDlDTkpYNzdaNkI5RFZPJTJGaW5kZXguaHRtbCUyNyUyQyUwQSUyMCUyMCU3RCUyOSUzQiUwQSUzQyUyRnNjcmlwdCUzRSUwQQ==[\/vc_raw_js][\/vc_column][\/vc_row]<\/p>\n<\/div>","protected":false},"excerpt":{"rendered":"<p>[vc_row full_width=\u00a0\u00bbstretch_row\u00a0\u00bb content_placement=\u00a0\u00bbmiddle\u00a0\u00bb el_id=\u00a0\u00bbrow-1&Prime; css=\u00a0\u00bb.vc_custom_1570712154790{padding-top: 130px !important;padding-bottom: 130px !important;}\u00a0\u00bb][vc_column][vc_single_image image=\u00a0\u00bb64670&Prime; img_size=\u00a0\u00bbfull\u00a0\u00bb alignment=\u00a0\u00bbcenter\u00a0\u00bb css_animation=\u00a0\u00bbslideInUp\u00a0\u00bb][\/vc_column][\/vc_row][vc_row full_width=\u00a0\u00bbstretch_row\u00a0\u00bb equal_height=\u00a0\u00bbyes\u00a0\u00bb content_placement=\u00a0\u00bbmiddle\u00a0\u00bb el_id=\u00a0\u00bbrow-2&Prime; css=\u00a0\u00bb.vc_custom_1570712895655{padding-top: 50px !important;padding-bottom: 50px !important;}\u00a0\u00bb][vc_column][vc_column_text] Euris Cloud Sant\u00e9\u00ae START-UP, une offre d\u2019h\u00e9bergement destin\u00e9e aux start-ups e-sant\u00e9. [\/vc_column_text][\/vc_column][\/vc_row][vc_row full_width=\u00a0\u00bbstretch_row\u00a0\u00bb equal_height=\u00a0\u00bbyes\u00a0\u00bb content_placement=\u00a0\u00bbmiddle\u00a0\u00bb css=\u00a0\u00bb.vc_custom_1575381372405{padding-top: 50px !important;padding-bottom: 50px !important;background-color: #f7f7f7 !important;}\u00a0\u00bb el_id=\u00a0\u00bbrow-3&Prime;][vc_column][vc_row_inner equal_height=\u00a0\u00bbyes\u00a0\u00bb content_placement=\u00a0\u00bbmiddle\u00a0\u00bb el_id=\u00a0\u00bbrow-3-a\u00a0\u00bb css=\u00a0\u00bb.vc_custom_1596045196074{margin-bottom: 50px !important;}\u00a0\u00bb][vc_column_inner width=\u00a0\u00bb1\/2&Prime;][vc_single_image image=\u00a0\u00bb48763&Prime; img_size=\u00a0\u00bbfull\u00a0\u00bb alignment=\u00a0\u00bbcenter\u00a0\u00bb el_class=\u00a0\u00bbfirst\u00a0\u00bb][\/vc_column_inner][vc_column_inner width=\u00a0\u00bb1\/2&Prime;][vc_column_text css=\u00a0\u00bb.vc_custom_1596185965110{margin-bottom: 40px !important;}\u00a0\u00bb] Euris Cloud Sant\u00e9\u00ae Start-up, une solution packag\u00e9e. [\/vc_column_text][vc_column_text] Une offre pr\u00eate \u00e0 l&#8217;emploi et conforme aux r\u00e9glementations multi territoires [\/vc_column_text][vc_column_text css=\u00a0\u00bb.vc_custom_1596186001511{margin-bottom: 40px !important;}\u00a0\u00bb]Afin d\u2019acc\u00e9l\u00e9rer l\u2019innovation en mati\u00e8re de soins de sant\u00e9, Euris Cloud Sant\u00e9\u00ae propose un h\u00e9bergement agr\u00e9\u00e9 et certifi\u00e9 HDS packag\u00e9 sp\u00e9cialement pens\u00e9 pour les start-up e-sant\u00e9. Premier Cloud d\u00e9di\u00e9 \u00e0 la sant\u00e9 connect\u00e9e, Euris Cloud Sant\u00e9\u00ae respecte et garantit les&#8230;<\/p>\n","protected":false},"author":1,"featured_media":0,"parent":30737,"menu_order":0,"comment_status":"closed","ping_status":"closed","template":"","meta":{"footnotes":""},"class_list":["post-64673","page","type-page","status-publish"],"_links":{"self":[{"href":"https:\/\/www.euris.com\/fr\/wp-json\/wp\/v2\/pages\/64673","targetHints":{"allow":["GET"]}}],"collection":[{"href":"https:\/\/www.euris.com\/fr\/wp-json\/wp\/v2\/pages"}],"about":[{"href":"https:\/\/www.euris.com\/fr\/wp-json\/wp\/v2\/types\/page"}],"author":[{"embeddable":true,"href":"https:\/\/www.euris.com\/fr\/wp-json\/wp\/v2\/users\/1"}],"replies":[{"embeddable":true,"href":"https:\/\/www.euris.com\/fr\/wp-json\/wp\/v2\/comments?post=64673"}],"version-history":[{"count":3,"href":"https:\/\/www.euris.com\/fr\/wp-json\/wp\/v2\/pages\/64673\/revisions"}],"predecessor-version":[{"id":64684,"href":"https:\/\/www.euris.com\/fr\/wp-json\/wp\/v2\/pages\/64673\/revisions\/64684"}],"up":[{"embeddable":true,"href":"https:\/\/www.euris.com\/fr\/wp-json\/wp\/v2\/pages\/30737"}],"wp:attachment":[{"href":"https:\/\/www.euris.com\/fr\/wp-json\/wp\/v2\/media?parent=64673"}],"curies":[{"name":"wp","href":"https:\/\/api.w.org\/{rel}","templated":true}]}}