{"id":64695,"date":"2020-07-31T10:31:07","date_gmt":"2020-07-31T08:31:07","guid":{"rendered":"https:\/\/www.euris.com\/cloud-sante-marketplace\/network\/"},"modified":"2020-09-17T15:05:12","modified_gmt":"2020-09-17T13:05:12","slug":"network","status":"publish","type":"page","link":"https:\/\/www.euris.com\/fr\/cloud-sante-marketplace\/network\/","title":{"rendered":"Cloud Sant\u00e9 Network"},"content":{"rendered":"<div class=\"wpb-content-wrapper\"><p>[vc_row full_width=\u00a0\u00bbstretch_row\u00a0\u00bb content_placement=\u00a0\u00bbmiddle\u00a0\u00bb el_id=\u00a0\u00bbrow-1&Prime; css=\u00a0\u00bb.vc_custom_1570712154790{padding-top: 130px !important;padding-bottom: 130px !important;}\u00a0\u00bb][vc_column][vc_single_image image=\u00a0\u00bb64698&Prime; img_size=\u00a0\u00bbfull\u00a0\u00bb alignment=\u00a0\u00bbcenter\u00a0\u00bb css_animation=\u00a0\u00bbslideInUp\u00a0\u00bb][\/vc_column][\/vc_row][vc_row full_width=\u00a0\u00bbstretch_row\u00a0\u00bb equal_height=\u00a0\u00bbyes\u00a0\u00bb content_placement=\u00a0\u00bbmiddle\u00a0\u00bb el_id=\u00a0\u00bbrow-2&Prime; css=\u00a0\u00bb.vc_custom_1570712895655{padding-top: 50px !important;padding-bottom: 50px !important;}\u00a0\u00bb][vc_column][vc_column_text]<\/p>\n<h1 style=\"text-align: center;\"><span style=\"color: #ffffff;\"><span style=\"color: #333333;\"> Un r\u00e9seau mondial d\u2019infrastructure d\u2019h\u00e9bergement et de transfert de donn\u00e9es de sant\u00e9. <\/span><\/span><\/h1>\n<p>[\/vc_column_text]<style type=\"text\/css\">.thegem-button-69ff5284191381377 .gem-button svg {fill: #0099ff;}.thegem-button-69ff5284191381377 .gem-button:hover svg {fill: #ffffff;}<\/style><div class=\"gem-button-container gem-button-position-center thegem-button-69ff5284191381377    \"  ><a class=\"gem-button gem-button-size-medium gem-button-style-outline gem-button-text-weight-normal gem-button-border-2\" data-ll-effect=\"drop-right-without-wrap\" style=\"border-radius: 3px;border-color: #0099ff;color: #0099ff;\" onmouseleave=\"this.style.borderColor='#0099ff';this.style.backgroundColor='transparent';this.style.color='#0099ff';\" onmouseenter=\"this.style.backgroundColor='#0099ff';this.style.color='#ffffff';\" href=\"https:\/\/www.euris.com\/fr\/contact\/\" target=\"_self\">demandez un devis<\/a><\/div> [\/vc_column][\/vc_row][vc_row full_width=\u00a0\u00bbstretch_row\u00a0\u00bb equal_height=\u00a0\u00bbyes\u00a0\u00bb content_placement=\u00a0\u00bbmiddle\u00a0\u00bb css=\u00a0\u00bb.vc_custom_1575381372405{padding-top: 50px !important;padding-bottom: 50px !important;background-color: #f7f7f7 !important;}\u00a0\u00bb el_id=\u00a0\u00bbrow-3&Prime;][vc_column][vc_row_inner equal_height=\u00a0\u00bbyes\u00a0\u00bb content_placement=\u00a0\u00bbmiddle\u00a0\u00bb el_id=\u00a0\u00bbrow-3-a\u00a0\u00bb][vc_column_inner width=\u00a0\u00bb1\/2&Prime;][vc_single_image image=\u00a0\u00bb48773&Prime; img_size=\u00a0\u00bbfull\u00a0\u00bb alignment=\u00a0\u00bbcenter\u00a0\u00bb el_class=\u00a0\u00bbfirst\u00a0\u00bb][\/vc_column_inner][vc_column_inner width=\u00a0\u00bb1\/2&Prime;][vc_column_text css=\u00a0\u00bb.vc_custom_1596187913022{margin-bottom: 40px !important;}\u00a0\u00bb]<\/p>\n<h2><span style=\"color: #0099ff;\">Cloud Sant\u00e9\u00ae Network, 45 Points de pr\u00e9sence s\u00e9curis\u00e9s. <\/span><\/h2>\n<p>[\/vc_column_text][vc_column_text]<\/p>\n<h3>Acc\u00e9dez \u00e0 des h\u00e9bergements de donn\u00e9es de sant\u00e9 \u00e0 caract\u00e8res personnel conforment aux r\u00e9glementations<\/h3>\n<p>[\/vc_column_text][vc_column_text css=\u00a0\u00bb.vc_custom_1596187960649{margin-bottom: 40px !important;}\u00a0\u00bb]Cloud Sant\u00e9\u00ae NETWORK propose 45 Points de Pr\u00e9sence (PoP) \u00e0 travers le monde permettant via un r\u00e9seau de t\u00e9l\u00e9communication s\u00e9curis\u00e9 d\u2019acc\u00e9der \u00e0 des H\u00e9bergements de Donn\u00e9es de Sant\u00e9 \u00e0 Caract\u00e8re Personnel (DSCP) conforment aux r\u00e9glementations, et permettant d\u2019\u00e9changer des DSCP sous une forme s\u00e9curis\u00e9e. Cette solution de r\u00e9seau priv\u00e9 pour les industriels de sant\u00e9 garantit un haut niveau de s\u00e9curit\u00e9 et une performance optimale du syst\u00e8me d\u2019information.[\/vc_column_text]<style type=\"text\/css\">.thegem-button-69ff5284191c75466 .gem-button svg {fill: #0099ff;}.thegem-button-69ff5284191c75466 .gem-button:hover svg {fill: #ffffff;}<\/style><div class=\"gem-button-container gem-button-position-center thegem-button-69ff5284191c75466    \"  ><a class=\"gem-button gem-button-size-medium gem-button-style-outline gem-button-text-weight-normal gem-button-border-2\" data-ll-effect=\"drop-right-without-wrap\" style=\"border-radius: 3px;border-color: #0099ff;color: #0099ff;\" onmouseleave=\"this.style.borderColor='#0099ff';this.style.backgroundColor='transparent';this.style.color='#0099ff';\" onmouseenter=\"this.style.backgroundColor='#0099ff';this.style.color='#ffffff';\" href=\"https:\/\/www.euris.com\/wp-content\/uploads\/2020\/07\/CS-POPs-Network.pdf\" target=\"_blank\">Notre Liste de Pops<\/a><\/div> [\/vc_column_inner][\/vc_row_inner][vc_row_inner equal_height=\u00a0\u00bbyes\u00a0\u00bb content_placement=\u00a0\u00bbmiddle\u00a0\u00bb el_id=\u00a0\u00bbrow-3-b\u00a0\u00bb][vc_column_inner width=\u00a0\u00bb1\/2&Prime;][vc_column_text]<\/p>\n<h3>Des infrastructures s\u00e9curis\u00e9es<\/h3>\n<p>[\/vc_column_text][vc_column_text css=\u00a0\u00bb.vc_custom_1596188029947{margin-bottom: 40px !important;}\u00a0\u00bb]L\u2019ensemble de nos points de pr\u00e9sence permet \u00e0 nos clients de b\u00e9n\u00e9ficier d\u2019une infrastructure s\u00e9curis\u00e9e prenant en compte les exigences de la certification HDS (H\u00e9bergement de Donn\u00e9es de Sant\u00e9), du R\u00e8glement G\u00e9n\u00e9ral de Protection des Donn\u00e9es (RGPD) et des r\u00e9glementations HIPAA (Etats-Unis) et CSL (Chine).[\/vc_column_text][\/vc_column_inner][vc_column_inner width=\u00a0\u00bb1\/2&Prime;][vc_single_image image=\u00a0\u00bb64575&Prime; img_size=\u00a0\u00bbfull\u00a0\u00bb alignment=\u00a0\u00bbcenter\u00a0\u00bb css=\u00a0\u00bb.vc_custom_1596099240189{margin-top: 50px !important;}\u00a0\u00bb][\/vc_column_inner][\/vc_row_inner][\/vc_column][\/vc_row][vc_row full_width=\u00a0\u00bbstretch_row\u00a0\u00bb equal_height=\u00a0\u00bbyes\u00a0\u00bb content_placement=\u00a0\u00bbmiddle\u00a0\u00bb el_id=\u00a0\u00bbrow-5&Prime; css=\u00a0\u00bb.vc_custom_1570802300597{padding-top: 50px !important;padding-bottom: 30px !important;}\u00a0\u00bb][vc_column][vc_column_text css=\u00a0\u00bb.vc_custom_1596188096039{margin-bottom: 40px !important;}\u00a0\u00bb]<\/p>\n<h2 style=\"text-align: center;\"><span style=\"color: #ffffff;\">Rapidit\u00e9, s\u00e9curit\u00e9 et performance<\/span><\/h2>\n<p>[\/vc_column_text]<div class=\"gem-list gem-list-type-check-style-1 gem-list-color-2\" ><ul>\n<li style=\"text-align: center;\"><span style=\"color: #ffffff;\">Un SLA des plateformes d\u2019h\u00e9bergement de 99,9%.<\/span><\/li>\n<li style=\"text-align: center;\"><span style=\"color: #ffffff;\">Plus de 45 POPs.<\/span><\/li>\n<li style=\"text-align: center;\"><span style=\"color: #ffffff;\">Support disponible 24\/7.<\/span><\/li>\n<li style=\"text-align: center;\"><span style=\"color: #ffffff;\">R\u00e9seau priv\u00e9 haut d\u00e9bit. <\/span><\/li>\n<li style=\"text-align: center;\"><span style=\"color: #ffffff;\">Compliance multi-territoires UE (RGPD, HDS &amp; ISO27001), US (HIPAA) et Chine (CSL).<\/span><\/li>\n<\/ul>\n<\/div><style type=\"text\/css\">.thegem-button-69ff5284192979062 .gem-button svg {fill: #ffffff;}.thegem-button-69ff5284192979062 .gem-button:hover svg {fill: #0099ff;}<\/style><div class=\"gem-button-container gem-button-position-center thegem-button-69ff5284192979062    \"  ><a class=\"gem-button gem-button-size-medium gem-button-style-outline gem-button-text-weight-normal gem-button-border-2\" data-ll-effect=\"drop-right-without-wrap\" style=\"border-radius: 3px;border-color: #ffffff;color: #ffffff;\" onmouseleave=\"this.style.borderColor='#ffffff';this.style.backgroundColor='transparent';this.style.color='#ffffff';\" onmouseenter=\"this.style.backgroundColor='#ffffff';this.style.color='#0099ff';\" href=\"https:\/\/www.euris.com\/fr\/contact\/\" target=\"_self\">demandez un devis<\/a><\/div> [\/vc_column][\/vc_row][vc_row full_width=\u00a0\u00bbstretch_row\u00a0\u00bb css=\u00a0\u00bb.vc_custom_1596188160766{margin-top: 50px !important;margin-bottom: 20px !important;}\u00a0\u00bb el_id=\u00a0\u00bbrow-6-a\u00a0\u00bb][vc_column width=\u00a0\u00bb1\/3&Prime;]<div class=\"centered-box\"><div class=\"gem-icon gem-icon-pack-material gem-icon-size-medium  gem-icon-shape-square gem-simple-icon \"  style=\"margin-top: 10px;margin-bottom: 10px;opacity: 1;\"><div class=\"gem-icon-inner\" style=\"\"><span class=\"gem-icon-half-1\" style=\"color: #0099ff;\"><span class=\"back-angle\">&#xf114;<\/span><\/span><span class=\"gem-icon-half-2\" style=\"color: #0099ff;\"><span class=\"back-angle\">&#xf114;<\/span><\/span><\/div><\/div><\/div>[vc_column_text]<\/p>\n<h3 style=\"text-align: center;\">expertise sant\u00e9<\/h3>\n<p>[\/vc_column_text][vc_column_text]<\/p>\n<p style=\"text-align: center;\">b\u00e9n\u00e9ficiez d&rsquo;une \u00e9quipe d&rsquo;experts en projet IT sant\u00e9 depuis plus de 20 ans.<\/p>\n<p>[\/vc_column_text][\/vc_column][vc_column width=\u00a0\u00bb1\/3&Prime;]<div class=\"centered-box\"><div class=\"gem-icon gem-icon-pack-elegant gem-icon-size-medium  gem-icon-shape-square gem-simple-icon \"  style=\"margin-top: 10px;margin-bottom: 10px;opacity: 1;\"><div class=\"gem-icon-inner\" style=\"\"><span class=\"gem-icon-half-1\" style=\"color: #0099ff;\"><span class=\"back-angle\">&#x7e;<\/span><\/span><span class=\"gem-icon-half-2\" style=\"color: #0099ff;\"><span class=\"back-angle\">&#x7e;<\/span><\/span><\/div><\/div><\/div>[vc_column_text]<\/p>\n<h3 style=\"text-align: center;\">CERTIFICATION &amp; AGR\u00c9MENTS E-SANT\u00c9<\/h3>\n<p>[\/vc_column_text][vc_column_text]<\/p>\n<p style=\"text-align: center;\">S\u00e9curit\u00e9 des donn\u00e9es &amp; conformit\u00e9 globale : UE (HDS &amp; ISO 27001, RGPD), US (HIPAA), Chine (CSL).<\/p>\n<p>[\/vc_column_text][\/vc_column][vc_column width=\u00a0\u00bb1\/3&Prime;]<div class=\"centered-box\"><div class=\"gem-icon gem-icon-pack-elegant gem-icon-size-medium  gem-icon-shape-square gem-simple-icon \"  style=\"margin-top: 10px;margin-bottom: 10px;opacity: 1;\"><div class=\"gem-icon-inner\" style=\"\"><span class=\"gem-icon-half-1\" style=\"color: #0099ff;\"><span class=\"back-angle\">&#xe0de;<\/span><\/span><span class=\"gem-icon-half-2\" style=\"color: #0099ff;\"><span class=\"back-angle\">&#xe0de;<\/span><\/span><\/div><\/div><\/div>[vc_column_text]<\/p>\n<h3 style=\"text-align: center;\">INTERNATIONAL<\/h3>\n<p>[\/vc_column_text][vc_column_text]<\/p>\n<p style=\"text-align: center;\">Des projets d\u00e9ploy\u00e9s dans le monde entier : Europe, Asie, Am\u00e9rique, Afrique.<\/p>\n<p>[\/vc_column_text][\/vc_column][\/vc_row][vc_row full_width=\u00a0\u00bbstretch_row\u00a0\u00bb css=\u00a0\u00bb.vc_custom_1570714638605{margin-top: 50px !important;margin-bottom: 50px !important;}\u00a0\u00bb el_id=\u00a0\u00bbrow-6-b\u00a0\u00bb][vc_column width=\u00a0\u00bb1\/3&Prime;]<div class=\"centered-box\"><div class=\"gem-icon gem-icon-pack-material gem-icon-size-medium  gem-icon-shape-square gem-simple-icon \"  style=\"margin-top: 10px;margin-bottom: 10px;opacity: 1;\"><div class=\"gem-icon-inner\" style=\"\"><span class=\"gem-icon-half-1\" style=\"color: #0099ff;\"><span class=\"back-angle\">&#xf4cd;<\/span><\/span><span class=\"gem-icon-half-2\" style=\"color: #0099ff;\"><span class=\"back-angle\">&#xf4cd;<\/span><\/span><\/div><\/div><\/div>[vc_column_text]<\/p>\n<h3 style=\"text-align: center;\">continuit\u00e9 de service<\/h3>\n<p>[\/vc_column_text][vc_column_text]<\/p>\n<p style=\"text-align: center;\">Architecture Haute disponibilit\u00e9, SLA 99.9%, Infog\u00e9rance 24\/7 outsourcing.<\/p>\n<p>[\/vc_column_text][\/vc_column][vc_column width=\u00a0\u00bb1\/3&Prime;]<div class=\"centered-box\"><div class=\"gem-icon gem-icon-pack-material gem-icon-size-medium  gem-icon-shape-square gem-simple-icon \"  style=\"margin-top: 10px;margin-bottom: 10px;opacity: 1;\"><div class=\"gem-icon-inner\" style=\"\"><span class=\"gem-icon-half-1\" style=\"color: #0099ff;\"><span class=\"back-angle\">&#xf396;<\/span><\/span><span class=\"gem-icon-half-2\" style=\"color: #0099ff;\"><span class=\"back-angle\">&#xf396;<\/span><\/span><\/div><\/div><\/div>[vc_column_text]<\/p>\n<h3 style=\"text-align: center;\">protection de vos donn\u00e9es<\/h3>\n<p>[\/vc_column_text][vc_column_text]<\/p>\n<p style=\"text-align: center;\">Disponibilit\u00e9, Int\u00e9grit\u00e9, Confidentialit\u00e9, et Auditabilit\u00e9 durant tout le cycle de vie des donn\u00e9es de sant\u00e9.<\/p>\n<p>[\/vc_column_text][\/vc_column][vc_column width=\u00a0\u00bb1\/3&Prime;]<div class=\"centered-box\"><div class=\"gem-icon gem-icon-pack-elegant gem-icon-size-medium  gem-icon-shape-square gem-simple-icon \"  style=\"margin-top: 10px;margin-bottom: 10px;opacity: 1;\"><div class=\"gem-icon-inner\" style=\"\"><span class=\"gem-icon-half-1\" style=\"color: #0099ff;\"><span class=\"back-angle\">&#xe037;<\/span><\/span><span class=\"gem-icon-half-2\" style=\"color: #0099ff;\"><span class=\"back-angle\">&#xe037;<\/span><\/span><\/div><\/div><\/div>[vc_column_text]<\/p>\n<h3 style=\"text-align: center;\">richesse fonctionnelle<\/h3>\n<p>[\/vc_column_text][vc_column_text]<\/p>\n<p style=\"text-align: center;\">Une infrastructure-as-a-Service apportant des solutions rentables, souples et fonctionnelles.<\/p>\n<p>[\/vc_column_text][\/vc_column][\/vc_row][vc_row][vc_column][vc_raw_js]JTNDc2NyaXB0JTIwc3JjJTNEJTIyaHR0cHMlM0ElMkYlMkZzdGF0aWMubGFuZGJvdC5pbyUyRmxhbmRib3Qtd2lkZ2V0JTJGbGFuZGJvdC13aWRnZXQtMS4wLjAuanMlMjIlM0UlM0MlMkZzY3JpcHQlM0UlMEElM0NzY3JpcHQlM0UlMEElMjAlMjB2YXIlMjBteUxhbmRib3QlMjAlM0QlMjBuZXclMjBMYW5kYm90TGl2ZWNoYXQlMjglN0IlMEElMjAlMjAlMjAlMjBpbmRleCUzQSUyMCUyN2h0dHBzJTNBJTJGJTJGbGFuZGJvdC5pbyUyRnUlMkZILTMxNDgxNC1RUDlDTkpYNzdaNkI5RFZPJTJGaW5kZXguaHRtbCUyNyUyQyUwQSUyMCUyMCU3RCUyOSUzQiUwQSUzQyUyRnNjcmlwdCUzRSUwQQ==[\/vc_raw_js][\/vc_column][\/vc_row]<\/p>\n<\/div>","protected":false},"excerpt":{"rendered":"<p>[vc_row full_width=\u00a0\u00bbstretch_row\u00a0\u00bb content_placement=\u00a0\u00bbmiddle\u00a0\u00bb el_id=\u00a0\u00bbrow-1&Prime; css=\u00a0\u00bb.vc_custom_1570712154790{padding-top: 130px !important;padding-bottom: 130px !important;}\u00a0\u00bb][vc_column][vc_single_image image=\u00a0\u00bb64698&Prime; img_size=\u00a0\u00bbfull\u00a0\u00bb alignment=\u00a0\u00bbcenter\u00a0\u00bb css_animation=\u00a0\u00bbslideInUp\u00a0\u00bb][\/vc_column][\/vc_row][vc_row full_width=\u00a0\u00bbstretch_row\u00a0\u00bb equal_height=\u00a0\u00bbyes\u00a0\u00bb content_placement=\u00a0\u00bbmiddle\u00a0\u00bb el_id=\u00a0\u00bbrow-2&Prime; css=\u00a0\u00bb.vc_custom_1570712895655{padding-top: 50px !important;padding-bottom: 50px !important;}\u00a0\u00bb][vc_column][vc_column_text] Un r\u00e9seau mondial d\u2019infrastructure d\u2019h\u00e9bergement et de transfert de donn\u00e9es de sant\u00e9. [\/vc_column_text][\/vc_column][\/vc_row][vc_row full_width=\u00a0\u00bbstretch_row\u00a0\u00bb equal_height=\u00a0\u00bbyes\u00a0\u00bb content_placement=\u00a0\u00bbmiddle\u00a0\u00bb css=\u00a0\u00bb.vc_custom_1575381372405{padding-top: 50px !important;padding-bottom: 50px !important;background-color: #f7f7f7 !important;}\u00a0\u00bb el_id=\u00a0\u00bbrow-3&Prime;][vc_column][vc_row_inner equal_height=\u00a0\u00bbyes\u00a0\u00bb content_placement=\u00a0\u00bbmiddle\u00a0\u00bb el_id=\u00a0\u00bbrow-3-a\u00a0\u00bb][vc_column_inner width=\u00a0\u00bb1\/2&Prime;][vc_single_image image=\u00a0\u00bb48773&Prime; img_size=\u00a0\u00bbfull\u00a0\u00bb alignment=\u00a0\u00bbcenter\u00a0\u00bb el_class=\u00a0\u00bbfirst\u00a0\u00bb][\/vc_column_inner][vc_column_inner width=\u00a0\u00bb1\/2&Prime;][vc_column_text css=\u00a0\u00bb.vc_custom_1596187913022{margin-bottom: 40px !important;}\u00a0\u00bb] Cloud Sant\u00e9\u00ae Network, 45 Points de pr\u00e9sence s\u00e9curis\u00e9s. [\/vc_column_text][vc_column_text] Acc\u00e9dez \u00e0 des h\u00e9bergements de donn\u00e9es de sant\u00e9 \u00e0 caract\u00e8res personnel conforment aux r\u00e9glementations [\/vc_column_text][vc_column_text css=\u00a0\u00bb.vc_custom_1596187960649{margin-bottom: 40px !important;}\u00a0\u00bb]Cloud Sant\u00e9\u00ae NETWORK propose 45 Points de Pr\u00e9sence (PoP) \u00e0 travers le monde permettant via un r\u00e9seau de t\u00e9l\u00e9communication s\u00e9curis\u00e9 d\u2019acc\u00e9der \u00e0 des H\u00e9bergements de Donn\u00e9es de Sant\u00e9 \u00e0 Caract\u00e8re Personnel (DSCP) conforment aux r\u00e9glementations, et permettant d\u2019\u00e9changer&#8230;<\/p>\n","protected":false},"author":1,"featured_media":0,"parent":30737,"menu_order":0,"comment_status":"closed","ping_status":"closed","template":"","meta":{"footnotes":""},"class_list":["post-64695","page","type-page","status-publish"],"_links":{"self":[{"href":"https:\/\/www.euris.com\/fr\/wp-json\/wp\/v2\/pages\/64695","targetHints":{"allow":["GET"]}}],"collection":[{"href":"https:\/\/www.euris.com\/fr\/wp-json\/wp\/v2\/pages"}],"about":[{"href":"https:\/\/www.euris.com\/fr\/wp-json\/wp\/v2\/types\/page"}],"author":[{"embeddable":true,"href":"https:\/\/www.euris.com\/fr\/wp-json\/wp\/v2\/users\/1"}],"replies":[{"embeddable":true,"href":"https:\/\/www.euris.com\/fr\/wp-json\/wp\/v2\/comments?post=64695"}],"version-history":[{"count":3,"href":"https:\/\/www.euris.com\/fr\/wp-json\/wp\/v2\/pages\/64695\/revisions"}],"predecessor-version":[{"id":79394,"href":"https:\/\/www.euris.com\/fr\/wp-json\/wp\/v2\/pages\/64695\/revisions\/79394"}],"up":[{"embeddable":true,"href":"https:\/\/www.euris.com\/fr\/wp-json\/wp\/v2\/pages\/30737"}],"wp:attachment":[{"href":"https:\/\/www.euris.com\/fr\/wp-json\/wp\/v2\/media?parent=64695"}],"curies":[{"name":"wp","href":"https:\/\/api.w.org\/{rel}","templated":true}]}}