{"id":69181,"date":"2020-11-12T10:42:11","date_gmt":"2020-11-12T09:42:11","guid":{"rendered":"https:\/\/www.euris.com\/?page_id=69181"},"modified":"2023-08-17T14:43:02","modified_gmt":"2023-08-17T12:43:02","slug":"synthetic-data","status":"publish","type":"page","link":"https:\/\/www.euris.com\/fr\/cloud-sante-marketplace\/synthetic-data\/","title":{"rendered":"Euris Cloud Sant\u00e9 &#8211; Synthetic data"},"content":{"rendered":"<div class=\"wpb-content-wrapper\"><p>[vc_row full_width=\u00a0\u00bbstretch_row\u00a0\u00bb content_placement=\u00a0\u00bbmiddle\u00a0\u00bb el_id=\u00a0\u00bbrow-1&Prime; css=\u00a0\u00bb.vc_custom_1570712154790{padding-top: 130px !important;padding-bottom: 130px !important;}\u00a0\u00bb][vc_column][vc_single_image image=\u00a0\u00bb70201&Prime; img_size=\u00a0\u00bbfull\u00a0\u00bb alignment=\u00a0\u00bbcenter\u00a0\u00bb css_animation=\u00a0\u00bbslideInUp\u00a0\u00bb][\/vc_column][\/vc_row][vc_row full_width=\u00a0\u00bbstretch_row\u00a0\u00bb equal_height=\u00a0\u00bbyes\u00a0\u00bb content_placement=\u00a0\u00bbmiddle\u00a0\u00bb el_id=\u00a0\u00bbrow-2&Prime; css=\u00a0\u00bb.vc_custom_1570712895655{padding-top: 50px !important;padding-bottom: 50px !important;}\u00a0\u00bb][vc_column][vc_column_text]<\/p>\n<h1 style=\"text-align: center;\">Euris Cloud Sant\u00e9\u00ae SYNTHETIC DATA, une solution de synth\u00e8se de donn\u00e9es gr\u00e2ce \u00e0 l&rsquo;utilisation d&rsquo;algorithmes d&rsquo;intelligence artificielle.<\/h1>\n<p>[\/vc_column_text]<style type=\"text\/css\">.thegem-button-69ee323729bb15972 .gem-button svg {fill: #0099ff;}.thegem-button-69ee323729bb15972 .gem-button:hover svg {fill: #ffffff;}<\/style><div class=\"gem-button-container gem-button-position-center thegem-button-69ee323729bb15972    \"  ><a class=\"gem-button gem-button-size-medium gem-button-style-outline gem-button-text-weight-normal gem-button-border-2\" data-ll-effect=\"drop-right-without-wrap\" style=\"border-radius: 3px;border-color: #0099ff;color: #0099ff;\" onmouseleave=\"this.style.borderColor='#0099ff';this.style.backgroundColor='transparent';this.style.color='#0099ff';\" onmouseenter=\"this.style.backgroundColor='#0099ff';this.style.color='#ffffff';\" href=\"https:\/\/www.euris.com\/fr\/contact\/\" target=\"_self\">demandez un devis<\/a><\/div> [\/vc_column][\/vc_row][vc_row full_width=\u00a0\u00bbstretch_row\u00a0\u00bb equal_height=\u00a0\u00bbyes\u00a0\u00bb content_placement=\u00a0\u00bbmiddle\u00a0\u00bb css=\u00a0\u00bb.vc_custom_1605009197006{padding-top: 50px !important;padding-bottom: 10px !important;background-color: #f7f7f7 !important;}\u00a0\u00bb el_id=\u00a0\u00bbrow-3&Prime;][vc_column][vc_row_inner equal_height=\u00a0\u00bbyes\u00a0\u00bb content_placement=\u00a0\u00bbmiddle\u00a0\u00bb el_id=\u00a0\u00bbrow-3-a\u00a0\u00bb][vc_column_inner width=\u00a0\u00bb1\/2&Prime;][vc_single_image image=\u00a0\u00bb48698&Prime; img_size=\u00a0\u00bbfull\u00a0\u00bb alignment=\u00a0\u00bbcenter\u00a0\u00bb el_class=\u00a0\u00bbfirst\u00a0\u00bb][\/vc_column_inner][vc_column_inner width=\u00a0\u00bb1\/2&Prime;][vc_column_text css=\u00a0\u00bb.vc_custom_1692201034482{margin-bottom: 20px !important;}\u00a0\u00bb]<\/p>\n<h2>EURIS CLOUD SANT\u00c9\u00ae SYNTHETIC DATA, DES DONN\u00c9ES SYNTH\u00c9TIQUES FACILITANT L&rsquo;ACC\u00c8S AUX DONN\u00c9ES DE SANT\u00c9 TOUT EN GARANTISSANT UNE QUALIT\u00c9 OPTIMALE.<\/h2>\n<p>[\/vc_column_text][vc_column_text css=\u00a0\u00bb.vc_custom_1692201078000{margin-bottom: 20px !important;}\u00a0\u00bb]La r\u00e9glementation autour des donn\u00e9es de sant\u00e9 \u00e0 caract\u00e8re personnel facilite l&rsquo;acc\u00e8s et l&rsquo;exploitation de ces donn\u00e9es, mais ajoute des contraintes li\u00e9es au respect de la vie priv\u00e9e.[\/vc_column_text][vc_column_text css=\u00a0\u00bb.vc_custom_1692201206767{margin-bottom: 20px !important;}\u00a0\u00bb]Euris Cloud Sant\u00e9\u00ae et Syntho allient leurs expertises pour permettre aux acteurs de la sant\u00e9 d\u2019exploiter le v\u00e9ritable potentiel de leurs donn\u00e9es, tout en respectant la l\u00e9gislation.<br \/>\nAinsi, la solution Euris Cloud Sant\u00e9\u00ae Synth\u00e9tic Data vous propose :<\/p>\n<ul>\n<li>de g\u00e9n\u00e9rer des donn\u00e9es synth\u00e9tiques \u00e0 partir de vos donn\u00e9es de sant\u00e9 ;<\/li>\n<li>un environnement de travail conforme et s\u00e9curis\u00e9 dans lequel manipuler des donn\u00e9es synth\u00e9tiques.<\/li>\n<\/ul>\n<p>[\/vc_column_text][vc_column_text css=\u00a0\u00bb.vc_custom_1692201173767{margin-bottom: 20px !important;}\u00a0\u00bb]Les donn\u00e9es synth\u00e9tiques g\u00e9n\u00e9r\u00e9es via l\u2019IA sont statistiquement identiques aux donn\u00e9es originales et vous garantissent la qualit\u00e9 de vos \u00e9tudes. De plus, la s\u00e9curit\u00e9 apport\u00e9e par les donn\u00e9es synth\u00e9tiques, combin\u00e9e \u00e0 l\u2019h\u00e9bergement certifi\u00e9 HDS, ISO 27001 et ISO 27701 permet aux investigateurs de commencer leurs recherches plus rapidement et plus efficacement.[\/vc_column_text][\/vc_column_inner][\/vc_row_inner][vc_row_inner el_id=\u00a0\u00bbrow-3-b\u00a0\u00bb css=\u00a0\u00bb.vc_custom_1692201564810{margin-bottom: 50px !important;}\u00a0\u00bb][vc_column_inner][vc_column_text css=\u00a0\u00bb.vc_custom_1605018908734{margin-bottom: 20px !important;}\u00a0\u00bb]<\/p>\n<h3>Les donn\u00e9es synth\u00e9tiques, qu&rsquo;est-ce que c&rsquo;est ?<\/h3>\n<p>[\/vc_column_text][vc_column_text css=\u00a0\u00bb.vc_custom_1692201311031{margin-bottom: 20px !important;}\u00a0\u00bb]Les donn\u00e9es synth\u00e9tiques sont des donn\u00e9es g\u00e9n\u00e9r\u00e9es \u00e0 partir de donn\u00e9es r\u00e9elles : elles conservent les m\u00eames propri\u00e9t\u00e9s statistiques que les donn\u00e9es r\u00e9elles tout en garantissant un niveau de confidentialit\u00e9 \u00e9lev\u00e9 pour le patient.<br \/>\nUn ensemble de donn\u00e9es synth\u00e9tiques correctement g\u00e9n\u00e9r\u00e9 permettra un compromis optimal entre utilit\u00e9 et s\u00e9curit\u00e9 pour une exploitation en toute s\u00e9r\u00e9nit\u00e9 (machine learning, deep learning).[\/vc_column_text][\/vc_column_inner][\/vc_row_inner][\/vc_column][\/vc_row][vc_row full_width=\u00a0\u00bbstretch_row\u00a0\u00bb el_id=\u00a0\u00bbrow-4&Prime;][vc_column][vc_column_text css=\u00a0\u00bb.vc_custom_1605019312648{margin-top: 40px !important;}\u00a0\u00bb]<\/p>\n<h2 style=\"text-align: center;\"><span style=\"color: #ffffff;\">Les avantages pour vos projets e-sant\u00e9<\/span><\/h2>\n<p>[\/vc_column_text][vc_row_inner equal_height=\u00a0\u00bbyes\u00a0\u00bb css=\u00a0\u00bb.vc_custom_1605006206008{margin-top: 40px !important;margin-bottom: 40px !important;}\u00a0\u00bb][vc_column_inner width=\u00a0\u00bb1\/4&Prime;]<div class=\"centered-box\"><div class=\"gem-icon gem-icon-pack-elegant gem-icon-size-medium  gem-icon-shape-circle gem-simple-icon \"  style=\"opacity: 1;\"><div class=\"gem-icon-inner\" style=\"\"><span class=\"gem-icon-half-1\" style=\"color: #ffffff;\"><span class=\"back-angle\">&#x66;<\/span><\/span><span class=\"gem-icon-half-2\" style=\"color: #ffffff;\"><span class=\"back-angle\">&#x66;<\/span><\/span><\/div><\/div><\/div>[vc_column_text]<\/p>\n<h3 style=\"text-align: center;\"><span style=\"color: #ffffff;\">Utilisation simple &amp; autonome<\/span><\/h3>\n<p>[\/vc_column_text][\/vc_column_inner][vc_column_inner width=\u00a0\u00bb1\/4&Prime;]<div class=\"centered-box\"><div class=\"gem-icon gem-icon-pack-material gem-icon-size-medium  gem-icon-shape-circle gem-simple-icon \"  style=\"opacity: 1;\"><div class=\"gem-icon-inner\" style=\"\"><span class=\"gem-icon-half-1\" style=\"color: #ffffff;\"><span class=\"back-angle\">&#xf3d6;<\/span><\/span><span class=\"gem-icon-half-2\" style=\"color: #ffffff;\"><span class=\"back-angle\">&#xf3d6;<\/span><\/span><\/div><\/div><\/div>[vc_column_text]<\/p>\n<h3 style=\"text-align: center;\"><span style=\"color: #ffffff;\">S\u00e9curit\u00e9<\/span><\/h3>\n<p>[\/vc_column_text][\/vc_column_inner][vc_column_inner width=\u00a0\u00bb1\/4&Prime;]<div class=\"centered-box\"><div class=\"gem-icon gem-icon-pack-elegant gem-icon-size-medium  gem-icon-shape-circle gem-simple-icon \"  style=\"opacity: 1;\"><div class=\"gem-icon-inner\" style=\"\"><span class=\"gem-icon-half-1\" style=\"color: #ffffff;\"><span class=\"back-angle\">&#xe003;<\/span><\/span><span class=\"gem-icon-half-2\" style=\"color: #ffffff;\"><span class=\"back-angle\">&#xe003;<\/span><\/span><\/div><\/div><\/div>[vc_column_text]<\/p>\n<h3 style=\"text-align: center;\"><span style=\"color: #ffffff;\">Facilit\u00e9 de connexion<\/span><\/h3>\n<p>[\/vc_column_text][\/vc_column_inner][vc_column_inner width=\u00a0\u00bb1\/4&Prime;]<div class=\"centered-box\"><div class=\"gem-icon gem-icon-pack-material gem-icon-size-medium  gem-icon-shape-circle gem-simple-icon \"  style=\"opacity: 1;\"><div class=\"gem-icon-inner\" style=\"\"><span class=\"gem-icon-half-1\" style=\"color: #ffffff;\"><span class=\"back-angle\">&#xf222;<\/span><\/span><span class=\"gem-icon-half-2\" style=\"color: #ffffff;\"><span class=\"back-angle\">&#xf222;<\/span><\/span><\/div><\/div><\/div>[vc_column_text]<\/p>\n<h3 style=\"text-align: center;\"><span style=\"color: #ffffff;\">D\u00e9ploiement facile<\/span><\/h3>\n<p>[\/vc_column_text][\/vc_column_inner][\/vc_row_inner][\/vc_column][\/vc_row][vc_row el_id=\u00a0\u00bbrow-5&Prime;][vc_column css=\u00a0\u00bb.vc_custom_1605172858100{margin-top: 80px !important;margin-bottom: 40px !important;}\u00a0\u00bb][vc_single_image image=\u00a0\u00bb97623&Prime; img_size=\u00a0\u00bbfull\u00a0\u00bb alignment=\u00a0\u00bbcenter\u00a0\u00bb][vc_column_text css=\u00a0\u00bb.vc_custom_1692221514826{margin-bottom: 20px !important;}\u00a0\u00bb]<\/p>\n<h3 style=\"text-align: center;\"><span style=\"color: #269bfd;\"><strong>Compatible avec un grand nombre de bases de donn\u00e9es<\/strong><\/span><\/h3>\n<p>[\/vc_column_text][vc_single_image image=\u00a0\u00bb97629&Prime; img_size=\u00a0\u00bbfull\u00a0\u00bb alignment=\u00a0\u00bbcenter\u00a0\u00bb][vc_row_inner equal_height=\u00a0\u00bbyes\u00a0\u00bb content_placement=\u00a0\u00bbmiddle\u00a0\u00bb css=\u00a0\u00bb.vc_custom_1642522248898{margin-top: 80px !important;margin-bottom: 40px !important;}\u00a0\u00bb][vc_column_inner width=\u00a0\u00bb1\/2&Prime;][vc_single_image image=\u00a0\u00bb97626&Prime; img_size=\u00a0\u00bblarge\u00a0\u00bb alignment=\u00a0\u00bbcenter\u00a0\u00bb][\/vc_column_inner][vc_column_inner width=\u00a0\u00bb1\/2&Prime;][vc_column_text]Fond\u00e9e en 2020, Syntho est une startup n\u00e9erlandaise qui r\u00e9volutionne l\u2019industrie technologique avec des donn\u00e9es synth\u00e9tiques g\u00e9n\u00e9r\u00e9es par de l\u2019IA.<\/p>\n<p>En tant que principal fournisseur de logiciels de donn\u00e9es synth\u00e9tiques, la mission de Syntho est de permettre aux entreprises du monde entier de g\u00e9n\u00e9rer et d&rsquo;exploiter des donn\u00e9es synth\u00e9tiques de haute qualit\u00e9 \u00e0 grande \u00e9chelle.<\/p>\n<p><a href=\"https:\/\/www.syntho.ai\/\">www.syntho.ai<\/a>[\/vc_column_text][\/vc_column_inner][\/vc_row_inner][\/vc_column][\/vc_row][vc_row full_width=\u00a0\u00bbstretch_row\u00a0\u00bb css=\u00a0\u00bb.vc_custom_1605009229686{margin-top: 40px !important;}\u00a0\u00bb el_id=\u00a0\u00bbrow-6&Prime;][vc_column][vc_row_inner el_id=\u00a0\u00bbrow-6-a\u00a0\u00bb css=\u00a0\u00bb.vc_custom_1605009408873{margin-top: 40px !important;}\u00a0\u00bb][vc_column_inner width=\u00a0\u00bb1\/4&Prime;]<div class=\"centered-box\"><div class=\"gem-icon gem-icon-pack-material gem-icon-size-medium  gem-icon-shape-square gem-simple-icon \"  style=\"margin-top: 10px;margin-bottom: 10px;opacity: 1;\"><div class=\"gem-icon-inner\" style=\"\"><span class=\"gem-icon-half-1\" style=\"color: #ffffff;\"><span class=\"back-angle\">&#xf114;<\/span><\/span><span class=\"gem-icon-half-2\" style=\"color: #ffffff;\"><span class=\"back-angle\">&#xf114;<\/span><\/span><\/div><\/div><\/div>[vc_column_text]<\/p>\n<h3 style=\"text-align: center;\"><span style=\"color: #ffffff;\">B\u00e9n\u00e9ficiez d&rsquo;une \u00e9quipe d&rsquo;experts en projet IT sant\u00e9 depuis plus de 20 ans<\/span><\/h3>\n<p>[\/vc_column_text][\/vc_column_inner][vc_column_inner width=\u00a0\u00bb1\/4&Prime;]<div class=\"centered-box\"><div class=\"gem-icon gem-icon-pack-elegant gem-icon-size-medium  gem-icon-shape-square gem-simple-icon \"  style=\"margin-top: 10px;margin-bottom: 10px;opacity: 1;\"><div class=\"gem-icon-inner\" style=\"\"><span class=\"gem-icon-half-1\" style=\"color: #ffffff;\"><span class=\"back-angle\">&#xe037;<\/span><\/span><span class=\"gem-icon-half-2\" style=\"color: #ffffff;\"><span class=\"back-angle\">&#xe037;<\/span><\/span><\/div><\/div><\/div>[vc_column_text]<\/p>\n<h3 style=\"text-align: center;\"><span style=\"color: #ffffff;\">B\u00e9n\u00e9ficiez de donn\u00e9es de qualit\u00e9 garanties de s\u00e9curit\u00e9<\/span><\/h3>\n<p>[\/vc_column_text][\/vc_column_inner][vc_column_inner width=\u00a0\u00bb1\/4&Prime;]<div class=\"centered-box\"><div class=\"gem-icon gem-icon-pack-elegant gem-icon-size-medium  gem-icon-shape-square gem-simple-icon \"  style=\"margin-top: 10px;margin-bottom: 10px;opacity: 1;\"><div class=\"gem-icon-inner\" style=\"\"><span class=\"gem-icon-half-1\" style=\"color: #ffffff;\"><span class=\"back-angle\">&#xe0de;<\/span><\/span><span class=\"gem-icon-half-2\" style=\"color: #ffffff;\"><span class=\"back-angle\">&#xe0de;<\/span><\/span><\/div><\/div><\/div>[vc_column_text]<\/p>\n<h3 style=\"text-align: center;\"><span style=\"color: #ffffff;\">Des projets d\u00e9ploy\u00e9s dans le monde entier : Europe, Asie, Am\u00e9rique, Afrique<\/span><\/h3>\n<p>[\/vc_column_text][\/vc_column_inner][vc_column_inner width=\u00a0\u00bb1\/4&Prime;]<div class=\"centered-box\"><div class=\"gem-icon gem-icon-pack-elegant gem-icon-size-medium  gem-icon-shape-square gem-simple-icon \"  style=\"margin-top: 10px;margin-bottom: 10px;opacity: 1;\"><div class=\"gem-icon-inner\" style=\"\"><span class=\"gem-icon-half-1\" style=\"color: #ffffff;\"><span class=\"back-angle\">&#x7e;<\/span><\/span><span class=\"gem-icon-half-2\" style=\"color: #ffffff;\"><span class=\"back-angle\">&#x7e;<\/span><\/span><\/div><\/div><\/div>[vc_column_text]<\/p>\n<h3 style=\"text-align: center;\"><span style=\"color: #ffffff;\">S\u00e9curit\u00e9 des donn\u00e9es &amp; conformit\u00e9 globale : EU RGPD, HDS &amp; ISO 27001 &amp; ISO 27701<\/span><\/h3>\n<p>[\/vc_column_text][\/vc_column_inner][\/vc_row_inner][vc_row_inner el_id=\u00a0\u00bbrow-6-b\u00a0\u00bb css=\u00a0\u00bb.vc_custom_1605009451319{margin-top: 20px !important;margin-bottom: 40px !important;}\u00a0\u00bb][vc_column_inner width=\u00a0\u00bb1\/3&Prime;]<div class=\"centered-box\"><div class=\"gem-icon gem-icon-pack-elegant gem-icon-size-medium  gem-icon-shape-square gem-simple-icon \"  style=\"margin-top: 10px;margin-bottom: 10px;opacity: 1;\"><div class=\"gem-icon-inner\" style=\"\"><span class=\"gem-icon-half-1\" style=\"color: #ffffff;\"><span class=\"back-angle\">&#xe035;<\/span><\/span><span class=\"gem-icon-half-2\" style=\"color: #ffffff;\"><span class=\"back-angle\">&#xe035;<\/span><\/span><\/div><\/div><\/div>[vc_column_text]<\/p>\n<h3 style=\"text-align: center;\"><span style=\"color: #ffffff;\">Une infrastructure-as-a-service apportant des solutions rentables souples et fonctionnelles<\/span><\/h3>\n<p>[\/vc_column_text][\/vc_column_inner][vc_column_inner width=\u00a0\u00bb1\/3&Prime;]<div class=\"centered-box\"><div class=\"gem-icon gem-icon-pack-material gem-icon-size-medium  gem-icon-shape-square gem-simple-icon \"  style=\"margin-top: 10px;margin-bottom: 10px;opacity: 1;\"><div class=\"gem-icon-inner\" style=\"\"><span class=\"gem-icon-half-1\" style=\"color: #ffffff;\"><span class=\"back-angle\">&#xf22e;<\/span><\/span><span class=\"gem-icon-half-2\" style=\"color: #ffffff;\"><span class=\"back-angle\">&#xf22e;<\/span><\/span><\/div><\/div><\/div>[vc_column_text]<\/p>\n<h3 style=\"text-align: center;\"><span style=\"color: #ffffff;\">Disponibilit\u00e9, Int\u00e9grit\u00e9, Confidentialit\u00e9 et Auditabilit\u00e9 durant tout le cycle de vie des donn\u00e9es de sant\u00e9<\/span><\/h3>\n<p>[\/vc_column_text][\/vc_column_inner][vc_column_inner width=\u00a0\u00bb1\/3&Prime;]<div class=\"centered-box\"><div class=\"gem-icon gem-icon-pack-material gem-icon-size-medium  gem-icon-shape-square gem-simple-icon \"  style=\"margin-top: 10px;margin-bottom: 10px;opacity: 1;\"><div class=\"gem-icon-inner\" style=\"\"><span class=\"gem-icon-half-1\" style=\"color: #ffffff;\"><span class=\"back-angle\">&#xf532;<\/span><\/span><span class=\"gem-icon-half-2\" style=\"color: #ffffff;\"><span class=\"back-angle\">&#xf532;<\/span><\/span><\/div><\/div><\/div>[vc_column_text]<\/p>\n<h3 style=\"text-align: center;\"><span style=\"color: #ffffff;\">Architecture Haute Disponibilit\u00e9, SLA 99,9%, Infog\u00e9rance 24\/7 outsourcing<\/span><\/h3>\n<p>[\/vc_column_text][\/vc_column_inner][\/vc_row_inner][\/vc_column][\/vc_row][vc_row][vc_column][vc_raw_js]JTNDc2NyaXB0JTIwc3JjJTNEJTIyaHR0cHMlM0ElMkYlMkZzdGF0aWMubGFuZGJvdC5pbyUyRmxhbmRib3Qtd2lkZ2V0JTJGbGFuZGJvdC13aWRnZXQtMS4wLjAuanMlMjIlM0UlM0MlMkZzY3JpcHQlM0UlMEElM0NzY3JpcHQlM0UlMEElMjAlMjB2YXIlMjBteUxhbmRib3QlMjAlM0QlMjBuZXclMjBMYW5kYm90TGl2ZWNoYXQlMjglN0IlMEElMjAlMjAlMjAlMjBpbmRleCUzQSUyMCUyN2h0dHBzJTNBJTJGJTJGbGFuZGJvdC5pbyUyRnUlMkZILTMxNDgxNC1RUDlDTkpYNzdaNkI5RFZPJTJGaW5kZXguaHRtbCUyNyUyQyUwQSUyMCUyMCU3RCUyOSUzQiUwQSUzQyUyRnNjcmlwdCUzRSUwQQ==[\/vc_raw_js][\/vc_column][\/vc_row]<\/p>\n<\/div>","protected":false},"excerpt":{"rendered":"<p>[vc_row full_width=\u00a0\u00bbstretch_row\u00a0\u00bb content_placement=\u00a0\u00bbmiddle\u00a0\u00bb el_id=\u00a0\u00bbrow-1&Prime; css=\u00a0\u00bb.vc_custom_1570712154790{padding-top: 130px !important;padding-bottom: 130px !important;}\u00a0\u00bb][vc_column][vc_single_image image=\u00a0\u00bb70201&Prime; img_size=\u00a0\u00bbfull\u00a0\u00bb alignment=\u00a0\u00bbcenter\u00a0\u00bb css_animation=\u00a0\u00bbslideInUp\u00a0\u00bb][\/vc_column][\/vc_row][vc_row full_width=\u00a0\u00bbstretch_row\u00a0\u00bb equal_height=\u00a0\u00bbyes\u00a0\u00bb content_placement=\u00a0\u00bbmiddle\u00a0\u00bb el_id=\u00a0\u00bbrow-2&Prime; css=\u00a0\u00bb.vc_custom_1570712895655{padding-top: 50px !important;padding-bottom: 50px !important;}\u00a0\u00bb][vc_column][vc_column_text] Euris Cloud Sant\u00e9\u00ae SYNTHETIC DATA, une solution de synth\u00e8se de donn\u00e9es gr\u00e2ce \u00e0 l&rsquo;utilisation d&rsquo;algorithmes d&rsquo;intelligence artificielle. [\/vc_column_text][\/vc_column][\/vc_row][vc_row full_width=\u00a0\u00bbstretch_row\u00a0\u00bb equal_height=\u00a0\u00bbyes\u00a0\u00bb content_placement=\u00a0\u00bbmiddle\u00a0\u00bb css=\u00a0\u00bb.vc_custom_1605009197006{padding-top: 50px !important;padding-bottom: 10px !important;background-color: #f7f7f7 !important;}\u00a0\u00bb el_id=\u00a0\u00bbrow-3&Prime;][vc_column][vc_row_inner equal_height=\u00a0\u00bbyes\u00a0\u00bb content_placement=\u00a0\u00bbmiddle\u00a0\u00bb el_id=\u00a0\u00bbrow-3-a\u00a0\u00bb][vc_column_inner width=\u00a0\u00bb1\/2&Prime;][vc_single_image image=\u00a0\u00bb48698&Prime; img_size=\u00a0\u00bbfull\u00a0\u00bb alignment=\u00a0\u00bbcenter\u00a0\u00bb el_class=\u00a0\u00bbfirst\u00a0\u00bb][\/vc_column_inner][vc_column_inner width=\u00a0\u00bb1\/2&Prime;][vc_column_text css=\u00a0\u00bb.vc_custom_1692201034482{margin-bottom: 20px !important;}\u00a0\u00bb] EURIS CLOUD SANT\u00c9\u00ae SYNTHETIC DATA, DES DONN\u00c9ES SYNTH\u00c9TIQUES FACILITANT L&rsquo;ACC\u00c8S AUX DONN\u00c9ES DE SANT\u00c9 TOUT EN GARANTISSANT UNE QUALIT\u00c9 OPTIMALE. [\/vc_column_text][vc_column_text css=\u00a0\u00bb.vc_custom_1692201078000{margin-bottom: 20px !important;}\u00a0\u00bb]La r\u00e9glementation autour des donn\u00e9es de sant\u00e9 \u00e0 caract\u00e8re personnel facilite l&rsquo;acc\u00e8s et l&rsquo;exploitation de ces donn\u00e9es, mais ajoute des contraintes li\u00e9es au respect de la vie priv\u00e9e.[\/vc_column_text][vc_column_text css=\u00a0\u00bb.vc_custom_1692201206767{margin-bottom: 20px !important;}\u00a0\u00bb]Euris Cloud Sant\u00e9\u00ae et Syntho allient&#8230;<\/p>\n","protected":false},"author":13,"featured_media":70348,"parent":30737,"menu_order":0,"comment_status":"closed","ping_status":"closed","template":"","meta":{"footnotes":""},"class_list":["post-69181","page","type-page","status-publish","has-post-thumbnail"],"_links":{"self":[{"href":"https:\/\/www.euris.com\/fr\/wp-json\/wp\/v2\/pages\/69181","targetHints":{"allow":["GET"]}}],"collection":[{"href":"https:\/\/www.euris.com\/fr\/wp-json\/wp\/v2\/pages"}],"about":[{"href":"https:\/\/www.euris.com\/fr\/wp-json\/wp\/v2\/types\/page"}],"author":[{"embeddable":true,"href":"https:\/\/www.euris.com\/fr\/wp-json\/wp\/v2\/users\/13"}],"replies":[{"embeddable":true,"href":"https:\/\/www.euris.com\/fr\/wp-json\/wp\/v2\/comments?post=69181"}],"version-history":[{"count":3,"href":"https:\/\/www.euris.com\/fr\/wp-json\/wp\/v2\/pages\/69181\/revisions"}],"predecessor-version":[{"id":97702,"href":"https:\/\/www.euris.com\/fr\/wp-json\/wp\/v2\/pages\/69181\/revisions\/97702"}],"up":[{"embeddable":true,"href":"https:\/\/www.euris.com\/fr\/wp-json\/wp\/v2\/pages\/30737"}],"wp:featuredmedia":[{"embeddable":true,"href":"https:\/\/www.euris.com\/fr\/wp-json\/wp\/v2\/media\/70348"}],"wp:attachment":[{"href":"https:\/\/www.euris.com\/fr\/wp-json\/wp\/v2\/media?parent=69181"}],"curies":[{"name":"wp","href":"https:\/\/api.w.org\/{rel}","templated":true}]}}