{"id":72154,"date":"2021-01-12T14:20:31","date_gmt":"2021-01-12T13:20:31","guid":{"rendered":"https:\/\/www.euris.com\/?page_id=72154"},"modified":"2021-01-15T14:49:43","modified_gmt":"2021-01-15T13:49:43","slug":"cloud-sante-pharma","status":"publish","type":"page","link":"https:\/\/www.euris.com\/fr\/hebergement-donnees-sante\/cloud-sante-pharma\/","title":{"rendered":"Cloud Sant\u00e9\u00a9 Pharma"},"content":{"rendered":"<div class=\"wpb-content-wrapper\"><p>[vc_row full_width=\u00a0\u00bbstretch_row\u00a0\u00bb content_placement=\u00a0\u00bbmiddle\u00a0\u00bb el_id=\u00a0\u00bbrow-1&Prime; css=\u00a0\u00bb.vc_custom_1610459055839{padding-top: 130px !important;padding-bottom: 70px !important;}\u00a0\u00bb][vc_column][vc_single_image image=\u00a0\u00bb72293&Prime; img_size=\u00a0\u00bblarge\u00a0\u00bb alignment=\u00a0\u00bbcenter\u00a0\u00bb css_animation=\u00a0\u00bbslideInUp\u00a0\u00bb][\/vc_column][\/vc_row][vc_row full_width=\u00a0\u00bbstretch_row\u00a0\u00bb equal_height=\u00a0\u00bbyes\u00a0\u00bb content_placement=\u00a0\u00bbmiddle\u00a0\u00bb el_id=\u00a0\u00bbrow-2&Prime; css=\u00a0\u00bb.vc_custom_1570712895655{padding-top: 50px !important;padding-bottom: 50px !important;}\u00a0\u00bb][vc_column width=\u00a0\u00bb2\/3&Prime;][vc_column_text]<\/p>\n<h1 style=\"text-align: left;\"><span style=\"color: #ffffff;\"><span style=\"color: #333333;\">Pharmacie en ligne certifi\u00e9e HDS \/ ASIP Sant\u00e9<\/span><\/span><\/h1>\n<p>[\/vc_column_text][vc_column_text css=\u00a0\u00bb.vc_custom_1610461450884{margin-top: 20px !important;margin-bottom: 20px !important;}\u00a0\u00bb]<\/p>\n<h2 style=\"text-align: left;\"><span style=\"color: #ffffff;\"><span style=\"color: #333333;\">S\u00e9curisez vos donn\u00e9es patients et votre site Pharmacie avec une offre packag\u00e9e<\/span><\/span><\/h2>\n<p>[\/vc_column_text]<style type=\"text\/css\">.thegem-button-69f1d2247201d4148 .gem-button svg {fill: #0099ff;}.thegem-button-69f1d2247201d4148 .gem-button:hover svg {fill: #ffffff;}<\/style><div class=\"gem-button-container gem-button-position-inline thegem-button-69f1d2247201d4148 butt   \"  ><a class=\"gem-button gem-button-size-medium gem-button-style-outline gem-button-text-weight-normal gem-button-border-2\" data-ll-effect=\"drop-right-without-wrap\" style=\"border-radius: 3px;border-color: #0099ff;color: #0099ff;\" onmouseleave=\"this.style.borderColor='#0099ff';this.style.backgroundColor='transparent';this.style.color='#0099ff';\" onmouseenter=\"this.style.backgroundColor='#0099ff';this.style.color='#ffffff';\" href=\"https:\/\/www.euris.com\/fr\/contact\/\" target=\"_self\">demandez un devis<\/a><\/div> [\/vc_column][vc_column width=\u00a0\u00bb1\/3&Prime;][vc_single_image image=\u00a0\u00bb72230&Prime; img_size=\u00a0\u00bblarge\u00a0\u00bb alignment=\u00a0\u00bbcenter\u00a0\u00bb][\/vc_column][\/vc_row][vc_row full_width=\u00a0\u00bbstretch_row\u00a0\u00bb equal_height=\u00a0\u00bbyes\u00a0\u00bb content_placement=\u00a0\u00bbmiddle\u00a0\u00bb css=\u00a0\u00bb.vc_custom_1575381372405{padding-top: 50px !important;padding-bottom: 50px !important;background-color: #f7f7f7 !important;}\u00a0\u00bb el_id=\u00a0\u00bbrow-3&Prime;][vc_column][vc_column_text css=\u00a0\u00bb.vc_custom_1610459674066{padding-bottom: 40px !important;}\u00a0\u00bb]<\/p>\n<h2 style=\"text-align: center;\">Rungis Pharma\u00a0: Pharmacie en ligne &#8211; Offre agr\u00e9\u00e9e et certifi\u00e9e HDS \/ ASIP Sant\u00e9<\/h2>\n<p>[\/vc_column_text]<div class=\"centered-box\"><div class=\"gem-icon gem-icon-pack-elegant gem-icon-size-small  gem-icon-shape-circle \"  style=\"border-color: #0099ff;opacity: 1;\"><div class=\"gem-icon-inner\" style=\"\"><span class=\"gem-icon-half-1\" style=\"color: #0099ff;\"><span class=\"back-angle\">&#xe012;<\/span><\/span><span class=\"gem-icon-half-2\" style=\"color: #0099ff;\"><span class=\"back-angle\">&#xe012;<\/span><\/span><\/div><\/div><\/div>[vc_column_text]<\/p>\n<h3 style=\"text-align: center;\"><span style=\"color: #0099ff;\">CERTIFICATION &amp; AGR\u00c9MENT<\/span><\/h3>\n<p>[\/vc_column_text]<div class=\"gem-list gem-list-type-check-style-1 gem-list-color-3\" ><ul class=\"list\">\n<li style=\"text-align: center;\">Plateforme agr\u00e9\u00e9e d\u2019h\u00e9bergement de donn\u00e9es de sant\u00e9<\/li>\n<li style=\"text-align: center;\">Exploitation 24\/7<\/li>\n<li style=\"text-align: center;\">SLA 99,9%<\/li>\n<li style=\"text-align: center;\">Tier 3+<\/li>\n<\/ul>\n<\/div>[vc_separator color=\u00a0\u00bbpeacoc\u00a0\u00bb style=\u00a0\u00bbdotted\u00a0\u00bb border_width=\u00a0\u00bb2&Prime; el_width=\u00a0\u00bb60&Prime; css_animation=\u00a0\u00bbnone\u00a0\u00bb css=\u00a0\u00bb.vc_custom_1610461139206{margin-top: 30px !important;margin-bottom: 30px !important;}\u00a0\u00bb]<div class=\"centered-box\"><div class=\"gem-icon gem-icon-pack-elegant gem-icon-size-small  gem-icon-shape-circle \"  style=\"border-color: #0099ff;opacity: 1;\"><div class=\"gem-icon-inner\" style=\"\"><span class=\"gem-icon-half-1\" style=\"color: #0099ff;\"><span class=\"back-angle\">&#xe009;<\/span><\/span><span class=\"gem-icon-half-2\" style=\"color: #0099ff;\"><span class=\"back-angle\">&#xe009;<\/span><\/span><\/div><\/div><\/div>[vc_column_text]<\/p>\n<h3 style=\"text-align: center;\"><span style=\"color: #0099ff;\">Plateforme<\/span><\/h3>\n<p>[\/vc_column_text][vc_column_text]<\/p>\n<h4 style=\"text-align: center;\">Infrastructure PCA \u2013 Dual Site Synchrone<\/h4>\n<p>[\/vc_column_text]<div class=\"gem-list gem-list-type-check-style-1 gem-list-color-3\" ><ul class=\"list\">\n<li style=\"text-align: center;\">Routage<\/li>\n<li style=\"text-align: center;\">Firewall<\/li>\n<li style=\"text-align: center;\">LoadBalancing<\/li>\n<li style=\"text-align: center;\">Supervision<\/li>\n<\/ul>\n<\/div>[vc_column_text]<\/p>\n<h4 style=\"text-align: center;\">Environnement de production PCA \u2013 Dual Site Synchrone<\/h4>\n<p>[\/vc_column_text]<div class=\"gem-list gem-list-type-check-style-1 gem-list-color-3\" ><ul class=\"list\">\n<li style=\"text-align: center;\">Front-end applicatif<\/li>\n<li style=\"text-align: center;\">Back-end (base de donn\u00e9es)<\/li>\n<li style=\"text-align: center;\">1 GO de stockage d\u00e9di\u00e9 et s\u00e9curis\u00e9<\/li>\n<li style=\"text-align: center;\">Supervision<\/li>\n<\/ul>\n<\/div>[vc_column_text]<\/p>\n<h4 style=\"text-align: center;\">Environnement de pr\u00e9-production Editeur<\/h4>\n<p>[\/vc_column_text][vc_column_text]<\/p>\n<h4 style=\"text-align: center;\">Sauvegarde<\/h4>\n<p>[\/vc_column_text][vc_column_text]<\/p>\n<h4 style=\"text-align: center;\">Archivage<\/h4>\n<p>[\/vc_column_text][vc_separator color=\u00a0\u00bbpeacoc\u00a0\u00bb style=\u00a0\u00bbdotted\u00a0\u00bb border_width=\u00a0\u00bb2&Prime; el_width=\u00a0\u00bb60&Prime; css_animation=\u00a0\u00bbnone\u00a0\u00bb css=\u00a0\u00bb.vc_custom_1610461146049{margin-top: 30px !important;margin-bottom: 30px !important;}\u00a0\u00bb]<div class=\"centered-box\"><div class=\"gem-icon gem-icon-pack-elegant gem-icon-size-small  gem-icon-shape-circle \"  style=\"border-color: #0099ff;opacity: 1;\"><div class=\"gem-icon-inner\" style=\"\"><span class=\"gem-icon-half-1\" style=\"color: #0099ff;\"><span class=\"back-angle\">&#xe021;<\/span><\/span><span class=\"gem-icon-half-2\" style=\"color: #0099ff;\"><span class=\"back-angle\">&#xe021;<\/span><\/span><\/div><\/div><\/div>[vc_column_text]<\/p>\n<h3 style=\"text-align: center;\"><span style=\"color: #0099ff;\">Services<\/span><\/h3>\n<p>[\/vc_column_text]<div class=\"gem-list gem-list-type-check-style-1 gem-list-color-3\" ><ul class=\"list\">\n<li style=\"text-align: center;\">2 adresses IP publiques<\/li>\n<li style=\"text-align: center;\">Nom de domaine &amp; certificat SSl\u00a0: \u00ab\u00a0client.netpharma.fr\u00a0\u00bb<\/li>\n<li style=\"text-align: center;\">Chiffrement SSL<\/li>\n<li style=\"text-align: center;\">Bande passante multi-hom\u00e9e\u00a0: 512 Kbit\/s burst 100 Mbit\/s<\/li>\n<li style=\"text-align: center;\">Supervision mat\u00e9riel, syst\u00e8me &amp;amp; applicative<\/li>\n<li style=\"text-align: center;\">Infog\u00e9rance mat\u00e9riel &amp; syst\u00e8me<\/li>\n<li style=\"text-align: center;\">Infog\u00e9rance applicative agr\u00e9\u00e9e et certifi\u00e9e HDS<\/li>\n<\/ul>\n<\/div>[\/vc_column][\/vc_row][vc_row full_width=\u00a0\u00bbstretch_row\u00a0\u00bb equal_height=\u00a0\u00bbyes\u00a0\u00bb content_placement=\u00a0\u00bbmiddle\u00a0\u00bb el_id=\u00a0\u00bbrow-4&Prime; css=\u00a0\u00bb.vc_custom_1610543177716{padding-top: 40px !important;padding-bottom: 40px !important;}\u00a0\u00bb][vc_column width=\u00a0\u00bb1\/2&Prime;]<div class=\"centered-box gem-image-centered-box\" ><div class=\"gem-image gem-wrapbox gem-wrapbox-style-default gem-wrapbox-position-centered  thegem-custom-69f1d224726799213\"  style=\"\" ><div class=\"gem-wrapbox-inner \" ><a href=\"https:\/\/www.euris.com\/wp-content\/uploads\/2021\/01\/Sch\u00e9ma-Cloud-Sant\u00e9-Pharma-2.jpg\" class=\"fancybox\"><img class=\"gem-wrapbox-element img-responsive\" src=\"https:\/\/www.euris.com\/wp-content\/uploads\/2021\/01\/Sch\u00e9ma-Cloud-Sant\u00e9-Pharma-2.jpg\" alt=\"Sch\u00e9ma Cloud Sant\u00e9 Pharma\"\/><\/a><\/div><style type=\"text\/css\">.thegem-custom-69f1d224726799213.gem-image a:hover img {filter: brightness( 100% ) contrast( 100% ) saturate( 100% ) blur( 0px ) hue-rotate( 0deg );}<\/style><\/div><\/div>[\/vc_column][vc_column width=\u00a0\u00bb1\/2&Prime; css=\u00a0\u00bb.vc_custom_1610462106697{padding-top: 40px !important;padding-bottom: 40px !important;}\u00a0\u00bb][vc_column_text]<\/p>\n<h2>Cloud Sant\u00e9\u00a0: h\u00e9bergeur g\u00e9n\u00e9rique = Certifi\u00e9 pour site pharmacie<\/h2>\n<p>[\/vc_column_text][vc_column_text]Si un site internet peut \u00eatre consid\u00e9r\u00e9 comme une application, l\u2019h\u00e9bergeur agr\u00e9\u00e9 et certifi\u00e9 pour un service \u00ab\u00a0g\u00e9n\u00e9rique\u00a0\u00bb pourra se pr\u00e9valoir de son agr\u00e9ment pour l\u2019h\u00e9bergement d\u2019un site de vente en ligne de m\u00e9dicament sous r\u00e9serve de r\u00e9pondre aux \u00e9l\u00e9ments suivants.[\/vc_column_text][vc_column_text]L\u2019h\u00e9bergement du site de vente en ligne de m\u00e9dicament doit \u00eatre r\u00e9alis\u00e9 par l\u2019h\u00e9bergeur dans les m\u00eames conditions de s\u00e9curit\u00e9 et de confidentialit\u00e9 et \u00eatre fond\u00e9 sur la m\u00eame architecture technique que celles d\u00e9crites dans son dossier de demande d\u2019agr\u00e9ment. En outre, le partage de responsabilit\u00e9s entre l\u2019h\u00e9bergeur et son client doit \u00eatre identique \u00e0 ce qui est pr\u00e9vu dans le mod\u00e8le de contrat d\u2019h\u00e9bergement sur le fondement duquel l\u2019agr\u00e9ment a \u00e9t\u00e9 d\u00e9livr\u00e9. Enfin, le service agr\u00e9\u00e9 doit<br \/>\n\u00e9galement pr\u00e9voir un acc\u00e8s direct du patient \u00e0 l\u2019application garantissant l\u2019identification et l\u2019authentification de ce dernier, dans des conditions de s\u00e9curit\u00e9 \u00e0 l\u2019\u00e9tat de l\u2019art.[\/vc_column_text][vc_single_image image=\u00a0\u00bb72223&Prime; img_size=\u00a0\u00bbmedium\u00a0\u00bb][\/vc_column][\/vc_row][vc_row full_width=\u00a0\u00bbstretch_row\u00a0\u00bb equal_height=\u00a0\u00bbyes\u00a0\u00bb content_placement=\u00a0\u00bbmiddle\u00a0\u00bb el_id=\u00a0\u00bbrow-5&Prime; css=\u00a0\u00bb.vc_custom_1610548450788{margin-bottom: -10px !important;padding-top: 50px !important;padding-bottom: 50px !important;}\u00a0\u00bb][vc_column][vc_row_inner el_id=\u00a0\u00bbrow-6-a\u00a0\u00bb][vc_column_inner width=\u00a0\u00bb1\/3&Prime;]<div class=\"centered-box\"><div class=\"gem-icon gem-icon-pack-material gem-icon-size-medium  gem-icon-shape-square gem-simple-icon \"  style=\"margin-top: 10px;margin-bottom: 10px;opacity: 1;\"><div class=\"gem-icon-inner\" style=\"\"><span class=\"gem-icon-half-1\" style=\"color: #ffffff;\"><span class=\"back-angle\">&#xf114;<\/span><\/span><span class=\"gem-icon-half-2\" style=\"color: #ffffff;\"><span class=\"back-angle\">&#xf114;<\/span><\/span><\/div><\/div><\/div>[vc_column_text]<\/p>\n<h3 style=\"text-align: center;\"><span style=\"color: #ffffff;\">expertise sant\u00e9<\/span><\/h3>\n<p>[\/vc_column_text][vc_column_text]<\/p>\n<p style=\"text-align: center;\"><span style=\"color: #ffffff;\">b\u00e9n\u00e9ficiez d&rsquo;une \u00e9quipe d&rsquo;experts en projet IT sant\u00e9 depuis plus de 20 ans.<\/span><\/p>\n<p>[\/vc_column_text][\/vc_column_inner][vc_column_inner width=\u00a0\u00bb1\/3&Prime;]<div class=\"centered-box\"><div class=\"gem-icon gem-icon-pack-elegant gem-icon-size-medium  gem-icon-shape-square gem-simple-icon \"  style=\"margin-top: 10px;margin-bottom: 10px;opacity: 1;\"><div class=\"gem-icon-inner\" style=\"\"><span class=\"gem-icon-half-1\" style=\"color: #ffffff;\"><span class=\"back-angle\">&#x7e;<\/span><\/span><span class=\"gem-icon-half-2\" style=\"color: #ffffff;\"><span class=\"back-angle\">&#x7e;<\/span><\/span><\/div><\/div><\/div>[vc_column_text]<\/p>\n<h3 style=\"text-align: center;\"><span style=\"color: #ffffff;\">CERTIFICATION &amp; AGR\u00c9MENTS E-SANT\u00c9<\/span><\/h3>\n<p>[\/vc_column_text][vc_column_text]<\/p>\n<p style=\"text-align: center;\"><span style=\"color: #ffffff;\">S\u00e9curit\u00e9 des donn\u00e9es &amp; conformit\u00e9 globale : UE (HDS &amp; ISO 27001, RGPD), US (HIPAA), Chine (CSL).<\/span><\/p>\n<p>[\/vc_column_text][\/vc_column_inner][vc_column_inner width=\u00a0\u00bb1\/3&Prime;]<div class=\"centered-box\"><div class=\"gem-icon gem-icon-pack-elegant gem-icon-size-medium  gem-icon-shape-square gem-simple-icon \"  style=\"margin-top: 10px;margin-bottom: 10px;opacity: 1;\"><div class=\"gem-icon-inner\" style=\"\"><span class=\"gem-icon-half-1\" style=\"color: #ffffff;\"><span class=\"back-angle\">&#xe0de;<\/span><\/span><span class=\"gem-icon-half-2\" style=\"color: #ffffff;\"><span class=\"back-angle\">&#xe0de;<\/span><\/span><\/div><\/div><\/div>[vc_column_text]<\/p>\n<h3 style=\"text-align: center;\"><span style=\"color: #ffffff;\">INTERNATIONAL<\/span><\/h3>\n<p>[\/vc_column_text][vc_column_text]<\/p>\n<p style=\"text-align: center;\"><span style=\"color: #ffffff;\">Des projets d\u00e9ploy\u00e9s dans le monde entier : Europe, Asie, Am\u00e9rique, Afrique.<\/span><\/p>\n<p>[\/vc_column_text][\/vc_column_inner][\/vc_row_inner][vc_row_inner el_id=\u00a0\u00bbrow-6-b\u00a0\u00bb][vc_column_inner width=\u00a0\u00bb1\/3&Prime;]<div class=\"centered-box\"><div class=\"gem-icon gem-icon-pack-material gem-icon-size-medium  gem-icon-shape-square gem-simple-icon \"  style=\"margin-top: 10px;margin-bottom: 10px;opacity: 1;\"><div class=\"gem-icon-inner\" style=\"\"><span class=\"gem-icon-half-1\" style=\"color: #ffffff;\"><span class=\"back-angle\">&#xf4cd;<\/span><\/span><span class=\"gem-icon-half-2\" style=\"color: #ffffff;\"><span class=\"back-angle\">&#xf4cd;<\/span><\/span><\/div><\/div><\/div>[vc_column_text]<\/p>\n<h3 style=\"text-align: center;\"><span style=\"color: #ffffff;\">continuit\u00e9 de service<\/span><\/h3>\n<p>[\/vc_column_text][vc_column_text]<\/p>\n<p style=\"text-align: center;\"><span style=\"color: #ffffff;\">Architecture Haute disponibilit\u00e9, SLA 99.9%, Infog\u00e9rance 24\/7 outsourcing.<\/span><\/p>\n<p>[\/vc_column_text][\/vc_column_inner][vc_column_inner width=\u00a0\u00bb1\/3&Prime;]<div class=\"centered-box\"><div class=\"gem-icon gem-icon-pack-material gem-icon-size-medium  gem-icon-shape-square gem-simple-icon \"  style=\"margin-top: 10px;margin-bottom: 10px;opacity: 1;\"><div class=\"gem-icon-inner\" style=\"\"><span class=\"gem-icon-half-1\" style=\"color: #ffffff;\"><span class=\"back-angle\">&#xf396;<\/span><\/span><span class=\"gem-icon-half-2\" style=\"color: #ffffff;\"><span class=\"back-angle\">&#xf396;<\/span><\/span><\/div><\/div><\/div>[vc_column_text]<\/p>\n<h3 style=\"text-align: center;\"><span style=\"color: #ffffff;\">protection de vos donn\u00e9es<\/span><\/h3>\n<p>[\/vc_column_text][vc_column_text]<\/p>\n<p style=\"text-align: center;\"><span style=\"color: #ffffff;\">Disponibilit\u00e9, Int\u00e9grit\u00e9, Confidentialit\u00e9, et Auditabilit\u00e9 durant tout le cycle de vie des donn\u00e9es de sant\u00e9.<\/span><\/p>\n<p>[\/vc_column_text][\/vc_column_inner][vc_column_inner width=\u00a0\u00bb1\/3&Prime;]<div class=\"centered-box\"><div class=\"gem-icon gem-icon-pack-elegant gem-icon-size-medium  gem-icon-shape-square gem-simple-icon \"  style=\"margin-top: 10px;margin-bottom: 10px;opacity: 1;\"><div class=\"gem-icon-inner\" style=\"\"><span class=\"gem-icon-half-1\" style=\"color: #ffffff;\"><span class=\"back-angle\">&#xe037;<\/span><\/span><span class=\"gem-icon-half-2\" style=\"color: #ffffff;\"><span class=\"back-angle\">&#xe037;<\/span><\/span><\/div><\/div><\/div>[vc_column_text]<\/p>\n<h3 style=\"text-align: center;\"><span style=\"color: #ffffff;\">richesse fonctionnelle<\/span><\/h3>\n<p>[\/vc_column_text][vc_column_text]<\/p>\n<p style=\"text-align: center;\"><span style=\"color: #ffffff;\">Une infrastructure-as-a-Service apportant des solutions rentables, souples et fonctionnelles.<\/span><\/p>\n<p>[\/vc_column_text][\/vc_column_inner][\/vc_row_inner][\/vc_column][\/vc_row][vc_row][vc_column][vc_raw_js]JTNDc2NyaXB0JTIwc3JjJTNEJTIyaHR0cHMlM0ElMkYlMkZzdGF0aWMubGFuZGJvdC5pbyUyRmxhbmRib3Qtd2lkZ2V0JTJGbGFuZGJvdC13aWRnZXQtMS4wLjAuanMlMjIlM0UlM0MlMkZzY3JpcHQlM0UlMEElM0NzY3JpcHQlM0UlMEElMjAlMjB2YXIlMjBteUxhbmRib3QlMjAlM0QlMjBuZXclMjBMYW5kYm90TGl2ZWNoYXQlMjglN0IlMEElMjAlMjAlMjAlMjBpbmRleCUzQSUyMCUyN2h0dHBzJTNBJTJGJTJGbGFuZGJvdC5pbyUyRnUlMkZILTMxNDgxNC1RUDlDTkpYNzdaNkI5RFZPJTJGaW5kZXguaHRtbCUyNyUyQyUwQSUyMCUyMCU3RCUyOSUzQiUwQSUzQyUyRnNjcmlwdCUzRSUwQQ==[\/vc_raw_js][\/vc_column][\/vc_row]<\/p>\n<\/div>","protected":false},"excerpt":{"rendered":"<p>[vc_row full_width=\u00a0\u00bbstretch_row\u00a0\u00bb content_placement=\u00a0\u00bbmiddle\u00a0\u00bb el_id=\u00a0\u00bbrow-1&Prime; css=\u00a0\u00bb.vc_custom_1610459055839{padding-top: 130px !important;padding-bottom: 70px !important;}\u00a0\u00bb][vc_column][vc_single_image image=\u00a0\u00bb72293&Prime; img_size=\u00a0\u00bblarge\u00a0\u00bb alignment=\u00a0\u00bbcenter\u00a0\u00bb css_animation=\u00a0\u00bbslideInUp\u00a0\u00bb][\/vc_column][\/vc_row][vc_row full_width=\u00a0\u00bbstretch_row\u00a0\u00bb equal_height=\u00a0\u00bbyes\u00a0\u00bb content_placement=\u00a0\u00bbmiddle\u00a0\u00bb el_id=\u00a0\u00bbrow-2&Prime; css=\u00a0\u00bb.vc_custom_1570712895655{padding-top: 50px !important;padding-bottom: 50px !important;}\u00a0\u00bb][vc_column width=\u00a0\u00bb2\/3&Prime;][vc_column_text] Pharmacie en ligne certifi\u00e9e HDS \/ ASIP Sant\u00e9 [\/vc_column_text][vc_column_text css=\u00a0\u00bb.vc_custom_1610461450884{margin-top: 20px !important;margin-bottom: 20px !important;}\u00a0\u00bb] S\u00e9curisez vos donn\u00e9es patients et votre site Pharmacie avec une offre packag\u00e9e [\/vc_column_text][\/vc_column][vc_column width=\u00a0\u00bb1\/3&Prime;][vc_single_image image=\u00a0\u00bb72230&Prime; img_size=\u00a0\u00bblarge\u00a0\u00bb alignment=\u00a0\u00bbcenter\u00a0\u00bb][\/vc_column][\/vc_row][vc_row full_width=\u00a0\u00bbstretch_row\u00a0\u00bb equal_height=\u00a0\u00bbyes\u00a0\u00bb content_placement=\u00a0\u00bbmiddle\u00a0\u00bb css=\u00a0\u00bb.vc_custom_1575381372405{padding-top: 50px !important;padding-bottom: 50px !important;background-color: #f7f7f7 !important;}\u00a0\u00bb el_id=\u00a0\u00bbrow-3&Prime;][vc_column][vc_column_text css=\u00a0\u00bb.vc_custom_1610459674066{padding-bottom: 40px !important;}\u00a0\u00bb] Rungis Pharma\u00a0: Pharmacie en ligne &#8211; Offre agr\u00e9\u00e9e et certifi\u00e9e HDS \/ ASIP Sant\u00e9 [\/vc_column_text][vc_column_text] CERTIFICATION &amp; AGR\u00c9MENT [\/vc_column_text][vc_separator color=\u00a0\u00bbpeacoc\u00a0\u00bb style=\u00a0\u00bbdotted\u00a0\u00bb border_width=\u00a0\u00bb2&Prime; el_width=\u00a0\u00bb60&Prime; css_animation=\u00a0\u00bbnone\u00a0\u00bb css=\u00a0\u00bb.vc_custom_1610461139206{margin-top: 30px !important;margin-bottom: 30px !important;}\u00a0\u00bb][vc_column_text] Plateforme [\/vc_column_text][vc_column_text] Infrastructure PCA \u2013 Dual Site Synchrone [\/vc_column_text][vc_column_text] Environnement de production PCA \u2013 Dual Site Synchrone [\/vc_column_text][vc_column_text] Environnement de pr\u00e9-production Editeur [\/vc_column_text][vc_column_text] Sauvegarde [\/vc_column_text][vc_column_text]&#8230;<\/p>\n","protected":false},"author":1,"featured_media":72285,"parent":30661,"menu_order":0,"comment_status":"closed","ping_status":"closed","template":"","meta":{"footnotes":""},"class_list":["post-72154","page","type-page","status-publish","has-post-thumbnail"],"_links":{"self":[{"href":"https:\/\/www.euris.com\/fr\/wp-json\/wp\/v2\/pages\/72154","targetHints":{"allow":["GET"]}}],"collection":[{"href":"https:\/\/www.euris.com\/fr\/wp-json\/wp\/v2\/pages"}],"about":[{"href":"https:\/\/www.euris.com\/fr\/wp-json\/wp\/v2\/types\/page"}],"author":[{"embeddable":true,"href":"https:\/\/www.euris.com\/fr\/wp-json\/wp\/v2\/users\/1"}],"replies":[{"embeddable":true,"href":"https:\/\/www.euris.com\/fr\/wp-json\/wp\/v2\/comments?post=72154"}],"version-history":[{"count":3,"href":"https:\/\/www.euris.com\/fr\/wp-json\/wp\/v2\/pages\/72154\/revisions"}],"predecessor-version":[{"id":72296,"href":"https:\/\/www.euris.com\/fr\/wp-json\/wp\/v2\/pages\/72154\/revisions\/72296"}],"up":[{"embeddable":true,"href":"https:\/\/www.euris.com\/fr\/wp-json\/wp\/v2\/pages\/30661"}],"wp:featuredmedia":[{"embeddable":true,"href":"https:\/\/www.euris.com\/fr\/wp-json\/wp\/v2\/media\/72285"}],"wp:attachment":[{"href":"https:\/\/www.euris.com\/fr\/wp-json\/wp\/v2\/media?parent=72154"}],"curies":[{"name":"wp","href":"https:\/\/api.w.org\/{rel}","templated":true}]}}