{"id":72911,"date":"2021-03-09T10:34:12","date_gmt":"2021-03-09T09:34:12","guid":{"rendered":"https:\/\/www.euris.com\/?page_id=72911"},"modified":"2021-03-11T18:24:31","modified_gmt":"2021-03-11T17:24:31","slug":"phicomp-supervision-temps-reel-conformite-hds","status":"publish","type":"page","link":"https:\/\/www.euris.com\/fr\/cloud-sante-marketplace\/phicomp-supervision-temps-reel-conformite-hds\/","title":{"rendered":"Phicomp"},"content":{"rendered":"<div class=\"wpb-content-wrapper\"><p>[vc_row full_width=\u00a0\u00bbstretch_row\u00a0\u00bb content_placement=\u00a0\u00bbmiddle\u00a0\u00bb el_id=\u00a0\u00bbrow-1&Prime; css=\u00a0\u00bb.vc_custom_1605526193458{padding-top: 130px !important;padding-bottom: 70px !important;}\u00a0\u00bb][vc_column][vc_single_image image=\u00a0\u00bb72933&Prime; img_size=\u00a0\u00bbfull\u00a0\u00bb alignment=\u00a0\u00bbcenter\u00a0\u00bb css_animation=\u00a0\u00bbslideInUp\u00a0\u00bb][\/vc_column][\/vc_row][vc_row full_width=\u00a0\u00bbstretch_row\u00a0\u00bb equal_height=\u00a0\u00bbyes\u00a0\u00bb content_placement=\u00a0\u00bbmiddle\u00a0\u00bb el_id=\u00a0\u00bbrow-2&Prime; css=\u00a0\u00bb.vc_custom_1570712895655{padding-top: 50px !important;padding-bottom: 50px !important;}\u00a0\u00bb][vc_column][vc_column_text]<\/p>\n<h1 style=\"text-align: center;\">Avec EURIS CLOUD SANT\u00c9\u00ae PHICOMP, soyez assur\u00e9 de la conformit\u00e9 HDS de votre infrastructure<\/h1>\n<p>[\/vc_column_text]<style type=\"text\/css\">.thegem-button-69f1d18944d2b1155 .gem-button svg {fill: #0099ff;}.thegem-button-69f1d18944d2b1155 .gem-button:hover svg {fill: #ffffff;}<\/style><div class=\"gem-button-container gem-button-position-center thegem-button-69f1d18944d2b1155    \"  ><a class=\"gem-button gem-button-size-medium gem-button-style-outline gem-button-text-weight-normal gem-button-border-2\" data-ll-effect=\"drop-right-without-wrap\" style=\"border-radius: 3px;border-color: #0099ff;color: #0099ff;\" onmouseleave=\"this.style.borderColor='#0099ff';this.style.backgroundColor='transparent';this.style.color='#0099ff';\" onmouseenter=\"this.style.backgroundColor='#0099ff';this.style.color='#ffffff';\" href=\"https:\/\/www.euris.com\/fr\/contact\/\" target=\"_self\">demandez un devis<\/a><\/div> [\/vc_column][\/vc_row][vc_row full_width=\u00a0\u00bbstretch_row\u00a0\u00bb equal_height=\u00a0\u00bbyes\u00a0\u00bb content_placement=\u00a0\u00bbmiddle\u00a0\u00bb css=\u00a0\u00bb.vc_custom_1605009197006{padding-top: 50px !important;padding-bottom: 10px !important;background-color: #f7f7f7 !important;}\u00a0\u00bb el_id=\u00a0\u00bbrow-3&Prime;][vc_column][vc_row_inner equal_height=\u00a0\u00bbyes\u00a0\u00bb content_placement=\u00a0\u00bbmiddle\u00a0\u00bb el_id=\u00a0\u00bbrow-3-a\u00a0\u00bb css=\u00a0\u00bb.vc_custom_1596045196074{margin-bottom: 50px !important;}\u00a0\u00bb][vc_column_inner width=\u00a0\u00bb1\/2&Prime;][vc_single_image image=\u00a0\u00bb72961&Prime; img_size=\u00a0\u00bbfull\u00a0\u00bb alignment=\u00a0\u00bbcenter\u00a0\u00bb el_class=\u00a0\u00bbfirst\u00a0\u00bb][\/vc_column_inner][vc_column_inner width=\u00a0\u00bb1\/2&Prime;][vc_column_text css=\u00a0\u00bb.vc_custom_1613389466198{margin-bottom: 20px !important;}\u00a0\u00bb]<\/p>\n<h2>Gr\u00e2ce au logiciel Phicomp d\u2019Euris Cloud Sant\u00e9, la conformit\u00e9 de vos plateformes aux r\u00e9f\u00e9rentiels d\u2019h\u00e9bergement de donn\u00e9es de sant\u00e9 (HDS \/ ISO 27001) est suivie en temps r\u00e9el.<\/h2>\n<p>[\/vc_column_text][vc_column_text css=\u00a0\u00bb.vc_custom_1613389494855{margin-bottom: 20px !important;}\u00a0\u00bb]Une analyse de risque est r\u00e9alis\u00e9e sur les donn\u00e9es relev\u00e9es par diff\u00e9rents capteurs, et Phicomp agit sur 3 plans :[\/vc_column_text]<div class=\"gem-list gem-list-color-3\" ><ul>\n<li>Un <span style=\"color: #0099ff;\"><strong>Dashboard<\/strong><\/span> intuitif afin de suivre les KPI de conformit\u00e9 pertinents et leur historique d\u2019un seul coup d\u2019\u0153il ou en d\u00e9tail<\/li>\n<li>Des <strong><span style=\"color: #0099ff;\">corrections guid\u00e9es<\/span><\/strong> pour toute activit\u00e9 non-conforme d\u00e9tect\u00e9e par les sondes<\/li>\n<li>La mise \u00e0 disposition des <span style=\"color: #0099ff;\"><strong>rapports et inputs<\/strong><\/span> n\u00e9cessaires pour fournir une piste d\u2019audit<\/li>\n<\/ul>\n<\/div>[\/vc_column_inner][\/vc_row_inner][\/vc_column][\/vc_row][vc_row full_width=\u00a0\u00bbstretch_row\u00a0\u00bb el_id=\u00a0\u00bbrow-4&Prime;][vc_column][vc_column_text css=\u00a0\u00bb.vc_custom_1605019312648{margin-top: 40px !important;}\u00a0\u00bb]<\/p>\n<h2 style=\"text-align: center;\"><span style=\"color: #ffffff;\">Les avantages pour vos projets e-sant\u00e9<\/span><\/h2>\n<p>[\/vc_column_text][vc_row_inner equal_height=\u00a0\u00bbyes\u00a0\u00bb css=\u00a0\u00bb.vc_custom_1605006206008{margin-top: 40px !important;margin-bottom: 40px !important;}\u00a0\u00bb][vc_column_inner width=\u00a0\u00bb1\/4&Prime;]<div class=\"centered-box\"><div class=\"gem-icon gem-icon-pack-elegant gem-icon-size-medium  gem-icon-shape-circle gem-simple-icon \"  style=\"opacity: 1;\"><div class=\"gem-icon-inner\" style=\"\"><span class=\"gem-icon-half-1\" style=\"color: #ffffff;\"><span class=\"back-angle\">&#x55;<\/span><\/span><span class=\"gem-icon-half-2\" style=\"color: #ffffff;\"><span class=\"back-angle\">&#x55;<\/span><\/span><\/div><\/div><\/div>[vc_column_text]<\/p>\n<h3 style=\"text-align: center;\"><span style=\"color: #ffffff;\">TRANSPARENCE<\/span><\/h3>\n<p>[\/vc_column_text][vc_column_text]<\/p>\n<p style=\"text-align: center;\"><span style=\"color: #ffffff;\">Transparence entre le Responsable de Traitement, l\u2019h\u00e9bergeur des donn\u00e9es et\/ou les prestataires de service.<\/span><\/p>\n<p>[\/vc_column_text][\/vc_column_inner][vc_column_inner width=\u00a0\u00bb1\/4&Prime;]<div class=\"centered-box\"><div class=\"gem-icon gem-icon-pack-material gem-icon-size-medium  gem-icon-shape-circle gem-simple-icon \"  style=\"opacity: 1;\"><div class=\"gem-icon-inner\" style=\"\"><span class=\"gem-icon-half-1\" style=\"color: #ffffff;\"><span class=\"back-angle\">&#xf154;<\/span><\/span><span class=\"gem-icon-half-2\" style=\"color: #ffffff;\"><span class=\"back-angle\">&#xf154;<\/span><\/span><\/div><\/div><\/div>[vc_column_text]<\/p>\n<h3 style=\"text-align: center;\"><span style=\"color: #ffffff;\">Simplicit\u00e9<\/span><\/h3>\n<p>[\/vc_column_text][vc_column_text]<\/p>\n<p style=\"text-align: center;\"><span style=\"color: #ffffff;\">Simplicit\u00e9 de g\u00e9n\u00e9ration des documents lors d\u2019audit par les r\u00e9gulateurs.<\/span><\/p>\n<p>[\/vc_column_text][\/vc_column_inner][vc_column_inner width=\u00a0\u00bb1\/4&Prime;]<div class=\"centered-box\"><div class=\"gem-icon gem-icon-pack-material gem-icon-size-medium  gem-icon-shape-circle gem-simple-icon \"  style=\"opacity: 1;\"><div class=\"gem-icon-inner\" style=\"\"><span class=\"gem-icon-half-1\" style=\"color: #ffffff;\"><span class=\"back-angle\">&#xf206;<\/span><\/span><span class=\"gem-icon-half-2\" style=\"color: #ffffff;\"><span class=\"back-angle\">&#xf206;<\/span><\/span><\/div><\/div><\/div>[vc_column_text]<\/p>\n<h3 style=\"text-align: center;\"><span style=\"color: #ffffff;\">S\u00e9r\u00e9nit\u00e9<\/span><\/h3>\n<p>[\/vc_column_text][vc_column_text]<\/p>\n<p style=\"text-align: center;\"><span style=\"color: #ffffff;\">S\u00e9r\u00e9nit\u00e9 quant \u00e0 la conformit\u00e9 de l\u2019infrastructure suivant les nouvelles r\u00e8glementations.<\/span><\/p>\n<p>[\/vc_column_text][\/vc_column_inner][vc_column_inner width=\u00a0\u00bb1\/4&Prime;]<div class=\"centered-box\"><div class=\"gem-icon gem-icon-pack-material gem-icon-size-medium  gem-icon-shape-circle gem-simple-icon \"  style=\"opacity: 1;\"><div class=\"gem-icon-inner\" style=\"\"><span class=\"gem-icon-half-1\" style=\"color: #ffffff;\"><span class=\"back-angle\">&#xf276;<\/span><\/span><span class=\"gem-icon-half-2\" style=\"color: #ffffff;\"><span class=\"back-angle\">&#xf276;<\/span><\/span><\/div><\/div><\/div>[vc_column_text]<\/p>\n<h3 style=\"text-align: center;\"><span style=\"color: #ffffff;\">Accessibilit\u00e9<\/span><\/h3>\n<p>[\/vc_column_text][vc_column_text]<\/p>\n<p style=\"text-align: center;\"><span style=\"color: #ffffff;\">Acc\u00e8s monitor\u00e9 et facilit\u00e9 aux ressources mat\u00e9rielles de vos plateformes e-sant\u00e9.<\/span><\/p>\n<p>[\/vc_column_text][\/vc_column_inner][\/vc_row_inner][\/vc_column][\/vc_row][vc_row el_id=\u00a0\u00bbrow-5&Prime;][vc_column css=\u00a0\u00bb.vc_custom_1605172858100{margin-top: 80px !important;margin-bottom: 40px !important;}\u00a0\u00bb][vc_single_image image=\u00a0\u00bb72967&Prime; img_size=\u00a0\u00bbfull\u00a0\u00bb alignment=\u00a0\u00bbcenter\u00a0\u00bb][\/vc_column][\/vc_row][vc_row el_id=\u00a0\u00bbrow-7&Prime; css=\u00a0\u00bb.vc_custom_1615281658116{margin-bottom: 40px !important;}\u00a0\u00bb][vc_column][vc_column_text]Phicomp vous permet d\u2019<strong>\u00e9valuer en continu la conformit\u00e9 de vos plateformes HDS<\/strong> afin de corriger en temps r\u00e9el les risques d\u00e9tect\u00e9s. Phicomp permet de garantir le suivi de la conformit\u00e9 HDS de vos installations, <strong>en respectant les 4 crit\u00e8res de s\u00e9curit\u00e9\u00a0suivants<\/strong>\u00a0:[\/vc_column_text]<div class=\"gem-list gem-list-type-check-style-1 gem-list-color-2\" ><div class=\"test\">\n<ul>\n<li style=\"text-align: left;\"><span style=\"color: #0099ff;\"><strong>Disponibilit\u00e9<\/strong><\/span><\/li>\n<li style=\"text-align: left;\"><span style=\"color: #0099ff;\"><strong>Integrit\u00e9<\/strong><\/span><\/li>\n<li style=\"text-align: left;\"><span style=\"color: #0099ff;\"><strong>Confidentialit\u00e9<\/strong><\/span><\/li>\n<li style=\"text-align: left;\"><span style=\"color: #0099ff;\"><strong>Tra\u00e7abilit\u00e9<\/strong><\/span><\/li>\n<\/ul>\n<\/div>\n<\/div>[vc_column_text]L\u2019architecture Phicomp a \u00e9t\u00e9 con\u00e7ue modulable by design, \u00e0 travers l\u2019exposition d\u2019API. Sa scalabilit\u00e9 permet \u00e0 Phicomp d\u2019\u00e9voluer avec un \u00e9cosyst\u00e8me de r\u00e9glementations en constante \u00e9volution et de s&rsquo;adapter aux sp\u00e9cificit\u00e9s des clients.[\/vc_column_text][vc_single_image image=\u00a0\u00bb73561&Prime; img_size=\u00a0\u00bbfull\u00a0\u00bb alignment=\u00a0\u00bbcenter\u00a0\u00bb][\/vc_column][\/vc_row][vc_row full_width=\u00a0\u00bbstretch_row\u00a0\u00bb equal_height=\u00a0\u00bbyes\u00a0\u00bb content_placement=\u00a0\u00bbmiddle\u00a0\u00bb el_id=\u00a0\u00bbrow-8&Prime; css=\u00a0\u00bb.vc_custom_1615282354107{padding-bottom: 40px !important;background-color: #f7f7f7 !important;}\u00a0\u00bb][vc_column][vc_column_text]<\/p>\n<h2 style=\"text-align: center;\">Expertise, savoir-faire et technologies fran\u00e7aises<\/h2>\n<p>[\/vc_column_text][vc_row_inner equal_height=\u00a0\u00bbyes\u00a0\u00bb content_placement=\u00a0\u00bbmiddle\u00a0\u00bb css=\u00a0\u00bb.vc_custom_1615281918841{margin-top: 40px !important;}\u00a0\u00bb][vc_column_inner width=\u00a0\u00bb2\/3&Prime;][vc_column_text]H\u00e9bergeur agr\u00e9\u00e9 HDS depuis 2013,\u00a0Cloud Sant\u00e9\u00ae est le\u00a0<strong>1er cloud d\u00e9di\u00e9 sant\u00e9 certifi\u00e9 HDS en France<\/strong>.<\/p>\n<p>Euris Health Cloud (Cloud Sant\u00e9)\u00a0<a href=\"https:\/\/www.euris.com\/fr\/news\/communique-de-presse-20-06-2019\/\">d\u00e9tient les certifications HDS:2018<\/a> pour l\u2019h\u00e9bergement et l\u2019infog\u00e9rance des donn\u00e9es de sant\u00e9 ainsi que la certification ISO\/IEC 27001:2013. Cloud Sant\u00e9 dispose \u00e9galement de l\u2019attestation de conformit\u00e9 \u00e0 la loi HIPAA*.<\/p>\n<p>Euris Health Cloud (Cloud Sant\u00e9\u00ae) a obtenu l\u2019int\u00e9gralit\u00e9 des deux volets disponibles dans la certification : H\u00e9bergeur Infrastructures et Infog\u00e9reur HDS, couvrant l\u2019ensemble des <strong>six activit\u00e9s<\/strong> HDS possibles du r\u00e9f\u00e9rentiel HDS[\/vc_column_text][\/vc_column_inner][vc_column_inner width=\u00a0\u00bb1\/3&Prime;][vc_single_image image=\u00a0\u00bb53669&Prime; img_size=\u00a0\u00bbfull\u00a0\u00bb alignment=\u00a0\u00bbcenter\u00a0\u00bb][\/vc_column_inner][\/vc_row_inner][vc_column_text css=\u00a0\u00bb.vc_custom_1615282198524{margin-top: 40px !important;}\u00a0\u00bb]<em class=\"ita\">*HIPAA\u00a0: Health Insurance Portability and Accountability Act, cadre r\u00e9glementaire appliqu\u00e9 \u00e0 l&rsquo;h\u00e9bergement de donn\u00e9es de sant\u00e9 aux \u00c9tats-Unis, promulgu\u00e9 par le Congr\u00e8s am\u00e9ricain en 1996. Elle cr\u00e9e les normes nationales en mati\u00e8re de transactions \u00e9lectroniques et d\u2019identifiants nationaux pour les professionnels de la sant\u00e9, les r\u00e9gimes d\u2019assurance maladie et les employeurs.<\/em>[\/vc_column_text]<style type=\"text\/css\">.thegem-button-69f1d1894507c5516 .gem-button svg {fill: #0099ff;}.thegem-button-69f1d1894507c5516 .gem-button:hover svg {fill: #ffffff;}<\/style><div class=\"gem-button-container gem-button-position-center thegem-button-69f1d1894507c5516    \"  ><a class=\"gem-button gem-button-size-small gem-button-style-outline gem-button-text-weight-normal gem-button-border-2\" data-ll-effect=\"drop-right-without-wrap\" style=\"border-radius: 3px;border-color: #0099ff;color: #0099ff;\" onmouseleave=\"this.style.borderColor='#0099ff';this.style.backgroundColor='transparent';this.style.color='#0099ff';\" onmouseenter=\"this.style.backgroundColor='#0099ff';this.style.color='#ffffff';\" href=\"https:\/\/www.euris.com\/fr\/certifications\/\" target=\"_self\">Acc\u00e9dez \u00e0 l&#039;ensemble de nos certifications<\/a><\/div> [\/vc_column][\/vc_row][vc_row full_width=\u00a0\u00bbstretch_row\u00a0\u00bb el_id=\u00a0\u00bbrow-6&Prime;][vc_column][vc_row_inner el_id=\u00a0\u00bbrow-6-a\u00a0\u00bb css=\u00a0\u00bb.vc_custom_1605009408873{margin-top: 40px !important;}\u00a0\u00bb][vc_column_inner width=\u00a0\u00bb1\/3&Prime;]<div class=\"centered-box\"><div class=\"gem-icon gem-icon-pack-material gem-icon-size-medium  gem-icon-shape-square gem-simple-icon \"  style=\"margin-top: 10px;margin-bottom: 10px;opacity: 1;\"><div class=\"gem-icon-inner\" style=\"\"><span class=\"gem-icon-half-1\" style=\"color: #ffffff;\"><span class=\"back-angle\">&#xf114;<\/span><\/span><span class=\"gem-icon-half-2\" style=\"color: #ffffff;\"><span class=\"back-angle\">&#xf114;<\/span><\/span><\/div><\/div><\/div>[vc_column_text]<\/p>\n<h3 style=\"text-align: center;\"><span style=\"color: #ffffff;\">expertise sant\u00e9<\/span><\/h3>\n<p>[\/vc_column_text][vc_column_text]<\/p>\n<p style=\"text-align: center;\"><span style=\"color: #ffffff;\">B\u00e9n\u00e9ficiez d&rsquo;une \u00e9quipe d&rsquo;experts en projet IT sant\u00e9 depuis plus de 20 ans.<\/span><\/p>\n<p>[\/vc_column_text][\/vc_column_inner][vc_column_inner width=\u00a0\u00bb1\/3&Prime;]<div class=\"centered-box\"><div class=\"gem-icon gem-icon-pack-elegant gem-icon-size-medium  gem-icon-shape-square gem-simple-icon \"  style=\"margin-top: 10px;margin-bottom: 10px;opacity: 1;\"><div class=\"gem-icon-inner\" style=\"\"><span class=\"gem-icon-half-1\" style=\"color: #ffffff;\"><span class=\"back-angle\">&#x7e;<\/span><\/span><span class=\"gem-icon-half-2\" style=\"color: #ffffff;\"><span class=\"back-angle\">&#x7e;<\/span><\/span><\/div><\/div><\/div>[vc_column_text]<\/p>\n<h3 style=\"text-align: center;\"><span style=\"color: #ffffff;\">CERTIFICATION &amp; AGR\u00c9MENTS E-SANT\u00c9<\/span><\/h3>\n<p>[\/vc_column_text][vc_column_text]<\/p>\n<p style=\"text-align: center;\"><span style=\"color: #ffffff;\">S\u00e9curit\u00e9 des donn\u00e9es &amp; conformit\u00e9 globale : UE (HDS &amp; ISO 27001, RGPD), US (HIPAA), Chine (CSL).<\/span><\/p>\n<p>[\/vc_column_text][\/vc_column_inner][vc_column_inner width=\u00a0\u00bb1\/3&Prime;]<div class=\"centered-box\"><div class=\"gem-icon gem-icon-pack-elegant gem-icon-size-medium  gem-icon-shape-square gem-simple-icon \"  style=\"margin-top: 10px;margin-bottom: 10px;opacity: 1;\"><div class=\"gem-icon-inner\" style=\"\"><span class=\"gem-icon-half-1\" style=\"color: #ffffff;\"><span class=\"back-angle\">&#xe0de;<\/span><\/span><span class=\"gem-icon-half-2\" style=\"color: #ffffff;\"><span class=\"back-angle\">&#xe0de;<\/span><\/span><\/div><\/div><\/div>[vc_column_text]<\/p>\n<h3 style=\"text-align: center;\"><span style=\"color: #ffffff;\">INTERNATIONAL<\/span><\/h3>\n<p>[\/vc_column_text][vc_column_text]<\/p>\n<p style=\"text-align: center;\"><span style=\"color: #ffffff;\">Des projets d\u00e9ploy\u00e9s dans le monde entier : Europe, Asie, Am\u00e9rique, Afrique.<\/span><\/p>\n<p>[\/vc_column_text][\/vc_column_inner][\/vc_row_inner][vc_row_inner el_id=\u00a0\u00bbrow-6-b\u00a0\u00bb css=\u00a0\u00bb.vc_custom_1605009451319{margin-top: 20px !important;margin-bottom: 40px !important;}\u00a0\u00bb][vc_column_inner width=\u00a0\u00bb1\/3&Prime;]<div class=\"centered-box\"><div class=\"gem-icon gem-icon-pack-material gem-icon-size-medium  gem-icon-shape-square gem-simple-icon \"  style=\"margin-top: 10px;margin-bottom: 10px;opacity: 1;\"><div class=\"gem-icon-inner\" style=\"\"><span class=\"gem-icon-half-1\" style=\"color: #ffffff;\"><span class=\"back-angle\">&#xf4cd;<\/span><\/span><span class=\"gem-icon-half-2\" style=\"color: #ffffff;\"><span class=\"back-angle\">&#xf4cd;<\/span><\/span><\/div><\/div><\/div>[vc_column_text]<\/p>\n<h3 style=\"text-align: center;\"><span style=\"color: #ffffff;\">continuit\u00e9 de service<\/span><\/h3>\n<p>[\/vc_column_text][vc_column_text]<\/p>\n<p style=\"text-align: center;\"><span style=\"color: #ffffff;\">Architecture Haute disponibilit\u00e9, SLA 99.9%, Infog\u00e9rance 24\/7 outsourcing.<\/span><\/p>\n<p>[\/vc_column_text][\/vc_column_inner][vc_column_inner width=\u00a0\u00bb1\/3&Prime;]<div class=\"centered-box\"><div class=\"gem-icon gem-icon-pack-material gem-icon-size-medium  gem-icon-shape-square gem-simple-icon \"  style=\"margin-top: 10px;margin-bottom: 10px;opacity: 1;\"><div class=\"gem-icon-inner\" style=\"\"><span class=\"gem-icon-half-1\" style=\"color: #ffffff;\"><span class=\"back-angle\">&#xf396;<\/span><\/span><span class=\"gem-icon-half-2\" style=\"color: #ffffff;\"><span class=\"back-angle\">&#xf396;<\/span><\/span><\/div><\/div><\/div>[vc_column_text]<\/p>\n<h3 style=\"text-align: center;\"><span style=\"color: #ffffff;\">protection de vos donn\u00e9es<\/span><\/h3>\n<p>[\/vc_column_text][vc_column_text]<\/p>\n<p style=\"text-align: center;\"><span style=\"color: #ffffff;\">Disponibilit\u00e9, Int\u00e9grit\u00e9, Confidentialit\u00e9, et Auditabilit\u00e9 durant tout le cycle de vie des donn\u00e9es de sant\u00e9.<\/span><\/p>\n<p>[\/vc_column_text][\/vc_column_inner][vc_column_inner width=\u00a0\u00bb1\/3&Prime;]<div class=\"centered-box\"><div class=\"gem-icon gem-icon-pack-elegant gem-icon-size-medium  gem-icon-shape-square gem-simple-icon \"  style=\"margin-top: 10px;margin-bottom: 10px;opacity: 1;\"><div class=\"gem-icon-inner\" style=\"\"><span class=\"gem-icon-half-1\" style=\"color: #ffffff;\"><span class=\"back-angle\">&#xe037;<\/span><\/span><span class=\"gem-icon-half-2\" style=\"color: #ffffff;\"><span class=\"back-angle\">&#xe037;<\/span><\/span><\/div><\/div><\/div>[vc_column_text]<\/p>\n<h3 style=\"text-align: center;\"><span style=\"color: #ffffff;\">richesse fonctionnelle<\/span><\/h3>\n<p>[\/vc_column_text][vc_column_text]<\/p>\n<p style=\"text-align: center;\"><span style=\"color: #ffffff;\">Une infrastructure-as-a-Service apportant des solutions rentables, souples et fonctionnelles.<\/span><\/p>\n<p>[\/vc_column_text][\/vc_column_inner][\/vc_row_inner][\/vc_column][\/vc_row][vc_row][vc_column][vc_raw_js]JTNDc2NyaXB0JTIwc3JjJTNEJTIyaHR0cHMlM0ElMkYlMkZzdGF0aWMubGFuZGJvdC5pbyUyRmxhbmRib3Qtd2lkZ2V0JTJGbGFuZGJvdC13aWRnZXQtMS4wLjAuanMlMjIlM0UlM0MlMkZzY3JpcHQlM0UlMEElM0NzY3JpcHQlM0UlMEElMjAlMjB2YXIlMjBteUxhbmRib3QlMjAlM0QlMjBuZXclMjBMYW5kYm90TGl2ZWNoYXQlMjglN0IlMEElMjAlMjAlMjAlMjBpbmRleCUzQSUyMCUyN2h0dHBzJTNBJTJGJTJGbGFuZGJvdC5pbyUyRnUlMkZILTMxNDgxNC1RUDlDTkpYNzdaNkI5RFZPJTJGaW5kZXguaHRtbCUyNyUyQyUwQSUyMCUyMCU3RCUyOSUzQiUwQSUzQyUyRnNjcmlwdCUzRSUwQQ==[\/vc_raw_js][\/vc_column][\/vc_row]<\/p>\n<\/div>","protected":false},"excerpt":{"rendered":"<p>[vc_row full_width=\u00a0\u00bbstretch_row\u00a0\u00bb content_placement=\u00a0\u00bbmiddle\u00a0\u00bb el_id=\u00a0\u00bbrow-1&Prime; css=\u00a0\u00bb.vc_custom_1605526193458{padding-top: 130px !important;padding-bottom: 70px !important;}\u00a0\u00bb][vc_column][vc_single_image image=\u00a0\u00bb72933&Prime; img_size=\u00a0\u00bbfull\u00a0\u00bb alignment=\u00a0\u00bbcenter\u00a0\u00bb css_animation=\u00a0\u00bbslideInUp\u00a0\u00bb][\/vc_column][\/vc_row][vc_row full_width=\u00a0\u00bbstretch_row\u00a0\u00bb equal_height=\u00a0\u00bbyes\u00a0\u00bb content_placement=\u00a0\u00bbmiddle\u00a0\u00bb el_id=\u00a0\u00bbrow-2&Prime; css=\u00a0\u00bb.vc_custom_1570712895655{padding-top: 50px !important;padding-bottom: 50px !important;}\u00a0\u00bb][vc_column][vc_column_text] Avec EURIS CLOUD SANT\u00c9\u00ae PHICOMP, soyez assur\u00e9 de la conformit\u00e9 HDS de votre infrastructure [\/vc_column_text][\/vc_column][\/vc_row][vc_row full_width=\u00a0\u00bbstretch_row\u00a0\u00bb equal_height=\u00a0\u00bbyes\u00a0\u00bb content_placement=\u00a0\u00bbmiddle\u00a0\u00bb css=\u00a0\u00bb.vc_custom_1605009197006{padding-top: 50px !important;padding-bottom: 10px !important;background-color: #f7f7f7 !important;}\u00a0\u00bb el_id=\u00a0\u00bbrow-3&Prime;][vc_column][vc_row_inner equal_height=\u00a0\u00bbyes\u00a0\u00bb content_placement=\u00a0\u00bbmiddle\u00a0\u00bb el_id=\u00a0\u00bbrow-3-a\u00a0\u00bb css=\u00a0\u00bb.vc_custom_1596045196074{margin-bottom: 50px !important;}\u00a0\u00bb][vc_column_inner width=\u00a0\u00bb1\/2&Prime;][vc_single_image image=\u00a0\u00bb72961&Prime; img_size=\u00a0\u00bbfull\u00a0\u00bb alignment=\u00a0\u00bbcenter\u00a0\u00bb el_class=\u00a0\u00bbfirst\u00a0\u00bb][\/vc_column_inner][vc_column_inner width=\u00a0\u00bb1\/2&Prime;][vc_column_text css=\u00a0\u00bb.vc_custom_1613389466198{margin-bottom: 20px !important;}\u00a0\u00bb] Gr\u00e2ce au logiciel Phicomp d\u2019Euris Cloud Sant\u00e9, la conformit\u00e9 de vos plateformes aux r\u00e9f\u00e9rentiels d\u2019h\u00e9bergement de donn\u00e9es de sant\u00e9 (HDS \/ ISO 27001) est suivie en temps r\u00e9el. [\/vc_column_text][vc_column_text css=\u00a0\u00bb.vc_custom_1613389494855{margin-bottom: 20px !important;}\u00a0\u00bb]Une analyse de risque est r\u00e9alis\u00e9e sur les donn\u00e9es relev\u00e9es par diff\u00e9rents capteurs, et Phicomp agit sur 3 plans :[\/vc_column_text][\/vc_column_inner][\/vc_row_inner][\/vc_column][\/vc_row][vc_row full_width=\u00a0\u00bbstretch_row\u00a0\u00bb el_id=\u00a0\u00bbrow-4&Prime;][vc_column][vc_column_text css=\u00a0\u00bb.vc_custom_1605019312648{margin-top: 40px !important;}\u00a0\u00bb] Les avantages pour&#8230;<\/p>\n","protected":false},"author":1,"featured_media":72944,"parent":30737,"menu_order":0,"comment_status":"closed","ping_status":"closed","template":"","meta":{"footnotes":""},"class_list":["post-72911","page","type-page","status-publish","has-post-thumbnail"],"_links":{"self":[{"href":"https:\/\/www.euris.com\/fr\/wp-json\/wp\/v2\/pages\/72911","targetHints":{"allow":["GET"]}}],"collection":[{"href":"https:\/\/www.euris.com\/fr\/wp-json\/wp\/v2\/pages"}],"about":[{"href":"https:\/\/www.euris.com\/fr\/wp-json\/wp\/v2\/types\/page"}],"author":[{"embeddable":true,"href":"https:\/\/www.euris.com\/fr\/wp-json\/wp\/v2\/users\/1"}],"replies":[{"embeddable":true,"href":"https:\/\/www.euris.com\/fr\/wp-json\/wp\/v2\/comments?post=72911"}],"version-history":[{"count":3,"href":"https:\/\/www.euris.com\/fr\/wp-json\/wp\/v2\/pages\/72911\/revisions"}],"predecessor-version":[{"id":73616,"href":"https:\/\/www.euris.com\/fr\/wp-json\/wp\/v2\/pages\/72911\/revisions\/73616"}],"up":[{"embeddable":true,"href":"https:\/\/www.euris.com\/fr\/wp-json\/wp\/v2\/pages\/30737"}],"wp:featuredmedia":[{"embeddable":true,"href":"https:\/\/www.euris.com\/fr\/wp-json\/wp\/v2\/media\/72944"}],"wp:attachment":[{"href":"https:\/\/www.euris.com\/fr\/wp-json\/wp\/v2\/media?parent=72911"}],"curies":[{"name":"wp","href":"https:\/\/api.w.org\/{rel}","templated":true}]}}