{"id":73511,"date":"2021-05-04T12:16:04","date_gmt":"2021-05-04T10:16:04","guid":{"rendered":"https:\/\/www.euris.com\/?page_id=73511"},"modified":"2021-05-04T12:17:30","modified_gmt":"2021-05-04T10:17:30","slug":"tedis-s-equipe-du-crm-pharma-netreps-d-euris-pour-son-developpement-a-l-international","status":"publish","type":"page","link":"https:\/\/www.euris.com\/fr\/clients\/tedis-s-equipe-du-crm-pharma-netreps-d-euris-pour-son-developpement-a-l-international\/","title":{"rendered":"Cas Clients Euris &#8211; Tedis"},"content":{"rendered":"<div class=\"wpb-content-wrapper\"><p>[vc_row full_width=\u00a0\u00bbstretch_row\u00a0\u00bb equal_height=\u00a0\u00bbyes\u00a0\u00bb content_placement=\u00a0\u00bbmiddle\u00a0\u00bb el_id=\u00a0\u00bbrow-1&Prime; css=\u00a0\u00bb.vc_custom_1611737662043{padding-top: 120px !important;padding-bottom: 120px !important;background-image: url(https:\/\/www.euris.com\/wp-content\/uploads\/2021\/01\/BG-Clients.jpg?id=72470) !important;background-position: center !important;background-repeat: no-repeat !important;background-size: cover !important;}\u00a0\u00bb][vc_column width=\u00a0\u00bb1\/3&Prime;][vc_single_image image=\u00a0\u00bb73514&Prime; img_size=\u00a0\u00bbfull\u00a0\u00bb alignment=\u00a0\u00bbcenter\u00a0\u00bb][\/vc_column][vc_column width=\u00a0\u00bb2\/3&Prime;][vc_column_text]<\/p>\n<h1><span style=\"color: #ffffff;\">Tedis choisit le <a href=\"https:\/\/www.euris.com\/fr\/solutions-digitales-sante\/\"><strong>CRM NetReps<\/strong><\/a> pour se d\u00e9velopper \u00e0 l\u2019international<\/span><\/h1>\n<p>[\/vc_column_text][\/vc_column][\/vc_row][vc_row full_width=\u00a0\u00bbstretch_row\u00a0\u00bb content_placement=\u00a0\u00bbmiddle\u00a0\u00bb css=\u00a0\u00bb.vc_custom_1611739478274{padding-top: 40px !important;padding-bottom: 60px !important;background-color: #f4f4f4 !important;}\u00a0\u00bb el_id=\u00a0\u00bbrow-2&Prime;][vc_column][vc_column_text]<\/p>\n<h2>Dans le cadre de son d\u00e9veloppement international, le groupe <a href=\"https:\/\/www.tedispharma-ci.com\/\">Tedis<\/a> a souhait\u00e9 s\u2019\u00e9quiper d\u2019un<span style=\"color: #0099ff;\"><strong> logiciel CRM<\/strong><\/span> (Customer Relationship Management) pour l\u2019ensemble de sa force de vente. Le d\u00e9ploiement de cet outil ouvre de nouveaux horizons de d\u00e9veloppement sur une douzaine de pays Africains au travers d\u2019une <strong><span style=\"color: #0099ff;\">transformation digitale innovante<\/span><\/strong>.<\/h2>\n<p>[\/vc_column_text][vc_column_text]L\u2019exp\u00e9rience d\u2019Euris sur ces territoires a tout naturellement conduit le groupe Tedis \u00e0 solliciter l\u2019entreprise. Facile d\u2019utilisation, adapt\u00e9e et rapidement d\u00e9ployable, la suite <a href=\"https:\/\/www.euris.com\/fr\/solutions-digitales-sante\/\">CRM NetReps\u00ae<\/a> r\u00e9pond efficacement aux probl\u00e9matiques de ces diff\u00e9rents march\u00e9s.[\/vc_column_text][vc_row_inner equal_height=\u00a0\u00bbyes\u00a0\u00bb css=\u00a0\u00bb.vc_custom_1615373552630{margin-top: 40px !important;}\u00a0\u00bb el_id=\u00a0\u00bbrow-2-a\u00a0\u00bb][vc_column_inner width=\u00a0\u00bb1\/2&Prime;][vc_single_image image=\u00a0\u00bb64572&Prime; img_size=\u00a0\u00bbfull\u00a0\u00bb][\/vc_column_inner][vc_column_inner width=\u00a0\u00bb1\/2&Prime;][vc_column_text]<\/p>\n<h3><span style=\"color: #0099ff;\">Un d\u00e9ploiement mondial<\/span><\/h3>\n<p>[\/vc_column_text][vc_column_text]La modularit\u00e9 de l\u2019outil a permis une mise en place adapt\u00e9e aux besoins des \u00e9quipes de Tedis et sa facilit\u00e9 de d\u00e9ploiement permet de disposer en quelques semaines des premiers indicateurs de performance. Les utilisateurs sont form\u00e9s pour leur permettre une prise en main rapide de NetReps\u00ae[\/vc_column_text][vc_column_text]<\/p>\n<h3><span style=\"color: #0099ff;\">Et apr\u00e8s ?<\/span><\/h3>\n<p>[\/vc_column_text][vc_column_text]Les investissements entrepris par les \u00e9quipes du groupe Tedis ouvrent de nouvelles perspectives tr\u00e8s positives sur le march\u00e9 Africain. Le distributeur s\u2019est donc naturellement tourn\u00e9 vers le groupe Euris pour les accompagner sur leurs futurs projets et \u00e9quiper de nouveaux utilisateurs. Euris est fi\u00e8re d\u2019accompagner son client dans ces nouvelles \u00e9tapes et d\u00e9ploiera, dans les prochains mois, de nouveaux modules, contribuant \u00e0 renforcer sa pr\u00e9sence, d\u00e9j\u00e0 reconnu en Afrique.[\/vc_column_text][\/vc_column_inner][\/vc_row_inner][\/vc_column][\/vc_row][vc_row full_width=\u00a0\u00bbstretch_row\u00a0\u00bb equal_height=\u00a0\u00bbyes\u00a0\u00bb content_placement=\u00a0\u00bbmiddle\u00a0\u00bb el_id=\u00a0\u00bbrow-4&Prime; css=\u00a0\u00bb.vc_custom_1611741637614{background-color: rgba(46,147,240,0.05) !important;*background-color: rgb(46,147,240) !important;}\u00a0\u00bb][vc_column width=\u00a0\u00bb1\/3&Prime;][vc_single_image image=\u00a0\u00bb50700&Prime; img_size=\u00a0\u00bb\u00a0\u00bb alignment=\u00a0\u00bbcenter\u00a0\u00bb][\/vc_column][vc_column width=\u00a0\u00bb2\/3&Prime;][vc_column_text]<strong><em>\u00ab\u00a0L\u2019ACCOMPAGNEMENT DE TEDIS DANS SA CROISSANCE INTERNATIONALE EST UNE FORMIDABLE OPPORTUNIT\u00c9 PARTAG\u00c9E. \u00bb<\/em><\/strong><\/p>\n<p><em>\u00ab\u00a0Les march\u00e9s \u00e9mergents sont des territoires qu\u2019Euris connait bien. Notre \u00e9quipe exp\u00e9riment\u00e9e et engag\u00e9e aupr\u00e8s des clients d\u00e9ploie nos solutions dans des contextes de march\u00e9 o\u00f9 la flexibilit\u00e9, la rapidit\u00e9 de mise en place et les co\u00fbts raisonnables sont des \u00e9l\u00e9ments de r\u00e9ussite indispensables. Dans ce contexte, la collaboration avec Tedis et le partage de notre expertise de plus de 20 ans sur les grands march\u00e9s internationaux ont eu beaucoup de sens. Nous sommes ravis de cette dynamique de croissance dans laquelle nos deux groupes fran\u00e7ais s\u2019inscrivent. \u00bb<\/em>[\/vc_column_text][vc_column_text]<strong><span style=\"color: #2e93f0;\">Delphine POULAT<\/span>, Directrice G\u00e9n\u00e9rale d&rsquo;Euris.<\/strong>[\/vc_column_text][\/vc_column][\/vc_row][vc_row full_width=\u00a0\u00bbstretch_row\u00a0\u00bb equal_height=\u00a0\u00bbyes\u00a0\u00bb content_placement=\u00a0\u00bbmiddle\u00a0\u00bb css=\u00a0\u00bb.vc_custom_1615302907774{margin-top: 40px !important;margin-bottom: 40px !important;}\u00a0\u00bb el_id=\u00a0\u00bbrow-5&Prime;][vc_column width=\u00a0\u00bb1\/3&Prime;][vc_single_image image=\u00a0\u00bb73514&Prime; img_size=\u00a0\u00bb\u00a0\u00bb alignment=\u00a0\u00bbcenter\u00a0\u00bb][\/vc_column][vc_column width=\u00a0\u00bb2\/3&Prime;][vc_column_text]<strong><em>\u00ab\u00a0LE CRM NETREPS\u00ae S\u2019EST PR\u00c9SENT\u00c9 COMME LA MEILLEURE OPTION EN TERMES DE CO\u00dbT D\u2019IMPL\u00c9MENTATION, SIMPLICIT\u00c9 D\u2019USAGE ET D\u2019ACCOMPAGNEMENT. \u00bb<\/em><\/strong><\/p>\n<p><em>\u00ab\u00a0Lors de son d\u00e9ploiement, nous avons b\u00e9n\u00e9fici\u00e9 d\u2019une \u00e9quipe d\u00e9di\u00e9e et \u00e0 l\u2019\u00e9coute. L\u2019int\u00e9gralit\u00e9 de nos forces de vente ont appr\u00e9ci\u00e9 l\u2019outil NetReps\u00ae et sa simplicit\u00e9. Avec des r\u00e9sultats positifs et de nouvelles perspectives de d\u00e9veloppement, nous d\u00e9ploierons prochainement de nouvelles fonctionnalit\u00e9s nous permettant d\u2019accro\u00eetre notre pr\u00e9sence en Afrique. Nous souhaitons continuer et accentuer ce partenariat avec Euris afin de performer quotidiennement. \u00bb<\/em>[\/vc_column_text][vc_column_text]<strong><span style=\"color: #2e93f0;\">Moustapha TOUR\u00c9<\/span>, Directeur des Op\u00e9rations, Afrique Subsaharienne Tedis Promo.<\/strong>[\/vc_column_text][\/vc_column][\/vc_row][vc_row full_width=\u00a0\u00bbstretch_row\u00a0\u00bb equal_height=\u00a0\u00bbyes\u00a0\u00bb content_placement=\u00a0\u00bbmiddle\u00a0\u00bb el_id=\u00a0\u00bbrow-7&Prime; css=\u00a0\u00bb.vc_custom_1615374266010{margin-top: 20px !important;margin-bottom: 40px !important;}\u00a0\u00bb][vc_column]<div class=\"centered-box\"><div class=\"gem-icon gem-icon-pack-elegant gem-icon-size-small  gem-icon-shape-circle \"  style=\"border-color: #0099ff;opacity: 1;\"><div class=\"gem-icon-inner\" style=\"\"><span class=\"gem-icon-half-1\" style=\"color: #0099ff;\"><span class=\"back-angle\">&#xe092;<\/span><\/span><span class=\"gem-icon-half-2\" style=\"color: #0099ff;\"><span class=\"back-angle\">&#xe092;<\/span><\/span><\/div><\/div><\/div>[vc_column_text css=\u00a0\u00bb.vc_custom_1620122764766{margin-top: 10px !important;}\u00a0\u00bb]<\/p>\n<p style=\"text-align: center;\"><a href=\"https:\/\/www.euris.com\/wp-content\/uploads\/2021\/05\/Tedis-Business-Case_FR.pdf\">Acc\u00e9der au Business Case<\/a><\/p>\n<p>[\/vc_column_text][\/vc_column][\/vc_row][vc_row full_width=\u00a0\u00bbstretch_row\u00a0\u00bb equal_height=\u00a0\u00bbyes\u00a0\u00bb el_id=\u00a0\u00bbrow-8&Prime; css=\u00a0\u00bb.vc_custom_1615374365378{padding-top: 40px !important;padding-bottom: 40px !important;}\u00a0\u00bb][vc_column]<style type=\"text\/css\">.thegem-button-69f4013fa6a624841 .gem-button svg {fill: #ffffff;}.thegem-button-69f4013fa6a624841 .gem-button:hover svg {fill: #0099ff;}<\/style><div class=\"gem-button-container gem-button-position-center thegem-button-69f4013fa6a624841    \"  ><a class=\"gem-button gem-button-size-medium gem-button-style-outline gem-button-text-weight-normal gem-button-border-2\" data-ll-effect=\"drop-right-without-wrap\" style=\"border-radius: 3px;border-color: #ffffff;color: #ffffff;\" onmouseleave=\"this.style.borderColor='#ffffff';this.style.backgroundColor='transparent';this.style.color='#ffffff';\" onmouseenter=\"this.style.backgroundColor='#ffffff';this.style.color='#0099ff';\" href=\"https:\/\/www.euris.com\/fr\/contact\/\" target=\"_self\">J&#039;ai un projet CRM<\/a><\/div> [\/vc_column][\/vc_row]<\/p>\n<\/div>","protected":false},"excerpt":{"rendered":"<p>[vc_row full_width=\u00a0\u00bbstretch_row\u00a0\u00bb equal_height=\u00a0\u00bbyes\u00a0\u00bb content_placement=\u00a0\u00bbmiddle\u00a0\u00bb el_id=\u00a0\u00bbrow-1&Prime; css=\u00a0\u00bb.vc_custom_1611737662043{padding-top: 120px !important;padding-bottom: 120px !important;background-image: url(https:\/\/www.euris.com\/wp-content\/uploads\/2021\/01\/BG-Clients.jpg?id=72470) !important;background-position: center !important;background-repeat: no-repeat !important;background-size: cover !important;}\u00a0\u00bb][vc_column width=\u00a0\u00bb1\/3&Prime;][vc_single_image image=\u00a0\u00bb73514&Prime; img_size=\u00a0\u00bbfull\u00a0\u00bb alignment=\u00a0\u00bbcenter\u00a0\u00bb][\/vc_column][vc_column width=\u00a0\u00bb2\/3&Prime;][vc_column_text] Tedis choisit le CRM NetReps pour se d\u00e9velopper \u00e0 l\u2019international [\/vc_column_text][\/vc_column][\/vc_row][vc_row full_width=\u00a0\u00bbstretch_row\u00a0\u00bb content_placement=\u00a0\u00bbmiddle\u00a0\u00bb css=\u00a0\u00bb.vc_custom_1611739478274{padding-top: 40px !important;padding-bottom: 60px !important;background-color: #f4f4f4 !important;}\u00a0\u00bb el_id=\u00a0\u00bbrow-2&Prime;][vc_column][vc_column_text] Dans le cadre de son d\u00e9veloppement international, le groupe Tedis a souhait\u00e9 s\u2019\u00e9quiper d\u2019un logiciel CRM (Customer Relationship Management) pour l\u2019ensemble de sa force de vente. Le d\u00e9ploiement de cet outil ouvre de nouveaux horizons de d\u00e9veloppement sur une douzaine de pays Africains au travers d\u2019une transformation digitale innovante. [\/vc_column_text][vc_column_text]L\u2019exp\u00e9rience d\u2019Euris sur ces territoires a tout naturellement conduit le groupe Tedis \u00e0 solliciter l\u2019entreprise. Facile d\u2019utilisation, adapt\u00e9e et rapidement d\u00e9ployable, la suite CRM NetReps\u00ae r\u00e9pond efficacement aux probl\u00e9matiques&#8230;<\/p>\n","protected":false},"author":1,"featured_media":75251,"parent":73452,"menu_order":0,"comment_status":"closed","ping_status":"closed","template":"","meta":{"footnotes":""},"class_list":["post-73511","page","type-page","status-publish","has-post-thumbnail"],"_links":{"self":[{"href":"https:\/\/www.euris.com\/fr\/wp-json\/wp\/v2\/pages\/73511","targetHints":{"allow":["GET"]}}],"collection":[{"href":"https:\/\/www.euris.com\/fr\/wp-json\/wp\/v2\/pages"}],"about":[{"href":"https:\/\/www.euris.com\/fr\/wp-json\/wp\/v2\/types\/page"}],"author":[{"embeddable":true,"href":"https:\/\/www.euris.com\/fr\/wp-json\/wp\/v2\/users\/1"}],"replies":[{"embeddable":true,"href":"https:\/\/www.euris.com\/fr\/wp-json\/wp\/v2\/comments?post=73511"}],"version-history":[{"count":3,"href":"https:\/\/www.euris.com\/fr\/wp-json\/wp\/v2\/pages\/73511\/revisions"}],"predecessor-version":[{"id":75250,"href":"https:\/\/www.euris.com\/fr\/wp-json\/wp\/v2\/pages\/73511\/revisions\/75250"}],"up":[{"embeddable":true,"href":"https:\/\/www.euris.com\/fr\/wp-json\/wp\/v2\/pages\/73452"}],"wp:featuredmedia":[{"embeddable":true,"href":"https:\/\/www.euris.com\/fr\/wp-json\/wp\/v2\/media\/75251"}],"wp:attachment":[{"href":"https:\/\/www.euris.com\/fr\/wp-json\/wp\/v2\/media?parent=73511"}],"curies":[{"name":"wp","href":"https:\/\/api.w.org\/{rel}","templated":true}]}}