{"id":79400,"date":"2021-08-04T17:17:45","date_gmt":"2021-08-04T15:17:45","guid":{"rendered":"https:\/\/www.euris.com\/clients\/air-liquide-china-home-healthcare-chose-euris-to-optimize-digitalization-of-its-home-healthcare-activities\/"},"modified":"2022-01-07T15:35:15","modified_gmt":"2022-01-07T14:35:15","slug":"air-liquide-chine-home-healthcare-choisit-euris-pour-optimiser-la-digitalisation-de-ses-activites-cliniques-a-domicile","status":"publish","type":"page","link":"https:\/\/www.euris.com\/fr\/clients\/air-liquide-chine-home-healthcare-choisit-euris-pour-optimiser-la-digitalisation-de-ses-activites-cliniques-a-domicile\/","title":{"rendered":"Cas Clients Euris &#8211; Air liquide"},"content":{"rendered":"<div class=\"wpb-content-wrapper\"><p>[vc_row full_width=\u00a0\u00bbstretch_row\u00a0\u00bb equal_height=\u00a0\u00bbyes\u00a0\u00bb content_placement=\u00a0\u00bbmiddle\u00a0\u00bb el_id=\u00a0\u00bbrow-1&Prime; css=\u00a0\u00bb.vc_custom_1611737662043{padding-top: 120px !important;padding-bottom: 120px !important;background-image: url(https:\/\/www.euris.com\/wp-content\/uploads\/2021\/01\/BG-Clients.jpg?id=72470) !important;background-position: center !important;background-repeat: no-repeat !important;background-size: cover !important;}\u00a0\u00bb][vc_column width=\u00a0\u00bb1\/3&Prime;][vc_single_image image=\u00a0\u00bb78268&Prime; img_size=\u00a0\u00bbfull\u00a0\u00bb alignment=\u00a0\u00bbcenter\u00a0\u00bb][\/vc_column][vc_column width=\u00a0\u00bb2\/3&Prime;][vc_column_text]<\/p>\n<h1><span style=\"color: #ffffff;\"><strong>Air Liquide Sant\u00e9 \u00e0 domicile Chine choisit Euris pour optimiser la digitalisation de ses activit\u00e9s cliniques \u00e0 domicile<\/strong><\/span><\/h1>\n<p>[\/vc_column_text][\/vc_column][\/vc_row][vc_row full_width=\u00a0\u00bbstretch_row\u00a0\u00bb content_placement=\u00a0\u00bbmiddle\u00a0\u00bb css=\u00a0\u00bb.vc_custom_1611739478274{padding-top: 40px !important;padding-bottom: 60px !important;background-color: #f4f4f4 !important;}\u00a0\u00bb el_id=\u00a0\u00bbrow-2&Prime;][vc_column][vc_column_text]<\/p>\n<h2>Les indicateurs collect\u00e9s permettent une vue plus compl\u00e8te du parcours patient afin de lui offrir <strong><span style=\"color: #0e93f0;\">un service de sant\u00e9 personnalis\u00e9<\/span><\/strong>.<\/h2>\n<p>[\/vc_column_text][vc_column_text]<\/p>\n<p align=\"JUSTIFY\"><a href=\"https:\/\/www.airliquide.com\/fr\/sante\/sante-domicile\">Air Liquide Sant\u00e9 \u00e0 domicile<\/a> Chine lance un pilote pour d\u00e9montrer les b\u00e9n\u00e9fices de sa solution de<strong> soins \u00e0 domicile pour la BPCO (bronchopneumopathie chronique obstructive)<\/strong>.<\/p>\n<p align=\"JUSTIFY\">Plusieurs r\u00f4les sont impliqu\u00e9s pour mener \u00e0 bien les projets\u00a0: des inhaloth\u00e9rapeutes, des infirmiers et des techniciens en dispositifs m\u00e9dicaux collectent des indicateurs de bien-\u00eatre des patients et les informations sur les dispositifs m\u00e9dicaux, <strong>\u00e0 domicile ou \u00e0 l\u2019hopital<\/strong>.<\/p>\n<p class=\"western\" lang=\"en-US\" align=\"JUSTIFY\">Initialement, les donn\u00e9es du patient \u00e9taient collect\u00e9es sur papier, mais au fur et \u00e0 mesure que le projet prenait de l&rsquo;ampleur, cette m\u00e9thode prenait trop de temps.<\/p>\n<p align=\"JUSTIFY\">Pour am\u00e9liorer la productivit\u00e9 et mieux <strong>surveiller et analyser les donn\u00e9es des patients<\/strong>, <a href=\"https:\/\/www.airliquide.com\/fr\/sante\/sante-domicile\">Air Liquide Sant\u00e9 \u00e0 domicile<\/a> Chine a choisi l&rsquo;expertise d&rsquo;EURIS pour num\u00e9riser leurs activit\u00e9s \u00e0 l&rsquo;aide de <a href=\"https:\/\/www.euris.com\/fr\/solutions-digitales-sante\/prm\/\">SmartPatient\u00ae<\/a> , notre plateforme conforme et s\u00e9curis\u00e9e permettant une surveillance et un suivi des patients en temps r\u00e9el tout en r\u00e9duisant les co\u00fbts.<\/p>\n<p>[\/vc_column_text][\/vc_column][\/vc_row][vc_row full_width=\u00a0\u00bbstretch_row\u00a0\u00bb el_id=\u00a0\u00bbrow-2b\u00a0\u00bb css=\u00a0\u00bb.vc_custom_1620117306283{padding-top: 60px !important;padding-bottom: 60px !important;}\u00a0\u00bb][vc_column][vc_column_text]<\/p>\n<h3>D\u00e9finitition du parcours patient avec <a href=\"https:\/\/www.euris.com\/fr\/solutions-digitales-sante\/prm\/\">SmartPatient \u00ae<\/a> : la solution Euris s\u00e9lectionn\u00e9e par Air Liquide Chine<\/h3>\n<p>[\/vc_column_text][vc_column_text]<\/p>\n<p align=\"JUSTIFY\"><strong>Une application facile d\u2019utilisation<\/strong>, fonctionnant sur Smartphone et tablette, disponible en ligne et hors ligne, permet \u00e0 l&rsquo;\u00e9quipe de soins \u00e0 domicile d&rsquo;<a href=\"https:\/\/www.airliquide.com\/healthcare\/home-healthcare\">Air Liquide<\/a> d\u2019am\u00e9liorer leur interaction avec le patient, de collecter facilement des indicateurs et de remplir des rapports de visite \u00e0 domicile.<\/p>\n<p align=\"JUSTIFY\"><a href=\"https:\/\/www.airliquide.com\/fr\/sante\/sante-domicile\">Air Liquide Sant\u00e9 \u00e0 domicile<\/a> peut \u00e9galement proposer des contenus personnalis\u00e9s \u00e0 une base de donn\u00e9es de patients segment\u00e9s, leur permettant de s&rsquo;informer sur leur prise en charge en toute autonomie.<\/p>\n<p class=\"western\" lang=\"en-US\">Gr\u00e2ce \u00e0 la modularit\u00e9 de la plateforme, il n&rsquo;a fallu qu&rsquo;un mois pour d\u00e9ployer la solution par l&rsquo;\u00e9quipe Euris en Chine.<\/p>\n<p>[\/vc_column_text][\/vc_column][\/vc_row][vc_row full_width=\u00a0\u00bbstretch_row\u00a0\u00bb equal_height=\u00a0\u00bbyes\u00a0\u00bb content_placement=\u00a0\u00bbmiddle\u00a0\u00bb el_id=\u00a0\u00bbrow-4&Prime; css=\u00a0\u00bb.vc_custom_1627389646079{padding-bottom: 20px !important;background-color: rgba(46,147,240,0.05) !important;*background-color: rgb(46,147,240) !important;}\u00a0\u00bb][vc_column width=\u00a0\u00bb1\/3&Prime;][vc_single_image image=\u00a0\u00bb37611&Prime; img_size=\u00a0\u00bb\u00a0\u00bb alignment=\u00a0\u00bbcenter\u00a0\u00bb][\/vc_column][vc_column width=\u00a0\u00bb2\/3&Prime;][vc_column_text]<em>\u00ab\u00a0SmartPatient\u00ae am\u00e9liore notre productivit\u00e9 dans nos activit\u00e9s quotidiennes, en r\u00e9duisant le temps de collecte de donn\u00e9es de 35 %. La collecte de ces donn\u00e9es n\u00e9cessite une solution simple et jusqu&rsquo;\u00e0 pr\u00e9sent, l&rsquo;acceptation par les utilisateurs est tr\u00e8s \u00e9lev\u00e9e. Nous sommes d\u00e9sormais en mesure de personnaliser notre approche lors de la rencontre avec un patient et d&rsquo;atteindre le niveau de professionnalisme et de technologie attendu pour un service de soins de haut niveau. Au fur et \u00e0 mesure que le projet se d\u00e9veloppe, nous appr\u00e9cions que la solution <a href=\"https:\/\/www.euris.com\/fr\/solutions-digitales-sante\/prm\/\">SmartPatient\u00ae<\/a> soit vraiment simple et puisse \u00eatre mise \u00e0 jour avec de nouveaux modules.\u00a0\u00bb<\/em>[\/vc_column_text][vc_column_text]<strong><span style=\"color: #2e93f0;\">Ms. LONG Rachel<\/span>, Customer service manager, <a href=\"https:\/\/www.airliquide.com\/healthcare\/home-healthcare\">Air Liquide Home Healthcare<\/a> China<\/strong>[\/vc_column_text][\/vc_column][\/vc_row][vc_row css=\u00a0\u00bb.vc_custom_1627389855953{padding-top: 40px !important;padding-bottom: 20px !important;}\u00a0\u00bb el_id=\u00a0\u00bbrow-5&Prime;][vc_column][vc_column_text]<\/p>\n<h3>Des perspectives prometteuses pour les services de Sant\u00e9 \u00e0 Domicile en Chine et \u00e0 l&rsquo;\u00e9tranger:<\/h3>\n<p>[\/vc_column_text][vc_column_text]Apr\u00e8s le succ\u00e8s des premi\u00e8res \u00e9tapes de d\u00e9ploiement, <a href=\"https:\/\/www.airliquide.com\/fr\/sante\/sante-domicile\">AIR LIQUIDE Sant\u00e9 \u00e0 domicile<\/a> \u00e9value d\u00e9j\u00e0 comment couvrir davantage de r\u00e9gions et de patients dans les ann\u00e9es \u00e0 venir. En plus de la num\u00e9risation de la collecte des donn\u00e9es des patients, l&rsquo;\u00e9quipe d&rsquo;EURIS est pr\u00eate \u00e0 fournir une plate-forme <a href=\"https:\/\/www.euris.com\/fr\/solutions-digitales-sante\/prm\/\">PSP (Patient Support Program)<\/a> compl\u00e8te pour surveiller les patients, aider le personnel de sant\u00e9 et les techniciens \u00e0 suivre les patients tout au long de leur parcours \u00e0 l&rsquo;h\u00f4pital ou \u00e0 domicile.[\/vc_column_text][vc_single_image image=\u00a0\u00bb79411&Prime; img_size=\u00a0\u00bbfull\u00a0\u00bb alignment=\u00a0\u00bbcenter\u00a0\u00bb css=\u00a0\u00bb.vc_custom_1630499537741{padding-top: 20px !important;padding-bottom: 20px !important;}\u00a0\u00bb][\/vc_column][\/vc_row][vc_row full_width=\u00a0\u00bbstretch_row\u00a0\u00bb equal_height=\u00a0\u00bbyes\u00a0\u00bb content_placement=\u00a0\u00bbmiddle\u00a0\u00bb el_id=\u00a0\u00bbrow-6&Prime; css=\u00a0\u00bb.vc_custom_1627389639975{padding-bottom: 20px !important;background-color: rgba(46,147,240,0.05) !important;*background-color: rgb(46,147,240) !important;}\u00a0\u00bb][vc_column width=\u00a0\u00bb1\/3&Prime;][vc_single_image image=\u00a0\u00bb37611&Prime; img_size=\u00a0\u00bb\u00a0\u00bb alignment=\u00a0\u00bbcenter\u00a0\u00bb][\/vc_column][vc_column width=\u00a0\u00bb2\/3&Prime;][vc_column_text]<em>\u201cEuris est un atout majeur dans la digitalisation de nos services de sant\u00e9 en Chine. Gr\u00e2ce \u00e0 leurs services e-Sant\u00e9 et \u00e0 leur expertise sur ce territoire, nous pouvons diff\u00e9rencier nos services et mieux r\u00e9pondre aux attentes digitales des m\u00e9decins et des patients.<\/em><\/p>\n<p><em>La transformation s&rsquo;est faite progressivement car Euris peut fournir des solutions pr\u00eates \u00e0 l&#8217;emploi : une plateforme num\u00e9rique ( <a href=\"https:\/\/www.euris.com\/fr\/solutions-digitales-sante\/prm\/\">SmartPatient\u00ae<\/a> ) facilement configurable pour s&rsquo;adapter \u00e0 notre mod\u00e8le et domaine th\u00e9rapeutique. Enfin, la solution d&rsquo;<a href=\"https:\/\/www.euris.com\/fr\/hebergement-donnees-sante\/cloud-sante-hebergement\/\">h\u00e9bergement de donn\u00e9es de sant\u00e9<\/a> est localis\u00e9e en Chine pour se conformer au cadre r\u00e9glementaire CSL.<\/em><\/p>\n<p><em>Le chef de projet d\u00e9di\u00e9 d&rsquo;Euris Chine est disponible pour r\u00e9pondre aux questions de mon \u00e9quipe et livrer l&rsquo;ensemble du projet en chinois. Nous sommes heureux de travailler avec Euris et attendons avec impatience une coop\u00e9ration durable \u00e0 long terme\u201d.<\/em>[\/vc_column_text][vc_column_text]<strong><span style=\"color: #2e93f0;\">Mr. DU Hao<\/span>, General Manager, Air Liquide Home Healthcare Chine<\/strong>[\/vc_column_text][\/vc_column][\/vc_row][vc_row full_width=\u00a0\u00bbstretch_row\u00a0\u00bb equal_height=\u00a0\u00bbyes\u00a0\u00bb content_placement=\u00a0\u00bbmiddle\u00a0\u00bb el_id=\u00a0\u00bbrow-6b\u00a0\u00bb css=\u00a0\u00bb.vc_custom_1627389602877{margin-top: 40px !important;margin-bottom: 40px !important;}\u00a0\u00bb][vc_column width=\u00a0\u00bb1\/3&Prime;][vc_single_image image=\u00a0\u00bb50702&Prime; img_size=\u00a0\u00bb\u00a0\u00bb alignment=\u00a0\u00bbcenter\u00a0\u00bb][\/vc_column][vc_column width=\u00a0\u00bb2\/3&Prime;][vc_column_text]<em>\u201cTravailler avec <a href=\"https:\/\/www.airliquide.com\/healthcare\/home-healthcare\">Air Liquide<\/a> en Chine est tr\u00e8s important pour nous car nous connaissons le groupe depuis longtemps. Ce type de projet, centr\u00e9 sur la BPCO et la digitalisation des soins \u00e0 domicile est une chance pour notre \u00e9quipe. Nous pouvons apprendre de la grande expertise d&rsquo;Air Liquide, am\u00e9liorer la plateforme <a href=\"https:\/\/www.euris.com\/fr\/solutions-digitales-sante\/prm\/\">SmartPatient\u00ae<\/a> pour mieux servir Air Liquide et devenir des experts dans ce domaine qui est l&rsquo;avenir de la sant\u00e9\u201d.<\/em>[\/vc_column_text][vc_column_text]<strong><span style=\"color: #2e93f0;\">Mr. ROBERT Tom<\/span>, General Manager, Euris Chine<\/strong>[\/vc_column_text][\/vc_column][\/vc_row][vc_row full_width=\u00a0\u00bbstretch_row\u00a0\u00bb equal_height=\u00a0\u00bbyes\u00a0\u00bb content_placement=\u00a0\u00bbmiddle\u00a0\u00bb el_id=\u00a0\u00bbrow-7&Prime; css=\u00a0\u00bb.vc_custom_1627390419241{padding-top: 40px !important;padding-bottom: 40px !important;}\u00a0\u00bb][vc_column width=\u00a0\u00bb2\/3&Prime;][vc_column_text]<\/p>\n<h2 style=\"text-align: left;\"><span style=\"color: #ffffff;\">Euris vous acccompagne dans tous vos projets e-sant\u00e9<\/span><\/h2>\n<p>[\/vc_column_text][\/vc_column][vc_column width=\u00a0\u00bb1\/3&Prime;]<style type=\"text\/css\">.thegem-button-6a07a0dda29616260 .gem-button svg {fill: #ffffff;}.thegem-button-6a07a0dda29616260 .gem-button:hover svg {fill: #2e93f0;}<\/style><div class=\"gem-button-container gem-button-position-center thegem-button-6a07a0dda29616260    \"  ><a class=\"gem-button gem-button-size-medium gem-button-style-outline gem-button-text-weight-normal gem-button-border-2\" data-ll-effect=\"drop-right-without-wrap\" style=\"border-radius: 0px;border-color: #ffffff;color: #ffffff;\" onmouseleave=\"this.style.borderColor='#ffffff';this.style.backgroundColor='transparent';this.style.color='#ffffff';\" onmouseenter=\"this.style.borderColor='#ffffff';this.style.backgroundColor='#ffffff';this.style.color='#2e93f0';\" href=\"https:\/\/www.euris.com\/fr\/contact\/\" target=\"_self\">J&#039;ai un projet<\/a><\/div> [\/vc_column][\/vc_row]<\/p>\n<\/div>","protected":false},"excerpt":{"rendered":"<p>[vc_row full_width=\u00a0\u00bbstretch_row\u00a0\u00bb equal_height=\u00a0\u00bbyes\u00a0\u00bb content_placement=\u00a0\u00bbmiddle\u00a0\u00bb el_id=\u00a0\u00bbrow-1&Prime; css=\u00a0\u00bb.vc_custom_1611737662043{padding-top: 120px !important;padding-bottom: 120px !important;background-image: url(https:\/\/www.euris.com\/wp-content\/uploads\/2021\/01\/BG-Clients.jpg?id=72470) !important;background-position: center !important;background-repeat: no-repeat !important;background-size: cover !important;}\u00a0\u00bb][vc_column width=\u00a0\u00bb1\/3&Prime;][vc_single_image image=\u00a0\u00bb78268&Prime; img_size=\u00a0\u00bbfull\u00a0\u00bb alignment=\u00a0\u00bbcenter\u00a0\u00bb][\/vc_column][vc_column width=\u00a0\u00bb2\/3&Prime;][vc_column_text] Air Liquide Sant\u00e9 \u00e0 domicile Chine choisit Euris pour optimiser la digitalisation de ses activit\u00e9s cliniques \u00e0 domicile [\/vc_column_text][\/vc_column][\/vc_row][vc_row full_width=\u00a0\u00bbstretch_row\u00a0\u00bb content_placement=\u00a0\u00bbmiddle\u00a0\u00bb css=\u00a0\u00bb.vc_custom_1611739478274{padding-top: 40px !important;padding-bottom: 60px !important;background-color: #f4f4f4 !important;}\u00a0\u00bb el_id=\u00a0\u00bbrow-2&Prime;][vc_column][vc_column_text] Les indicateurs collect\u00e9s permettent une vue plus compl\u00e8te du parcours patient afin de lui offrir un service de sant\u00e9 personnalis\u00e9. [\/vc_column_text][vc_column_text] Air Liquide Sant\u00e9 \u00e0 domicile Chine lance un pilote pour d\u00e9montrer les b\u00e9n\u00e9fices de sa solution de soins \u00e0 domicile pour la BPCO (bronchopneumopathie chronique obstructive). Plusieurs r\u00f4les sont impliqu\u00e9s pour mener \u00e0 bien les projets\u00a0: des inhaloth\u00e9rapeutes, des infirmiers et des techniciens en dispositifs m\u00e9dicaux collectent des indicateurs&#8230;<\/p>\n","protected":false},"author":1,"featured_media":78274,"parent":73452,"menu_order":0,"comment_status":"closed","ping_status":"closed","template":"","meta":{"footnotes":""},"class_list":["post-79400","page","type-page","status-publish","has-post-thumbnail"],"_links":{"self":[{"href":"https:\/\/www.euris.com\/fr\/wp-json\/wp\/v2\/pages\/79400","targetHints":{"allow":["GET"]}}],"collection":[{"href":"https:\/\/www.euris.com\/fr\/wp-json\/wp\/v2\/pages"}],"about":[{"href":"https:\/\/www.euris.com\/fr\/wp-json\/wp\/v2\/types\/page"}],"author":[{"embeddable":true,"href":"https:\/\/www.euris.com\/fr\/wp-json\/wp\/v2\/users\/1"}],"replies":[{"embeddable":true,"href":"https:\/\/www.euris.com\/fr\/wp-json\/wp\/v2\/comments?post=79400"}],"version-history":[{"count":3,"href":"https:\/\/www.euris.com\/fr\/wp-json\/wp\/v2\/pages\/79400\/revisions"}],"predecessor-version":[{"id":83048,"href":"https:\/\/www.euris.com\/fr\/wp-json\/wp\/v2\/pages\/79400\/revisions\/83048"}],"up":[{"embeddable":true,"href":"https:\/\/www.euris.com\/fr\/wp-json\/wp\/v2\/pages\/73452"}],"wp:featuredmedia":[{"embeddable":true,"href":"https:\/\/www.euris.com\/fr\/wp-json\/wp\/v2\/media\/78274"}],"wp:attachment":[{"href":"https:\/\/www.euris.com\/fr\/wp-json\/wp\/v2\/media?parent=79400"}],"curies":[{"name":"wp","href":"https:\/\/api.w.org\/{rel}","templated":true}]}}