{"id":83932,"date":"2021-11-29T12:32:07","date_gmt":"2021-11-29T11:32:07","guid":{"rendered":"https:\/\/www.euris.com\/clients\/sivan-innovation-first-health-digital-platform-chooses-euris-hybrid-health-cloud-aws\/"},"modified":"2022-01-06T12:08:12","modified_gmt":"2022-01-06T11:08:12","slug":"sivan-innovation-choisit-euris-cloud-sante-hybride-aws-pour-sa-plateforme-de-sante-digitale","status":"publish","type":"page","link":"https:\/\/www.euris.com\/fr\/clients\/sivan-innovation-choisit-euris-cloud-sante-hybride-aws-pour-sa-plateforme-de-sante-digitale\/","title":{"rendered":"Cas Client Sivan"},"content":{"rendered":"<div class=\"wpb-content-wrapper\"><p>[vc_row full_width=\u00a0\u00bbstretch_row\u00a0\u00bb equal_height=\u00a0\u00bbyes\u00a0\u00bb content_placement=\u00a0\u00bbmiddle\u00a0\u00bb el_id=\u00a0\u00bbrow-1&Prime; css=\u00a0\u00bb.vc_custom_1611737662043{padding-top: 120px !important;padding-bottom: 120px !important;background-image: url(https:\/\/www.euris.com\/wp-content\/uploads\/2021\/01\/BG-Clients.jpg?id=72470) !important;background-position: center !important;background-repeat: no-repeat !important;background-size: cover !important;}\u00a0\u00bb][vc_column width=\u00a0\u00bb1\/3&Prime;][vc_single_image image=\u00a0\u00bb82464&Prime; img_size=\u00a0\u00bbfull\u00a0\u00bb alignment=\u00a0\u00bbcenter\u00a0\u00bb][\/vc_column][vc_column width=\u00a0\u00bb2\/3&Prime;][vc_column_text]<\/p>\n<h1><span style=\"color: #ffffff;\"><strong>SIVAN INNOVATION CHOISIT EURIS CLOUD SANTE HYBRIDE AWS POUR LE D\u00c9PLOIEMENT DE MOOVCARE<\/strong><\/span><\/h1>\n<p>[\/vc_column_text][\/vc_column][\/vc_row][vc_row full_width=\u00a0\u00bbstretch_row\u00a0\u00bb content_placement=\u00a0\u00bbmiddle\u00a0\u00bb css=\u00a0\u00bb.vc_custom_1611739478274{padding-top: 40px !important;padding-bottom: 60px !important;background-color: #f4f4f4 !important;}\u00a0\u00bb el_id=\u00a0\u00bbrow-2&Prime;][vc_column][vc_column_text]Sivan Innovation est compos\u00e9 d&rsquo;une <strong>\u00e9quipe multidisciplinaire de cliniciens, de technologues et d&rsquo;experts comportementaux<\/strong> qui ont uni leurs comp\u00e9tences et leur expertise pour concevoir des th\u00e9rapies num\u00e9riques de sant\u00e9 afin d&rsquo;am\u00e9liorer le suivi des patients et le parcours de soins.<\/p>\n<p>Sivan Innovation d\u00e9veloppe MOOVCARE, la premi\u00e8re application Web qui a \u00e9t\u00e9 valid\u00e9e cliniquement et qui s&rsquo;est av\u00e9r\u00e9e prolonger la vie des patients atteints de cancer du poumon. Moovcare est le r\u00e9sultat d&rsquo;\u00e9tudes cliniques pluriannuelles sur l&rsquo;impact des sympt\u00f4mes signal\u00e9s par les patients sur la survie et la qualit\u00e9 de vie, men\u00e9es par des oncologues de premier plan aux \u00c9tats-Unis et en France.[\/vc_column_text][\/vc_column][\/vc_row][vc_row full_width=\u00a0\u00bbstretch_row\u00a0\u00bb el_id=\u00a0\u00bbrow-2b\u00a0\u00bb css=\u00a0\u00bb.vc_custom_1620117306283{padding-top: 60px !important;padding-bottom: 60px !important;}\u00a0\u00bb][vc_column][vc_column_text]<\/p>\n<h2 style=\"text-align: center;\"><span style=\"color: #2e93f0;\">SUCCESS STORY\u00a0: SIVAN INNOVATION ET EURIS CLOUD SANTE\u00ae HYBRIDE AWS<\/span><\/h2>\n<p>[\/vc_column_text][vc_column_text]Moovcare\u00ae est le premier dispositif m\u00e9dical d&rsquo;une gamme pionni\u00e8re d\u00e9velopp\u00e9e par Sivan en association avec des experts sp\u00e9cialis\u00e9s en oncologie. Tous ces dispositifs permettent de suivre les sympt\u00f4mes \u00e0 l&rsquo;aide de questionnaires web envoy\u00e9s aux patients (questionnaires PRO), analys\u00e9s par les algorithmes cliniquement \u00e9prouv\u00e9s de la soci\u00e9t\u00e9, afin de d\u00e9tecter les premiers signes de r\u00e9cidive, de complications ou de risque m\u00e9dical futur.[\/vc_column_text][\/vc_column][\/vc_row][vc_row equal_height=\u00a0\u00bbyes\u00a0\u00bb content_placement=\u00a0\u00bbmiddle\u00a0\u00bb el_id=\u00a0\u00bbrow-2d\u00a0\u00bb css=\u00a0\u00bb.vc_custom_1637770654073{margin-bottom: 40px !important;}\u00a0\u00bb][vc_column width=\u00a0\u00bb1\/2&Prime;][vc_column_text]<\/p>\n<h4><span style=\"color: #2e93f0;\">3 POINTS CL\u00c9S \u00c0 RETENIR SUR MOOVCARE :<\/span><\/h4>\n<p>[\/vc_column_text][vc_column_text]<\/p>\n<ol>\n<li><strong>Dispositif m\u00e9dical de classe I<\/strong> qui utilise un questionnaire simple pour <strong>d\u00e9tecter une\u00a0<\/strong><strong>rechute<\/strong> ou une complication lors du suivi des patients atteints de <strong>cancer du poumon<\/strong>.<\/li>\n<li>Il a \u00e9t\u00e9 prouv\u00e9 dans des essais cliniques qu&rsquo;il am\u00e9liore la survie globale de <strong>7,6 mois<\/strong>.<\/li>\n<li>La premi\u00e8re th\u00e9rapie num\u00e9rique en canc\u00e9rologie <strong>rembours\u00e9e<\/strong> en France.<\/li>\n<\/ol>\n<p><em>Source : Moovcare par Sivan, 2021<\/em>[\/vc_column_text][\/vc_column][vc_column width=\u00a0\u00bb1\/2&Prime;][vc_single_image image=\u00a0\u00bb82521&Prime; img_size=\u00a0\u00bbfull\u00a0\u00bb alignment=\u00a0\u00bbcenter\u00a0\u00bb][\/vc_column][\/vc_row][vc_row full_width=\u00a0\u00bbstretch_row\u00a0\u00bb content_placement=\u00a0\u00bbmiddle\u00a0\u00bb css=\u00a0\u00bb.vc_custom_1637753158062{padding-bottom: 60px !important;background-color: #f4f4f4 !important;}\u00a0\u00bb el_id=\u00a0\u00bbrow-3&Prime;][vc_column][vc_column_text]<\/p>\n<h3 style=\"text-align: left;\">QUELS ONT \u00c9T\u00c9 LES PRINCIPAUX ENJEUX DE SIVAN INNOVATION EN TERMES DE GESTION DES DONN\u00c9ES DE SANT\u00c9 AVANT DE METTRE EN PLACE L&rsquo;INFRASTRUCTURE CLOUD SANTE\u00ae HYBRIDE AWS<br \/>\n?<\/h3>\n<p>[\/vc_column_text][vc_column_text]Lors de l&rsquo;utilisation de Moovcare, les patients partagent des donn\u00e9es sensibles ; par cons\u00e9quent, une s\u00e9curit\u00e9 solide est cruciale. La collecte d&rsquo;informations m\u00e9dicales sensibles doit \u00eatre conforme \u00e0 la r\u00e9glementation mondiale. Cet aspect est crucial pour consolider la confiance de la communaut\u00e9 des patients et renforcer l&rsquo;utilisation des derni\u00e8res innovations dans le domaine de la th\u00e9rapie num\u00e9rique.<\/p>\n<p>En ce qui concerne l&rsquo;exp\u00e9rience utilisateur cibl\u00e9e, les interfaces Web et les applications natives mobiles pour les patients et le personnel m\u00e9dical doivent \u00eatre performantes et hautement disponibles.<\/p>\n<p>Sivan avait besoin d&rsquo;une infrastructure cloud performante, s\u00e9curis\u00e9e et fiable pour garantir un traitement appropri\u00e9 des donn\u00e9es de sant\u00e9 collect\u00e9es.[\/vc_column_text][vc_column_text]<\/p>\n<h3 style=\"text-align: left;\">POURQUOI AVEZ-VOUS CHOISI DE TRAVAILLER AVEC EURIS CLOUD SANTE\u00ae ?<\/h3>\n<p>[\/vc_column_text][vc_column_text]Sivan a besoin d&rsquo;une solution cloud lui permettant d&rsquo;\u00e9tendre son activit\u00e9 \u00e0 l&rsquo;\u00e9chelle mondiale, avec la fourniture de services complets pour favoriser le d\u00e9veloppement et l&rsquo;innovation.<\/p>\n<p>La solution doit \u00eatre conforme aux principales r\u00e9glementations appliqu\u00e9es actuellement pour les donn\u00e9es de sant\u00e9 (HDS en France, GDPR en Europe et HIPAA aux \u00c9tats-Unis).<\/p>\n<p>L&rsquo;infrastructure fournie doit \u00eatre \u00e9volutive et fiable, avec des notifications appropri\u00e9es en cas d&rsquo;anomalies.<\/p>\n<p>Sivan Innovation a retenu l&rsquo;offre Euris Cloud Sant\u00e9 Hybride AWS car elle a \u00e9t\u00e9 identifi\u00e9e comme l&rsquo;environnement de cloud computing le plus flexible et le plus s\u00e9curis\u00e9 disponible \u00e0 ce jour.[\/vc_column_text][vc_column_text]<\/p>\n<h3 style=\"text-align: left;\">POUVEZ-VOUS NOMMER QUELQUES POINTS FORTS DE LA SOLUTION HYBRIDE AWS EURIS CLOUD<br \/>\nSANTE\u00ae ?<\/h3>\n<p>[\/vc_column_text]<div class=\"gem-list gem-list-type-check-style-1 gem-list-color-2\" ><ul>\n<li>\u00c9volutivit\u00e9 \u2013 Ouverture facile de nouvelles r\u00e9gions, sans contraintes.<\/li>\n<li>Pas de temps d&rsquo;arr\u00eat.<\/li>\n<li>Impl\u00e9mentation rapide des correctifs de s\u00e9curit\u00e9.<\/li>\n<li>D\u00e9ploiement rapide des nouvelles versions.<\/li>\n<li>Infrastructure d\u00e9ploy\u00e9e par une \u00e9quipe d\u00e9di\u00e9e, experte en architecture et mise en \u0153uvre de solutions avec AWS.<\/li>\n<\/ul>\n<\/div>[\/vc_column][\/vc_row][vc_row el_id=\u00a0\u00bbrow-4&Prime; css=\u00a0\u00bb.vc_custom_1637754372075{padding-top: 20px !important;padding-bottom: 40px !important;}\u00a0\u00bb][vc_column][vc_column_text css=\u00a0\u00bb.vc_custom_1641461969902{margin-bottom: 20px !important;}\u00a0\u00bb]<\/p>\n<h2 style=\"text-align: center;\"><span style=\"color: #2e93f0;\">SIVAN ET SON ENGAGEMENT POUR AM\u00c9LIORER LA VIE DES PATIENTS CANCER DANS LE MONDE<\/span><\/h2>\n<p>[\/vc_column_text][vc_column_text]Euris Cloud Sant\u00e9\u00ae est responsable de la conformit\u00e9 du service d&rsquo;h\u00e9bergement et des donn\u00e9es de production. Notre \u00e9quipe assure la supervision et l&rsquo;nfog\u00e9rance de l&rsquo;application Moovcare chez AWS (activit\u00e9 5 HDS).<\/p>\n<p>Euris g\u00e8re et administre les ressources AWS et assure la conformit\u00e9 r\u00e9glementaire des donn\u00e9es de sant\u00e9 : GDPR (Europe), HDS (France), HIPAA (\u00c9tats-Unis).<\/p>\n<p>Nous garantissons le respect des crit\u00e8res D.I.C.A : Disponibilit\u00e9, Int\u00e9grit\u00e9, Confidentialit\u00e9 et Auditabilit\u00e9.<\/p>\n<p>Un chef de projet Euris d\u00e9di\u00e9 accompagne l&rsquo;\u00e9quipe Sivan tout au long du cycle de vie de l&rsquo;application chez Euris (Projet, Run).[\/vc_column_text][\/vc_column][\/vc_row][vc_row full_width=\u00a0\u00bbstretch_row\u00a0\u00bb equal_height=\u00a0\u00bbyes\u00a0\u00bb css=\u00a0\u00bb.vc_custom_1632234009143{padding-top: 20px !important;padding-bottom: 20px !important;background-color: #f4f9fe !important;}\u00a0\u00bb el_id=\u00a0\u00bbtestimony\u00a0\u00bb][vc_column][vc_column_text]<\/p>\n<h2><span style=\"color: #5f727f;\"><span style=\"color: #2e93f0;\"><strong>Euris Cloud Sant\u00e9\u00ae Hybride AWS<\/strong><\/span>: L&rsquo;expertise d&rsquo;un h\u00e9bergeur de donn\u00e9es de sant\u00e9 certifi\u00e9 alli\u00e9e \u00e0 la puissance du cloud AWS pour le d\u00e9veloppement de projets e-sant\u00e9 Sivan Innovation.<\/span><\/h2>\n<p>[\/vc_column_text][vc_row_inner equal_height=\u00a0\u00bbyes\u00a0\u00bb content_placement=\u00a0\u00bbmiddle\u00a0\u00bb][vc_column_inner width=\u00a0\u00bb1\/4&Prime;][vc_single_image image=\u00a0\u00bb80248&Prime; img_size=\u00a0\u00bbfull\u00a0\u00bb alignment=\u00a0\u00bbcenter\u00a0\u00bb style=\u00a0\u00bbvc_box_border_circle\u00a0\u00bb border_color=\u00a0\u00bbpeacoc\u00a0\u00bb][\/vc_column_inner][vc_column_inner width=\u00a0\u00bb3\/4&Prime;][vc_column_text]<em>\u00ab EURIS est un partenaire id\u00e9al pour nous qui nous propose une plateforme HDS avec AWS. Ils sont tr\u00e8s comp\u00e9tents et toujours disponibles. Nous sommes ravis de travailler avec EURIS.\u00bb<\/em>[\/vc_column_text][vc_column_text]<span style=\"color: #2e93f0;\"><strong>Samuel Amsilli<\/strong><\/span>,<strong>\u00a0DevOps &amp; Responsable informatique Sivan Innovation<\/strong>[\/vc_column_text][\/vc_column_inner][\/vc_row_inner][\/vc_column][\/vc_row][vc_row full_width=\u00a0\u00bbstretch_row\u00a0\u00bb equal_height=\u00a0\u00bbyes\u00a0\u00bb content_placement=\u00a0\u00bbmiddle\u00a0\u00bb el_id=\u00a0\u00bbrow-7&Prime; css=\u00a0\u00bb.vc_custom_1611749666667{padding-top: 60px !important;padding-bottom: 60px !important;}\u00a0\u00bb][vc_column width=\u00a0\u00bb1\/3&Prime;][vc_single_image image=\u00a0\u00bb75613&Prime; img_size=\u00a0\u00bbfull\u00a0\u00bb alignment=\u00a0\u00bbcenter\u00a0\u00bb][\/vc_column][vc_column width=\u00a0\u00bb2\/3&Prime;][vc_column_text]<\/p>\n<h2 style=\"text-align: left;\"><span style=\"color: #ffffff;\">D\u00e9couvrez Euris Cloud Sant\u00e9 hybride AWS : un h\u00e9bergement de donn\u00e9es de sant\u00e9 certifi\u00e9 associ\u00e9 \u00e0 la puissance du cloud AWS pour d\u00e9velopper vos projets e-sant\u00e9<\/span><\/h2>\n<p>[\/vc_column_text]<style type=\"text\/css\">.thegem-button-69f1e49b7604c3040 .gem-button svg {fill: #ffffff;}.thegem-button-69f1e49b7604c3040 .gem-button:hover svg {fill: #2e93f0;}<\/style><div class=\"gem-button-container gem-button-position-center thegem-button-69f1e49b7604c3040    \"  ><a class=\"gem-button gem-button-size-medium gem-button-style-outline gem-button-text-weight-normal gem-button-border-2\" data-ll-effect=\"drop-right-without-wrap\" style=\"border-radius: 0px;border-color: #ffffff;color: #ffffff;\" onmouseleave=\"this.style.borderColor='#ffffff';this.style.backgroundColor='transparent';this.style.color='#ffffff';\" onmouseenter=\"this.style.borderColor='#ffffff';this.style.backgroundColor='#ffffff';this.style.color='#2e93f0';\" href=\"https:\/\/www.euris.com\/fr\/contact\/\" target=\"_self\">J\u2019AI UN PROJET DE CLOUD HYBRIDE<\/a><\/div> [\/vc_column][\/vc_row]<\/p>\n<\/div>","protected":false},"excerpt":{"rendered":"<p>[vc_row full_width=\u00a0\u00bbstretch_row\u00a0\u00bb equal_height=\u00a0\u00bbyes\u00a0\u00bb content_placement=\u00a0\u00bbmiddle\u00a0\u00bb el_id=\u00a0\u00bbrow-1&Prime; css=\u00a0\u00bb.vc_custom_1611737662043{padding-top: 120px !important;padding-bottom: 120px !important;background-image: url(https:\/\/www.euris.com\/wp-content\/uploads\/2021\/01\/BG-Clients.jpg?id=72470) !important;background-position: center !important;background-repeat: no-repeat !important;background-size: cover !important;}\u00a0\u00bb][vc_column width=\u00a0\u00bb1\/3&Prime;][vc_single_image image=\u00a0\u00bb82464&Prime; img_size=\u00a0\u00bbfull\u00a0\u00bb alignment=\u00a0\u00bbcenter\u00a0\u00bb][\/vc_column][vc_column width=\u00a0\u00bb2\/3&Prime;][vc_column_text] SIVAN INNOVATION CHOISIT EURIS CLOUD SANTE HYBRIDE AWS POUR LE D\u00c9PLOIEMENT DE MOOVCARE [\/vc_column_text][\/vc_column][\/vc_row][vc_row full_width=\u00a0\u00bbstretch_row\u00a0\u00bb content_placement=\u00a0\u00bbmiddle\u00a0\u00bb css=\u00a0\u00bb.vc_custom_1611739478274{padding-top: 40px !important;padding-bottom: 60px !important;background-color: #f4f4f4 !important;}\u00a0\u00bb el_id=\u00a0\u00bbrow-2&Prime;][vc_column][vc_column_text]Sivan Innovation est compos\u00e9 d&rsquo;une \u00e9quipe multidisciplinaire de cliniciens, de technologues et d&rsquo;experts comportementaux qui ont uni leurs comp\u00e9tences et leur expertise pour concevoir des th\u00e9rapies num\u00e9riques de sant\u00e9 afin d&rsquo;am\u00e9liorer le suivi des patients et le parcours de soins. Sivan Innovation d\u00e9veloppe MOOVCARE, la premi\u00e8re application Web qui a \u00e9t\u00e9 valid\u00e9e cliniquement et qui s&rsquo;est av\u00e9r\u00e9e prolonger la vie des patients atteints de cancer du poumon. Moovcare est le r\u00e9sultat d&rsquo;\u00e9tudes cliniques pluriannuelles sur l&rsquo;impact&#8230;<\/p>\n","protected":false},"author":1,"featured_media":82461,"parent":73452,"menu_order":0,"comment_status":"closed","ping_status":"closed","template":"","meta":{"footnotes":""},"class_list":["post-83932","page","type-page","status-publish","has-post-thumbnail"],"_links":{"self":[{"href":"https:\/\/www.euris.com\/fr\/wp-json\/wp\/v2\/pages\/83932","targetHints":{"allow":["GET"]}}],"collection":[{"href":"https:\/\/www.euris.com\/fr\/wp-json\/wp\/v2\/pages"}],"about":[{"href":"https:\/\/www.euris.com\/fr\/wp-json\/wp\/v2\/types\/page"}],"author":[{"embeddable":true,"href":"https:\/\/www.euris.com\/fr\/wp-json\/wp\/v2\/users\/1"}],"replies":[{"embeddable":true,"href":"https:\/\/www.euris.com\/fr\/wp-json\/wp\/v2\/comments?post=83932"}],"version-history":[{"count":3,"href":"https:\/\/www.euris.com\/fr\/wp-json\/wp\/v2\/pages\/83932\/revisions"}],"predecessor-version":[{"id":84555,"href":"https:\/\/www.euris.com\/fr\/wp-json\/wp\/v2\/pages\/83932\/revisions\/84555"}],"up":[{"embeddable":true,"href":"https:\/\/www.euris.com\/fr\/wp-json\/wp\/v2\/pages\/73452"}],"wp:featuredmedia":[{"embeddable":true,"href":"https:\/\/www.euris.com\/fr\/wp-json\/wp\/v2\/media\/82461"}],"wp:attachment":[{"href":"https:\/\/www.euris.com\/fr\/wp-json\/wp\/v2\/media?parent=83932"}],"curies":[{"name":"wp","href":"https:\/\/api.w.org\/{rel}","templated":true}]}}