{"id":87139,"date":"2022-04-14T18:20:15","date_gmt":"2022-04-14T16:20:15","guid":{"rendered":"https:\/\/www.euris.com\/?page_id=87139"},"modified":"2022-04-14T18:20:15","modified_gmt":"2022-04-14T16:20:15","slug":"avantages","status":"publish","type":"page","link":"https:\/\/www.euris.com\/fr\/hebergement-donnees-sante\/cloud-sante-hybride\/euris-cloud-sante-aws\/avantages\/","title":{"rendered":"avantages"},"content":{"rendered":"<div class=\"wpb-content-wrapper\"><p>[vc_row full_width=\u00a0\u00bbstretch_row\u00a0\u00bb equal_height=\u00a0\u00bbyes\u00a0\u00bb el_id=\u00a0\u00bbrow-1&Prime; css=\u00a0\u00bb.vc_custom_1649751104362{padding-top: 150px !important;padding-bottom: 150px !important;background-image: url(https:\/\/www.euris.com\/wp-content\/uploads\/2022\/04\/cloud-hybride-avantages.jpg?id=87142) !important;background-position: center !important;background-repeat: no-repeat !important;background-size: cover !important;}\u00a0\u00bb][vc_column][vc_column_text]<\/p>\n<h1 style=\"text-align: center;\"><span style=\"color: #ffffff;\">LES AVANTAGES DU <strong>CLOUD HYBRIDE<\/strong> POUR L\u2019INDUSTRIE DE SANT\u00c9<\/span><\/h1>\n<p>[\/vc_column_text][\/vc_column][\/vc_row][vc_row full_width=\u00a0\u00bbstretch_row\u00a0\u00bb css=\u00a0\u00bb.vc_custom_1649751683880{padding-top: 40px !important;padding-bottom: 40px !important;background-color: #f7f7f7 !important;}\u00a0\u00bb el_id=\u00a0\u00bbrow-2&Prime;][vc_column][vc_column_text css=\u00a0\u00bb.vc_custom_1649751534132{padding-bottom: 20px !important;}\u00a0\u00bb]<\/p>\n<h2 style=\"text-align: center;\"><span style=\"color: #2e93f0;\">VOTRE D\u00c9PLOIEMENT CLOUD HYBRIDE PAS \u00c0 PAS<\/span><\/h2>\n<p>[\/vc_column_text][vc_column_text]Vous pensez \u00eatre pr\u00eat \u00e0 adopter ou \u00e0 construire un cloud hybride dans le cadre de votre d\u00e9ploiement sant\u00e9, mais maitrisez-vous cette technologie \u00e0 100% ? connaissez-vous les avantages et les d\u00e9fis \u00e0 adresser ?<\/p>\n<p>Obtenez des r\u00e9ponses \u00e0 toutes vos questions sur le cloud hybride avant de vous lancer !<\/p>\n<p>Au fil des ans, nous avons re\u00e7u de nombreuses questions sur le cloud hybride. Nous avons donc s\u00e9lectionn\u00e9 18 questions parmi les plus fr\u00e9quemment pos\u00e9es et y avons r\u00e9pondu dans notre Ebook gratuit \u00ab <strong>FAQ Health Data Hosting &amp; Health Cloud Hybrid AWS<\/strong> \u00bb[\/vc_column_text]<style type=\"text\/css\">.thegem-button-69f42c165984a6227 .gem-button svg {fill: #2e93f0;}.thegem-button-69f42c165984a6227 .gem-button:hover svg {fill: #ffffff;}<\/style><div class=\"gem-button-container gem-button-position-center thegem-button-69f42c165984a6227 butt   \"  ><a class=\"gem-button gem-button-size-medium gem-button-style-outline gem-button-text-weight-normal gem-button-border-2\" data-ll-effect=\"drop-right-without-wrap\" style=\"border-radius: 3px;border-color: #2e93f0;color: #2e93f0;\" onmouseleave=\"this.style.borderColor='#2e93f0';this.style.backgroundColor='transparent';this.style.color='#2e93f0';\" onmouseenter=\"this.style.backgroundColor='#2e93f0';this.style.color='#ffffff';\" href=\"https:\/\/www.euris.com\/wp-content\/uploads\/2021\/09\/FAQ-HDS-AWS-EURIS.pdf\" target=\"_blank\">nos r\u00e9ponses \u00e0 toutes vos questions<\/a><\/div> [\/vc_column][\/vc_row][vc_row equal_height=\u00a0\u00bbyes\u00a0\u00bb content_placement=\u00a0\u00bbmiddle\u00a0\u00bb el_id=\u00a0\u00bbrow-3&Prime; css=\u00a0\u00bb.vc_custom_1649938611627{padding-top: 40px !important;padding-bottom: 40px !important;}\u00a0\u00bb][vc_column width=\u00a0\u00bb1\/2&Prime;][vc_single_image image=\u00a0\u00bb87263&Prime; img_size=\u00a0\u00bbfull\u00a0\u00bb alignment=\u00a0\u00bbcenter\u00a0\u00bb][\/vc_column][vc_column width=\u00a0\u00bb1\/2&Prime;][vc_column_text css=\u00a0\u00bb.vc_custom_1649751789414{padding-bottom: 20px !important;}\u00a0\u00bb]<\/p>\n<h2 style=\"text-align: center;\"><span style=\"color: #2e93f0;\">EURIS HEALTH CLOUD HYBRIDE AWS<\/span><\/h2>\n<p>[\/vc_column_text][vc_column_text]Notre offre Cloud Hybride vient compl\u00e9ter notre gamme de services d&rsquo;h\u00e9bergement de donn\u00e9es de sant\u00e9, pour permettre aux clients qui le souhaitent de profiter de toute l&rsquo;innovation permise par les hyperscalers.[\/vc_column_text]<style type=\"text\/css\">.thegem-button-69f42c16598ef9814 .gem-button svg {fill: #2e93f0;}.thegem-button-69f42c16598ef9814 .gem-button:hover svg {fill: #ffffff;}<\/style><div class=\"gem-button-container gem-button-position-center thegem-button-69f42c16598ef9814 butt   \"  ><a class=\"gem-button gem-button-size-medium gem-button-style-outline gem-button-text-weight-normal gem-button-border-2\" data-ll-effect=\"drop-right-without-wrap\" style=\"border-radius: 3px;border-color: #2e93f0;color: #2e93f0;\" onmouseleave=\"this.style.borderColor='#2e93f0';this.style.backgroundColor='transparent';this.style.color='#2e93f0';\" onmouseenter=\"this.style.backgroundColor='#2e93f0';this.style.color='#ffffff';\" href=\"https:\/\/www.euris.com\/fr\/hebergement-donnees-sante\/cloud-sante-hybride\/euris-cloud-sante-aws\/\" target=\"_self\">en savoir plus<\/a><\/div> [\/vc_column][\/vc_row][vc_row full_width=\u00a0\u00bbstretch_row\u00a0\u00bb el_id=\u00a0\u00bbrow-4&Prime; css=\u00a0\u00bb.vc_custom_1649753008047{padding-top: 40px !important;padding-bottom: 40px !important;background-color: #f7f7f7 !important;}\u00a0\u00bb][vc_column][vc_column_text]<\/p>\n<p style=\"text-align: center;\"><strong>Gagnez du temps pour vous consacrer enti\u00e8rement au d\u00e9veloppement de votre produit et de votre entreprise.<\/strong><\/p>\n<p>[\/vc_column_text]<style type=\"text\/css\">.thegem-button-69f42c16599712291 .gem-button svg {fill: #2e93f0;}.thegem-button-69f42c16599712291 .gem-button:hover svg {fill: #ffffff;}<\/style><div class=\"gem-button-container gem-button-position-center thegem-button-69f42c16599712291 butt   \"  ><a class=\"gem-button gem-button-size-medium gem-button-style-outline gem-button-text-weight-normal gem-button-border-2\" data-ll-effect=\"drop-right-without-wrap\" style=\"border-radius: 3px;border-color: #2e93f0;color: #2e93f0;\" onmouseleave=\"this.style.borderColor='#2e93f0';this.style.backgroundColor='transparent';this.style.color='#2e93f0';\" onmouseenter=\"this.style.backgroundColor='#2e93f0';this.style.color='#ffffff';\" href=\"https:\/\/www.euris.com\/fr\/contact\" target=\"_self\">planifiez une d\u00e9mo<\/a><\/div> [vc_row_inner][vc_column_inner width=\u00a0\u00bb1\/3&Prime;][vc_column_text]<\/p>\n<p style=\"text-align: center;\"><strong><span style=\"color: #2e93f0;\">#cloudhybride<\/span><\/strong><\/p>\n<p>[\/vc_column_text][\/vc_column_inner][vc_column_inner width=\u00a0\u00bb1\/3&Prime;][vc_column_text]<\/p>\n<p style=\"text-align: center;\"><strong><span style=\"color: #2e93f0;\">#euriscloud<\/span><\/strong><\/p>\n<p>[\/vc_column_text][\/vc_column_inner][vc_column_inner width=\u00a0\u00bb1\/3&Prime;][vc_column_text]<\/p>\n<p style=\"text-align: center;\"><strong><span style=\"color: #2e93f0;\">#awscloud<\/span><\/strong><\/p>\n<p>[\/vc_column_text][\/vc_column_inner][\/vc_row_inner][\/vc_column][\/vc_row][vc_row gap=\u00a0\u00bb10&Prime; equal_height=\u00a0\u00bbyes\u00a0\u00bb css=\u00a0\u00bb.vc_custom_1649752527837{padding-top: 40px !important;padding-bottom: 40px !important;}\u00a0\u00bb el_id=\u00a0\u00bbrow-5&Prime;][vc_column width=\u00a0\u00bb1\/3&Prime; css=\u00a0\u00bb.vc_custom_1649752327244{border-top-width: 1px !important;border-right-width: 1px !important;border-bottom-width: 1px !important;border-left-width: 1px !important;border-left-color: #2e93f0 !important;border-left-style: solid !important;border-right-color: #2e93f0 !important;border-right-style: solid !important;border-top-color: #2e93f0 !important;border-top-style: solid !important;border-bottom-color: #2e93f0 !important;border-bottom-style: solid !important;border-radius: 2px !important;}\u00a0\u00bb][vc_column_text]<\/p>\n<h3 style=\"text-align: center;\"><em><span style=\"color: #2e93f0;\">Scalabilit\u00e9 et Puissance<\/span><\/em><\/h3>\n<p>[\/vc_column_text][vc_single_image image=\u00a0\u00bb87175&Prime; img_size=\u00a0\u00bbfull\u00a0\u00bb alignment=\u00a0\u00bbcenter\u00a0\u00bb][vc_column_text]<\/p>\n<h4 style=\"text-align: center;\"><span style=\"color: #2e93f0;\">T\u00c9MOIGNAGE CLIENT : MASIMO<\/span><\/h4>\n<p>[\/vc_column_text][vc_column_text]Masimo a s\u00e9lectionn\u00e9 Euris Cloud Sant\u00e9 Hybride AWS pour d\u00e9ployer Masimo SafetyNet est une solution de surveillance \u00e0 distance des patients et de gestion des mesures pour la surveillance des soins \u00e0 domicile, con\u00e7ue pour lutter contre la pand\u00e9mie de COVID-19.D\u00e9couvrez la success story de Masimo et comment l\u2019offre cloud d\u00e9ploy\u00e9e a r\u00e9pondu \u00e0 leurs exigences de s\u00e9curit\u00e9, de disponibilit\u00e9 et de performance.[\/vc_column_text]<style type=\"text\/css\">.thegem-button-69f42c16599e03574 .gem-button svg {fill: #2e93f0;}.thegem-button-69f42c16599e03574 .gem-button:hover svg {fill: #ffffff;}<\/style><div class=\"gem-button-container gem-button-position-inline thegem-button-69f42c16599e03574 butt   \"  ><a class=\"gem-button gem-button-size-small gem-button-style-outline gem-button-text-weight-normal gem-button-border-2\" data-ll-effect=\"drop-right-without-wrap\" style=\"border-radius: 3px;border-color: #2e93f0;color: #2e93f0;\" onmouseleave=\"this.style.borderColor='#2e93f0';this.style.backgroundColor='transparent';this.style.color='#2e93f0';\" onmouseenter=\"this.style.backgroundColor='#2e93f0';this.style.color='#ffffff';\" href=\"https:\/\/www.euris.com\/fr\/hebergement-donnees-sante\/cloud-sante-hybride\/euris-cloud-sante-aws\/\" target=\"_self\">Lire l\u2019\u00e9tude de cas<\/a><\/div> [\/vc_column][vc_column width=\u00a0\u00bb1\/3&Prime; css=\u00a0\u00bb.vc_custom_1649752496660{border-top-width: 1px !important;border-right-width: 1px !important;border-bottom-width: 1px !important;border-left-width: 1px !important;border-left-color: #2e93f0 !important;border-left-style: solid !important;border-right-color: #2e93f0 !important;border-right-style: solid !important;border-top-color: #2e93f0 !important;border-top-style: solid !important;border-bottom-color: #2e93f0 !important;border-bottom-style: solid !important;border-radius: 2px !important;}\u00a0\u00bb][vc_column_text]<\/p>\n<h3 style=\"text-align: center;\"><em><span style=\"color: #2e93f0;\">Catalogue de Services AWS<\/span><\/em><\/h3>\n<p>[\/vc_column_text][vc_single_image image=\u00a0\u00bb87172&Prime; img_size=\u00a0\u00bbfull\u00a0\u00bb alignment=\u00a0\u00bbcenter\u00a0\u00bb][vc_column_text]<\/p>\n<h4 style=\"text-align: center;\"><span style=\"color: #2e93f0;\">T\u00c9MOIGNAGE CLIENT : SIVA<\/span><\/h4>\n<p>[\/vc_column_text][vc_column_text]Sivan Innovation cr\u00e9e et d\u00e9ploie Moovcare\u00ae, premi\u00e8re th\u00e9rapie num\u00e9rique prise en charge par l\u2019Assurance Maladie. Moovcare\u00ae aide les m\u00e9decins \u00e0 d\u00e9tecter les rechutes et les complications \u00e0 un stade pr\u00e9coce et \u00e0 fournir le bon traitement au bon moment, optimisant ainsi la prise en charge des patients atteints de cancer du poumon. Sivan a choisi l\u2019infrastructure Euris Cloud Sant\u00e9 Hybride AWS pour le d\u00e9ploiement de Moovcare\u00ae.[\/vc_column_text]<style type=\"text\/css\">.thegem-button-69f42c1659a526476 .gem-button svg {fill: #2e93f0;}.thegem-button-69f42c1659a526476 .gem-button:hover svg {fill: #ffffff;}<\/style><div class=\"gem-button-container gem-button-position-inline thegem-button-69f42c1659a526476 butt   \"  ><a class=\"gem-button gem-button-size-small gem-button-style-outline gem-button-text-weight-normal gem-button-border-2\" data-ll-effect=\"drop-right-without-wrap\" style=\"border-radius: 3px;border-color: #2e93f0;color: #2e93f0;\" onmouseleave=\"this.style.borderColor='#2e93f0';this.style.backgroundColor='transparent';this.style.color='#2e93f0';\" onmouseenter=\"this.style.backgroundColor='#2e93f0';this.style.color='#ffffff';\" href=\"https:\/\/www.euris.com\/fr\/hebergement-donnees-sante\/cloud-sante-hybride\/euris-cloud-sante-aws\/\" target=\"_self\">Lire l\u2019\u00e9tude de cas<\/a><\/div> [\/vc_column][vc_column width=\u00a0\u00bb1\/3&Prime; css=\u00a0\u00bb.vc_custom_1649752509182{border-top-width: 1px !important;border-right-width: 1px !important;border-bottom-width: 1px !important;border-left-width: 1px !important;border-left-color: #2e93f0 !important;border-left-style: solid !important;border-right-color: #2e93f0 !important;border-right-style: solid !important;border-top-color: #2e93f0 !important;border-top-style: solid !important;border-bottom-color: #2e93f0 !important;border-bottom-style: solid !important;border-radius: 2px !important;}\u00a0\u00bb][vc_column_text]<\/p>\n<h3 style=\"text-align: center;\"><em><span style=\"color: #2e93f0;\">\u00ab Pay as you Go \u00bb<\/span><\/em><\/h3>\n<p>[\/vc_column_text][vc_single_image image=\u00a0\u00bb87168&Prime; img_size=\u00a0\u00bbfull\u00a0\u00bb alignment=\u00a0\u00bbcenter\u00a0\u00bb][vc_column_text]<\/p>\n<h4 style=\"text-align: center;\"><span style=\"color: #2e93f0;\">T\u00c9MOIGNAGE CLIENT : ROFIM<\/span><\/h4>\n<p>[\/vc_column_text][vc_column_text]Rofim, acteur europ\u00e9en leader de la t\u00e9l\u00e9m\u00e9decine, t\u00e9l\u00e9-expertise et t\u00e9l\u00e9soin, a choisi la solution Euris Cloud Sant\u00e9\u00ae Hybride AWS pour le d\u00e9ploiement de sa plateforme de t\u00e9l\u00e9m\u00e9decine s\u00e9curis\u00e9e, con\u00e7ue pour faciliter l\u2019\u00e9change, le partage et l\u2019entraide entre les membres de la communaut\u00e9 m\u00e9dicale en France, compos\u00e9e par plus de 5000 professionnels de la sant\u00e9.[\/vc_column_text]<style type=\"text\/css\">.thegem-button-69f42c1659ac0575 .gem-button svg {fill: #2e93f0;}.thegem-button-69f42c1659ac0575 .gem-button:hover svg {fill: #ffffff;}<\/style><div class=\"gem-button-container gem-button-position-inline thegem-button-69f42c1659ac0575 butt   \"  ><a class=\"gem-button gem-button-size-small gem-button-style-outline gem-button-text-weight-normal gem-button-border-2\" data-ll-effect=\"drop-right-without-wrap\" style=\"border-radius: 3px;border-color: #2e93f0;color: #2e93f0;\" onmouseleave=\"this.style.borderColor='#2e93f0';this.style.backgroundColor='transparent';this.style.color='#2e93f0';\" onmouseenter=\"this.style.backgroundColor='#2e93f0';this.style.color='#ffffff';\" href=\"https:\/\/www.euris.com\/fr\/hebergement-donnees-sante\/cloud-sante-hybride\/euris-cloud-sante-aws\/\" target=\"_self\">Lire l\u2019\u00e9tude de cas<\/a><\/div> [\/vc_column][\/vc_row][vc_row full_width=\u00a0\u00bbstretch_row_content\u00a0\u00bb][vc_column][vc_separator color=\u00a0\u00bbcustom\u00a0\u00bb accent_color=\u00a0\u00bb#2e93f0&Prime;][\/vc_column][\/vc_row][vc_row equal_height=\u00a0\u00bbyes\u00a0\u00bb content_placement=\u00a0\u00bbmiddle\u00a0\u00bb css=\u00a0\u00bb.vc_custom_1649938451443{padding-top: 40px !important;padding-bottom: 40px !important;}\u00a0\u00bb el_id=\u00a0\u00bbrow-6&Prime;][vc_column width=\u00a0\u00bb1\/2&Prime;][vc_single_image image=\u00a0\u00bb87275&Prime; img_size=\u00a0\u00bbfull\u00a0\u00bb alignment=\u00a0\u00bbcenter\u00a0\u00bb][\/vc_column][vc_column width=\u00a0\u00bb1\/2&Prime;][vc_column_text css=\u00a0\u00bb.vc_custom_1649754255947{padding-bottom: 20px !important;}\u00a0\u00bb]<\/p>\n<h2 style=\"text-align: center;\"><span style=\"color: #2e93f0;\">Euris, premier partenaire consulting AWS en Europe titulaire des Comp\u00e9tences Sant\u00e9 et Life Sciences<\/span><\/h2>\n<p>[\/vc_column_text][\/vc_column][\/vc_row][vc_row full_width=\u00a0\u00bbstretch_row\u00a0\u00bb equal_height=\u00a0\u00bbyes\u00a0\u00bb content_placement=\u00a0\u00bbmiddle\u00a0\u00bb el_id=\u00a0\u00bbrow-7&Prime; css=\u00a0\u00bb.vc_custom_1649754619004{padding-top: 40px !important;padding-bottom: 40px !important;}\u00a0\u00bb][vc_column width=\u00a0\u00bb3\/4&Prime;][vc_column_text]<\/p>\n<h2><span style=\"color: #ffffff;\">EURIS VOUS ACCOMPAGNE DANS TOUS VOS PROJETS E-SANT\u00c9<\/span><\/h2>\n<p>[\/vc_column_text][\/vc_column][vc_column width=\u00a0\u00bb1\/4&Prime;]<style type=\"text\/css\">.thegem-button-69f42c1659b2a5138 .gem-button svg {fill: #ffffff;}.thegem-button-69f42c1659b2a5138 .gem-button:hover svg {fill: #2e93f0;}<\/style><div class=\"gem-button-container gem-button-position-center thegem-button-69f42c1659b2a5138 butt   \"  ><a class=\"gem-button gem-button-size-medium gem-button-style-outline gem-button-text-weight-normal gem-button-border-2\" data-ll-effect=\"drop-right-without-wrap\" style=\"border-radius: 3px;border-color: #ffffff;color: #ffffff;\" onmouseleave=\"this.style.borderColor='#ffffff';this.style.backgroundColor='transparent';this.style.color='#ffffff';\" onmouseenter=\"this.style.backgroundColor='#ffffff';this.style.color='#2e93f0';\" href=\"https:\/\/www.euris.com\/fr\/contact\/\" target=\"_self\">j&#039;ai un projet<\/a><\/div> [\/vc_column][\/vc_row]<\/p>\n<\/div>","protected":false},"excerpt":{"rendered":"<p>[vc_row full_width=\u00a0\u00bbstretch_row\u00a0\u00bb equal_height=\u00a0\u00bbyes\u00a0\u00bb el_id=\u00a0\u00bbrow-1&Prime; css=\u00a0\u00bb.vc_custom_1649751104362{padding-top: 150px !important;padding-bottom: 150px !important;background-image: url(https:\/\/www.euris.com\/wp-content\/uploads\/2022\/04\/cloud-hybride-avantages.jpg?id=87142) !important;background-position: center !important;background-repeat: no-repeat !important;background-size: cover !important;}\u00a0\u00bb][vc_column][vc_column_text] LES AVANTAGES DU CLOUD HYBRIDE POUR L\u2019INDUSTRIE DE SANT\u00c9 [\/vc_column_text][\/vc_column][\/vc_row][vc_row full_width=\u00a0\u00bbstretch_row\u00a0\u00bb css=\u00a0\u00bb.vc_custom_1649751683880{padding-top: 40px !important;padding-bottom: 40px !important;background-color: #f7f7f7 !important;}\u00a0\u00bb el_id=\u00a0\u00bbrow-2&Prime;][vc_column][vc_column_text css=\u00a0\u00bb.vc_custom_1649751534132{padding-bottom: 20px !important;}\u00a0\u00bb] VOTRE D\u00c9PLOIEMENT CLOUD HYBRIDE PAS \u00c0 PAS [\/vc_column_text][vc_column_text]Vous pensez \u00eatre pr\u00eat \u00e0 adopter ou \u00e0 construire un cloud hybride dans le cadre de votre d\u00e9ploiement sant\u00e9, mais maitrisez-vous cette technologie \u00e0 100% ? connaissez-vous les avantages et les d\u00e9fis \u00e0 adresser ? Obtenez des r\u00e9ponses \u00e0 toutes vos questions sur le cloud hybride avant de vous lancer ! Au fil des ans, nous avons re\u00e7u de nombreuses questions sur le cloud hybride. Nous avons donc s\u00e9lectionn\u00e9 18 questions parmi les plus fr\u00e9quemment pos\u00e9es&#8230;<\/p>\n","protected":false},"author":1,"featured_media":39098,"parent":53029,"menu_order":0,"comment_status":"closed","ping_status":"closed","template":"","meta":{"footnotes":""},"class_list":["post-87139","page","type-page","status-publish","has-post-thumbnail"],"_links":{"self":[{"href":"https:\/\/www.euris.com\/fr\/wp-json\/wp\/v2\/pages\/87139","targetHints":{"allow":["GET"]}}],"collection":[{"href":"https:\/\/www.euris.com\/fr\/wp-json\/wp\/v2\/pages"}],"about":[{"href":"https:\/\/www.euris.com\/fr\/wp-json\/wp\/v2\/types\/page"}],"author":[{"embeddable":true,"href":"https:\/\/www.euris.com\/fr\/wp-json\/wp\/v2\/users\/1"}],"replies":[{"embeddable":true,"href":"https:\/\/www.euris.com\/fr\/wp-json\/wp\/v2\/comments?post=87139"}],"version-history":[{"count":3,"href":"https:\/\/www.euris.com\/fr\/wp-json\/wp\/v2\/pages\/87139\/revisions"}],"predecessor-version":[{"id":87281,"href":"https:\/\/www.euris.com\/fr\/wp-json\/wp\/v2\/pages\/87139\/revisions\/87281"}],"up":[{"embeddable":true,"href":"https:\/\/www.euris.com\/fr\/wp-json\/wp\/v2\/pages\/53029"}],"wp:featuredmedia":[{"embeddable":true,"href":"https:\/\/www.euris.com\/fr\/wp-json\/wp\/v2\/media\/39098"}],"wp:attachment":[{"href":"https:\/\/www.euris.com\/fr\/wp-json\/wp\/v2\/media?parent=87139"}],"curies":[{"name":"wp","href":"https:\/\/api.w.org\/{rel}","templated":true}]}}